{"id":110,"date":"2023-10-05T22:05:07","date_gmt":"2023-10-06T01:05:07","guid":{"rendered":"https:\/\/www.saudeindaial.sc.gov.br\/carta-servicos\/?page_id=110"},"modified":"2024-10-09T11:55:43","modified_gmt":"2024-10-09T14:55:43","slug":"vacinas","status":"publish","type":"page","link":"https:\/\/www.saudeindaial.sc.gov.br\/carta-servicos\/vacinas\/","title":{"rendered":"Vacinas \/ Imuniza\u00e7\u00e3o"},"content":{"rendered":"<div class=\"wp-block-image\">\n<figure class=\"alignright size-full is-resized\"><img loading=\"lazy\" decoding=\"async\" width=\"480\" height=\"480\" src=\"https:\/\/www.saudeindaial.sc.gov.br\/carta-servicos\/wp-content\/uploads\/2023\/10\/semvacina-comvacina-1.gif\" alt=\"\" class=\"wp-image-190\" style=\"aspect-ratio:1;width:204px;height:auto\"\/><\/figure><\/div>\n\n\n<p><\/p>\n\n\n\n<p>A <strong>vacina\u00e7\u00e3o<\/strong> \u00e9 uma forma segura e eficaz de prevenir doen\u00e7as e salvar vidas. Muitas doen\u00e7as podem ser evitadas com a vacina\u00e7\u00e3o. Segundo a Organiza\u00e7\u00e3o Mundial da Sa\u00fade (OMS), 2 a 3 milh\u00f5es de vidas s\u00e3o salvas todos os anos atrav\u00e9s da preven\u00e7\u00e3o por vacina\u00e7\u00e3o.<\/p>\n\n\n\n<p>S\u00e3o diversas vacinas dispon\u00edveis para proteger seus filhos e sua fam\u00edlia de doen\u00e7as como poliomielite, sarampo, rub\u00e9ola, caxumba, entre outras. Confira a lista abaixo:<\/p>\n\n\n\n<div class=\"wp-block-columns are-vertically-aligned-center is-layout-flex wp-container-core-columns-is-layout-1 wp-block-columns-is-layout-flex\">\n<div class=\"wp-block-column is-vertically-aligned-center is-layout-flow wp-block-column-is-layout-flow\" style=\"flex-basis:50%\">\n<ul class=\"wp-block-list\">\n<li><strong>BCG<\/strong><\/li>\n\n\n\n<li><strong>Hepatite A<\/strong><\/li>\n\n\n\n<li><strong>Hepatite B<\/strong><\/li>\n\n\n\n<li><strong>Penta (DTP\/Hib\/Hep. B)<\/strong><\/li>\n\n\n\n<li><strong>Pneumoc\u00f3cica 10-valente<\/strong><\/li>\n\n\n\n<li><strong>Vacina Inativada Poliomielite (VIP)<\/strong><\/li>\n\n\n\n<li><strong>Vacina Oral Poliomielite (VOP)<\/strong><\/li>\n\n\n\n<li><strong>Vacina Rotav\u00edrus Humano (VRH)<\/strong><\/li>\n\n\n\n<li><strong>Meningoc\u00f3cica C (conjugada)<\/strong><\/li>\n<\/ul>\n<\/div>\n\n\n\n<div class=\"wp-block-column is-layout-flow wp-block-column-is-layout-flow\" style=\"flex-basis:50%\">\n<ul class=\"wp-block-list\">\n<li><strong>Febre amarela<\/strong><\/li>\n\n\n\n<li><strong>Tr\u00edplice viral<\/strong><\/li>\n\n\n\n<li><strong>DTP (tr\u00edplice bacteriana)<\/strong><\/li>\n\n\n\n<li><strong>Varicela<\/strong><\/li>\n\n\n\n<li><strong>HPV quadrivalente<\/strong><\/li>\n\n\n\n<li><strong>dT (dupla adulto)<\/strong><\/li>\n\n\n\n<li><strong>dTpa (DTP adulto)<\/strong><\/li>\n\n\n\n<li><strong>Menigoc\u00f3cica ACWY<\/strong><\/li>\n<\/ul>\n<\/div>\n<\/div>\n\n\n\n<p>Consulte o Calend\u00e1rio Nacional de Vacina\u00e7\u00e3o para todas as <strong>IDADES<\/strong>, <strong><mark style=\"background-color:rgba(0, 0, 0, 0)\" class=\"has-inline-color has-luminous-vivid-orange-color\"><a href=\"https:\/\/dive.sc.gov.br\/index.php\/component\/sppagebuilder\/?view=page&amp;id=765\" target=\"_blank\" rel=\"noreferrer noopener\">clicando aqui!<\/a><\/mark><\/strong><\/p>\n\n\n<div class=\"wp-block-image\">\n<figure class=\"aligncenter size-large is-resized\"><img loading=\"lazy\" decoding=\"async\" width=\"1024\" height=\"179\" src=\"https:\/\/www.saudeindaial.sc.gov.br\/carta-servicos\/wp-content\/uploads\/2023\/10\/9239f138-5fdb-496e-badb-f13febd9d73a-1024x179.png\" alt=\"\" class=\"wp-image-192\" style=\"aspect-ratio:5.720670391061453;width:758px;height:auto\" srcset=\"https:\/\/www.saudeindaial.sc.gov.br\/carta-servicos\/wp-content\/uploads\/2023\/10\/9239f138-5fdb-496e-badb-f13febd9d73a-1024x179.png 1024w, https:\/\/www.saudeindaial.sc.gov.br\/carta-servicos\/wp-content\/uploads\/2023\/10\/9239f138-5fdb-496e-badb-f13febd9d73a-300x52.png 300w, https:\/\/www.saudeindaial.sc.gov.br\/carta-servicos\/wp-content\/uploads\/2023\/10\/9239f138-5fdb-496e-badb-f13febd9d73a-768x134.png 768w, https:\/\/www.saudeindaial.sc.gov.br\/carta-servicos\/wp-content\/uploads\/2023\/10\/9239f138-5fdb-496e-badb-f13febd9d73a-210x37.png 210w, https:\/\/www.saudeindaial.sc.gov.br\/carta-servicos\/wp-content\/uploads\/2023\/10\/9239f138-5fdb-496e-badb-f13febd9d73a.png 1150w\" sizes=\"auto, (max-width: 980px) 100vw, 980px\" \/><\/figure><\/div>\n\n\n<div class=\"wp-block-buttons is-content-justification-right is-layout-flex wp-container-core-buttons-is-layout-1 wp-block-buttons-is-layout-flex\">\n<div class=\"wp-block-button is-style-fill\"><a class=\"wp-block-button__link wp-element-button\" href=\"https:\/\/www.saudeindaial.sc.gov.br\/carta-servicos\/servicos-ofertados\/\">Voltar<\/a><\/div>\n<\/div>\n","protected":false},"excerpt":{"rendered":"<p>A vacina\u00e7\u00e3o \u00e9 uma forma segura e eficaz de prevenir doen\u00e7as e salvar vidas. Muitas doen\u00e7as podem ser evitadas com a vacina\u00e7\u00e3o. Segundo a Organiza\u00e7\u00e3o Mundial da Sa\u00fade (OMS), 2 a 3 milh\u00f5es de vidas s\u00e3o salvas todos os anos atrav\u00e9s da preven\u00e7\u00e3o por vacina\u00e7\u00e3o. S\u00e3o diversas vacinas dispon\u00edveis para proteger seus filhos e sua [&hellip;]<\/p>\n","protected":false},"author":1,"featured_media":0,"parent":0,"menu_order":0,"comment_status":"closed","ping_status":"closed","template":"","meta":{"footnotes":""},"class_list":["post-110","page","type-page","status-publish","hentry"],"_links":{"self":[{"href":"https:\/\/www.saudeindaial.sc.gov.br\/carta-servicos\/wp-json\/wp\/v2\/pages\/110","targetHints":{"allow":["GET"]}}],"collection":[{"href":"https:\/\/www.saudeindaial.sc.gov.br\/carta-servicos\/wp-json\/wp\/v2\/pages"}],"about":[{"href":"https:\/\/www.saudeindaial.sc.gov.br\/carta-servicos\/wp-json\/wp\/v2\/types\/page"}],"author":[{"embeddable":true,"href":"https:\/\/www.saudeindaial.sc.gov.br\/carta-servicos\/wp-json\/wp\/v2\/users\/1"}],"replies":[{"embeddable":true,"href":"https:\/\/www.saudeindaial.sc.gov.br\/carta-servicos\/wp-json\/wp\/v2\/comments?post=110"}],"version-history":[{"count":9,"href":"https:\/\/www.saudeindaial.sc.gov.br\/carta-servicos\/wp-json\/wp\/v2\/pages\/110\/revisions"}],"predecessor-version":[{"id":938,"href":"https:\/\/www.saudeindaial.sc.gov.br\/carta-servicos\/wp-json\/wp\/v2\/pages\/110\/revisions\/938"}],"wp:attachment":[{"href":"https:\/\/www.saudeindaial.sc.gov.br\/carta-servicos\/wp-json\/wp\/v2\/media?parent=110"}],"curies":[{"name":"wp","href":"https:\/\/api.w.org\/{rel}","templated":true}]}}