{"id":113,"date":"2023-10-05T22:07:29","date_gmt":"2023-10-06T01:07:29","guid":{"rendered":"https:\/\/www.saudeindaial.sc.gov.br\/carta-servicos\/?page_id=113"},"modified":"2024-10-09T14:33:57","modified_gmt":"2024-10-09T17:33:57","slug":"testes-rapidos-de-ists","status":"publish","type":"page","link":"https:\/\/www.saudeindaial.sc.gov.br\/carta-servicos\/testes-rapidos-de-ists\/","title":{"rendered":"Testes R\u00e1pidos de IST\u2019s (Infec\u00e7\u00f5es Sexualmente Transmiss\u00edveis)"},"content":{"rendered":"\n<p>O SUS oferece gratuitamente testes r\u00e1pidos para diagn\u00f3stico do HIV, s\u00edfilis e das <a href=\"https:\/\/www.gov.br\/aids\/pt-br\/assuntos\/hepatites-virais\/o-que-sao\">hepatites B e C<\/a>. Os testes r\u00e1pidos s\u00e3o pr\u00e1ticos e de f\u00e1cil execu\u00e7\u00e3o; podem ser realizados com a coleta de uma gota de sangue na ponta do dedo e fornecem o resultado em, no m\u00e1ximo, 30 minutos.&nbsp;<\/p>\n\n\n\n<p class=\"has-medium-font-size\"><mark style=\"background-color:rgba(0, 0, 0, 0)\" class=\"has-inline-color has-light-green-cyan-color\">Voc\u00ea Sabia?&nbsp;<\/mark><\/p>\n\n\n\n<p>Todos os testes possuem um per\u00edodo denominado <em><strong>\u201cjanela diagn\u00f3stica\u201d<\/strong><\/em>, que corresponde ao tempo entre o contato com o v\u00edrus e a detec\u00e7\u00e3o do marcador da infec\u00e7\u00e3o (ant\u00edgeno ou anticorpo). Isso quer dizer que, mesmo se a pessoa estiver infectada, o resultado do teste pode dar negativo se ela estiver no per\u00edodo de janela. Dessa forma, nos casos de resultados negativos, sempre que persistir a suspeita de infec\u00e7\u00e3o, o teste deve ser repetido ap\u00f3s, pelo menos, 30 dias.<\/p>\n\n\n\n<p>Os testes devem ser feitos com regularidade e, principalmente, se voc\u00ea tiver passado por uma situa\u00e7\u00e3o de risco, como ter feito sexo sem camisinha. Para saber se h\u00e1 a necessidade de realizar exames que detectem as hepatites B e C, observe se voc\u00ea j\u00e1 se exp\u00f4s a algumas destas situa\u00e7\u00f5es: praticou sexo desprotegido ou compartilhou seringas, agulhas, l\u00e2minas de barbear, alicates de unha e outros objetos que furam ou cortam. Importante destacar a import\u00e2ncia da realiza\u00e7\u00e3o do teste da hepatite C para as pessoas que <strong>receberam transfus\u00e3o de sangue, realizaram cirurgias ou transplantes de \u00f3rg\u00e3os antes de 1993<\/strong>. Todas as pessoas nessa situa\u00e7\u00e3o devem realizar o teste. Os testes podem ser realizados na sua unidade de sa\u00fade de refer\u00eancia, entre em contato para agendar.&nbsp;<\/p>\n\n\n<div class=\"wp-block-image\">\n<figure class=\"aligncenter size-full is-resized\"><img loading=\"lazy\" decoding=\"async\" width=\"800\" height=\"339\" src=\"https:\/\/www.saudeindaial.sc.gov.br\/carta-servicos\/wp-content\/uploads\/2023\/11\/content_infografico.png\" alt=\"\" class=\"wp-image-478\" style=\"aspect-ratio:2.359882005899705;width:665px;height:auto\" srcset=\"https:\/\/www.saudeindaial.sc.gov.br\/carta-servicos\/wp-content\/uploads\/2023\/11\/content_infografico.png 800w, https:\/\/www.saudeindaial.sc.gov.br\/carta-servicos\/wp-content\/uploads\/2023\/11\/content_infografico-300x127.png 300w, https:\/\/www.saudeindaial.sc.gov.br\/carta-servicos\/wp-content\/uploads\/2023\/11\/content_infografico-768x325.png 768w, https:\/\/www.saudeindaial.sc.gov.br\/carta-servicos\/wp-content\/uploads\/2023\/11\/content_infografico-210x89.png 210w\" sizes=\"auto, (max-width: 800px) 100vw, 800px\" \/><\/figure><\/div>\n\n\n<div class=\"wp-block-buttons is-content-justification-right is-layout-flex wp-container-core-buttons-is-layout-1 wp-block-buttons-is-layout-flex\">\n<div class=\"wp-block-button is-style-fill\"><a class=\"wp-block-button__link wp-element-button\" href=\"https:\/\/www.saudeindaial.sc.gov.br\/carta-servicos\/servicos-ofertados\/\">Voltar<\/a><\/div>\n<\/div>\n","protected":false},"excerpt":{"rendered":"<p>O SUS oferece gratuitamente testes r\u00e1pidos para diagn\u00f3stico do HIV, s\u00edfilis e das hepatites B e C. Os testes r\u00e1pidos s\u00e3o pr\u00e1ticos e de f\u00e1cil execu\u00e7\u00e3o; podem ser realizados com a coleta de uma gota de sangue na ponta do dedo e fornecem o resultado em, no m\u00e1ximo, 30 minutos.&nbsp; Voc\u00ea Sabia?&nbsp; Todos os testes [&hellip;]<\/p>\n","protected":false},"author":1,"featured_media":0,"parent":0,"menu_order":0,"comment_status":"closed","ping_status":"closed","template":"","meta":{"footnotes":""},"class_list":["post-113","page","type-page","status-publish","hentry"],"_links":{"self":[{"href":"https:\/\/www.saudeindaial.sc.gov.br\/carta-servicos\/wp-json\/wp\/v2\/pages\/113","targetHints":{"allow":["GET"]}}],"collection":[{"href":"https:\/\/www.saudeindaial.sc.gov.br\/carta-servicos\/wp-json\/wp\/v2\/pages"}],"about":[{"href":"https:\/\/www.saudeindaial.sc.gov.br\/carta-servicos\/wp-json\/wp\/v2\/types\/page"}],"author":[{"embeddable":true,"href":"https:\/\/www.saudeindaial.sc.gov.br\/carta-servicos\/wp-json\/wp\/v2\/users\/1"}],"replies":[{"embeddable":true,"href":"https:\/\/www.saudeindaial.sc.gov.br\/carta-servicos\/wp-json\/wp\/v2\/comments?post=113"}],"version-history":[{"count":8,"href":"https:\/\/www.saudeindaial.sc.gov.br\/carta-servicos\/wp-json\/wp\/v2\/pages\/113\/revisions"}],"predecessor-version":[{"id":970,"href":"https:\/\/www.saudeindaial.sc.gov.br\/carta-servicos\/wp-json\/wp\/v2\/pages\/113\/revisions\/970"}],"wp:attachment":[{"href":"https:\/\/www.saudeindaial.sc.gov.br\/carta-servicos\/wp-json\/wp\/v2\/media?parent=113"}],"curies":[{"name":"wp","href":"https:\/\/api.w.org\/{rel}","templated":true}]}}