{"id":115,"date":"2023-10-05T22:08:26","date_gmt":"2023-10-06T01:08:26","guid":{"rendered":"https:\/\/www.saudeindaial.sc.gov.br\/carta-servicos\/?page_id=115"},"modified":"2024-10-09T14:33:12","modified_gmt":"2024-10-09T17:33:12","slug":"teste-do-pezinho","status":"publish","type":"page","link":"https:\/\/www.saudeindaial.sc.gov.br\/carta-servicos\/teste-do-pezinho\/","title":{"rendered":"Teste do Pezinho"},"content":{"rendered":"\n<p>O Teste do Pezinho \u00e9 um exame realizado a partir do sangue coletado do calcanhar do rec\u00e9m-nascido. A realiza\u00e7\u00e3o do teste \u00e9 <strong>obrigat\u00f3ria<\/strong> em todo o territ\u00f3rio nacional. O objetivo do exame \u00e9 detectar, de maneira mais efetiva, doen\u00e7as gen\u00e9ticas e metab\u00f3licas que podem desencadear a defici\u00eancia intelectual comprometendo a sa\u00fade da crian\u00e7a. Os casos positivos s\u00e3o encaminhados para tratamento, o mais r\u00e1pido poss\u00edvel, diminuindo as chances de que o rec\u00e9m-nascido venha a desenvolver complica\u00e7\u00f5es graves causadas pelas doen\u00e7as pesquisadas. Por isso a realiza\u00e7\u00e3o do exame j\u00e1 nos primeiros dias de vida da crian\u00e7a \u00e9 t\u00e3o importante e necess\u00e1ria.&nbsp;<\/p>\n\n\n\n<p>Gra\u00e7as ao Programa Nacional de Triagem Neonatal \u2013 PNTN \u2013 \u00e9 disponibilizado para os rec\u00e9m-nascidos o diagn\u00f3stico precoce, tratamento e acompanhamento, por meio do Sistema \u00danico de Sa\u00fade (SUS), para as seguintes doen\u00e7as: Fenilceton\u00faria, Hipotireoidismo Cong\u00eanito, Fibrose C\u00edstica, Doen\u00e7a Falciforme e outras Hemoglobinopatias, Defici\u00eancia de Biotinidase; Hiperplasia Adrenal Cong\u00eanita, Defici\u00eancia da desidrogenase acetil CoA de cadeia curta (SCAD), Defici\u00eancia da desidrogenase acetil CoA de cadeia m\u00e9dia (MCAD), Defici\u00eancia da desidrogenase acetil CoA de cadeia longa (LCHAD), Defici\u00eancia da desidrogenase acetil CoA de cadeia muito longa (VLCAD) e Defici\u00eancia do transporte da carnitina prim\u00e1ria (CTD). <\/p>\n\n\n\n<p>O teste do pezinho pode ser realizado na sua unidade de sa\u00fade de refer\u00eancia, dentro do per\u00edodo ideal que \u00e9 <strong>ap\u00f3s 48 horas do nascimento e antes dos 5\u00ba dia de vida do seu bebe.<\/strong>&nbsp;<\/p>\n\n\n\n<p><br>Voc\u00ea pode acessar o resultado do teste do pezinho em: <a href=\"https:\/\/www.fepe.org.br\/resultados-de-exames\/\" target=\"_blank\" rel=\"noreferrer noopener\">https:\/\/www.fepe.org.br\/resultados-de-exames\/<\/a><\/p>\n\n\n<div class=\"wp-block-image\">\n<figure class=\"aligncenter size-full is-resized\"><img loading=\"lazy\" decoding=\"async\" width=\"761\" height=\"643\" src=\"https:\/\/www.saudeindaial.sc.gov.br\/carta-servicos\/wp-content\/uploads\/2023\/10\/banner-info-pezinho-30052022.png\" alt=\"\" class=\"wp-image-184\" style=\"aspect-ratio:1.1835147744945567;width:735px;height:auto\" srcset=\"https:\/\/www.saudeindaial.sc.gov.br\/carta-servicos\/wp-content\/uploads\/2023\/10\/banner-info-pezinho-30052022.png 761w, https:\/\/www.saudeindaial.sc.gov.br\/carta-servicos\/wp-content\/uploads\/2023\/10\/banner-info-pezinho-30052022-300x253.png 300w, https:\/\/www.saudeindaial.sc.gov.br\/carta-servicos\/wp-content\/uploads\/2023\/10\/banner-info-pezinho-30052022-210x177.png 210w\" sizes=\"auto, (max-width: 761px) 100vw, 761px\" \/><\/figure><\/div>\n\n\n<div class=\"wp-block-buttons is-content-justification-right is-layout-flex wp-container-core-buttons-is-layout-1 wp-block-buttons-is-layout-flex\">\n<div class=\"wp-block-button is-style-fill\"><a class=\"wp-block-button__link wp-element-button\" href=\"https:\/\/www.saudeindaial.sc.gov.br\/carta-servicos\/servicos-ofertados\/\">Voltar<\/a><\/div>\n<\/div>\n","protected":false},"excerpt":{"rendered":"<p>O Teste do Pezinho \u00e9 um exame realizado a partir do sangue coletado do calcanhar do rec\u00e9m-nascido. A realiza\u00e7\u00e3o do teste \u00e9 obrigat\u00f3ria em todo o territ\u00f3rio nacional. O objetivo do exame \u00e9 detectar, de maneira mais efetiva, doen\u00e7as gen\u00e9ticas e metab\u00f3licas que podem desencadear a defici\u00eancia intelectual comprometendo a sa\u00fade da crian\u00e7a. Os casos [&hellip;]<\/p>\n","protected":false},"author":1,"featured_media":0,"parent":0,"menu_order":0,"comment_status":"closed","ping_status":"closed","template":"","meta":{"footnotes":""},"class_list":["post-115","page","type-page","status-publish","hentry"],"_links":{"self":[{"href":"https:\/\/www.saudeindaial.sc.gov.br\/carta-servicos\/wp-json\/wp\/v2\/pages\/115","targetHints":{"allow":["GET"]}}],"collection":[{"href":"https:\/\/www.saudeindaial.sc.gov.br\/carta-servicos\/wp-json\/wp\/v2\/pages"}],"about":[{"href":"https:\/\/www.saudeindaial.sc.gov.br\/carta-servicos\/wp-json\/wp\/v2\/types\/page"}],"author":[{"embeddable":true,"href":"https:\/\/www.saudeindaial.sc.gov.br\/carta-servicos\/wp-json\/wp\/v2\/users\/1"}],"replies":[{"embeddable":true,"href":"https:\/\/www.saudeindaial.sc.gov.br\/carta-servicos\/wp-json\/wp\/v2\/comments?post=115"}],"version-history":[{"count":6,"href":"https:\/\/www.saudeindaial.sc.gov.br\/carta-servicos\/wp-json\/wp\/v2\/pages\/115\/revisions"}],"predecessor-version":[{"id":969,"href":"https:\/\/www.saudeindaial.sc.gov.br\/carta-servicos\/wp-json\/wp\/v2\/pages\/115\/revisions\/969"}],"wp:attachment":[{"href":"https:\/\/www.saudeindaial.sc.gov.br\/carta-servicos\/wp-json\/wp\/v2\/media?parent=115"}],"curies":[{"name":"wp","href":"https:\/\/api.w.org\/{rel}","templated":true}]}}