{"id":117,"date":"2023-10-05T22:10:15","date_gmt":"2023-10-06T01:10:15","guid":{"rendered":"https:\/\/www.saudeindaial.sc.gov.br\/carta-servicos\/?page_id=117"},"modified":"2024-10-09T11:56:33","modified_gmt":"2024-10-09T14:56:33","slug":"citopatologico-do-colo-do-utero-preventivo-ou-papanicolau","status":"publish","type":"page","link":"https:\/\/www.saudeindaial.sc.gov.br\/carta-servicos\/citopatologico-do-colo-do-utero-preventivo-ou-papanicolau\/","title":{"rendered":"Citopatol\u00f3gico do Colo do \u00datero (Preventivo ou Papanicolau)"},"content":{"rendered":"\n<p>O exame \u00e9 o m\u00e9todo de rastreamento do c\u00e2ncer do colo do \u00fatero, indicado para a popula\u00e7\u00e3o <strong>alvo de 25 a 64 anos<\/strong>, ap\u00f3s dois exames anuais consecutivos normais o exame poder\u00e1 ser realizado a cada tr\u00eas anos, (INCA, 2016; 2021). Essas recomenda\u00e7\u00f5es visam garantir o balan\u00e7o favor\u00e1vel entre riscos e benef\u00edcios do rastreamento. O exame \u00e9 indolor, simples e r\u00e1pido, pode, no m\u00e1ximo, causar um pequeno desconforto que diminui se a paciente conseguir relaxar e se o exame for realizado com boa t\u00e9cnica.<\/p>\n\n\n\n<p>Ap\u00f3s o per\u00edodo estipulado, deve-se retornar a unidade onde foi realizado o exame para retirar o resultado e receber orienta\u00e7\u00f5es quanto ao intervalo para nova coleta, ou se ser\u00e1 necess\u00e1rio algum tratamento. T\u00e3o importante quanto realizar o exame \u00e9 buscar o resultado!<\/p>\n\n\n\n<p><strong>Recomenda\u00e7\u00f5es para Realiza\u00e7\u00e3o:&nbsp;<\/strong><\/p>\n\n\n\n<ul class=\"wp-block-list\">\n<li>A utiliza\u00e7\u00e3o de lubrificantes, espermicidas ou medicamentos vaginais deve ser evitada por 48 horas antes da coleta.<\/li>\n\n\n\n<li>A realiza\u00e7\u00e3o de exames transvaginais, como a ultrassonografia, tamb\u00e9m deve ser evitada nas 48 horas anteriores \u00e0 coleta.<\/li>\n\n\n\n<li>Para garantir um resultado correto, deve-se evitar ter rela\u00e7\u00f5es sexuais (mesmo com camisinha) nos dois dias anteriores ao exame.<\/li>\n\n\n\n<li>Evitar o uso de duchas.<\/li>\n\n\n\n<li>O exame n\u00e3o deve ser feito no per\u00edodo menstrual, pois a presen\u00e7a de sangue pode prejudicar o diagn\u00f3stico citopatol\u00f3gico.<\/li>\n<\/ul>\n\n\n\n<p>O preventivo pode ser realizado na sua unidade de sa\u00fade de refer\u00eancia, tamb\u00e9m disponibilizamos uma agenda especial no per\u00edodo da noite, entre em contato para agendar seu exame.<\/p>\n\n\n<div class=\"wp-block-image\">\n<figure class=\"aligncenter size-large is-resized\"><img loading=\"lazy\" decoding=\"async\" width=\"1024\" height=\"863\" src=\"https:\/\/www.saudeindaial.sc.gov.br\/carta-servicos\/wp-content\/uploads\/2023\/10\/122993651_3136076483285556_2124392782143518945_n-1024x863.jpg\" alt=\"\" class=\"wp-image-151\" style=\"width:416px;height:auto\" srcset=\"https:\/\/www.saudeindaial.sc.gov.br\/carta-servicos\/wp-content\/uploads\/2023\/10\/122993651_3136076483285556_2124392782143518945_n-1024x863.jpg 1024w, https:\/\/www.saudeindaial.sc.gov.br\/carta-servicos\/wp-content\/uploads\/2023\/10\/122993651_3136076483285556_2124392782143518945_n-300x253.jpg 300w, https:\/\/www.saudeindaial.sc.gov.br\/carta-servicos\/wp-content\/uploads\/2023\/10\/122993651_3136076483285556_2124392782143518945_n-768x648.jpg 768w, https:\/\/www.saudeindaial.sc.gov.br\/carta-servicos\/wp-content\/uploads\/2023\/10\/122993651_3136076483285556_2124392782143518945_n-210x177.jpg 210w, https:\/\/www.saudeindaial.sc.gov.br\/carta-servicos\/wp-content\/uploads\/2023\/10\/122993651_3136076483285556_2124392782143518945_n.jpg 1071w\" sizes=\"auto, (max-width: 980px) 100vw, 980px\" \/><\/figure><\/div>\n\n\n<div class=\"wp-block-buttons is-content-justification-right is-layout-flex wp-container-core-buttons-is-layout-1 wp-block-buttons-is-layout-flex\">\n<div class=\"wp-block-button is-style-fill\"><a class=\"wp-block-button__link wp-element-button\" href=\"https:\/\/www.saudeindaial.sc.gov.br\/carta-servicos\/servicos-ofertados\/\">voltar<\/a><\/div>\n<\/div>\n","protected":false},"excerpt":{"rendered":"<p>O exame \u00e9 o m\u00e9todo de rastreamento do c\u00e2ncer do colo do \u00fatero, indicado para a popula\u00e7\u00e3o alvo de 25 a 64 anos, ap\u00f3s dois exames anuais consecutivos normais o exame poder\u00e1 ser realizado a cada tr\u00eas anos, (INCA, 2016; 2021). Essas recomenda\u00e7\u00f5es visam garantir o balan\u00e7o favor\u00e1vel entre riscos e benef\u00edcios do rastreamento. O [&hellip;]<\/p>\n","protected":false},"author":1,"featured_media":0,"parent":0,"menu_order":0,"comment_status":"closed","ping_status":"closed","template":"","meta":{"footnotes":""},"class_list":["post-117","page","type-page","status-publish","hentry"],"_links":{"self":[{"href":"https:\/\/www.saudeindaial.sc.gov.br\/carta-servicos\/wp-json\/wp\/v2\/pages\/117","targetHints":{"allow":["GET"]}}],"collection":[{"href":"https:\/\/www.saudeindaial.sc.gov.br\/carta-servicos\/wp-json\/wp\/v2\/pages"}],"about":[{"href":"https:\/\/www.saudeindaial.sc.gov.br\/carta-servicos\/wp-json\/wp\/v2\/types\/page"}],"author":[{"embeddable":true,"href":"https:\/\/www.saudeindaial.sc.gov.br\/carta-servicos\/wp-json\/wp\/v2\/users\/1"}],"replies":[{"embeddable":true,"href":"https:\/\/www.saudeindaial.sc.gov.br\/carta-servicos\/wp-json\/wp\/v2\/comments?post=117"}],"version-history":[{"count":6,"href":"https:\/\/www.saudeindaial.sc.gov.br\/carta-servicos\/wp-json\/wp\/v2\/pages\/117\/revisions"}],"predecessor-version":[{"id":940,"href":"https:\/\/www.saudeindaial.sc.gov.br\/carta-servicos\/wp-json\/wp\/v2\/pages\/117\/revisions\/940"}],"wp:attachment":[{"href":"https:\/\/www.saudeindaial.sc.gov.br\/carta-servicos\/wp-json\/wp\/v2\/media?parent=117"}],"curies":[{"name":"wp","href":"https:\/\/api.w.org\/{rel}","templated":true}]}}