{"id":135,"date":"2023-10-08T21:46:04","date_gmt":"2023-10-09T00:46:04","guid":{"rendered":"https:\/\/www.saudeindaial.sc.gov.br\/carta-servicos\/?page_id=135"},"modified":"2024-10-09T12:10:31","modified_gmt":"2024-10-09T15:10:31","slug":"procedimentos-de-enfermagem","status":"publish","type":"page","link":"https:\/\/www.saudeindaial.sc.gov.br\/carta-servicos\/procedimentos-de-enfermagem\/","title":{"rendered":"Procedimentos de Enfermagem"},"content":{"rendered":"\n<p>A equipe de enfermagem desempenha um papel fundamental na unidade b\u00e1sica de sa\u00fade, atuando em conjunto com outros profissionais de sa\u00fade para fornecer assist\u00eancia abrangente e de qualidade aos pacientes. Dentre suas atribui\u00e7\u00f5es podemos citar procedimentos como: acolhimento, classifica\u00e7\u00e3o de risco, triagem, avalia\u00e7\u00e3o de feridas e realiza\u00e7\u00e3o de curativo simples, curativos especiais, retirada de pontos, administra\u00e7\u00e3o de medica\u00e7\u00e3o subcut\u00e2nea, intramuscular e intravenosa, aplica\u00e7\u00e3o de vacinas, aferi\u00e7\u00e3o de sinais vitais, aferi\u00e7\u00e3o de medidas antropom\u00e9tricas, coleta de teste do pezinho, consultas*, sondagem vesical de al\u00edvio ou de demora*, sondagem nasoenteral*, orienta\u00e7\u00f5es sobre cuidados com a sa\u00fade, atividades de educa\u00e7\u00e3o em sa\u00fade, entre outros.&nbsp;&nbsp;<\/p>\n\n\n\n<p><em>*privativo do enfermeiro<\/em><\/p>\n\n\n\n<div class=\"wp-block-columns is-layout-flex wp-container-core-columns-is-layout-2 wp-block-columns-is-layout-flex\">\n<div class=\"wp-block-column is-layout-flow wp-block-column-is-layout-flow\" style=\"flex-basis:100%\">\n<div class=\"wp-block-columns is-layout-flex wp-container-core-columns-is-layout-1 wp-block-columns-is-layout-flex\">\n<div class=\"wp-block-column is-layout-flow wp-block-column-is-layout-flow\" style=\"flex-basis:33.34%\"><div class=\"wp-block-image\">\n<figure class=\"alignleft size-full is-resized\"><img loading=\"lazy\" decoding=\"async\" width=\"600\" height=\"600\" src=\"https:\/\/www.saudeindaial.sc.gov.br\/carta-servicos\/wp-content\/uploads\/2023\/10\/ENFERMEIRA-GIF.gif\" alt=\"\" class=\"wp-image-245\" style=\"aspect-ratio:1;width:179px;height:auto\"\/><\/figure><\/div><\/div>\n\n\n\n<div class=\"wp-block-column is-layout-flow wp-block-column-is-layout-flow\" style=\"flex-basis:33.34%\">\n<figure class=\"wp-block-image size-full is-resized\"><img loading=\"lazy\" decoding=\"async\" width=\"600\" height=\"600\" src=\"https:\/\/www.saudeindaial.sc.gov.br\/carta-servicos\/wp-content\/uploads\/2023\/10\/listicle-5-1.gif\" alt=\"\" class=\"wp-image-250\" style=\"aspect-ratio:1;width:197px;height:auto\"\/><\/figure>\n<\/div>\n\n\n\n<div class=\"wp-block-column is-layout-flow wp-block-column-is-layout-flow\" style=\"flex-basis:33.33%\">\n<figure class=\"wp-block-image size-full is-resized\"><img loading=\"lazy\" decoding=\"async\" width=\"600\" height=\"600\" src=\"https:\/\/www.saudeindaial.sc.gov.br\/carta-servicos\/wp-content\/uploads\/2023\/10\/listicle-8-1.gif\" alt=\"\" class=\"wp-image-251\" style=\"aspect-ratio:1;width:189px;height:auto\"\/><\/figure>\n<\/div>\n<\/div>\n<\/div>\n<\/div>\n\n\n\n<div class=\"wp-block-columns is-layout-flex wp-container-core-columns-is-layout-3 wp-block-columns-is-layout-flex\">\n<div class=\"wp-block-column is-layout-flow wp-block-column-is-layout-flow\" style=\"flex-basis:33.34%\">\n<figure class=\"wp-block-image size-full is-resized\"><img loading=\"lazy\" decoding=\"async\" width=\"600\" height=\"600\" src=\"https:\/\/www.saudeindaial.sc.gov.br\/carta-servicos\/wp-content\/uploads\/2023\/10\/listicle-4-1.gif\" alt=\"\" class=\"wp-image-252\" style=\"aspect-ratio:1;width:195px;height:auto\"\/><\/figure>\n<\/div>\n\n\n\n<div class=\"wp-block-column is-layout-flow wp-block-column-is-layout-flow\" style=\"flex-basis:33.34%\">\n<figure class=\"wp-block-image size-full is-resized\"><img loading=\"lazy\" decoding=\"async\" width=\"600\" height=\"600\" src=\"https:\/\/www.saudeindaial.sc.gov.br\/carta-servicos\/wp-content\/uploads\/2023\/10\/listicle-7.gif\" alt=\"\" class=\"wp-image-253\" style=\"aspect-ratio:1;width:204px;height:auto\"\/><\/figure>\n<\/div>\n\n\n\n<div class=\"wp-block-column is-layout-flow wp-block-column-is-layout-flow\" style=\"flex-basis:33.33%\">\n<figure class=\"wp-block-image size-full is-resized is-style-default\"><img loading=\"lazy\" decoding=\"async\" width=\"600\" height=\"600\" src=\"https:\/\/www.saudeindaial.sc.gov.br\/carta-servicos\/wp-content\/uploads\/2023\/10\/listicle-9.gif\" alt=\"\" class=\"wp-image-254\" style=\"aspect-ratio:1;width:207px;height:auto\"\/><\/figure>\n<\/div>\n<\/div>\n\n\n\n<div class=\"wp-block-buttons is-content-justification-right is-layout-flex wp-container-core-buttons-is-layout-1 wp-block-buttons-is-layout-flex\">\n<div class=\"wp-block-button is-style-fill\"><a class=\"wp-block-button__link wp-element-button\" href=\"https:\/\/www.saudeindaial.sc.gov.br\/carta-servicos\/servicos-ofertados\/\">voltar<\/a><\/div>\n<\/div>\n","protected":false},"excerpt":{"rendered":"<p>A equipe de enfermagem desempenha um papel fundamental na unidade b\u00e1sica de sa\u00fade, atuando em conjunto com outros profissionais de sa\u00fade para fornecer assist\u00eancia abrangente e de qualidade aos pacientes. Dentre suas atribui\u00e7\u00f5es podemos citar procedimentos como: acolhimento, classifica\u00e7\u00e3o de risco, triagem, avalia\u00e7\u00e3o de feridas e realiza\u00e7\u00e3o de curativo simples, curativos especiais, retirada de pontos, [&hellip;]<\/p>\n","protected":false},"author":1,"featured_media":0,"parent":0,"menu_order":0,"comment_status":"closed","ping_status":"closed","template":"","meta":{"footnotes":""},"class_list":["post-135","page","type-page","status-publish","hentry"],"_links":{"self":[{"href":"https:\/\/www.saudeindaial.sc.gov.br\/carta-servicos\/wp-json\/wp\/v2\/pages\/135","targetHints":{"allow":["GET"]}}],"collection":[{"href":"https:\/\/www.saudeindaial.sc.gov.br\/carta-servicos\/wp-json\/wp\/v2\/pages"}],"about":[{"href":"https:\/\/www.saudeindaial.sc.gov.br\/carta-servicos\/wp-json\/wp\/v2\/types\/page"}],"author":[{"embeddable":true,"href":"https:\/\/www.saudeindaial.sc.gov.br\/carta-servicos\/wp-json\/wp\/v2\/users\/1"}],"replies":[{"embeddable":true,"href":"https:\/\/www.saudeindaial.sc.gov.br\/carta-servicos\/wp-json\/wp\/v2\/comments?post=135"}],"version-history":[{"count":6,"href":"https:\/\/www.saudeindaial.sc.gov.br\/carta-servicos\/wp-json\/wp\/v2\/pages\/135\/revisions"}],"predecessor-version":[{"id":952,"href":"https:\/\/www.saudeindaial.sc.gov.br\/carta-servicos\/wp-json\/wp\/v2\/pages\/135\/revisions\/952"}],"wp:attachment":[{"href":"https:\/\/www.saudeindaial.sc.gov.br\/carta-servicos\/wp-json\/wp\/v2\/media?parent=135"}],"curies":[{"name":"wp","href":"https:\/\/api.w.org\/{rel}","templated":true}]}}