{"id":140,"date":"2023-10-08T21:49:28","date_gmt":"2023-10-09T00:49:28","guid":{"rendered":"https:\/\/www.saudeindaial.sc.gov.br\/carta-servicos\/?page_id=140"},"modified":"2024-10-09T12:06:52","modified_gmt":"2024-10-09T15:06:52","slug":"grupo-de-combate-ao-tabagismo","status":"publish","type":"page","link":"https:\/\/www.saudeindaial.sc.gov.br\/carta-servicos\/grupo-de-combate-ao-tabagismo\/","title":{"rendered":"Grupo de Combate ao Tabagismo"},"content":{"rendered":"\n<figure class=\"wp-block-image size-full\"><img loading=\"lazy\" decoding=\"async\" width=\"1023\" height=\"446\" src=\"https:\/\/www.saudeindaial.sc.gov.br\/carta-servicos\/wp-content\/uploads\/2023\/10\/tabagismo.jpg\" alt=\"\" class=\"wp-image-161\" srcset=\"https:\/\/www.saudeindaial.sc.gov.br\/carta-servicos\/wp-content\/uploads\/2023\/10\/tabagismo.jpg 1023w, https:\/\/www.saudeindaial.sc.gov.br\/carta-servicos\/wp-content\/uploads\/2023\/10\/tabagismo-300x131.jpg 300w, https:\/\/www.saudeindaial.sc.gov.br\/carta-servicos\/wp-content\/uploads\/2023\/10\/tabagismo-768x335.jpg 768w, https:\/\/www.saudeindaial.sc.gov.br\/carta-servicos\/wp-content\/uploads\/2023\/10\/tabagismo-210x92.jpg 210w\" sizes=\"auto, (max-width: 980px) 100vw, 980px\" \/><\/figure>\n\n\n\n<p>O Programa Nacional de Controle do Tabagismo tem como objetivo reduzir a preval\u00eancia de fumantes e, por consequ\u00eancia, a morbimortalidade relacionada ao consumo do tabaco e seus derivados no Brasil. As iniciativas sempre s\u00e3o focadas na preven\u00e7\u00e3o \u00e0 inicia\u00e7\u00e3o do tabagismo, principalmente entre adolescentes e jovens; promo\u00e7\u00e3o da cessa\u00e7\u00e3o do ato de fumar; e prote\u00e7\u00e3o da popula\u00e7\u00e3o da exposi\u00e7\u00e3o \u00e0 fuma\u00e7a do tabaco, com foco na redu\u00e7\u00e3o do dano individual, social e ambiental do tabaco e seus derivados.<\/p>\n\n\n\n<p>O tabagismo \u00e9 um problema mundial de sa\u00fade p\u00fablica que est\u00e1 relacionado ao surgimento de pelo menos 50 doen\u00e7as como <strong>diabetes, hipertens\u00e3o, AVC, infarto, doen\u00e7as respirat\u00f3rias, c\u00e2ncer, tuberculose, impot\u00eancia e infertilidade<\/strong>. De acordo com o Instituto Nacional do C\u00e2ncer (INCA), <strong>o tabaco causa a maior parte de todos os c\u00e2nceres de pulm\u00e3o no Pa\u00eds<\/strong> e \u00e9 um fator de risco significativo para AVC e ataques card\u00edacos.<br>Pelo Sistema \u00danico de Sa\u00fade (SUS), s\u00e3o oferecidos tratamentos integrais e gratuitos \u00e0 pessoas que desejam parar de fumar por meio de medicamentos como adesivos, pastilhas, gomas de mascar (terapia de reposi\u00e7\u00e3o de nicotina) e bupropiona, al\u00e9m do acompanhamento m\u00e9dico necess\u00e1rio para cada caso. Em Indaial o <strong>GRUPO DE COMBATE AO TABAGISMO<\/strong> foi retomado em 2022, em 2023 foram abertas 3 novas turmas e seguimos abrindo turmas regularmente. Atualmente v\u00e1rios usu\u00e1rios s\u00e3o acompanhados pelo grupo, que conta com avalia\u00e7\u00e3o cl\u00ednica coletiva e individual e se necess\u00e1rio, terapia medicamentosa.<\/p>\n\n\n\n<p>Os encontros acontecem no per\u00edodo noturno, durante a semana, na sala de reuni\u00f5es do SAIS. Todos os interessados em participar do grupo devem procurar sua unidade de sa\u00fade de refer\u00eancia e manifestar seu desejo. O contato para participar do grupo ser\u00e1 feito por meio de telefone, por isso \u00e9 muito importante manter sempre atualizado o seu cadastro. <\/p>\n\n\n\n<p>Voc\u00ea \u00e9 mais forte que o v\u00edcio! Conta com a gente pra essa batalha.<\/p>\n\n\n\n<div class=\"wp-block-buttons is-content-justification-right is-layout-flex wp-container-core-buttons-is-layout-1 wp-block-buttons-is-layout-flex\">\n<div class=\"wp-block-button is-style-fill\"><a class=\"wp-block-button__link wp-element-button\" href=\"https:\/\/www.saudeindaial.sc.gov.br\/carta-servicos\/servicos-ofertados\/\">voltar<\/a><\/div>\n<\/div>\n","protected":false},"excerpt":{"rendered":"<p>O Programa Nacional de Controle do Tabagismo tem como objetivo reduzir a preval\u00eancia de fumantes e, por consequ\u00eancia, a morbimortalidade relacionada ao consumo do tabaco e seus derivados no Brasil. As iniciativas sempre s\u00e3o focadas na preven\u00e7\u00e3o \u00e0 inicia\u00e7\u00e3o do tabagismo, principalmente entre adolescentes e jovens; promo\u00e7\u00e3o da cessa\u00e7\u00e3o do ato de fumar; e prote\u00e7\u00e3o [&hellip;]<\/p>\n","protected":false},"author":1,"featured_media":0,"parent":0,"menu_order":0,"comment_status":"closed","ping_status":"closed","template":"","meta":{"footnotes":""},"class_list":["post-140","page","type-page","status-publish","hentry"],"_links":{"self":[{"href":"https:\/\/www.saudeindaial.sc.gov.br\/carta-servicos\/wp-json\/wp\/v2\/pages\/140","targetHints":{"allow":["GET"]}}],"collection":[{"href":"https:\/\/www.saudeindaial.sc.gov.br\/carta-servicos\/wp-json\/wp\/v2\/pages"}],"about":[{"href":"https:\/\/www.saudeindaial.sc.gov.br\/carta-servicos\/wp-json\/wp\/v2\/types\/page"}],"author":[{"embeddable":true,"href":"https:\/\/www.saudeindaial.sc.gov.br\/carta-servicos\/wp-json\/wp\/v2\/users\/1"}],"replies":[{"embeddable":true,"href":"https:\/\/www.saudeindaial.sc.gov.br\/carta-servicos\/wp-json\/wp\/v2\/comments?post=140"}],"version-history":[{"count":6,"href":"https:\/\/www.saudeindaial.sc.gov.br\/carta-servicos\/wp-json\/wp\/v2\/pages\/140\/revisions"}],"predecessor-version":[{"id":948,"href":"https:\/\/www.saudeindaial.sc.gov.br\/carta-servicos\/wp-json\/wp\/v2\/pages\/140\/revisions\/948"}],"wp:attachment":[{"href":"https:\/\/www.saudeindaial.sc.gov.br\/carta-servicos\/wp-json\/wp\/v2\/media?parent=140"}],"curies":[{"name":"wp","href":"https:\/\/api.w.org\/{rel}","templated":true}]}}