{"id":142,"date":"2023-10-08T21:59:38","date_gmt":"2023-10-09T00:59:38","guid":{"rendered":"https:\/\/www.saudeindaial.sc.gov.br\/carta-servicos\/?page_id=142"},"modified":"2024-10-09T12:12:22","modified_gmt":"2024-10-09T15:12:22","slug":"programa-saude-na-escola","status":"publish","type":"page","link":"https:\/\/www.saudeindaial.sc.gov.br\/carta-servicos\/programa-saude-na-escola\/","title":{"rendered":"Programa Sa\u00fade na Escola"},"content":{"rendered":"<div class=\"wp-block-image\">\n<figure class=\"alignleft size-full is-resized\"><img loading=\"lazy\" decoding=\"async\" width=\"900\" height=\"636\" src=\"https:\/\/www.saudeindaial.sc.gov.br\/carta-servicos\/wp-content\/uploads\/2023\/10\/PSE.jpeg\" alt=\"\" class=\"wp-image-180\" style=\"aspect-ratio:1.4150943396226414;width:255px;height:auto\" srcset=\"https:\/\/www.saudeindaial.sc.gov.br\/carta-servicos\/wp-content\/uploads\/2023\/10\/PSE.jpeg 900w, https:\/\/www.saudeindaial.sc.gov.br\/carta-servicos\/wp-content\/uploads\/2023\/10\/PSE-300x212.jpeg 300w, https:\/\/www.saudeindaial.sc.gov.br\/carta-servicos\/wp-content\/uploads\/2023\/10\/PSE-768x543.jpeg 768w, https:\/\/www.saudeindaial.sc.gov.br\/carta-servicos\/wp-content\/uploads\/2023\/10\/PSE-210x148.jpeg 210w\" sizes=\"auto, (max-width: 900px) 100vw, 900px\" \/><\/figure><\/div>\n\n\n<p>O Programa Sa\u00fade na Escola &#8211; PSE \u00e9 uma iniciativa intersetorial dos Minist\u00e9rios da Sa\u00fade e da Educa\u00e7\u00e3o, cujo objetivo \u00e9 contribuir para o pleno desenvolvimento dos estudantes da rede p\u00fablica de ensino. Quando se fortalece a\u00e7\u00f5es que integram sa\u00fade e educa\u00e7\u00e3o no enfrentamento de vulnerabilidades v\u00ea-se a amplia\u00e7\u00e3o do acesso aos servi\u00e7os de sa\u00fade, colaborando para melhoria da qualidade de vida dos educandos e do processo formativo dos profissionais de sa\u00fade e educa\u00e7\u00e3o. O PSE foi institu\u00eddo em 2007, pelo Decreto n\u00b0 6.286, e atualmente regulamentado pela Portaria Interministerial n\u00b0 1.055 de 25 de abril de 2017. O ciclo do PSE \u00e9 bienal e&nbsp; o ciclo atual \u00e9 v\u00e1lido para os anos de 2023 e 2024. <\/p>\n\n\n\n<p>Os temas previstos para serem abordados neste ciclo s\u00e3o:&nbsp;<\/p>\n\n\n\n<div class=\"wp-block-columns are-vertically-aligned-top is-layout-flex wp-container-core-columns-is-layout-2 wp-block-columns-is-layout-flex\">\n<div class=\"wp-block-column is-vertically-aligned-top has-small-font-size is-layout-flow wp-block-column-is-layout-flow\" style=\"flex-basis:100%\">\n<div class=\"wp-block-group\"><div class=\"wp-block-group__inner-container is-layout-constrained wp-block-group-is-layout-constrained\">\n<div class=\"wp-block-group\"><div class=\"wp-block-group__inner-container is-layout-constrained wp-block-group-is-layout-constrained\">\n<div class=\"wp-block-group\"><div class=\"wp-block-group__inner-container is-layout-constrained wp-block-group-is-layout-constrained\">\n<div class=\"wp-block-columns is-layout-flex wp-container-core-columns-is-layout-1 wp-block-columns-is-layout-flex\">\n<div class=\"wp-block-column is-vertically-aligned-top is-layout-flow wp-block-column-is-layout-flow\" style=\"flex-basis:80%\">\n<p class=\"has-small-font-size\"><strong>1.<\/strong> Alimenta\u00e7\u00e3o saud\u00e1vel e preven\u00e7\u00e3o da obesidade;&nbsp;<\/p>\n\n\n\n<p class=\"has-small-font-size\"><strong>2.<\/strong> Promo\u00e7\u00e3o da atividade f\u00edsica;&nbsp;<\/p>\n\n\n\n<p class=\"has-small-font-size\"><strong>3.<\/strong> Promo\u00e7\u00e3o da cultura de paz e direitos humanos;&nbsp;<\/p>\n\n\n\n<p class=\"has-small-font-size\"><strong>4.<\/strong> Preven\u00e7\u00e3o das viol\u00eancias e dos acidentes;&nbsp;<\/p>\n\n\n\n<p class=\"has-small-font-size\"><strong>5.<\/strong> Preven\u00e7\u00e3o de doen\u00e7as negligenciadas;&nbsp;<\/p>\n\n\n\n<p class=\"has-small-font-size\"><strong>6.<\/strong> Preven\u00e7\u00e3o ao uso de \u00e1lcool, tabaco, e outras drogas;<\/p>\n\n\n\n<p class=\"has-small-font-size\"><strong>7.<\/strong> Preven\u00e7\u00e3o \u00e0 Covid-19;&nbsp;<br><\/p>\n<\/div>\n\n\n\n<div class=\"wp-block-column is-vertically-aligned-top is-layout-flow wp-block-column-is-layout-flow\" style=\"flex-basis:80%\">\n<p class=\"has-small-font-size\"><strong>8.<\/strong> Sa\u00fade ambiental;&nbsp;<\/p>\n\n\n\n<p class=\"has-small-font-size\"><strong>9.<\/strong> Sa\u00fade bucal;&nbsp;<\/p>\n\n\n\n<p class=\"has-small-font-size\"><strong>10.<\/strong> Sa\u00fade auditiva;&nbsp;<\/p>\n\n\n\n<p class=\"has-small-font-size\"><strong>11. <\/strong>Sa\u00fade ocular;&nbsp;<\/p>\n\n\n\n<p class=\"has-small-font-size\"><strong>12.<\/strong> Sa\u00fade mental;&nbsp;<\/p>\n\n\n\n<p class=\"has-small-font-size\"><strong>13.<\/strong> Sa\u00fade sexual e reprodutiva e preven\u00e7\u00e3o do HIV\/IST; e&nbsp;<\/p>\n\n\n\n<p class=\"has-small-font-size\"><strong>14. <\/strong>Verifica\u00e7\u00e3o da situa\u00e7\u00e3o vacinal.<\/p>\n<\/div>\n<\/div>\n<\/div><\/div>\n<\/div><\/div>\n<\/div><\/div>\n<\/div>\n<\/div>\n\n\n\n<p>Cada tema poder\u00e1 ser trabalhado com os alunos, professores ou ainda com os pais e respons\u00e1veis conforme o perfil de cada escola.&nbsp;<\/p>\n\n\n\n<p><strong><em>ESCOLA CONTEMPLADAS&nbsp; X UBS RESPONS\u00c1VEIS<\/em>&nbsp;&nbsp;<\/strong><\/p>\n\n\n\n<ul class=\"wp-block-list\">\n<li>Educa\u00e7\u00e3o: UEI Recriar \u2192 Sa\u00fade: UBS Irineu Kienen<\/li>\n\n\n\n<li>Educa\u00e7\u00e3o: UEI Augusto Moser \u2192 Sa\u00fade: UBS Dr. Nilo de Freitas<\/li>\n\n\n\n<li>Educa\u00e7\u00e3o: UEI Espa\u00e7o de Crescer \u2192 Sa\u00fade: UBS M\u00e1rcia Maria Andreatta<\/li>\n\n\n\n<li>Educa\u00e7\u00e3o: UEI Curumim \u2192 Sa\u00fade: UBS Bertolina May Kechele&nbsp;&nbsp;<\/li>\n\n\n\n<li>Educa\u00e7\u00e3o: EB Mulde Baixa \u2192 Sa\u00fade: UBS Adriana Juceli Cattoni<\/li>\n\n\n\n<li>Educa\u00e7\u00e3o: EBM Arapongas \u2192 Sa\u00fade: UBS Adele Kuehl<\/li>\n\n\n\n<li>Educa\u00e7\u00e3o: EEF Gustavo Barroso (Estado) \u2192 Sa\u00fade: UBS Guinther Ricardo Ebert<\/li>\n\n\n\n<li>Educa\u00e7\u00e3o: EEB Raulino Horn (Estado) \u2192&nbsp; Sa\u00fade: UBS Jaqueline Bonetti Bianco<\/li>\n<\/ul>\n\n\n<div class=\"wp-block-image\">\n<figure class=\"alignright size-full is-resized\"><img loading=\"lazy\" decoding=\"async\" width=\"665\" height=\"376\" src=\"https:\/\/www.saudeindaial.sc.gov.br\/carta-servicos\/wp-content\/uploads\/2023\/10\/download-1.png\" alt=\"\" class=\"wp-image-181\" style=\"aspect-ratio:1.7686170212765957;width:416px;height:auto\" srcset=\"https:\/\/www.saudeindaial.sc.gov.br\/carta-servicos\/wp-content\/uploads\/2023\/10\/download-1.png 665w, https:\/\/www.saudeindaial.sc.gov.br\/carta-servicos\/wp-content\/uploads\/2023\/10\/download-1-300x170.png 300w, https:\/\/www.saudeindaial.sc.gov.br\/carta-servicos\/wp-content\/uploads\/2023\/10\/download-1-210x119.png 210w\" sizes=\"auto, (max-width: 665px) 100vw, 665px\" \/><\/figure><\/div>\n\n\n<p>As escolas e unidades foram definidas em conformidade com a portaria e atrav\u00e9s de reuni\u00f5es intersetoriais entre Secretaria da Sa\u00fade e Secretaria de Educa\u00e7\u00e3o.<br>As unidades escolares que n\u00e3o est\u00e3o no programa podem entrar em contato direto com sua unidade de sa\u00fade de refer\u00eancia ou com a secretaria de sa\u00fade para alinhar a\u00e7\u00f5es de educa\u00e7\u00e3o em sa\u00fade nas escolas.<\/p>\n\n\n\n<p><\/p>\n\n\n\n<div class=\"wp-block-buttons is-content-justification-right is-layout-flex wp-container-core-buttons-is-layout-1 wp-block-buttons-is-layout-flex\">\n<div class=\"wp-block-button is-style-fill\"><a class=\"wp-block-button__link wp-element-button\" href=\"https:\/\/www.saudeindaial.sc.gov.br\/carta-servicos\/servicos-ofertados\/\">voltar<\/a><\/div>\n<\/div>\n","protected":false},"excerpt":{"rendered":"<p>O Programa Sa\u00fade na Escola &#8211; PSE \u00e9 uma iniciativa intersetorial dos Minist\u00e9rios da Sa\u00fade e da Educa\u00e7\u00e3o, cujo objetivo \u00e9 contribuir para o pleno desenvolvimento dos estudantes da rede p\u00fablica de ensino. Quando se fortalece a\u00e7\u00f5es que integram sa\u00fade e educa\u00e7\u00e3o no enfrentamento de vulnerabilidades v\u00ea-se a amplia\u00e7\u00e3o do acesso aos servi\u00e7os de sa\u00fade, [&hellip;]<\/p>\n","protected":false},"author":1,"featured_media":0,"parent":0,"menu_order":0,"comment_status":"closed","ping_status":"closed","template":"","meta":{"footnotes":""},"class_list":["post-142","page","type-page","status-publish","hentry"],"_links":{"self":[{"href":"https:\/\/www.saudeindaial.sc.gov.br\/carta-servicos\/wp-json\/wp\/v2\/pages\/142","targetHints":{"allow":["GET"]}}],"collection":[{"href":"https:\/\/www.saudeindaial.sc.gov.br\/carta-servicos\/wp-json\/wp\/v2\/pages"}],"about":[{"href":"https:\/\/www.saudeindaial.sc.gov.br\/carta-servicos\/wp-json\/wp\/v2\/types\/page"}],"author":[{"embeddable":true,"href":"https:\/\/www.saudeindaial.sc.gov.br\/carta-servicos\/wp-json\/wp\/v2\/users\/1"}],"replies":[{"embeddable":true,"href":"https:\/\/www.saudeindaial.sc.gov.br\/carta-servicos\/wp-json\/wp\/v2\/comments?post=142"}],"version-history":[{"count":5,"href":"https:\/\/www.saudeindaial.sc.gov.br\/carta-servicos\/wp-json\/wp\/v2\/pages\/142\/revisions"}],"predecessor-version":[{"id":955,"href":"https:\/\/www.saudeindaial.sc.gov.br\/carta-servicos\/wp-json\/wp\/v2\/pages\/142\/revisions\/955"}],"wp:attachment":[{"href":"https:\/\/www.saudeindaial.sc.gov.br\/carta-servicos\/wp-json\/wp\/v2\/media?parent=142"}],"curies":[{"name":"wp","href":"https:\/\/api.w.org\/{rel}","templated":true}]}}