{"id":17,"date":"2023-10-04T21:38:43","date_gmt":"2023-10-05T00:38:43","guid":{"rendered":"https:\/\/www.saudeindaial.sc.gov.br\/carta-servicos\/?page_id=17"},"modified":"2023-10-24T21:52:58","modified_gmt":"2023-10-25T00:52:58","slug":"atencao-primaria","status":"publish","type":"page","link":"https:\/\/www.saudeindaial.sc.gov.br\/carta-servicos\/atencao-primaria\/","title":{"rendered":"Aten\u00e7\u00e3o Prim\u00e1ria \u00e0 Sa\u00fade"},"content":{"rendered":"\n<div class=\"wp-block-columns is-layout-flex wp-container-core-columns-is-layout-1 wp-block-columns-is-layout-flex\">\n<div class=\"wp-block-column is-layout-flow wp-block-column-is-layout-flow\" style=\"flex-basis:33.34%\">\n<figure class=\"wp-block-image size-full\"><a href=\"https:\/\/www.saudeindaial.sc.gov.br\/carta-servicos\/endereco-telefone-e-composicao\/\"><img loading=\"lazy\" decoding=\"async\" width=\"251\" height=\"179\" src=\"https:\/\/www.saudeindaial.sc.gov.br\/carta-servicos\/wp-content\/uploads\/2023\/10\/WhatsApp-Image-2023-10-04-at-23.13.59-1-1.jpeg\" alt=\"\" class=\"wp-image-94\"\/><\/a><\/figure>\n<\/div>\n\n\n\n<div class=\"wp-block-column is-layout-flow wp-block-column-is-layout-flow\" style=\"flex-basis:33.34%\">\n<figure class=\"wp-block-image size-full\"><a href=\"https:\/\/www.saudeindaial.sc.gov.br\/carta-servicos\/horario-de-funcionamento\/\"><img loading=\"lazy\" decoding=\"async\" width=\"247\" height=\"193\" src=\"https:\/\/www.saudeindaial.sc.gov.br\/carta-servicos\/wp-content\/uploads\/2023\/10\/WhatsApp-Image-2023-10-04-at-23.13.59-2-2.jpeg\" alt=\"\" class=\"wp-image-96\"\/><\/a><\/figure>\n<\/div>\n\n\n\n<div class=\"wp-block-column is-layout-flow wp-block-column-is-layout-flow\" style=\"flex-basis:33.33%\">\n<figure class=\"wp-block-image size-full\"><a href=\"https:\/\/www.saudeindaial.sc.gov.br\/carta-servicos\/servicos-ofertados\/\"><img loading=\"lazy\" decoding=\"async\" width=\"216\" height=\"183\" src=\"https:\/\/www.saudeindaial.sc.gov.br\/carta-servicos\/wp-content\/uploads\/2023\/10\/WhatsApp-Image-2023-10-04-at-23.13.59-3.jpeg\" alt=\"\" class=\"wp-image-97\"\/><\/a><\/figure>\n<\/div>\n<\/div>\n\n\n\n<p>A Aten\u00e7\u00e3o Prim\u00e1ria \u00e0 Sa\u00fade (APS) \u00e9 o primeiro n\u00edvel de aten\u00e7\u00e3o em sa\u00fade e se caracteriza por um conjunto de a\u00e7\u00f5es de sa\u00fade, que abrange desde a promo\u00e7\u00e3o e a prote\u00e7\u00e3o da sa\u00fade, a preven\u00e7\u00e3o de agravos, o diagn\u00f3stico, o tratamento, a reabilita\u00e7\u00e3o, a redu\u00e7\u00e3o de danos at\u00e9 a manuten\u00e7\u00e3o da sa\u00fade. A APS \u00e9 a principal porta de entrada do SUS, devendo se orientar pelos princ\u00edpios da universalidade, da acessibilidade, da continuidade do cuidado, da integralidade da aten\u00e7\u00e3o, da responsabiliza\u00e7\u00e3o, da humaniza\u00e7\u00e3o e da equidade. No Brasil h\u00e1 diversas estrat\u00e9gias governamentais que oferecem esses servi\u00e7os \u00e0 popula\u00e7\u00e3o atrav\u00e9s do SUS (Sistema \u00danico de Sa\u00fade).<br>A Carta de Servi\u00e7os da Aten\u00e7\u00e3o Prim\u00e1ria \u00e0 Sa\u00fade descreve todas as a\u00e7\u00f5es e servi\u00e7os ofertados pelas equipes de Sa\u00fade da Fam\u00edlia para que voc\u00ea e sua fam\u00edlia saibam como funcionam os servi\u00e7os de aten\u00e7\u00e3o prim\u00e1ria. Nela, voc\u00ea encontrar\u00e1 todos os servi\u00e7os que podem ser oferecidos pelas unidades b\u00e1sicas de sa\u00fade, equipes de Sa\u00fade da Fam\u00edlia, equipes de Aten\u00e7\u00e3o Prim\u00e1ria, enfim, por todos os servi\u00e7os ligados \u00e0 APS.<\/p>\n","protected":false},"excerpt":{"rendered":"<p>A Aten\u00e7\u00e3o Prim\u00e1ria \u00e0 Sa\u00fade (APS) \u00e9 o primeiro n\u00edvel de aten\u00e7\u00e3o em sa\u00fade e se caracteriza por um conjunto de a\u00e7\u00f5es de sa\u00fade, que abrange desde a promo\u00e7\u00e3o e a prote\u00e7\u00e3o da sa\u00fade, a preven\u00e7\u00e3o de agravos, o diagn\u00f3stico, o tratamento, a reabilita\u00e7\u00e3o, a redu\u00e7\u00e3o de danos at\u00e9 a manuten\u00e7\u00e3o da sa\u00fade. A APS [&hellip;]<\/p>\n","protected":false},"author":1,"featured_media":0,"parent":0,"menu_order":0,"comment_status":"closed","ping_status":"closed","template":"","meta":{"footnotes":""},"class_list":["post-17","page","type-page","status-publish","hentry"],"_links":{"self":[{"href":"https:\/\/www.saudeindaial.sc.gov.br\/carta-servicos\/wp-json\/wp\/v2\/pages\/17","targetHints":{"allow":["GET"]}}],"collection":[{"href":"https:\/\/www.saudeindaial.sc.gov.br\/carta-servicos\/wp-json\/wp\/v2\/pages"}],"about":[{"href":"https:\/\/www.saudeindaial.sc.gov.br\/carta-servicos\/wp-json\/wp\/v2\/types\/page"}],"author":[{"embeddable":true,"href":"https:\/\/www.saudeindaial.sc.gov.br\/carta-servicos\/wp-json\/wp\/v2\/users\/1"}],"replies":[{"embeddable":true,"href":"https:\/\/www.saudeindaial.sc.gov.br\/carta-servicos\/wp-json\/wp\/v2\/comments?post=17"}],"version-history":[{"count":11,"href":"https:\/\/www.saudeindaial.sc.gov.br\/carta-servicos\/wp-json\/wp\/v2\/pages\/17\/revisions"}],"predecessor-version":[{"id":241,"href":"https:\/\/www.saudeindaial.sc.gov.br\/carta-servicos\/wp-json\/wp\/v2\/pages\/17\/revisions\/241"}],"wp:attachment":[{"href":"https:\/\/www.saudeindaial.sc.gov.br\/carta-servicos\/wp-json\/wp\/v2\/media?parent=17"}],"curies":[{"name":"wp","href":"https:\/\/api.w.org\/{rel}","templated":true}]}}