{"id":20,"date":"2023-10-04T21:39:36","date_gmt":"2023-10-05T00:39:36","guid":{"rendered":"https:\/\/www.saudeindaial.sc.gov.br\/carta-servicos\/?page_id=20"},"modified":"2024-10-09T15:00:25","modified_gmt":"2024-10-09T18:00:25","slug":"atencao-especializada","status":"publish","type":"page","link":"https:\/\/www.saudeindaial.sc.gov.br\/carta-servicos\/atencao-especializada\/","title":{"rendered":"Aten\u00e7\u00e3o Especializada \u00e0 Sa\u00fade"},"content":{"rendered":"<div class=\"wp-block-image is-style-rounded\">\n<figure class=\"alignleft size-full is-resized\"><img loading=\"lazy\" decoding=\"async\" width=\"419\" height=\"225\" src=\"https:\/\/www.saudeindaial.sc.gov.br\/carta-servicos\/wp-content\/uploads\/2023\/12\/Captura-de-tela-2023-12-18-002558.png\" alt=\"\" class=\"wp-image-748\" style=\"width:297px;height:auto\" srcset=\"https:\/\/www.saudeindaial.sc.gov.br\/carta-servicos\/wp-content\/uploads\/2023\/12\/Captura-de-tela-2023-12-18-002558.png 419w, https:\/\/www.saudeindaial.sc.gov.br\/carta-servicos\/wp-content\/uploads\/2023\/12\/Captura-de-tela-2023-12-18-002558-300x161.png 300w, https:\/\/www.saudeindaial.sc.gov.br\/carta-servicos\/wp-content\/uploads\/2023\/12\/Captura-de-tela-2023-12-18-002558-210x113.png 210w\" sizes=\"auto, (max-width: 419px) 100vw, 419px\" \/><\/figure><\/div>\n\n\n<p>A Aten\u00e7\u00e3o Especializada compreende a\u00e7\u00f5es e servi\u00e7os mais complexos no \u00e2mbito do SUS, estruturada para as necessidades dos usu\u00e1rios que n\u00e3o se esgotam na aten\u00e7\u00e3o prim\u00e1ria, incluindo procedimentos ambulatoriais e hospitalares.<br>N\u00e3o possui uma pol\u00edtica nacional bem definida, como a aten\u00e7\u00e3o b\u00e1sica, sendo formada por diversas redes de aten\u00e7\u00e3o. Divide-se em m\u00e9dia e alta complexidade.<br>A <strong>m\u00e9dia complexidade <\/strong>\u00e9 composta por a\u00e7\u00f5es e servi\u00e7os que visam atender aos principais problemas de sa\u00fade e agravos da popula\u00e7\u00e3o, cuja pr\u00e1tica cl\u00ednica demande disponibilidade de <strong>profissionais especializados <\/strong>e o <strong>uso de recursos tecnol\u00f3gicos de apoio diagn\u00f3stico e terap\u00eautico<\/strong>. Os grupos que comp\u00f5em os procedimentos de m\u00e9dia complexidade est\u00e3o definidos no <strong>Sistema de Informa\u00e7\u00f5es Ambulatoriais (SIA) <\/strong>do SUS.<br>A <strong>alta complexidade <\/strong>\u00e9 o conjunto de procedimentos que envolve <strong>alta tecnologia e alto custo<\/strong>, objetivando propiciar \u00e0 popula\u00e7\u00e3o acesso a <strong>servi\u00e7os qualificados<\/strong>, integrando-os aos demais n\u00edveis de aten\u00e7\u00e3o \u00e0 sa\u00fade (aten\u00e7\u00e3o b\u00e1sica e de m\u00e9dia complexidade).<br>Na Secretaria <\/p>\n\n\n\n<p>Clique sobre os links abaixo para conhecer os servi\u00e7os que comp\u00f5e a Aten\u00e7\u00e3o Especializada de Indaial.<\/p>\n\n\n\n<p><strong><a href=\"https:\/\/www.saudeindaial.sc.gov.br\/carta-servicos\/ambulatorio-de-feridas-complexas\/\">Ambulat\u00f3rio de Feridas Complexas<\/a><\/strong><\/p>\n\n\n\n<p><strong><a href=\"https:\/\/www.saudeindaial.sc.gov.br\/carta-servicos\/centro-de-atencao-psicossocial-caps-i\/\">CAPS I &#8211; (Centro de Aten\u00e7\u00e3o Psicossocial)<\/a><\/strong><\/p>\n\n\n\n<p><strong><a href=\"https:\/\/www.saudeindaial.sc.gov.br\/carta-servicos\/centro-de-especialidades-odontologicas\/\">Centro de Especialidades Odontol\u00f3gicas &#8211; CEO<\/a><\/strong><\/p>\n\n\n\n<p><strong><a href=\"https:\/\/www.saudeindaial.sc.gov.br\/carta-servicos\/distribuicao-de-formulas-aplv-alergia-a-proteina-do-leite-de-vaca\/\">Distribui\u00e7\u00e3o de F\u00f3rmulas &#8211; APLV (Alergia a prote\u00edna do leite de vaca)<\/a><\/strong><\/p>\n\n\n\n<p><strong><a href=\"https:\/\/www.saudeindaial.sc.gov.br\/carta-servicos\/grupo-de-fibromialgia\/\">Grupo de Fibromialgia<\/a><\/strong><\/p>\n\n\n\n<p><strong><a href=\"https:\/\/www.saudeindaial.sc.gov.br\/carta-servicos\/grupo-de-tabagismo\/\">Grupo de Tabagismo<\/a><\/strong><\/p>\n\n\n\n<p><a href=\"https:\/\/www.saudeindaial.sc.gov.br\/carta-servicos\/insercao-de-diu-dispositivo-intrauterino\/\"><strong>Inser\u00e7\u00e3o de DIU (Dispositivo Intrauterino)<\/strong><\/a><\/p>\n\n\n\n<p><a href=\"https:\/\/www.saudeindaial.sc.gov.br\/carta-servicos\/laboratorio-municipal-de-indaial\/\"><strong>Laborat\u00f3rio Municipal<\/strong><\/a><\/p>\n\n\n\n<p><a href=\"https:\/\/www.saudeindaial.sc.gov.br\/carta-servicos\/prestadores-credenciados\/\"><strong>Prestadores Credenciados<\/strong><\/a><\/p>\n\n\n\n<p><strong><a href=\"https:\/\/www.saudeindaial.sc.gov.br\/carta-servicos\/regulacao\/\">Regula\u00e7\u00e3o<\/a><\/strong><\/p>\n\n\n\n<p><a href=\"https:\/\/www.saudeindaial.sc.gov.br\/carta-servicos\/sais-servico-de-atendimento-integral-a-saude\/\"><strong>SAIS (Servi\u00e7o de Atendimento Integral \u00e0 Sa\u00fade)<\/strong><\/a><\/p>\n\n\n\n<p><strong><a href=\"https:\/\/www.saudeindaial.sc.gov.br\/carta-servicos\/samu-servico-de-atendimento-movel-de-urgencia\/\">SAMU (Servi\u00e7o de Atendimento M\u00f3vel de Urg\u00eancia)<\/a> <\/strong><\/p>\n\n\n\n<p><a href=\"https:\/\/www.saudeindaial.sc.gov.br\/carta-servicos\/servico-de-ostomia-e-oxigenioterapia\/\"><strong>Servi\u00e7o de Ostomia e Oxigenioterapia<\/strong><\/a><\/p>\n\n\n\n<p><a href=\"https:\/\/www.saudeindaial.sc.gov.br\/carta-servicos\/servico-de-atendimento-medico-de-queixas-agudas-pa-do-sais\/\"><strong>Servi\u00e7o de Atendimento M\u00e9dico de Queixas Agudas (&#8220;PA do SAIS&#8221;) <\/strong><\/a><\/p>\n\n\n\n<div class=\"wp-block-buttons is-content-justification-right is-layout-flex wp-container-core-buttons-is-layout-1 wp-block-buttons-is-layout-flex\">\n<div class=\"wp-block-button is-style-fill\"><a class=\"wp-block-button__link wp-element-button\" href=\"https:\/\/www.saudeindaial.sc.gov.br\/carta-servicos\/\">voltar<\/a><\/div>\n<\/div>\n","protected":false},"excerpt":{"rendered":"<p>A Aten\u00e7\u00e3o Especializada compreende a\u00e7\u00f5es e servi\u00e7os mais complexos no \u00e2mbito do SUS, estruturada para as necessidades dos usu\u00e1rios que n\u00e3o se esgotam na aten\u00e7\u00e3o prim\u00e1ria, incluindo procedimentos ambulatoriais e hospitalares.N\u00e3o possui uma pol\u00edtica nacional bem definida, como a aten\u00e7\u00e3o b\u00e1sica, sendo formada por diversas redes de aten\u00e7\u00e3o. Divide-se em m\u00e9dia e alta complexidade.A m\u00e9dia [&hellip;]<\/p>\n","protected":false},"author":1,"featured_media":0,"parent":0,"menu_order":0,"comment_status":"closed","ping_status":"closed","template":"","meta":{"footnotes":""},"class_list":["post-20","page","type-page","status-publish","hentry"],"_links":{"self":[{"href":"https:\/\/www.saudeindaial.sc.gov.br\/carta-servicos\/wp-json\/wp\/v2\/pages\/20","targetHints":{"allow":["GET"]}}],"collection":[{"href":"https:\/\/www.saudeindaial.sc.gov.br\/carta-servicos\/wp-json\/wp\/v2\/pages"}],"about":[{"href":"https:\/\/www.saudeindaial.sc.gov.br\/carta-servicos\/wp-json\/wp\/v2\/types\/page"}],"author":[{"embeddable":true,"href":"https:\/\/www.saudeindaial.sc.gov.br\/carta-servicos\/wp-json\/wp\/v2\/users\/1"}],"replies":[{"embeddable":true,"href":"https:\/\/www.saudeindaial.sc.gov.br\/carta-servicos\/wp-json\/wp\/v2\/comments?post=20"}],"version-history":[{"count":25,"href":"https:\/\/www.saudeindaial.sc.gov.br\/carta-servicos\/wp-json\/wp\/v2\/pages\/20\/revisions"}],"predecessor-version":[{"id":988,"href":"https:\/\/www.saudeindaial.sc.gov.br\/carta-servicos\/wp-json\/wp\/v2\/pages\/20\/revisions\/988"}],"wp:attachment":[{"href":"https:\/\/www.saudeindaial.sc.gov.br\/carta-servicos\/wp-json\/wp\/v2\/media?parent=20"}],"curies":[{"name":"wp","href":"https:\/\/api.w.org\/{rel}","templated":true}]}}