{"id":22,"date":"2023-10-04T21:39:55","date_gmt":"2023-10-05T00:39:55","guid":{"rendered":"https:\/\/www.saudeindaial.sc.gov.br\/carta-servicos\/?page_id=22"},"modified":"2024-10-09T15:02:09","modified_gmt":"2024-10-09T18:02:09","slug":"vigilancias-em-saude","status":"publish","type":"page","link":"https:\/\/www.saudeindaial.sc.gov.br\/carta-servicos\/vigilancias-em-saude\/","title":{"rendered":"Vigil\u00e2ncias em Sa\u00fade"},"content":{"rendered":"<div class=\"wp-block-image is-style-rounded\">\n<figure class=\"alignleft size-full is-resized\"><img loading=\"lazy\" decoding=\"async\" width=\"672\" height=\"720\" src=\"https:\/\/www.saudeindaial.sc.gov.br\/carta-servicos\/wp-content\/uploads\/2023\/12\/primeira-conferencia-estadual-vai-debater-vigilancia-em-saude-20170922034845-e1571270707872.webp\" alt=\"\" class=\"wp-image-607\" style=\"width:160px;height:auto\" srcset=\"https:\/\/www.saudeindaial.sc.gov.br\/carta-servicos\/wp-content\/uploads\/2023\/12\/primeira-conferencia-estadual-vai-debater-vigilancia-em-saude-20170922034845-e1571270707872.webp 672w, https:\/\/www.saudeindaial.sc.gov.br\/carta-servicos\/wp-content\/uploads\/2023\/12\/primeira-conferencia-estadual-vai-debater-vigilancia-em-saude-20170922034845-e1571270707872-280x300.webp 280w, https:\/\/www.saudeindaial.sc.gov.br\/carta-servicos\/wp-content\/uploads\/2023\/12\/primeira-conferencia-estadual-vai-debater-vigilancia-em-saude-20170922034845-e1571270707872-196x210.webp 196w\" sizes=\"auto, (max-width: 672px) 100vw, 672px\" \/><\/figure><\/div>\n\n\n<p>No campo da sa\u00fade, a vigil\u00e2ncia est\u00e1 relacionada \u00e0s pr\u00e1ticas de aten\u00e7\u00e3o e promo\u00e7\u00e3o da sa\u00fade dos cidad\u00e3os e aos mecanismos adotados para preven\u00e7\u00e3o de doen\u00e7as. Al\u00e9m disso, integra diversas \u00e1reas de conhecimento e aborda diferentes temas, tais como pol\u00edtica e planejamento, territorializa\u00e7\u00e3o, epidemiologia, processo sa\u00fade-doen\u00e7a, condi\u00e7\u00f5es de vida e situa\u00e7\u00e3o de sa\u00fade das popula\u00e7\u00f5es, ambiente e sa\u00fade e processo de trabalho. A partir da\u00ed, a vigil\u00e2ncia se distribui entre: epidemiol\u00f3gica, ambiental, sanit\u00e1ria e sa\u00fade do trabalhador.<\/p>\n\n\n<div class=\"wp-block-image\">\n<figure class=\"aligncenter size-full is-resized\"><img loading=\"lazy\" decoding=\"async\" width=\"250\" height=\"126\" src=\"https:\/\/www.saudeindaial.sc.gov.br\/carta-servicos\/wp-content\/uploads\/2023\/12\/2e34231919534caaacb1561e11d5442d.gif\" alt=\"\" class=\"wp-image-608\" style=\"width:155px;height:auto\"\/><\/figure><\/div>\n\n\n<p class=\"has-text-align-center has-medium-font-size\"><strong><a href=\"https:\/\/www.saudeindaial.sc.gov.br\/carta-servicos\/vigilancia-epidemiologica\/\">Vigil\u00e2ncia Epidemiol\u00f3gica<\/a><\/strong><\/p>\n\n\n\n<p class=\"has-text-align-center has-medium-font-size\"><a href=\"https:\/\/www.saudeindaial.sc.gov.br\/carta-servicos\/vigilancia-sanitaria\/\"><strong>Vigil\u00e2ncia Sanit\u00e1ria (VISA)<\/strong><\/a><\/p>\n\n\n\n<div class=\"wp-block-buttons is-content-justification-right is-layout-flex wp-container-core-buttons-is-layout-1 wp-block-buttons-is-layout-flex\">\n<div class=\"wp-block-button is-style-fill\"><a class=\"wp-block-button__link wp-element-button\" href=\"https:\/\/www.saudeindaial.sc.gov.br\/carta-servicos\/\">voltar<\/a><\/div>\n<\/div>\n","protected":false},"excerpt":{"rendered":"<p>No campo da sa\u00fade, a vigil\u00e2ncia est\u00e1 relacionada \u00e0s pr\u00e1ticas de aten\u00e7\u00e3o e promo\u00e7\u00e3o da sa\u00fade dos cidad\u00e3os e aos mecanismos adotados para preven\u00e7\u00e3o de doen\u00e7as. Al\u00e9m disso, integra diversas \u00e1reas de conhecimento e aborda diferentes temas, tais como pol\u00edtica e planejamento, territorializa\u00e7\u00e3o, epidemiologia, processo sa\u00fade-doen\u00e7a, condi\u00e7\u00f5es de vida e situa\u00e7\u00e3o de sa\u00fade das popula\u00e7\u00f5es, [&hellip;]<\/p>\n","protected":false},"author":1,"featured_media":0,"parent":0,"menu_order":0,"comment_status":"closed","ping_status":"closed","template":"","meta":{"footnotes":""},"class_list":["post-22","page","type-page","status-publish","hentry"],"_links":{"self":[{"href":"https:\/\/www.saudeindaial.sc.gov.br\/carta-servicos\/wp-json\/wp\/v2\/pages\/22","targetHints":{"allow":["GET"]}}],"collection":[{"href":"https:\/\/www.saudeindaial.sc.gov.br\/carta-servicos\/wp-json\/wp\/v2\/pages"}],"about":[{"href":"https:\/\/www.saudeindaial.sc.gov.br\/carta-servicos\/wp-json\/wp\/v2\/types\/page"}],"author":[{"embeddable":true,"href":"https:\/\/www.saudeindaial.sc.gov.br\/carta-servicos\/wp-json\/wp\/v2\/users\/1"}],"replies":[{"embeddable":true,"href":"https:\/\/www.saudeindaial.sc.gov.br\/carta-servicos\/wp-json\/wp\/v2\/comments?post=22"}],"version-history":[{"count":9,"href":"https:\/\/www.saudeindaial.sc.gov.br\/carta-servicos\/wp-json\/wp\/v2\/pages\/22\/revisions"}],"predecessor-version":[{"id":989,"href":"https:\/\/www.saudeindaial.sc.gov.br\/carta-servicos\/wp-json\/wp\/v2\/pages\/22\/revisions\/989"}],"wp:attachment":[{"href":"https:\/\/www.saudeindaial.sc.gov.br\/carta-servicos\/wp-json\/wp\/v2\/media?parent=22"}],"curies":[{"name":"wp","href":"https:\/\/api.w.org\/{rel}","templated":true}]}}