{"id":260,"date":"2023-10-24T23:13:42","date_gmt":"2023-10-25T02:13:42","guid":{"rendered":"https:\/\/www.saudeindaial.sc.gov.br\/carta-servicos\/?page_id=260"},"modified":"2024-10-09T12:11:01","modified_gmt":"2024-10-09T15:11:01","slug":"programa-remedio-em-casa","status":"publish","type":"page","link":"https:\/\/www.saudeindaial.sc.gov.br\/carta-servicos\/programa-remedio-em-casa\/","title":{"rendered":"Programa Rem\u00e9dio em Casa"},"content":{"rendered":"<div class=\"wp-block-image\">\n<figure class=\"alignright size-full is-resized\"><img loading=\"lazy\" decoding=\"async\" width=\"276\" height=\"242\" src=\"https:\/\/www.saudeindaial.sc.gov.br\/carta-servicos\/wp-content\/uploads\/2023\/10\/Remedio-em-casa.jpg\" alt=\"\" class=\"wp-image-261\" style=\"aspect-ratio:1.140495867768595;width:138px;height:auto\" srcset=\"https:\/\/www.saudeindaial.sc.gov.br\/carta-servicos\/wp-content\/uploads\/2023\/10\/Remedio-em-casa.jpg 276w, https:\/\/www.saudeindaial.sc.gov.br\/carta-servicos\/wp-content\/uploads\/2023\/10\/Remedio-em-casa-210x184.jpg 210w\" sizes=\"auto, (max-width: 276px) 100vw, 276px\" \/><\/figure><\/div>\n\n\n<p class=\"has-text-align-left\">O Programa &#8220;Rem\u00e9dio em Casa&#8221; consiste no fornecimento domiciliar de medicamentos de uso  cont\u00ednuo, padronizados na Rede P\u00fablica de Sa\u00fade de Indaial, para os pacientes moradores do munic\u00edpio e usu\u00e1rios do Sistema \u00danico de Sa\u00fade. O programa tem como princ\u00edpios fundamentais a amplia\u00e7\u00e3o do acesso ao servi\u00e7o farmac\u00eautico, o respeito e a humaniza\u00e7\u00e3o na aten\u00e7\u00e3o e a melhoria da qualidade da aten\u00e7\u00e3o aos pacientes restritos ao leito, promovendo o uso racional dos medicamentos.<br>O programa destina-se a moradores do munic\u00edpio de Indaial, cadastrados em uma Unidade B\u00e1sica de Sa\u00fade, em condi\u00e7\u00f5es de restri\u00e7\u00e3o ao leito:<\/p>\n\n\n\n<p>-&gt; <em>Permanentemente imobilizado na cama e necessitando de cuidados cont\u00ednuos;<br>-&gt; Transitoriamente imobilizado na cama e necessitando de cuidados cont\u00ednuos; <br>-&gt; Acamado, impossibilitado de realizar sem ajuda qualquer das atividades da vida di\u00e1ria.<\/em><br><\/p>\n\n\n\n<p>A inscri\u00e7\u00e3o no Programa pode acontecer de duas formas distintas:<\/p>\n\n\n\n<ol class=\"wp-block-list\">\n<li>Sele\u00e7\u00e3o de um usu\u00e1rio pela Equipe da Sa\u00fade da Fam\u00edlia: usu\u00e1rio que a equipe conhece as necessidades e julga estar de acordo com os crit\u00e9rios de p\u00fablico alvo.&nbsp;<\/li>\n\n\n\n<li>Solicita\u00e7\u00e3o do pr\u00f3prio paciente\/respons\u00e1vel: quando o paciente\/respons\u00e1vel entra em contato com a unidade solicitando ser avaliado para verificar a possibilidade de ades\u00e3o ao programa.<\/li>\n<\/ol>\n\n\n\n<p>A porta de entrada para a inscri\u00e7\u00e3o no Programa \u00e9 a Unidade B\u00e1sica de Sa\u00fade de refer\u00eancia,&nbsp;a Equipe de Sa\u00fade da Fam\u00edlia dever\u00e1 agendar uma visita domiciliar aos usu\u00e1rios para&nbsp;avalia\u00e7\u00e3o e poss\u00edvel vincula\u00e7\u00e3o ao Programa Rem\u00e9dio em Casa. A visita ser\u00e1 agendada e&nbsp;realizada de acordo com a rotina estabelecida em cada unidade de sa\u00fade.<\/p>\n\n\n<div class=\"wp-block-image\">\n<figure class=\"aligncenter size-large is-resized\"><img loading=\"lazy\" decoding=\"async\" width=\"1024\" height=\"1024\" src=\"https:\/\/www.saudeindaial.sc.gov.br\/carta-servicos\/wp-content\/uploads\/2023\/10\/cuidados-medicamentos-1024x1024.png\" alt=\"\" class=\"wp-image-263\" style=\"aspect-ratio:1;width:491px;height:auto\" srcset=\"https:\/\/www.saudeindaial.sc.gov.br\/carta-servicos\/wp-content\/uploads\/2023\/10\/cuidados-medicamentos-1024x1024.png 1024w, https:\/\/www.saudeindaial.sc.gov.br\/carta-servicos\/wp-content\/uploads\/2023\/10\/cuidados-medicamentos-300x300.png 300w, https:\/\/www.saudeindaial.sc.gov.br\/carta-servicos\/wp-content\/uploads\/2023\/10\/cuidados-medicamentos-150x150.png 150w, https:\/\/www.saudeindaial.sc.gov.br\/carta-servicos\/wp-content\/uploads\/2023\/10\/cuidados-medicamentos-768x768.png 768w, https:\/\/www.saudeindaial.sc.gov.br\/carta-servicos\/wp-content\/uploads\/2023\/10\/cuidados-medicamentos-210x210.png 210w, https:\/\/www.saudeindaial.sc.gov.br\/carta-servicos\/wp-content\/uploads\/2023\/10\/cuidados-medicamentos.png 1080w\" sizes=\"auto, (max-width: 980px) 100vw, 980px\" \/><\/figure><\/div>\n\n\n<div class=\"wp-block-buttons is-content-justification-right is-layout-flex wp-container-core-buttons-is-layout-1 wp-block-buttons-is-layout-flex\">\n<div class=\"wp-block-button is-style-fill\"><a class=\"wp-block-button__link wp-element-button\" href=\"https:\/\/www.saudeindaial.sc.gov.br\/carta-servicos\/servicos-ofertados\/\">voltar<\/a><\/div>\n<\/div>\n","protected":false},"excerpt":{"rendered":"<p>O Programa &#8220;Rem\u00e9dio em Casa&#8221; consiste no fornecimento domiciliar de medicamentos de uso cont\u00ednuo, padronizados na Rede P\u00fablica de Sa\u00fade de Indaial, para os pacientes moradores do munic\u00edpio e usu\u00e1rios do Sistema \u00danico de Sa\u00fade. O programa tem como princ\u00edpios fundamentais a amplia\u00e7\u00e3o do acesso ao servi\u00e7o farmac\u00eautico, o respeito e a humaniza\u00e7\u00e3o na aten\u00e7\u00e3o [&hellip;]<\/p>\n","protected":false},"author":2,"featured_media":0,"parent":0,"menu_order":0,"comment_status":"closed","ping_status":"closed","template":"","meta":{"footnotes":""},"class_list":["post-260","page","type-page","status-publish","hentry"],"_links":{"self":[{"href":"https:\/\/www.saudeindaial.sc.gov.br\/carta-servicos\/wp-json\/wp\/v2\/pages\/260","targetHints":{"allow":["GET"]}}],"collection":[{"href":"https:\/\/www.saudeindaial.sc.gov.br\/carta-servicos\/wp-json\/wp\/v2\/pages"}],"about":[{"href":"https:\/\/www.saudeindaial.sc.gov.br\/carta-servicos\/wp-json\/wp\/v2\/types\/page"}],"author":[{"embeddable":true,"href":"https:\/\/www.saudeindaial.sc.gov.br\/carta-servicos\/wp-json\/wp\/v2\/users\/2"}],"replies":[{"embeddable":true,"href":"https:\/\/www.saudeindaial.sc.gov.br\/carta-servicos\/wp-json\/wp\/v2\/comments?post=260"}],"version-history":[{"count":6,"href":"https:\/\/www.saudeindaial.sc.gov.br\/carta-servicos\/wp-json\/wp\/v2\/pages\/260\/revisions"}],"predecessor-version":[{"id":953,"href":"https:\/\/www.saudeindaial.sc.gov.br\/carta-servicos\/wp-json\/wp\/v2\/pages\/260\/revisions\/953"}],"wp:attachment":[{"href":"https:\/\/www.saudeindaial.sc.gov.br\/carta-servicos\/wp-json\/wp\/v2\/media?parent=260"}],"curies":[{"name":"wp","href":"https:\/\/api.w.org\/{rel}","templated":true}]}}