{"id":275,"date":"2023-10-25T20:49:26","date_gmt":"2023-10-25T23:49:26","guid":{"rendered":"https:\/\/www.saudeindaial.sc.gov.br\/carta-servicos\/?page_id=275"},"modified":"2025-04-07T14:19:41","modified_gmt":"2025-04-07T17:19:41","slug":"secretaria-de-saude-gestao","status":"publish","type":"page","link":"https:\/\/www.saudeindaial.sc.gov.br\/carta-servicos\/secretaria-de-saude-gestao\/","title":{"rendered":"Secretaria Municipal de Sa\u00fade"},"content":{"rendered":"\n<p>Compete \u00e0 Secretaria Municipal de Sa\u00fade, no \u00e2mbito local, dirigir o Sistema \u00danico de Sa\u00fade \u2013 SUS e promover, gerir, planejar, organizar e controlar a execu\u00e7\u00e3o das a\u00e7\u00f5es e dos servi\u00e7os de sa\u00fade desenvolvidos pelo Munic\u00edpio.<\/p>\n\n\n\n<div class=\"wp-block-columns is-layout-flex wp-container-core-columns-is-layout-1 wp-block-columns-is-layout-flex\">\n<div class=\"wp-block-column is-layout-flow wp-block-column-is-layout-flow\">\n<p class=\"has-text-align-center\"><strong>LOCALIZA\u00c7\u00c3O<\/strong><\/p>\n\n\n<div class=\"wp-block-image\">\n<figure class=\"alignleft size-full is-resized\"><img loading=\"lazy\" decoding=\"async\" width=\"56\" height=\"207\" src=\"https:\/\/www.saudeindaial.sc.gov.br\/carta-servicos\/wp-content\/uploads\/2023\/11\/Captura-de-tela-2023-11-21-191554.png\" alt=\"\" class=\"wp-image-505\" style=\"aspect-ratio:0.27053140096618356;width:42px;height:auto\"\/><\/figure><\/div>\n\n\n<p style=\"font-size:15px\">(047) 3304 &#8211; 2121<br><br>Rua Belo Horizonte, n\u00ba 815, Tapaj\u00f3s <br><br>Das 07:00 \u00e0s 13:00 horas<br><br>administrativo@saudeindaial.sc.gov.br<br><\/p>\n\n\n<div class=\"wp-block-image\">\n<figure class=\"aligncenter size-full is-resized\"><img loading=\"lazy\" decoding=\"async\" width=\"512\" height=\"512\" src=\"https:\/\/www.saudeindaial.sc.gov.br\/carta-servicos\/wp-content\/uploads\/2023\/11\/animat-map-color-3.gif\" alt=\"\" class=\"wp-image-515\" style=\"aspect-ratio:1;width:89px;height:auto\"\/><\/figure><\/div><\/div>\n\n\n\n<div class=\"wp-block-column is-layout-flow wp-block-column-is-layout-flow\">\n<p class=\"has-text-align-center\"><strong>SECRET\u00c1RIA DE SA\u00daDE<\/strong><\/p>\n\n\n\n<p class=\"has-text-align-center\"><em>Jaqueline Mocelin<\/em><\/p>\n\n\n<div class=\"wp-block-image\">\n<figure class=\"aligncenter size-full\"><img loading=\"lazy\" decoding=\"async\" width=\"315\" height=\"420\" src=\"https:\/\/www.saudeindaial.sc.gov.br\/carta-servicos\/wp-content\/uploads\/2025\/04\/jaqueline_mocelin.png\" alt=\"\" class=\"wp-image-1018\" srcset=\"https:\/\/www.saudeindaial.sc.gov.br\/carta-servicos\/wp-content\/uploads\/2025\/04\/jaqueline_mocelin.png 315w, https:\/\/www.saudeindaial.sc.gov.br\/carta-servicos\/wp-content\/uploads\/2025\/04\/jaqueline_mocelin-225x300.png 225w, https:\/\/www.saudeindaial.sc.gov.br\/carta-servicos\/wp-content\/uploads\/2025\/04\/jaqueline_mocelin-158x210.png 158w\" sizes=\"auto, (max-width: 315px) 100vw, 315px\" \/><\/figure><\/div><\/div>\n<\/div>\n\n\n\n<div class=\"wp-block-columns is-layout-flex wp-container-core-columns-is-layout-2 wp-block-columns-is-layout-flex\">\n<div class=\"wp-block-column is-layout-flow wp-block-column-is-layout-flow\"><div class=\"wp-block-image\">\n<figure class=\"aligncenter size-full is-resized\"><img loading=\"lazy\" decoding=\"async\" width=\"480\" height=\"270\" src=\"https:\/\/www.saudeindaial.sc.gov.br\/carta-servicos\/wp-content\/uploads\/2023\/12\/vJw0AX.gif\" alt=\"\" class=\"wp-image-813\" style=\"width:265px;height:auto\"\/><\/figure><\/div>\n\n\n<p class=\"has-text-align-center\"><strong><em>Servi\u00e7os Internos da Secretaria de Sa\u00fade <\/em><\/strong><\/p>\n\n\n<div class=\"wp-block-image\">\n<figure class=\"alignright size-large is-resized\"><img loading=\"lazy\" decoding=\"async\" width=\"1024\" height=\"1024\" src=\"https:\/\/www.saudeindaial.sc.gov.br\/carta-servicos\/wp-content\/uploads\/2023\/12\/gifs-de-flechas-0-1-1024x1024.gif\" alt=\"\" class=\"wp-image-815\" style=\"width:80px;height:auto\" srcset=\"https:\/\/www.saudeindaial.sc.gov.br\/carta-servicos\/wp-content\/uploads\/2023\/12\/gifs-de-flechas-0-1-1024x1024.gif 1024w, https:\/\/www.saudeindaial.sc.gov.br\/carta-servicos\/wp-content\/uploads\/2023\/12\/gifs-de-flechas-0-1-300x300.gif 300w, https:\/\/www.saudeindaial.sc.gov.br\/carta-servicos\/wp-content\/uploads\/2023\/12\/gifs-de-flechas-0-1-150x150.gif 150w, https:\/\/www.saudeindaial.sc.gov.br\/carta-servicos\/wp-content\/uploads\/2023\/12\/gifs-de-flechas-0-1-768x768.gif 768w, https:\/\/www.saudeindaial.sc.gov.br\/carta-servicos\/wp-content\/uploads\/2023\/12\/gifs-de-flechas-0-1-1536x1536.gif 1536w, https:\/\/www.saudeindaial.sc.gov.br\/carta-servicos\/wp-content\/uploads\/2023\/12\/gifs-de-flechas-0-1-210x210.gif 210w, https:\/\/www.saudeindaial.sc.gov.br\/carta-servicos\/wp-content\/uploads\/2023\/12\/gifs-de-flechas-0-1-1960x1960.gif 1960w\" sizes=\"auto, (max-width: 980px) 100vw, 980px\" \/><\/figure><\/div><\/div>\n\n\n\n<div class=\"wp-block-column is-layout-flow wp-block-column-is-layout-flow\">\n<p><\/p>\n\n\n\n<ul class=\"wp-block-list\">\n<li><strong>Auditoria<\/strong><\/li>\n\n\n\n<li><strong>Compras<\/strong><\/li>\n\n\n\n<li><strong>Controle e Avalia\u00e7\u00e3o<\/strong><\/li>\n\n\n\n<li><strong>Contabilidade<\/strong><\/li>\n\n\n\n<li><strong>Diretoria de Planejamento<\/strong><\/li>\n\n\n\n<li><strong>Financeiro<\/strong><\/li>\n\n\n\n<li><strong>Fiscaliza\u00e7\u00e3o de Contratos<\/strong><\/li>\n\n\n\n<li><strong>Licita\u00e7\u00f5es<\/strong><\/li>\n\n\n\n<li><strong>N\u00facleo de Educa\u00e7\u00e3o Permanente em Sa\u00fade<\/strong><\/li>\n\n\n\n<li><strong><a href=\"https:\/\/www.saudeindaial.sc.gov.br\/carta-servicos\/plano-municipal-de-saude\/\">Planejamento &#8211; Plano Municipal de Sa\u00fade<\/a><\/strong><\/li>\n\n\n\n<li><strong>Tecnologia da Informa\u00e7\u00e3o &#8211; TI Sa\u00fade<\/strong><\/li>\n<\/ul>\n<\/div>\n<\/div>\n\n\n\n<div class=\"wp-block-buttons is-content-justification-right is-layout-flex wp-container-core-buttons-is-layout-1 wp-block-buttons-is-layout-flex\">\n<div class=\"wp-block-button is-style-outline is-style-outline--1\"><a class=\"wp-block-button__link has-text-align-right wp-element-button\" href=\"https:\/\/www.saudeindaial.sc.gov.br\/carta-servicos\/\">voltar<\/a><\/div>\n<\/div>\n\n\n\n<p><\/p>\n","protected":false},"excerpt":{"rendered":"<p>Compete \u00e0 Secretaria Municipal de Sa\u00fade, no \u00e2mbito local, dirigir o Sistema \u00danico de Sa\u00fade \u2013 SUS e promover, gerir, planejar, organizar e controlar a execu\u00e7\u00e3o das a\u00e7\u00f5es e dos servi\u00e7os de sa\u00fade desenvolvidos pelo Munic\u00edpio. LOCALIZA\u00c7\u00c3O (047) 3304 &#8211; 2121 Rua Belo Horizonte, n\u00ba 815, Tapaj\u00f3s Das 07:00 \u00e0s 13:00 horas administrativo@saudeindaial.sc.gov.br SECRET\u00c1RIA DE [&hellip;]<\/p>\n","protected":false},"author":2,"featured_media":0,"parent":0,"menu_order":0,"comment_status":"closed","ping_status":"closed","template":"","meta":{"footnotes":""},"class_list":["post-275","page","type-page","status-publish","hentry"],"_links":{"self":[{"href":"https:\/\/www.saudeindaial.sc.gov.br\/carta-servicos\/wp-json\/wp\/v2\/pages\/275","targetHints":{"allow":["GET"]}}],"collection":[{"href":"https:\/\/www.saudeindaial.sc.gov.br\/carta-servicos\/wp-json\/wp\/v2\/pages"}],"about":[{"href":"https:\/\/www.saudeindaial.sc.gov.br\/carta-servicos\/wp-json\/wp\/v2\/types\/page"}],"author":[{"embeddable":true,"href":"https:\/\/www.saudeindaial.sc.gov.br\/carta-servicos\/wp-json\/wp\/v2\/users\/2"}],"replies":[{"embeddable":true,"href":"https:\/\/www.saudeindaial.sc.gov.br\/carta-servicos\/wp-json\/wp\/v2\/comments?post=275"}],"version-history":[{"count":23,"href":"https:\/\/www.saudeindaial.sc.gov.br\/carta-servicos\/wp-json\/wp\/v2\/pages\/275\/revisions"}],"predecessor-version":[{"id":1019,"href":"https:\/\/www.saudeindaial.sc.gov.br\/carta-servicos\/wp-json\/wp\/v2\/pages\/275\/revisions\/1019"}],"wp:attachment":[{"href":"https:\/\/www.saudeindaial.sc.gov.br\/carta-servicos\/wp-json\/wp\/v2\/media?parent=275"}],"curies":[{"name":"wp","href":"https:\/\/api.w.org\/{rel}","templated":true}]}}