{"id":302,"date":"2023-10-25T21:47:27","date_gmt":"2023-10-26T00:47:27","guid":{"rendered":"https:\/\/www.saudeindaial.sc.gov.br\/carta-servicos\/?page_id=302"},"modified":"2024-10-09T12:00:54","modified_gmt":"2024-10-09T15:00:54","slug":"cuidado-farmaceutico-na-atencao-basica","status":"publish","type":"page","link":"https:\/\/www.saudeindaial.sc.gov.br\/carta-servicos\/cuidado-farmaceutico-na-atencao-basica\/","title":{"rendered":"Cuidado Farmac\u00eautico na Aten\u00e7\u00e3o B\u00e1sica"},"content":{"rendered":"\n<p>O projeto &#8220;Cuidado Farmac\u00eautico na Aten\u00e7\u00e3o B\u00e1sica&#8221; foi iniciado em abril de 2023 e consiste em a\u00e7\u00f5es e servi\u00e7os realizados pelo profissional farmac\u00eautico para promover o uso racional de medicamentos. Destacam-se servi\u00e7os como revis\u00e3o da farmacoterapia,&nbsp;concilia\u00e7\u00e3o de medicamentos e acompanhamento farmacoterap\u00eautico, com o objetivo de&nbsp;prevenir, identificar e resolver problemas potenciais e reais relacionados ao uso de medicamentos.&nbsp;<\/p>\n\n\n\n<p>Alguns dos principais aspectos do cuidado farmac\u00eautico na aten\u00e7\u00e3o b\u00e1sica s\u00e3o:<\/p>\n\n\n\n<ol class=\"wp-block-list\">\n<li><strong><mark style=\"background-color:rgba(0, 0, 0, 0)\" class=\"has-inline-color has-pale-cyan-blue-color\">Revis\u00e3o da Terapia Medicamentosa:<\/mark><\/strong> o que envolve avaliar a efic\u00e1cia dos medicamentos prescritos, poss\u00edveis intera\u00e7\u00f5es medicamentosas e ajustes necess\u00e1rios para otimizar o tratamento.<\/li>\n\n\n\n<li><strong><mark style=\"background-color:rgba(0, 0, 0, 0)\" class=\"has-inline-color has-vivid-cyan-blue-color\">Educa\u00e7\u00e3o ao Paciente:<\/mark><\/strong> Os farmac\u00eauticos desempenham um papel fundamental na educa\u00e7\u00e3o dos pacientes sobre seus medicamentos, incluindo orienta\u00e7\u00f5es sobre dosagem, hor\u00e1rios de administra\u00e7\u00e3o, efeitos colaterais e import\u00e2ncia da ades\u00e3o ao tratamento.<\/li>\n\n\n\n<li><strong><mark style=\"background-color:rgba(0, 0, 0, 0)\" class=\"has-inline-color has-pale-cyan-blue-color\">Promo\u00e7\u00e3o da Ades\u00e3o:<\/mark><\/strong> Um dos principais desafios em cuidados de sa\u00fade \u00e9 garantir que os pacientes sigam suas prescri\u00e7\u00f5es de maneira consistente. Os farmac\u00eauticos trabalham para promover a ades\u00e3o, o que ajuda a melhorar os resultados cl\u00ednicos.<\/li>\n\n\n\n<li><strong><mark style=\"background-color:rgba(0, 0, 0, 0)\" class=\"has-inline-color has-vivid-cyan-blue-color\">Identifica\u00e7\u00e3o e Resolu\u00e7\u00e3o de Problemas:<\/mark><\/strong> Os farmac\u00eauticos podem identificar problemas relacionados a medicamentos, como rea\u00e7\u00f5es adversas, alergias a medicamentos e prescri\u00e7\u00f5es inadequadas, e tomar medidas para resolv\u00ea-los.<\/li>\n\n\n\n<li><strong><mark style=\"background-color:rgba(0, 0, 0, 0)\" class=\"has-inline-color has-pale-cyan-blue-color\">Integra\u00e7\u00e3o na Equipe de Sa\u00fade:<\/mark><\/strong> Os farmac\u00eauticos na aten\u00e7\u00e3o b\u00e1sica colaboram estreitamente com outros profissionais de sa\u00fade, como m\u00e9dicos, enfermeiros e nutricionistas, para fornecer cuidados coordenados e hol\u00edsticos aos pacientes.<\/li>\n\n\n\n<li><strong><mark style=\"background-color:rgba(0, 0, 0, 0)\" class=\"has-inline-color has-vivid-cyan-blue-color\">Promo\u00e7\u00e3o da Seguran\u00e7a:<\/mark><\/strong> o projeto contribui para a promo\u00e7\u00e3o da seguran\u00e7a dos pacientes, ajudando a evitar erros de medica\u00e7\u00e3o e garantindo que os pacientes compreendam os riscos associados ao uso de medicamentos.<\/li>\n<\/ol>\n\n\n\n<p>Inicialmente as unidades de sa\u00fade realizam o encaminhamento dos pacientes que atendem a um dos seguintes crit\u00e9rios:<\/p>\n\n\n\n<ul class=\"wp-block-list\">\n<li>Insulinodepente apresentando falhas no controle glic\u00eamico;<\/li>\n\n\n\n<li>Insulinodepente com idade superior a 60 anos;<\/li>\n\n\n\n<li>Insulinodepente com baixa ades\u00e3o ao tratamento;<\/li>\n\n\n\n<li>Insulinodepente e em uso cont\u00ednuo de mais de 5 medicamentos.<\/li>\n<\/ul>\n\n\n\n<p>As consultas ocorrem no consult\u00f3rio da Central de Assist\u00eancia Farmac\u00eautica com agendamento pr\u00e9vio. O farmac\u00eautico na aten\u00e7\u00e3o b\u00e1sica \u00e9 uma parte fundamental da equipe de sa\u00fade e desempenha um papel crucial na promo\u00e7\u00e3o da sa\u00fade, na melhoria dos resultados dos pacientes e na otimiza\u00e7\u00e3o do uso de medicamentos. Essa abordagem integrada \u00e9 cada vez mais reconhecida como uma pr\u00e1tica eficaz para garantir uma assist\u00eancia abrangente e centrada no paciente. <\/p>\n\n\n<div class=\"wp-block-image\">\n<figure class=\"aligncenter size-large is-resized\"><img loading=\"lazy\" decoding=\"async\" width=\"1024\" height=\"1024\" src=\"https:\/\/www.saudeindaial.sc.gov.br\/carta-servicos\/wp-content\/uploads\/2023\/10\/logo_principal_atencao_basica_colorido-1-1024x1024.png\" alt=\"\" class=\"wp-image-303\" style=\"aspect-ratio:1;width:238px;height:auto\" srcset=\"https:\/\/www.saudeindaial.sc.gov.br\/carta-servicos\/wp-content\/uploads\/2023\/10\/logo_principal_atencao_basica_colorido-1-1024x1024.png 1024w, https:\/\/www.saudeindaial.sc.gov.br\/carta-servicos\/wp-content\/uploads\/2023\/10\/logo_principal_atencao_basica_colorido-1-300x300.png 300w, https:\/\/www.saudeindaial.sc.gov.br\/carta-servicos\/wp-content\/uploads\/2023\/10\/logo_principal_atencao_basica_colorido-1-150x150.png 150w, https:\/\/www.saudeindaial.sc.gov.br\/carta-servicos\/wp-content\/uploads\/2023\/10\/logo_principal_atencao_basica_colorido-1-768x768.png 768w, https:\/\/www.saudeindaial.sc.gov.br\/carta-servicos\/wp-content\/uploads\/2023\/10\/logo_principal_atencao_basica_colorido-1-1536x1536.png 1536w, https:\/\/www.saudeindaial.sc.gov.br\/carta-servicos\/wp-content\/uploads\/2023\/10\/logo_principal_atencao_basica_colorido-1-210x210.png 210w, https:\/\/www.saudeindaial.sc.gov.br\/carta-servicos\/wp-content\/uploads\/2023\/10\/logo_principal_atencao_basica_colorido-1-1960x1960.png 1960w\" sizes=\"auto, (max-width: 980px) 100vw, 980px\" \/><\/figure><\/div>\n\n\n<div class=\"wp-block-buttons is-content-justification-right is-layout-flex wp-container-core-buttons-is-layout-1 wp-block-buttons-is-layout-flex\">\n<div class=\"wp-block-button is-style-fill\"><a class=\"wp-block-button__link wp-element-button\" href=\"https:\/\/www.saudeindaial.sc.gov.br\/carta-servicos\/servicos-ofertados\/\">voltar<\/a><\/div>\n<\/div>\n","protected":false},"excerpt":{"rendered":"<p>O projeto &#8220;Cuidado Farmac\u00eautico na Aten\u00e7\u00e3o B\u00e1sica&#8221; foi iniciado em abril de 2023 e consiste em a\u00e7\u00f5es e servi\u00e7os realizados pelo profissional farmac\u00eautico para promover o uso racional de medicamentos. Destacam-se servi\u00e7os como revis\u00e3o da farmacoterapia,&nbsp;concilia\u00e7\u00e3o de medicamentos e acompanhamento farmacoterap\u00eautico, com o objetivo de&nbsp;prevenir, identificar e resolver problemas potenciais e reais relacionados ao uso [&hellip;]<\/p>\n","protected":false},"author":2,"featured_media":0,"parent":0,"menu_order":0,"comment_status":"closed","ping_status":"closed","template":"","meta":{"footnotes":""},"class_list":["post-302","page","type-page","status-publish","hentry"],"_links":{"self":[{"href":"https:\/\/www.saudeindaial.sc.gov.br\/carta-servicos\/wp-json\/wp\/v2\/pages\/302","targetHints":{"allow":["GET"]}}],"collection":[{"href":"https:\/\/www.saudeindaial.sc.gov.br\/carta-servicos\/wp-json\/wp\/v2\/pages"}],"about":[{"href":"https:\/\/www.saudeindaial.sc.gov.br\/carta-servicos\/wp-json\/wp\/v2\/types\/page"}],"author":[{"embeddable":true,"href":"https:\/\/www.saudeindaial.sc.gov.br\/carta-servicos\/wp-json\/wp\/v2\/users\/2"}],"replies":[{"embeddable":true,"href":"https:\/\/www.saudeindaial.sc.gov.br\/carta-servicos\/wp-json\/wp\/v2\/comments?post=302"}],"version-history":[{"count":3,"href":"https:\/\/www.saudeindaial.sc.gov.br\/carta-servicos\/wp-json\/wp\/v2\/pages\/302\/revisions"}],"predecessor-version":[{"id":944,"href":"https:\/\/www.saudeindaial.sc.gov.br\/carta-servicos\/wp-json\/wp\/v2\/pages\/302\/revisions\/944"}],"wp:attachment":[{"href":"https:\/\/www.saudeindaial.sc.gov.br\/carta-servicos\/wp-json\/wp\/v2\/media?parent=302"}],"curies":[{"name":"wp","href":"https:\/\/api.w.org\/{rel}","templated":true}]}}