{"id":308,"date":"2023-10-25T22:31:48","date_gmt":"2023-10-26T01:31:48","guid":{"rendered":"https:\/\/www.saudeindaial.sc.gov.br\/carta-servicos\/?page_id=308"},"modified":"2024-10-09T12:48:02","modified_gmt":"2024-10-09T15:48:02","slug":"servico-de-atencao-domiciliar-sad","status":"publish","type":"page","link":"https:\/\/www.saudeindaial.sc.gov.br\/carta-servicos\/servico-de-atencao-domiciliar-sad\/","title":{"rendered":"Servi\u00e7o de Aten\u00e7\u00e3o Domiciliar &#8211; SAD"},"content":{"rendered":"<div class=\"wp-block-image\">\n<figure class=\"alignleft size-full is-resized\"><img loading=\"lazy\" decoding=\"async\" width=\"276\" height=\"183\" src=\"https:\/\/www.saudeindaial.sc.gov.br\/carta-servicos\/wp-content\/uploads\/2023\/10\/download-2.jpg\" alt=\"\" class=\"wp-image-309\" style=\"aspect-ratio:1.5081967213114753;width:216px;height:auto\" srcset=\"https:\/\/www.saudeindaial.sc.gov.br\/carta-servicos\/wp-content\/uploads\/2023\/10\/download-2.jpg 276w, https:\/\/www.saudeindaial.sc.gov.br\/carta-servicos\/wp-content\/uploads\/2023\/10\/download-2-210x139.jpg 210w\" sizes=\"auto, (max-width: 276px) 100vw, 276px\" \/><\/figure><\/div>\n\n\n<p>O Servi\u00e7o constitui uma nova modalidade de aten\u00e7\u00e3o \u00e0 sa\u00fade, substitutiva ou complementar \u00e0s j\u00e1 existentes, oferecida em domic\u00edlio e com garantia de continuidade do cuidado na Rede de Aten\u00e7\u00e3o \u00e0 Sa\u00fade. Com foco na assist\u00eancia humanizada, o Servi\u00e7o de Assist\u00eancia Domiciliar (SAD) possibilita a desinstitucionaliza\u00e7\u00e3o de pacientes que se encontram internados nos servi\u00e7os hospitalares, al\u00e9m de evitar hospitaliza\u00e7\u00f5es desnecess\u00e1rias de acordo com os princ\u00edpios do Sistema \u00danico de Sa\u00fade. O p\u00fablico alvo s\u00e3o pessoas com dificuldade ou impossibilidade f\u00edsica de locomo\u00e7\u00e3o at\u00e9 uma Unidade B\u00e1sica de Sa\u00fade (UBS) e cujo problema de sa\u00fade exige maior frequ\u00eancia de cuidado, recursos de sa\u00fade e acompanhamento cont\u00ednuo.<\/p>\n\n\n\n<p>O SAD de Indaial \u00e9 composto por uma equipe multiprofissional que conta com M\u00e9dico, Enfermeiro, T\u00e9cnicos de Enfermagem e Fisioterapeuta, que \u00e9 classificada como EMAD I (Equipe&nbsp; Multiprofissional de Aten\u00e7\u00e3o Domiciliar), com trabalho no formato de cuidado horizontal (diarista) em dias \u00fateis e nos finais de semana e feriados (das 07h \u00e0s 19h), de forma a assegurar a continuidade do cuidado.&nbsp;<\/p>\n\n\n\n<p>Os encaminhamentos de pacientes ao SAD poder\u00e3o ser feitos tanto pelas unidades hospitalares quanto pelas unidades b\u00e1sicas de sa\u00fade. O encaminhamento pode ser realizado por qualquer profissional de sa\u00fade de n\u00edvel superior da Rede, sendo que toda solicita\u00e7\u00e3o ser\u00e1 regulada via SISREG (Sistema de Regula\u00e7\u00e3o de Sa\u00fade).<br>Para ser admitido no servi\u00e7o existem crit\u00e9rios de elegibilidade, dentre eles um <strong>crit\u00e9rio obrigat\u00f3rio \u00e9 a presen\u00e7a de cuidador\/respons\u00e1vel<\/strong> capacitado e maior de idade . O cuidador dever\u00e1 participar ativamente no cuidado do paciente, seguindo as orienta\u00e7\u00f5es dos profissionais da equipe, que ensinar\u00e1&nbsp; os cuidados com curativos, dieta por sonda ou mobiliza\u00e7\u00e3o e acompanhar\u00e1 o paciente at\u00e9 que esteja bem adaptado em casa ou at\u00e9 que possa ser encaminhado para outro servi\u00e7o de sa\u00fade.<\/p>\n\n\n\n<p>\u00c9 importante ressaltar que o SAD n\u00e3o realiza remo\u00e7\u00e3o ou transporte de pacientes para o hospital, sendo que em casos de urg\u00eancia ou emerg\u00eancia a fam\u00edlia \u00e9 orientada a entrar em contato com o SAMU 192 ou procurar atendimento de urg\u00eancia no hospital.<\/p>\n\n\n\n<div class=\"wp-block-columns is-layout-flex wp-container-core-columns-is-layout-1 wp-block-columns-is-layout-flex\">\n<div class=\"wp-block-column is-layout-flow wp-block-column-is-layout-flow\"><div class=\"wp-block-image\">\n<figure class=\"aligncenter size-full\"><img loading=\"lazy\" decoding=\"async\" width=\"200\" height=\"200\" src=\"https:\/\/www.saudeindaial.sc.gov.br\/carta-servicos\/wp-content\/uploads\/2023\/11\/saude.gif\" alt=\"\" class=\"wp-image-390\"\/><\/figure><\/div><\/div>\n\n\n\n<div class=\"wp-block-column is-layout-flow wp-block-column-is-layout-flow\"><div class=\"wp-block-image is-style-rounded\">\n<figure class=\"aligncenter size-full is-resized\"><img loading=\"lazy\" decoding=\"async\" width=\"626\" height=\"417\" src=\"https:\/\/www.saudeindaial.sc.gov.br\/carta-servicos\/wp-content\/uploads\/2023\/11\/3fb27520001b9f2e0db3ed26ea9e70b7.png\" alt=\"\" class=\"wp-image-391\" style=\"aspect-ratio:1.501199040767386;width:260px;height:auto\" srcset=\"https:\/\/www.saudeindaial.sc.gov.br\/carta-servicos\/wp-content\/uploads\/2023\/11\/3fb27520001b9f2e0db3ed26ea9e70b7.png 626w, https:\/\/www.saudeindaial.sc.gov.br\/carta-servicos\/wp-content\/uploads\/2023\/11\/3fb27520001b9f2e0db3ed26ea9e70b7-300x200.png 300w, https:\/\/www.saudeindaial.sc.gov.br\/carta-servicos\/wp-content\/uploads\/2023\/11\/3fb27520001b9f2e0db3ed26ea9e70b7-210x140.png 210w\" sizes=\"auto, (max-width: 626px) 100vw, 626px\" \/><\/figure><\/div><\/div>\n\n\n\n<div class=\"wp-block-column is-layout-flow wp-block-column-is-layout-flow\"><div class=\"wp-block-image\">\n<figure class=\"aligncenter size-full\"><img loading=\"lazy\" decoding=\"async\" width=\"200\" height=\"200\" src=\"https:\/\/www.saudeindaial.sc.gov.br\/carta-servicos\/wp-content\/uploads\/2023\/11\/saude-1.gif\" alt=\"\" class=\"wp-image-392\"\/><\/figure><\/div><\/div>\n<\/div>\n\n\n\n<div class=\"wp-block-buttons is-content-justification-right is-layout-flex wp-container-core-buttons-is-layout-1 wp-block-buttons-is-layout-flex\">\n<div class=\"wp-block-button is-style-fill\"><a class=\"wp-block-button__link has-text-align-left wp-element-button\" href=\"https:\/\/www.saudeindaial.sc.gov.br\/carta-servicos\/servicos-ofertados\/\">voltar<\/a><\/div>\n<\/div>\n","protected":false},"excerpt":{"rendered":"<p>O Servi\u00e7o constitui uma nova modalidade de aten\u00e7\u00e3o \u00e0 sa\u00fade, substitutiva ou complementar \u00e0s j\u00e1 existentes, oferecida em domic\u00edlio e com garantia de continuidade do cuidado na Rede de Aten\u00e7\u00e3o \u00e0 Sa\u00fade. Com foco na assist\u00eancia humanizada, o Servi\u00e7o de Assist\u00eancia Domiciliar (SAD) possibilita a desinstitucionaliza\u00e7\u00e3o de pacientes que se encontram internados nos servi\u00e7os hospitalares, [&hellip;]<\/p>\n","protected":false},"author":2,"featured_media":0,"parent":0,"menu_order":0,"comment_status":"closed","ping_status":"closed","template":"","meta":{"footnotes":""},"class_list":["post-308","page","type-page","status-publish","hentry"],"_links":{"self":[{"href":"https:\/\/www.saudeindaial.sc.gov.br\/carta-servicos\/wp-json\/wp\/v2\/pages\/308","targetHints":{"allow":["GET"]}}],"collection":[{"href":"https:\/\/www.saudeindaial.sc.gov.br\/carta-servicos\/wp-json\/wp\/v2\/pages"}],"about":[{"href":"https:\/\/www.saudeindaial.sc.gov.br\/carta-servicos\/wp-json\/wp\/v2\/types\/page"}],"author":[{"embeddable":true,"href":"https:\/\/www.saudeindaial.sc.gov.br\/carta-servicos\/wp-json\/wp\/v2\/users\/2"}],"replies":[{"embeddable":true,"href":"https:\/\/www.saudeindaial.sc.gov.br\/carta-servicos\/wp-json\/wp\/v2\/comments?post=308"}],"version-history":[{"count":3,"href":"https:\/\/www.saudeindaial.sc.gov.br\/carta-servicos\/wp-json\/wp\/v2\/pages\/308\/revisions"}],"predecessor-version":[{"id":957,"href":"https:\/\/www.saudeindaial.sc.gov.br\/carta-servicos\/wp-json\/wp\/v2\/pages\/308\/revisions\/957"}],"wp:attachment":[{"href":"https:\/\/www.saudeindaial.sc.gov.br\/carta-servicos\/wp-json\/wp\/v2\/media?parent=308"}],"curies":[{"name":"wp","href":"https:\/\/api.w.org\/{rel}","templated":true}]}}