{"id":336,"date":"2023-10-25T23:24:17","date_gmt":"2023-10-26T02:24:17","guid":{"rendered":"https:\/\/www.saudeindaial.sc.gov.br\/carta-servicos\/?page_id=336"},"modified":"2024-10-09T11:54:49","modified_gmt":"2024-10-09T14:54:49","slug":"central-de-agendamento-online","status":"publish","type":"page","link":"https:\/\/www.saudeindaial.sc.gov.br\/carta-servicos\/central-de-agendamento-online\/","title":{"rendered":"Agendamento Online &#8211; Unidades B\u00e1sicas de Sa\u00fade"},"content":{"rendered":"<div class=\"wp-block-image is-style-rounded\">\n<figure class=\"alignleft size-full is-resized\"><img loading=\"lazy\" decoding=\"async\" width=\"768\" height=\"432\" src=\"https:\/\/www.saudeindaial.sc.gov.br\/carta-servicos\/wp-content\/uploads\/2024\/10\/WhatsApp.webp\" alt=\"\" class=\"wp-image-905\" style=\"width:203px;height:auto\" srcset=\"https:\/\/www.saudeindaial.sc.gov.br\/carta-servicos\/wp-content\/uploads\/2024\/10\/WhatsApp.webp 768w, https:\/\/www.saudeindaial.sc.gov.br\/carta-servicos\/wp-content\/uploads\/2024\/10\/WhatsApp-300x169.webp 300w, https:\/\/www.saudeindaial.sc.gov.br\/carta-servicos\/wp-content\/uploads\/2024\/10\/WhatsApp-210x118.webp 210w\" sizes=\"auto, (max-width: 768px) 100vw, 768px\" \/><\/figure><\/div>\n\n\n<p>A Secretaria de Sa\u00fade oferece atrav\u00e9s <strong>Central de Agendamentos Online<\/strong>, um servi\u00e7o criado para facilitar o agendamento de consultas m\u00e9dicas nas unidades b\u00e1sicas de sa\u00fade. Por meio deste servi\u00e7o, voc\u00ea pode agendar sua consulta de forma pr\u00e1tica, pelo aplicativo do WhatsApp. Adicione o contato da Secret\u00e1ria de Sa\u00fade, salve o n\u00famero 47 3281-7100.<\/p>\n\n\n<div class=\"wp-block-image\">\n<figure class=\"alignright size-full is-resized\"><img loading=\"lazy\" decoding=\"async\" width=\"226\" height=\"262\" src=\"https:\/\/www.saudeindaial.sc.gov.br\/carta-servicos\/wp-content\/uploads\/2024\/10\/qr-code-5.png\" alt=\"\" class=\"wp-image-924\" style=\"width:182px;height:auto\" srcset=\"https:\/\/www.saudeindaial.sc.gov.br\/carta-servicos\/wp-content\/uploads\/2024\/10\/qr-code-5.png 226w, https:\/\/www.saudeindaial.sc.gov.br\/carta-servicos\/wp-content\/uploads\/2024\/10\/qr-code-5-181x210.png 181w\" sizes=\"auto, (max-width: 226px) 100vw, 226px\" \/><\/figure><\/div>\n\n\n<p><br>\u00c9 importante ressaltar que o agendamento online \u00e9 apenas uma das op\u00e7\u00f5es dispon\u00edveis para marcar suas <strong>consultas m\u00e9dicas<\/strong>. Confira as diferentes formas de agendamento:<\/p>\n\n\n\n<ul class=\"wp-block-list\">\n<li><strong>Agendamento Online:<\/strong> Realizado atrav\u00e9s do WhatsApp, pelo n\u00famero 47 3281-7100;<\/li>\n\n\n\n<li><strong>Agendamento Presencial:<\/strong> Feito diretamente nas unidades de sa\u00fade;<\/li>\n\n\n\n<li><strong>Agendamento por Telefone:<\/strong> Exclusivo para pacientes idosos e\/ou pessoas portadoras de defici\u00eancia f\u00edsicas, conforme disposto na <a href=\"https:\/\/leismunicipais.com.br\/a\/sc\/i\/indaial\/lei-ordinaria\/2022\/604\/6040\/lei-ordinaria-n-6040-2022-estabelece-agendamento-de-consultas-medicas-via-ligacao-telefonica-para-pacientes-idosos-e-ou-pessoas-com-deficiencia-com-cadastros-nas-unidades-de-saude-no-municipio-de-indaial-e-da-outras-providencias\"><strong>Lei Municipal n\u00ba 6040\/2022<\/strong><\/a>.<\/li>\n<\/ul>\n\n\n\n<p>\u00c9 importante ressaltar que, no momento, algumas consultas n\u00e3o est\u00e3o dispon\u00edveis para agendamento online. Essas incluem:<\/p>\n\n\n\n<ul class=\"wp-block-list\">\n<li>Consultas de pr\u00e9-natal;<\/li>\n\n\n\n<li>Consultas de puericultura;<\/li>\n\n\n\n<li>Consultas de puerp\u00e9rio;<\/li>\n\n\n\n<li>Renova\u00e7\u00e3o de receitas controladas;<\/li>\n\n\n\n<li>Consultas de enfermagem.<\/li>\n<\/ul>\n\n\n\n<p>Estamos trabalhando para que em breve, todas as consultas possam ser agendadas nessa modalidade, mas por ora, para essas situa\u00e7\u00f5es, pedimos que voc\u00ea entre em contato diretamente com sua <a href=\"https:\/\/www.saudeindaial.sc.gov.br\/carta-servicos\/endereco-telefone-e-composicao\/\" target=\"_blank\" rel=\"noreferrer noopener\"><strong>unidade de sa\u00fade<\/strong><\/a> ou utilize os canais de agendamento presencial ou telef\u00f4nico. <br><br>Confira no calend\u00e1rio abaixo, as datas do agendamento online dos pr\u00f3ximos meses:<\/p>\n\n\n\n<figure class=\"wp-block-image size-full is-resized\"><img loading=\"lazy\" decoding=\"async\" width=\"747\" height=\"442\" src=\"https:\/\/www.saudeindaial.sc.gov.br\/carta-servicos\/wp-content\/uploads\/2024\/10\/Calendario.png\" alt=\"\" class=\"wp-image-911\" style=\"width:824px;height:auto\" srcset=\"https:\/\/www.saudeindaial.sc.gov.br\/carta-servicos\/wp-content\/uploads\/2024\/10\/Calendario.png 747w, https:\/\/www.saudeindaial.sc.gov.br\/carta-servicos\/wp-content\/uploads\/2024\/10\/Calendario-300x178.png 300w, https:\/\/www.saudeindaial.sc.gov.br\/carta-servicos\/wp-content\/uploads\/2024\/10\/Calendario-210x124.png 210w\" sizes=\"auto, (max-width: 747px) 100vw, 747px\" \/><\/figure>\n\n\n\n<p>Agradecemos pela compreens\u00e3o e estamos \u00e0 disposi\u00e7\u00e3o para ajudar voc\u00ea a cuidar da sua sa\u00fade!<\/p>\n\n\n\n<div class=\"wp-block-buttons is-content-justification-right is-layout-flex wp-container-core-buttons-is-layout-1 wp-block-buttons-is-layout-flex\">\n<div class=\"wp-block-button is-style-fill\"><a class=\"wp-block-button__link wp-element-button\" href=\"https:\/\/www.saudeindaial.sc.gov.br\/carta-servicos\/servicos-ofertados\/\">voltar<\/a><\/div>\n<\/div>\n","protected":false},"excerpt":{"rendered":"<p>A Secretaria de Sa\u00fade oferece atrav\u00e9s Central de Agendamentos Online, um servi\u00e7o criado para facilitar o agendamento de consultas m\u00e9dicas nas unidades b\u00e1sicas de sa\u00fade. Por meio deste servi\u00e7o, voc\u00ea pode agendar sua consulta de forma pr\u00e1tica, pelo aplicativo do WhatsApp. Adicione o contato da Secret\u00e1ria de Sa\u00fade, salve o n\u00famero 47 3281-7100. \u00c9 importante [&hellip;]<\/p>\n","protected":false},"author":2,"featured_media":0,"parent":0,"menu_order":0,"comment_status":"closed","ping_status":"closed","template":"","meta":{"footnotes":""},"class_list":["post-336","page","type-page","status-publish","hentry"],"_links":{"self":[{"href":"https:\/\/www.saudeindaial.sc.gov.br\/carta-servicos\/wp-json\/wp\/v2\/pages\/336","targetHints":{"allow":["GET"]}}],"collection":[{"href":"https:\/\/www.saudeindaial.sc.gov.br\/carta-servicos\/wp-json\/wp\/v2\/pages"}],"about":[{"href":"https:\/\/www.saudeindaial.sc.gov.br\/carta-servicos\/wp-json\/wp\/v2\/types\/page"}],"author":[{"embeddable":true,"href":"https:\/\/www.saudeindaial.sc.gov.br\/carta-servicos\/wp-json\/wp\/v2\/users\/2"}],"replies":[{"embeddable":true,"href":"https:\/\/www.saudeindaial.sc.gov.br\/carta-servicos\/wp-json\/wp\/v2\/comments?post=336"}],"version-history":[{"count":16,"href":"https:\/\/www.saudeindaial.sc.gov.br\/carta-servicos\/wp-json\/wp\/v2\/pages\/336\/revisions"}],"predecessor-version":[{"id":936,"href":"https:\/\/www.saudeindaial.sc.gov.br\/carta-servicos\/wp-json\/wp\/v2\/pages\/336\/revisions\/936"}],"wp:attachment":[{"href":"https:\/\/www.saudeindaial.sc.gov.br\/carta-servicos\/wp-json\/wp\/v2\/media?parent=336"}],"curies":[{"name":"wp","href":"https:\/\/api.w.org\/{rel}","templated":true}]}}