{"id":374,"date":"2023-11-02T21:41:01","date_gmt":"2023-11-03T00:41:01","guid":{"rendered":"https:\/\/www.saudeindaial.sc.gov.br\/carta-servicos\/?page_id=374"},"modified":"2026-04-20T11:34:06","modified_gmt":"2026-04-20T14:34:06","slug":"vigilancia-sanitaria","status":"publish","type":"page","link":"https:\/\/www.saudeindaial.sc.gov.br\/carta-servicos\/vigilancia-sanitaria\/","title":{"rendered":"Vigil\u00e2ncia Sanit\u00e1ria"},"content":{"rendered":"<div class=\"wp-block-image\">\n<figure class=\"alignright size-full is-resized\"><img loading=\"lazy\" decoding=\"async\" width=\"800\" height=\"830\" src=\"https:\/\/www.saudeindaial.sc.gov.br\/carta-servicos\/wp-content\/uploads\/2023\/11\/content_visa-selo.png\" alt=\"\" class=\"wp-image-375\" style=\"aspect-ratio:0.963855421686747;width:187px;height:auto\" srcset=\"https:\/\/www.saudeindaial.sc.gov.br\/carta-servicos\/wp-content\/uploads\/2023\/11\/content_visa-selo.png 800w, https:\/\/www.saudeindaial.sc.gov.br\/carta-servicos\/wp-content\/uploads\/2023\/11\/content_visa-selo-289x300.png 289w, https:\/\/www.saudeindaial.sc.gov.br\/carta-servicos\/wp-content\/uploads\/2023\/11\/content_visa-selo-768x797.png 768w, https:\/\/www.saudeindaial.sc.gov.br\/carta-servicos\/wp-content\/uploads\/2023\/11\/content_visa-selo-202x210.png 202w\" sizes=\"auto, (max-width: 800px) 100vw, 800px\" \/><\/figure><\/div>\n\n\n<p>Servi\u00e7os oferecidos pelo Setor de Vigil\u00e2ncia Sanit\u00e1ria de Indaial:<\/p>\n\n\n\n<p><strong><mark style=\"background-color:rgba(0, 0, 0, 0)\" class=\"has-inline-color has-vivid-cyan-blue-color\">Vistoria e Libera\u00e7\u00e3o do Alvar\u00e1 Sanit\u00e1rio:<\/mark><\/strong><mark style=\"background-color:rgba(0, 0, 0, 0);color:#0b689d\" class=\"has-inline-color\"> <\/mark>Realizam-se&nbsp;vistorias para a concess\u00e3o do alvar\u00e1 sanit\u00e1rio, assegurando que estabelecimentos cumpram as normas de higiene e seguran\u00e7a.&nbsp;A solicita\u00e7\u00e3o de alvar\u00e1 sanit\u00e1rio inicial pode ser feita por telefone ou e-mail, as renova\u00e7\u00f5es s\u00e3o autom\u00e1ticas e n\u00e3o precisam ser solicitadas. <\/p>\n\n\n\n<p><strong><mark style=\"background-color:rgba(0, 0, 0, 0)\" class=\"has-inline-color has-vivid-green-cyan-color\">Abertura de Den\u00fancias:<\/mark><\/strong> Podem ser realizadas por e-mail, telefone ou pessoalmente.<\/p>\n\n\n\n<p><strong><mark style=\"background-color:rgba(0, 0, 0, 0)\" class=\"has-inline-color has-vivid-cyan-blue-color\">Abertura de Empresas:<\/mark><\/strong> Para obter informa\u00e7\u00f5es detalhadas sobre as normas sanit\u00e1rias necess\u00e1rias para a abertura de empresas, visite o nosso site na Sala do Empreendedor, na se\u00e7\u00e3o \u201cOrienta\u00e7\u00f5es do Setor de Vigil\u00e2ncia Sanit\u00e1ria&#8221; ou <a href=\"http:\/\/www.indaial.sc.gov.br\/empreendedor\/index.php\/informacoes-vigilancia-sanitaria\/\" target=\"_blank\" rel=\"noreferrer noopener\"><img loading=\"lazy\" decoding=\"async\" width=\"150\" height=\"29\" class=\"wp-image-494\" style=\"width: 150px;\" src=\"https:\/\/www.saudeindaial.sc.gov.br\/carta-servicos\/wp-content\/uploads\/2023\/11\/lojasqq-queroquero.gif\" alt=\"\"><\/a><\/p>\n\n\n\n<p><strong><mark style=\"background-color:rgba(0, 0, 0, 0)\" class=\"has-inline-color has-vivid-green-cyan-color\">Autoriza\u00e7\u00e3o de Evento Espor\u00e1dico:<\/mark><\/strong> Emitida para os eventos que possuem alimenta\u00e7\u00e3o. Requerida&nbsp;atrav\u00e9s de of\u00edcio que&nbsp;deve&nbsp;ser protocolado na vigil\u00e2ncia no m\u00ednimo sete dias antes do evento.<\/p>\n\n\n\n<p>Al\u00e9m da retirada de alvar\u00e1s sanit\u00e1rios, tamb\u00e9m&nbsp;realizamos o&nbsp;cadastro m\u00e9dico para retirada de receitas, abertura de den\u00fancias e emiss\u00e3o da carteira de manipuladores de alimentos para aqueles que n\u00e3o possuem o Atestado de Sa\u00fade Ocupacional.<\/p>\n\n\n<div class=\"wp-block-image\">\n<figure class=\"alignleft size-full is-resized\"><img loading=\"lazy\" decoding=\"async\" width=\"512\" height=\"512\" src=\"https:\/\/www.saudeindaial.sc.gov.br\/carta-servicos\/wp-content\/uploads\/2023\/11\/animat-map-color-2.gif\" alt=\"\" class=\"wp-image-379\" style=\"aspect-ratio:1;width:144px;height:auto\"\/><\/figure><\/div>\n\n\n<p><\/p>\n\n\n\n<p>Para os mun\u00edcipes que preferem o atendimento presencial, estamos localizados na Rua Marechal Floriano Peixoto, 49, Centro. Nosso hor\u00e1rio de atendimento \u00e9 de segunda a sexta-feira, das 08h \u00e0s 12h e das 13h \u00e0s 17h.<\/p>\n\n\n<div class=\"wp-block-image\">\n<figure class=\"alignright size-full is-resized\"><img loading=\"lazy\" decoding=\"async\" width=\"284\" height=\"178\" src=\"https:\/\/www.saudeindaial.sc.gov.br\/carta-servicos\/wp-content\/uploads\/2023\/11\/images-1.jpg\" alt=\"\" class=\"wp-image-381\" style=\"aspect-ratio:1.595505617977528;width:156px;height:auto\" srcset=\"https:\/\/www.saudeindaial.sc.gov.br\/carta-servicos\/wp-content\/uploads\/2023\/11\/images-1.jpg 284w, https:\/\/www.saudeindaial.sc.gov.br\/carta-servicos\/wp-content\/uploads\/2023\/11\/images-1-210x132.jpg 210w\" sizes=\"auto, (max-width: 284px) 100vw, 284px\" \/><\/figure><\/div>\n\n\n<p><\/p>\n\n\n\n<p><em>Para entrar em contato conosco, utilize os seguintes meios:<\/em> <br><strong>Telefone: <\/strong>3333-8304 Ramal 24<br><strong>E-mail:<\/strong>\u00a0vigilancia@indaial.sc.gov.br<\/p>\n\n\n\n<div class=\"wp-block-buttons is-content-justification-center is-layout-flex wp-container-core-buttons-is-layout-1 wp-block-buttons-is-layout-flex\">\n<div class=\"wp-block-button is-style-fill\"><a class=\"wp-block-button__link wp-element-button\" href=\"https:\/\/www.saudeindaial.sc.gov.br\/carta-servicos\/vigilancias-em-saude\/\">Voltar<\/a><\/div>\n<\/div>\n","protected":false},"excerpt":{"rendered":"<p>Servi\u00e7os oferecidos pelo Setor de Vigil\u00e2ncia Sanit\u00e1ria de Indaial: Vistoria e Libera\u00e7\u00e3o do Alvar\u00e1 Sanit\u00e1rio: Realizam-se&nbsp;vistorias para a concess\u00e3o do alvar\u00e1 sanit\u00e1rio, assegurando que estabelecimentos cumpram as normas de higiene e seguran\u00e7a.&nbsp;A solicita\u00e7\u00e3o de alvar\u00e1 sanit\u00e1rio inicial pode ser feita por telefone ou e-mail, as renova\u00e7\u00f5es s\u00e3o autom\u00e1ticas e n\u00e3o precisam ser solicitadas. Abertura de [&hellip;]<\/p>\n","protected":false},"author":2,"featured_media":0,"parent":0,"menu_order":0,"comment_status":"closed","ping_status":"closed","template":"","meta":{"footnotes":""},"class_list":["post-374","page","type-page","status-publish","hentry"],"_links":{"self":[{"href":"https:\/\/www.saudeindaial.sc.gov.br\/carta-servicos\/wp-json\/wp\/v2\/pages\/374","targetHints":{"allow":["GET"]}}],"collection":[{"href":"https:\/\/www.saudeindaial.sc.gov.br\/carta-servicos\/wp-json\/wp\/v2\/pages"}],"about":[{"href":"https:\/\/www.saudeindaial.sc.gov.br\/carta-servicos\/wp-json\/wp\/v2\/types\/page"}],"author":[{"embeddable":true,"href":"https:\/\/www.saudeindaial.sc.gov.br\/carta-servicos\/wp-json\/wp\/v2\/users\/2"}],"replies":[{"embeddable":true,"href":"https:\/\/www.saudeindaial.sc.gov.br\/carta-servicos\/wp-json\/wp\/v2\/comments?post=374"}],"version-history":[{"count":6,"href":"https:\/\/www.saudeindaial.sc.gov.br\/carta-servicos\/wp-json\/wp\/v2\/pages\/374\/revisions"}],"predecessor-version":[{"id":1027,"href":"https:\/\/www.saudeindaial.sc.gov.br\/carta-servicos\/wp-json\/wp\/v2\/pages\/374\/revisions\/1027"}],"wp:attachment":[{"href":"https:\/\/www.saudeindaial.sc.gov.br\/carta-servicos\/wp-json\/wp\/v2\/media?parent=374"}],"curies":[{"name":"wp","href":"https:\/\/api.w.org\/{rel}","templated":true}]}}