{"id":401,"date":"2023-11-02T23:36:07","date_gmt":"2023-11-03T02:36:07","guid":{"rendered":"https:\/\/www.saudeindaial.sc.gov.br\/carta-servicos\/?page_id=401"},"modified":"2024-10-09T14:12:17","modified_gmt":"2024-10-09T17:12:17","slug":"pre-natal-na-atencao-primaria","status":"publish","type":"page","link":"https:\/\/www.saudeindaial.sc.gov.br\/carta-servicos\/pre-natal-na-atencao-primaria\/","title":{"rendered":"Pr\u00e9-Natal na Aten\u00e7\u00e3o Prim\u00e1ria"},"content":{"rendered":"\n<p class=\"has-text-align-left\"><strong>A gravidez \u00e9 um evento resultante da fecunda\u00e7\u00e3o do ovulo (ov\u00f3cito) pelo espermatozoide.<\/strong>&nbsp;Habitualmente, ocorre dentro do \u00fatero e \u00e9 respons\u00e1vel pela gera\u00e7\u00e3o de um novo ser.&nbsp;Este \u00e9 um momento de grandes transforma\u00e7\u00f5es para a mulher, para seu (sua) parceiro (a) e para toda a fam\u00edlia. Durante o per\u00edodo da gesta\u00e7\u00e3o, o corpo vai se modificar lentamente, preparando-se para o parto e para a maternidade.&nbsp;&nbsp;<strong>Importante:<\/strong>&nbsp;Toda mulher da \u00e1rea de abrang\u00eancia da unidade de sa\u00fade e com hist\u00f3ria de atraso menstrual de mais de 15 dias dever\u00e1 ser orientada pela equipe de sa\u00fade a realizar o Teste Imunol\u00f3gico de Gravidez (TIG), que ser\u00e1 solicitado pelo m\u00e9dico ou enfermeiro. Este teste \u00e9 considerado o m\u00e9todo mais sens\u00edvel e confi\u00e1vel.<\/p>\n\n\n\n<p class=\"has-text-align-left\">Confirmado o estado gestacional a <strong>mulher dever\u00e1 procurar a sua unidade de sa\u00fade de refer\u00eancia para avalia\u00e7\u00e3o de inclus\u00e3o nas consultas de pr\u00e9-natal.<\/strong>&nbsp;O objetivo deste acompanhamento de pr\u00e9-natal \u00e9 assegurar o desenvolvimento saud\u00e1vel da gesta\u00e7\u00e3o, permitindo um parto com menores riscos para a m\u00e3e e para o beb\u00ea.<\/p>\n\n\n\n<p class=\"has-text-align-left\">A mulher gr\u00e1vida deve Iniciar o pr\u00e9-natal na Aten\u00e7\u00e3o Prim\u00e1ria \u00e0 Sa\u00fade t\u00e3o logo descubra ou desconfie que esteja gr\u00e1vida, preferencialmente <strong>at\u00e9 a 12\u00aa semana de gesta\u00e7\u00e3o<\/strong>. O acompanhamento peri\u00f3dico e cont\u00ednuo de todas as gestantes ocorre em intervalos preestabelecidos, sendo:<\/p>\n\n\n<div class=\"wp-block-image is-style-rounded\">\n<figure class=\"alignright size-full is-resized\"><img loading=\"lazy\" decoding=\"async\" width=\"332\" height=\"430\" src=\"https:\/\/www.saudeindaial.sc.gov.br\/carta-servicos\/wp-content\/uploads\/2023\/11\/giphy-1.gif\" alt=\"\" class=\"wp-image-402\" style=\"aspect-ratio:0.772093023255814;width:216px;height:auto\"\/><\/figure><\/div>\n\n\n<ul class=\"wp-block-list\">\n<li>Mensalmente: at\u00e9 a 28\u00aa semana;<\/li>\n\n\n\n<li>Quinzenalmente: da 28\u00aa at\u00e9 a 36\u00aa semana; <\/li>\n\n\n\n<li>Semanalmente: a partir da 36\u00aa semana at\u00e9 41\u00aa semana.<\/li>\n<\/ul>\n\n\n\n<p>Podendo ser intercaladas entre consulta m\u00e9dica e de enfermagem. Vale ressaltar que o pr\u00e9-natal tamb\u00e9m \u00e9 para o parceiro. <\/p>\n\n\n\n<p>A finalidade do acompanhamento pr\u00e9-natal \u00e9 atender \u00e0s necessidades da gestante, beneficiando a condi\u00e7\u00e3o de sa\u00fade da m\u00e3e e do rec\u00e9m-nascido, al\u00e9m de possibilitar discuss\u00e3o e esclarecimentos de quest\u00f5es que s\u00e3o \u00fanicas para cada mulher e seu parceiro. A hist\u00f3ria de cada gravidez \u00e9 \u00fanica, o contexto em que ocorrem, as rela\u00e7\u00f5es familiares envolvidas, as emo\u00e7\u00f5es e sentimentos percebidos s\u00e3o igualmente singulares e, devem ser considerados para que se possa desenvolver uma boa assist\u00eancia \u00e0 mulher gr\u00e1vida.<\/p>\n\n\n\n<p><strong><a href=\"http:\/\/saudeindaial.sc.gov.br\/carta-servicos\/calculadora-gestacional\/\"><mark style=\"background-color:rgba(0, 0, 0, 0)\" class=\"has-inline-color has-pale-pink-color\">Calculadora Gestacional<\/mark><\/a><\/strong><mark style=\"background-color:rgba(0, 0, 0, 0);color:#cc6982\" class=\"has-inline-color\"><strong><br><\/strong><\/mark><strong><a href=\"https:\/\/www.saudeindaial.sc.gov.br\/carta-servicos\/ganho-de-peso-adequado-da-gestacao\/\"><mark style=\"background-color:rgba(0, 0, 0, 0)\" class=\"has-inline-color has-vivid-purple-color\">Ganho de Peso Adequado da Gesta\u00e7\u00e3o<\/mark><\/a><mark style=\"background-color:rgba(0, 0, 0, 0)\" class=\"has-inline-color has-pale-pink-color\"><br><\/mark><a href=\"https:\/\/www.saudeindaial.sc.gov.br\/carta-servicos\/exames-realizados\/\"><mark style=\"background-color:rgba(0, 0, 0, 0)\" class=\"has-inline-color has-pale-pink-color\">Exames Realizados<\/mark><\/a><mark style=\"background-color:rgba(0, 0, 0, 0)\" class=\"has-inline-color has-pale-pink-color\"><br><\/mark><a href=\"https:\/\/www.saudeindaial.sc.gov.br\/carta-servicos\/calendario-vacinal-da-gestante\/\"><mark style=\"background-color:rgba(0, 0, 0, 0)\" class=\"has-inline-color has-vivid-purple-color\">Vacinas para Gestantes<\/mark><\/a><mark style=\"background-color:rgba(0, 0, 0, 0)\" class=\"has-inline-color has-pale-pink-color\"><br><\/mark><a href=\"https:\/\/www.saudeindaial.sc.gov.br\/carta-servicos\/pre-natal-do-parceiro\/\"><mark style=\"background-color:rgba(0, 0, 0, 0)\" class=\"has-inline-color has-pale-pink-color\">Pr\u00e9-Natal do Parceiro<\/mark><\/a><mark style=\"background-color:rgba(0, 0, 0, 0)\" class=\"has-inline-color has-pale-pink-color\"><br><\/mark><a href=\"https:\/\/www.saudeindaial.sc.gov.br\/carta-servicos\/atribuicoes-dos-profissionais-da-equipe-de-saude\/\"><mark style=\"background-color:rgba(0, 0, 0, 0)\" class=\"has-inline-color has-vivid-purple-color\">Atribui\u00e7\u00f5es dos Profissionais da Equipe de Sa\u00fade<\/mark><\/a><mark style=\"background-color:rgba(0, 0, 0, 0)\" class=\"has-inline-color has-pale-pink-color\"><br><\/mark><a href=\"https:\/\/bvsms.saude.gov.br\/bvs\/publicacoes\/caderneta_gestante_versao_eletronica_2022.pdf\" target=\"_blank\" rel=\"noreferrer noopener\"><mark style=\"background-color:rgba(0, 0, 0, 0)\" class=\"has-inline-color has-pale-pink-color\">Nova Caderneta da Gestante<\/mark><\/a><mark style=\"background-color:rgba(0, 0, 0, 0)\" class=\"has-inline-color has-pale-pink-color\"><br><\/mark><a href=\"https:\/\/www.saudeindaial.sc.gov.br\/carta-servicos\/atividade-fisica-durante-a-gestacao\/\"><mark style=\"background-color:rgba(0, 0, 0, 0)\" class=\"has-inline-color has-vivid-purple-color\">Atividade F\u00edsica Durante a Gesta\u00e7\u00e3o<\/mark><\/a><mark style=\"background-color:rgba(0, 0, 0, 0)\" class=\"has-inline-color has-pale-pink-color\"><br><\/mark><a href=\"https:\/\/www.saudeindaial.sc.gov.br\/carta-servicos\/consulta-puerperal\/\"><mark style=\"background-color:rgba(0, 0, 0, 0)\" class=\"has-inline-color has-pale-pink-color\">Consulta Puerperal<\/mark><\/a><\/strong><a href=\"https:\/\/www.saudeindaial.sc.gov.br\/carta-servicos\/atividade-fisica-durante-a-gestacao\/\"><mark style=\"background-color:rgba(0, 0, 0, 0)\" class=\"has-inline-color has-pale-pink-color\"><br><\/mark><\/a><\/p>\n\n\n\n<div class=\"wp-block-buttons is-content-justification-right is-layout-flex wp-container-core-buttons-is-layout-1 wp-block-buttons-is-layout-flex\">\n<div class=\"wp-block-button is-style-fill\"><a class=\"wp-block-button__link wp-element-button\" href=\"https:\/\/www.saudeindaial.sc.gov.br\/carta-servicos\/servicos-ofertados\/\">voltar<\/a><\/div>\n<\/div>\n","protected":false},"excerpt":{"rendered":"<p>A gravidez \u00e9 um evento resultante da fecunda\u00e7\u00e3o do ovulo (ov\u00f3cito) pelo espermatozoide.&nbsp;Habitualmente, ocorre dentro do \u00fatero e \u00e9 respons\u00e1vel pela gera\u00e7\u00e3o de um novo ser.&nbsp;Este \u00e9 um momento de grandes transforma\u00e7\u00f5es para a mulher, para seu (sua) parceiro (a) e para toda a fam\u00edlia. Durante o per\u00edodo da gesta\u00e7\u00e3o, o corpo vai se modificar [&hellip;]<\/p>\n","protected":false},"author":2,"featured_media":0,"parent":0,"menu_order":0,"comment_status":"closed","ping_status":"closed","template":"","meta":{"footnotes":""},"class_list":["post-401","page","type-page","status-publish","hentry"],"_links":{"self":[{"href":"https:\/\/www.saudeindaial.sc.gov.br\/carta-servicos\/wp-json\/wp\/v2\/pages\/401","targetHints":{"allow":["GET"]}}],"collection":[{"href":"https:\/\/www.saudeindaial.sc.gov.br\/carta-servicos\/wp-json\/wp\/v2\/pages"}],"about":[{"href":"https:\/\/www.saudeindaial.sc.gov.br\/carta-servicos\/wp-json\/wp\/v2\/types\/page"}],"author":[{"embeddable":true,"href":"https:\/\/www.saudeindaial.sc.gov.br\/carta-servicos\/wp-json\/wp\/v2\/users\/2"}],"replies":[{"embeddable":true,"href":"https:\/\/www.saudeindaial.sc.gov.br\/carta-servicos\/wp-json\/wp\/v2\/comments?post=401"}],"version-history":[{"count":16,"href":"https:\/\/www.saudeindaial.sc.gov.br\/carta-servicos\/wp-json\/wp\/v2\/pages\/401\/revisions"}],"predecessor-version":[{"id":962,"href":"https:\/\/www.saudeindaial.sc.gov.br\/carta-servicos\/wp-json\/wp\/v2\/pages\/401\/revisions\/962"}],"wp:attachment":[{"href":"https:\/\/www.saudeindaial.sc.gov.br\/carta-servicos\/wp-json\/wp\/v2\/media?parent=401"}],"curies":[{"name":"wp","href":"https:\/\/api.w.org\/{rel}","templated":true}]}}