{"id":403,"date":"2023-11-02T23:35:31","date_gmt":"2023-11-03T02:35:31","guid":{"rendered":"https:\/\/www.saudeindaial.sc.gov.br\/carta-servicos\/?page_id=403"},"modified":"2024-10-09T14:30:40","modified_gmt":"2024-10-09T17:30:40","slug":"atribuicoes-dos-profissionais-da-equipe-de-saude","status":"publish","type":"page","link":"https:\/\/www.saudeindaial.sc.gov.br\/carta-servicos\/atribuicoes-dos-profissionais-da-equipe-de-saude\/","title":{"rendered":"Atribui\u00e7\u00f5es dos Profissionais da Equipe de Sa\u00fade"},"content":{"rendered":"\n<p>O acompanhamento do pr\u00e9-natal \u00e9 realizado nas Unidades B\u00e1sicas de Sa\u00fade, pela equipe de sa\u00fade de refer\u00eancia da paciente, a equipe deve atuar de maneira integrada, visando o bem estar e a sa\u00fade da gestante e do beb\u00ea. <\/p>\n\n\n<div class=\"wp-block-image\">\n<figure class=\"alignleft size-full is-resized\"><img loading=\"lazy\" decoding=\"async\" width=\"292\" height=\"593\" src=\"https:\/\/www.saudeindaial.sc.gov.br\/carta-servicos\/wp-content\/uploads\/2023\/11\/106582295-nurses-and-pregnant-women.jpg\" alt=\"\" class=\"wp-image-404\" style=\"aspect-ratio:0.4924114671163575;width:358px;height:auto\" srcset=\"https:\/\/www.saudeindaial.sc.gov.br\/carta-servicos\/wp-content\/uploads\/2023\/11\/106582295-nurses-and-pregnant-women.jpg 292w, https:\/\/www.saudeindaial.sc.gov.br\/carta-servicos\/wp-content\/uploads\/2023\/11\/106582295-nurses-and-pregnant-women-148x300.jpg 148w, https:\/\/www.saudeindaial.sc.gov.br\/carta-servicos\/wp-content\/uploads\/2023\/11\/106582295-nurses-and-pregnant-women-103x210.jpg 103w\" sizes=\"auto, (max-width: 292px) 100vw, 292px\" \/><\/figure><\/div>\n\n\n<p><strong><mark style=\"background-color:rgba(0, 0, 0, 0)\" class=\"has-inline-color has-pale-pink-color\">Atribui\u00e7\u00f5es do Profissional M\u00e9dico:<\/mark><\/strong><br>\u2022 Orientar as mulheres e suas fam\u00edlias sobre a import\u00e2ncia do pr\u00e9-natal, da amamenta\u00e7\u00e3o e da vacina\u00e7\u00e3o;<br>\u2022 Realizar a consulta de pr\u00e9-natal de gesta\u00e7\u00e3o de risco habitual intercalada com a do (a) enfermeiro(a);<br>\u2022 Solicitar exames complementares e orientar o tratamento, caso necess\u00e1rio;<br>\u2022 Prescrever medicamentos padronizados para o programa de pr\u00e9-natal;<br>\u2022 Orientar a vacina\u00e7\u00e3o das gestantes;<br>\u2022 Avaliar e tratar as gestantes que apresentam sinais de alarme;<br>\u2022 Atender as intercorr\u00eancias e encaminhar as gestantes para os servi\u00e7os de urg\u00eancia\/emerg\u00eancia obst\u00e9trica, quando necess\u00e1rio;<br>\u2022 Orientar as gestantes e a equipe quanto aos fatores de risco e \u00e0 vulnerabilidade;<br>\u2022 Identificar as gestantes de alto risco e encaminh\u00e1-las ao servi\u00e7o de refer\u00eancia;<br>\u2022 Realizar exame cl\u00ednico das mamas e coleta para exame citopatol\u00f3gico do colo do \u00fatero;<br>\u2022 Realizar testes r\u00e1pidos;<br>\u2022 Desenvolver atividades educativas, individuais e em grupos (grupos ou atividades de sala de espera);<br>\u2022 Orientar as gestantes sobre a periodicidade das consultas e realizar busca ativa das gestantes faltosas;<br>\u2022 Realizar visitas domiciliares durante o per\u00edodo gestacional e puerperal, acompanhar o processo de aleitamento e orientar a mulher e seu companheiro sobre o planejamento familiar;<br>\u2022 Avalia\u00e7\u00e3o Global.<\/p>\n\n\n<div class=\"wp-block-image\">\n<figure class=\"alignright size-full is-resized\"><img loading=\"lazy\" decoding=\"async\" width=\"600\" height=\"543\" src=\"https:\/\/www.saudeindaial.sc.gov.br\/carta-servicos\/wp-content\/uploads\/2023\/11\/pg25img9.png\" alt=\"\" class=\"wp-image-405\" style=\"aspect-ratio:1.1049723756906078;width:336px;height:auto\" srcset=\"https:\/\/www.saudeindaial.sc.gov.br\/carta-servicos\/wp-content\/uploads\/2023\/11\/pg25img9.png 600w, https:\/\/www.saudeindaial.sc.gov.br\/carta-servicos\/wp-content\/uploads\/2023\/11\/pg25img9-300x272.png 300w, https:\/\/www.saudeindaial.sc.gov.br\/carta-servicos\/wp-content\/uploads\/2023\/11\/pg25img9-210x190.png 210w\" sizes=\"auto, (max-width: 600px) 100vw, 600px\" \/><\/figure><\/div>\n\n\n<p><strong><mark style=\"background-color:rgba(0, 0, 0, 0)\" class=\"has-inline-color has-pale-cyan-blue-color\">Atribui\u00e7\u00f5es do Profissional Cirurgi\u00e3o-dentista:<\/mark><\/strong><br>\u2022 Orientar as mulheres e suas fam\u00edlias sobre a import\u00e2ncia do pr\u00e9-natal, da amamenta\u00e7\u00e3o e da vacina\u00e7\u00e3o;<br>\u2022 Realizar a consulta odontol\u00f3gica de pr\u00e9-natal de gesta\u00e7\u00e3o de risco habitual;<br>\u2022 Realizar a avalia\u00e7\u00e3o geral da gestante observando o per\u00edodo de gravidez;<br>\u2022 Avaliar a sa\u00fade bucal da gestante, a necessidade e a possibilidade de tratamento, observando os cuidados indicados em cada per\u00edodo da gravidez;<br>\u2022 Adequar o meio bucal e realizar o controle de placa, cujas pr\u00e1ticas constituem boas condutas odontol\u00f3gicas preventivas e podem ser indicadas, garantindo conforto \u00e0 gestante e a continuidade do tratamento ap\u00f3s a gravidez;<br>\u2022 Identificar os fatores de risco que possam impedir o curso normal da gravidez;<br>\u2022 Atender as intercorr\u00eancias\/urg\u00eancias odontol\u00f3gicas observando os cuidados indicados em cada per\u00edodo da gravidez e encaminhar a gestante para n\u00edveis de refer\u00eancia de maior complexidade, caso necess\u00e1rio;<br>\u2022 Favorecer a compreens\u00e3o e a adapta\u00e7\u00e3o \u00e0s novas viv\u00eancias da gestante, do companheiro e dos familiares, al\u00e9m de instrumentaliz\u00e1-los em rela\u00e7\u00e3o aos cuidados neste per\u00edodo;<br>\u2022 Orientar as gestantes e a sua equipe quanto aos fatores de risco e \u00e0 vulnerabilidade em rela\u00e7\u00e3o \u00e0 sa\u00fade bucal;<br>\u2022 Identificar as gestantes de alto risco e encaminh\u00e1-las ao servi\u00e7o de refer\u00eancia;<br>\u2022 Desenvolver atividades educativas e de apoio \u00e0 gestante e aos seus familiares;<br>\u2022 Orientar as gestantes sobre a periodicidade das consultas odontol\u00f3gicas e os trimestres de gesta\u00e7\u00e3o indicados para a realiza\u00e7\u00e3o de tratamento odontol\u00f3gico;<br>\u2022 Realizar busca ativa das gestantes faltosas de sua \u00e1rea de abrang\u00eancia;<br>\u2022 Realizar visitas domiciliares durante o per\u00edodo gestacional e puerperal;<br>\u2022 Acompanhar o processo de aleitamento materno e os cuidados com o futuro beb\u00ea, enfatizando a import\u00e2ncia do papel da amamenta\u00e7\u00e3o na denti\u00e7\u00e3o e no desenvolvimento do aparelho fonador, respirat\u00f3rio e digestivo da crian\u00e7a;<br>\u2022 Orientar a mulher e seu companheiro sobre h\u00e1bitos alimentares saud\u00e1veis e de higiene bucal.<\/p>\n\n\n<div class=\"wp-block-image\">\n<figure class=\"alignleft size-full is-resized\"><img loading=\"lazy\" decoding=\"async\" width=\"563\" height=\"402\" src=\"https:\/\/www.saudeindaial.sc.gov.br\/carta-servicos\/wp-content\/uploads\/2023\/11\/14a09b44ee5b24a77053e1fd2dd89f30.jpg\" alt=\"\" class=\"wp-image-406\" style=\"aspect-ratio:1.400497512437811;width:373px;height:auto\" srcset=\"https:\/\/www.saudeindaial.sc.gov.br\/carta-servicos\/wp-content\/uploads\/2023\/11\/14a09b44ee5b24a77053e1fd2dd89f30.jpg 563w, https:\/\/www.saudeindaial.sc.gov.br\/carta-servicos\/wp-content\/uploads\/2023\/11\/14a09b44ee5b24a77053e1fd2dd89f30-300x214.jpg 300w, https:\/\/www.saudeindaial.sc.gov.br\/carta-servicos\/wp-content\/uploads\/2023\/11\/14a09b44ee5b24a77053e1fd2dd89f30-210x150.jpg 210w\" sizes=\"auto, (max-width: 563px) 100vw, 563px\" \/><\/figure><\/div>\n\n\n<p><strong><mark style=\"background-color:rgba(0, 0, 0, 0);color:#4b0989\" class=\"has-inline-color\">Atribui\u00e7\u00f5es do Profissional Enfermeiro:<\/mark><\/strong><br>\u2022 Orientar as mulheres e suas fam\u00edlias sobre a import\u00e2ncia do pr\u00e9-natal, da amamenta\u00e7\u00e3o e da vacina\u00e7\u00e3o;<br>\u2022 Realizar a consulta de pr\u00e9-natal de gesta\u00e7\u00e3o de risco habitual intercalada com as consultas m\u00e9dicas;<br>\u2022 Solicitar exames complementares de acordo com o protocolo local de pr\u00e9-natal;<br>\u2022 Realizar testes r\u00e1pidos;<br>\u2022 Prescrever medicamentos padronizados para o programa de pr\u00e9-natal.<br>\u2022 Orientar a vacina\u00e7\u00e3o das gestantes.<br>\u2022 Realizar exame cl\u00ednico das mamas e coleta para exame citopatol\u00f3gico do colo do \u00fatero;<br>\u2022 Orientar as gestantes e a equipe quanto aos fatores de risco e \u00e0 vulnerabilidade;<br>\u2022 Desenvolver atividades educativas, individuais e em grupos (grupos ou atividades de sala de espera);<br>\u2022 Orientar as gestantes sobre a periodicidade das consultas e realizar busca ativa das gestantes faltosas;<br>\u2022 Realizar visitas domiciliares durante o per\u00edodo gestacional e puerperal, acompanhar o processo de aleitamento e orientar a mulher e seu companheiro sobre o planejamento familiar;<br>\u2022 Avalia\u00e7\u00e3o Global.<\/p>\n\n\n\n<div class=\"wp-block-buttons is-content-justification-right is-layout-flex wp-container-core-buttons-is-layout-1 wp-block-buttons-is-layout-flex\">\n<div class=\"wp-block-button is-style-fill\"><a class=\"wp-block-button__link wp-element-button\" href=\"https:\/\/www.saudeindaial.sc.gov.br\/carta-servicos\/pre-natal-na-atencao-primaria\/\">voltar<\/a><\/div>\n<\/div>\n\n\n\n<p><\/p>\n","protected":false},"excerpt":{"rendered":"<p>O acompanhamento do pr\u00e9-natal \u00e9 realizado nas Unidades B\u00e1sicas de Sa\u00fade, pela equipe de sa\u00fade de refer\u00eancia da paciente, a equipe deve atuar de maneira integrada, visando o bem estar e a sa\u00fade da gestante e do beb\u00ea. Atribui\u00e7\u00f5es do Profissional M\u00e9dico:\u2022 Orientar as mulheres e suas fam\u00edlias sobre a import\u00e2ncia do pr\u00e9-natal, da amamenta\u00e7\u00e3o [&hellip;]<\/p>\n","protected":false},"author":2,"featured_media":0,"parent":0,"menu_order":0,"comment_status":"closed","ping_status":"closed","template":"","meta":{"footnotes":""},"class_list":["post-403","page","type-page","status-publish","hentry"],"_links":{"self":[{"href":"https:\/\/www.saudeindaial.sc.gov.br\/carta-servicos\/wp-json\/wp\/v2\/pages\/403","targetHints":{"allow":["GET"]}}],"collection":[{"href":"https:\/\/www.saudeindaial.sc.gov.br\/carta-servicos\/wp-json\/wp\/v2\/pages"}],"about":[{"href":"https:\/\/www.saudeindaial.sc.gov.br\/carta-servicos\/wp-json\/wp\/v2\/types\/page"}],"author":[{"embeddable":true,"href":"https:\/\/www.saudeindaial.sc.gov.br\/carta-servicos\/wp-json\/wp\/v2\/users\/2"}],"replies":[{"embeddable":true,"href":"https:\/\/www.saudeindaial.sc.gov.br\/carta-servicos\/wp-json\/wp\/v2\/comments?post=403"}],"version-history":[{"count":4,"href":"https:\/\/www.saudeindaial.sc.gov.br\/carta-servicos\/wp-json\/wp\/v2\/pages\/403\/revisions"}],"predecessor-version":[{"id":965,"href":"https:\/\/www.saudeindaial.sc.gov.br\/carta-servicos\/wp-json\/wp\/v2\/pages\/403\/revisions\/965"}],"wp:attachment":[{"href":"https:\/\/www.saudeindaial.sc.gov.br\/carta-servicos\/wp-json\/wp\/v2\/media?parent=403"}],"curies":[{"name":"wp","href":"https:\/\/api.w.org\/{rel}","templated":true}]}}