{"id":419,"date":"2023-11-02T23:56:31","date_gmt":"2023-11-03T02:56:31","guid":{"rendered":"https:\/\/www.saudeindaial.sc.gov.br\/carta-servicos\/?page_id=419"},"modified":"2024-10-09T12:53:08","modified_gmt":"2024-10-09T15:53:08","slug":"ganho-de-peso-adequado-da-gestacao","status":"publish","type":"page","link":"https:\/\/www.saudeindaial.sc.gov.br\/carta-servicos\/ganho-de-peso-adequado-da-gestacao\/","title":{"rendered":"Ganho de Peso Adequado da Gesta\u00e7\u00e3o"},"content":{"rendered":"\n<p>Ter um ganho de peso adequado durante a gravidez diminui o risco de algumas doen\u00e7as, como diabetes e press\u00e3o alta. Mas o excesso de peso propicia complica\u00e7\u00f5es para a m\u00e3e na hora do parto e para o rec\u00e9m-nascido, al\u00e9m de contribuir para a reten\u00e7\u00e3o de peso p\u00f3s-parto. Ent\u00e3o afinal: existe um peso ideal para as gestantes?<\/p>\n\n\n\n<p>A resposta \u00e9 n\u00e3o. Como vamos ver a seguir, isso varia de mulher para mulher e tamb\u00e9m depende do tempo de gravidez. Mas para todas elas, o controle do peso \u00e9 fundamental para a sua sa\u00fade.<\/p>\n\n\n\n<p>Segundo pesquisas realizadas pela Funda\u00e7\u00e3o Oswaldo Cruz, a taxa de malforma\u00e7\u00f5es fetais \u00e9 maior em mulheres obesas do que naquelas com peso adequado. Mas as gestantes com baixo peso tamb\u00e9m merecem aten\u00e7\u00e3o e devem receber aconselhamento nutricional e suplementa\u00e7\u00e3o alimentar, conforme orienta\u00e7\u00e3o da equipe que a acompanha.&nbsp;<\/p>\n\n\n\n<p>Conforme orienta\u00e7\u00f5es do&nbsp;<em>Institute of Medicine<\/em>&nbsp;(IOM-2009) existe uma faixa de ganho de peso recomendada por trimestre. Esse valor \u00e9 determinado de acordo com a situa\u00e7\u00e3o nutricional inicial da gestante.<\/p>\n\n\n<div class=\"wp-block-image\">\n<figure class=\"aligncenter size-full is-resized\"><img loading=\"lazy\" decoding=\"async\" width=\"580\" height=\"380\" src=\"https:\/\/www.saudeindaial.sc.gov.br\/carta-servicos\/wp-content\/uploads\/2023\/11\/curva-peso.webp\" alt=\"\" class=\"wp-image-420\" style=\"aspect-ratio:1.5263157894736843;width:718px;height:auto\" srcset=\"https:\/\/www.saudeindaial.sc.gov.br\/carta-servicos\/wp-content\/uploads\/2023\/11\/curva-peso.webp 580w, https:\/\/www.saudeindaial.sc.gov.br\/carta-servicos\/wp-content\/uploads\/2023\/11\/curva-peso-300x197.webp 300w, https:\/\/www.saudeindaial.sc.gov.br\/carta-servicos\/wp-content\/uploads\/2023\/11\/curva-peso-210x138.webp 210w\" sizes=\"auto, (max-width: 580px) 100vw, 580px\" \/><\/figure><\/div>\n\n\n<div class=\"wp-block-buttons is-content-justification-right is-layout-flex wp-container-core-buttons-is-layout-1 wp-block-buttons-is-layout-flex\">\n<div class=\"wp-block-button is-style-fill\"><a class=\"wp-block-button__link wp-element-button\" href=\"https:\/\/www.saudeindaial.sc.gov.br\/carta-servicos\/pre-natal-na-atencao-primaria\/\">voltar<\/a><\/div>\n<\/div>\n","protected":false},"excerpt":{"rendered":"<p>Ter um ganho de peso adequado durante a gravidez diminui o risco de algumas doen\u00e7as, como diabetes e press\u00e3o alta. Mas o excesso de peso propicia complica\u00e7\u00f5es para a m\u00e3e na hora do parto e para o rec\u00e9m-nascido, al\u00e9m de contribuir para a reten\u00e7\u00e3o de peso p\u00f3s-parto. Ent\u00e3o afinal: existe um peso ideal para as [&hellip;]<\/p>\n","protected":false},"author":2,"featured_media":0,"parent":0,"menu_order":0,"comment_status":"closed","ping_status":"closed","template":"","meta":{"footnotes":""},"class_list":["post-419","page","type-page","status-publish","hentry"],"_links":{"self":[{"href":"https:\/\/www.saudeindaial.sc.gov.br\/carta-servicos\/wp-json\/wp\/v2\/pages\/419","targetHints":{"allow":["GET"]}}],"collection":[{"href":"https:\/\/www.saudeindaial.sc.gov.br\/carta-servicos\/wp-json\/wp\/v2\/pages"}],"about":[{"href":"https:\/\/www.saudeindaial.sc.gov.br\/carta-servicos\/wp-json\/wp\/v2\/types\/page"}],"author":[{"embeddable":true,"href":"https:\/\/www.saudeindaial.sc.gov.br\/carta-servicos\/wp-json\/wp\/v2\/users\/2"}],"replies":[{"embeddable":true,"href":"https:\/\/www.saudeindaial.sc.gov.br\/carta-servicos\/wp-json\/wp\/v2\/comments?post=419"}],"version-history":[{"count":2,"href":"https:\/\/www.saudeindaial.sc.gov.br\/carta-servicos\/wp-json\/wp\/v2\/pages\/419\/revisions"}],"predecessor-version":[{"id":959,"href":"https:\/\/www.saudeindaial.sc.gov.br\/carta-servicos\/wp-json\/wp\/v2\/pages\/419\/revisions\/959"}],"wp:attachment":[{"href":"https:\/\/www.saudeindaial.sc.gov.br\/carta-servicos\/wp-json\/wp\/v2\/media?parent=419"}],"curies":[{"name":"wp","href":"https:\/\/api.w.org\/{rel}","templated":true}]}}