{"id":432,"date":"2023-11-03T00:44:04","date_gmt":"2023-11-03T03:44:04","guid":{"rendered":"https:\/\/www.saudeindaial.sc.gov.br\/carta-servicos\/?page_id=432"},"modified":"2024-10-09T13:49:50","modified_gmt":"2024-10-09T16:49:50","slug":"calendario-vacinal-da-gestante","status":"publish","type":"page","link":"https:\/\/www.saudeindaial.sc.gov.br\/carta-servicos\/calendario-vacinal-da-gestante\/","title":{"rendered":"Calend\u00e1rio Vacinal da Gestante"},"content":{"rendered":"<div class=\"wp-block-image is-style-rounded\">\n<figure class=\"aligncenter size-full is-resized\"><img loading=\"lazy\" decoding=\"async\" width=\"716\" height=\"338\" src=\"https:\/\/www.saudeindaial.sc.gov.br\/carta-servicos\/wp-content\/uploads\/2023\/11\/IMAGEM-SITE.jpg\" alt=\"\" class=\"wp-image-458\" style=\"aspect-ratio:2.1183431952662723;width:682px;height:auto\" srcset=\"https:\/\/www.saudeindaial.sc.gov.br\/carta-servicos\/wp-content\/uploads\/2023\/11\/IMAGEM-SITE.jpg 716w, https:\/\/www.saudeindaial.sc.gov.br\/carta-servicos\/wp-content\/uploads\/2023\/11\/IMAGEM-SITE-300x142.jpg 300w, https:\/\/www.saudeindaial.sc.gov.br\/carta-servicos\/wp-content\/uploads\/2023\/11\/IMAGEM-SITE-210x99.jpg 210w\" sizes=\"auto, (max-width: 716px) 100vw, 716px\" \/><\/figure><\/div>\n\n\n<p>Al\u00e9m dos exames realizados durante o pr\u00e9-natal, existem tamb\u00e9m diversas vacinas que devem ser recebidas pela mulher. Essas medidas t\u00eam como objetivo fortalecer o sistema imunol\u00f3gico da gestante e proteger a sa\u00fade do beb\u00ea. Com a imuniza\u00e7\u00e3o, os anticorpos da mulher s\u00e3o transferidos para a crian\u00e7a pela placenta e, ap\u00f3s o nascimento, por meio da amamenta\u00e7\u00e3o.<\/p>\n\n\n\n<p>Dentre as vacinas indicadas para a gestante e dispon\u00edveis no SUS, est\u00e3o:<\/p>\n\n\n\n<h2 class=\"wp-block-heading\"><mark style=\"background-color:rgba(0, 0, 0, 0)\" class=\"has-inline-color has-vivid-cyan-blue-color\">Vacina dupla adulto (dT)<\/mark><\/h2>\n\n\n\n<p>Protege a gestante e o beb\u00ea contra o t\u00e9tano e a difteria.<\/p>\n\n\n\n<ul class=\"wp-block-list\">\n<li>Gestante n\u00e3o vacinada previamente: administrar 3 (tr\u00eas) doses de vacina contendo toxoide tet\u00e2nico e dift\u00e9rico com intervalo de 60 dias entre as doses. Sendo 2 (duas) doses de dT em qualquer momento da gesta\u00e7\u00e3o e 1 (uma) dose de dTpa, a partir da vig\u00e9sima semana de gesta\u00e7\u00e3o;<\/li>\n\n\n\n<li>Gestante vacinada com 1 (uma) dose de dT: administrar 1 (uma) dose de dT em qualquer momento da gesta\u00e7\u00e3o e 1 (uma) dose de dTpa a partir vig\u00e9sima semana de gesta\u00e7\u00e3o com intervalo de 60 dias entre as doses, m\u00ednimo de 30 dias;<\/li>\n\n\n\n<li>Gestante vacinada com 2 (duas) doses de dT: administrar 1 (uma) dose da dTpa a partir vig\u00e9sima semana de gesta\u00e7\u00e3o;<\/li>\n\n\n\n<li>Gestante vacinada com 3 (tr\u00eas) doses de dT: administrar 1 (uma) dose de dTpa a partir da vig\u00e9sima semana de gesta\u00e7\u00e3o.<\/li>\n<\/ul>\n\n\n\n<p>Mesmo com esquema completo (tr\u00eas doses de dT ou dTpa) e\/ou refor\u00e7o com dT ou dTpa, a gestante dever\u00e1 receber sempre 1 (uma) dose de dTpa a cada gesta\u00e7\u00e3o. O t\u00e9tano neonatal possui alta taxa de letalidade devido \u00e0 contamina\u00e7\u00e3o do cord\u00e3o umbilical durante o parto. A difteria pode causar obstru\u00e7\u00e3o respirat\u00f3ria, tendo alta taxa de mortalidade entre os rec\u00e9m-nascidos.<\/p>\n\n\n\n<h2 class=\"wp-block-heading\"><mark style=\"background-color:rgba(0, 0, 0, 0)\" class=\"has-inline-color has-luminous-vivid-amber-color\">Vacina dTpa<\/mark><\/h2>\n\n\n\n<p>A tr\u00edplice bacteriana acelular do tipo adulto (difteria, t\u00e9tano e coqueluche) est\u00e1 recomendada em todas as gesta\u00e7\u00f5es, pois al\u00e9m de proteger a gestante e evitar que ela transmita a Bordetella pertussis (coqueluche) ao rec\u00e9m-nascido, permite a transfer\u00eancia de anticorpos maternos ao feto, protegendo-o nos primeiros meses de vida, at\u00e9 que possa ser imunizado com a vacina penta.<\/p>\n\n\n\n<p>A vacina dTpa deve ser aplicada a partir da vig\u00e9sima semana de gesta\u00e7\u00e3o e a cada gesta\u00e7\u00e3o. Para aquelas que perderam a oportunidade de serem vacinadas durante a gesta\u00e7\u00e3o, \u00e9 importante administrar uma dose de dTpa no puerp\u00e9rio, o mais precocemente poss\u00edvel.&nbsp;<\/p>\n\n\n\n<h2 class=\"wp-block-heading\"><mark style=\"background-color:rgba(0, 0, 0, 0)\" class=\"has-inline-color has-vivid-cyan-blue-color\">Vacina hepatite B<\/mark><\/h2>\n\n\n\n<p>Para gestantes em qualquer idade gestacional, \u00e9 importante administrar 3 doses (0, 1 e 6 meses) da vacina hepatite B, considerando o hist\u00f3rico de vacina\u00e7\u00e3o anterior. Caso n\u00e3o seja poss\u00edvel completar o esquema vacinal durante a gesta\u00e7\u00e3o, a mulher dever\u00e1 concluir ap\u00f3s o parto, oportunamente.<\/p>\n\n\n\n<p>Caso tenha ocorrido interrup\u00e7\u00e3o ap\u00f3s a primeira dose, a segunda dose dever\u00e1 ser administrada assim que for poss\u00edvel e deve-se programar a terceira dose para 6 meses ap\u00f3s a primeira, mantendo o intervalo de pelo menos 8 semanas entre a segunda e a terceira dose.<\/p>\n\n\n\n<p>A dose final do esquema de vacina\u00e7\u00e3o dever\u00e1 ser administrada pelo menos 8 semanas ap\u00f3s a segunda dose e pelo menos 16 semanas ap\u00f3s a primeira dose para que o esquema seja considerado v\u00e1lido. O intervalo m\u00ednimo entre a primeira e a segunda dose deve ser de 4 semanas.<\/p>\n\n\n\n<p>A hepatite B \u00e9 uma doen\u00e7a causada por v\u00edrus e que pode ser transmitida da mulher para o beb\u00ea durante a gravidez, no momento do parto ou, at\u00e9 mesmo, durante a amamenta\u00e7\u00e3o, se houver ingest\u00e3o de pequenas quantidades de sangue pela crian\u00e7a, em casos de fissuras nos mamilos da m\u00e3e. Ao longo da gesta\u00e7\u00e3o, esta infec\u00e7\u00e3o aumenta o risco de parto prematuro.<\/p>\n\n\n\n<p>Importante: hepatite B n\u00e3o \u00e9 contraindica\u00e7\u00e3o para amamenta\u00e7\u00e3o. Em caso de fissuras no mamilo, h\u00e1 recomenda\u00e7\u00e3o de suspens\u00e3o da amamenta\u00e7\u00e3o na mama afetada at\u00e9 que as les\u00f5es melhorem. A mulher pode oferecer a outra mama e fazer extra\u00e7\u00e3o manual na mama afetada para manter a produ\u00e7\u00e3o de leite.<\/p>\n\n\n\n<h2 class=\"wp-block-heading\"><strong><mark style=\"background-color:rgba(0, 0, 0, 0)\" class=\"has-inline-color has-luminous-vivid-amber-color\">Vacina influenza (gripe)<\/mark><\/strong><\/h2>\n\n\n\n<p>\u00c9 recomendado administrar a vacina contra a gripe em qualquer idade gestacional para todas as gestantes e mulheres (at\u00e9 42 dias ap\u00f3s o parto), durante a campanha anual de vacina\u00e7\u00e3o.<\/p>\n\n\n\n<p>A gestante \u00e9 grupo de risco para as complica\u00e7\u00f5es da infec\u00e7\u00e3o pelo v\u00edrus influenza. A vacina est\u00e1 recomendada nos meses da sazonalidade do v\u00edrus, mesmo no primeiro trimestre de gravidez. Durante a gesta\u00e7\u00e3o, as chances de sintomas graves e complica\u00e7\u00f5es s\u00e3o maiores, resultando em alto \u00edndice de hospitaliza\u00e7\u00e3o.<\/p>\n\n\n\n<h2 class=\"wp-block-heading\"><strong><mark style=\"background-color:rgba(0, 0, 0, 0)\" class=\"has-inline-color has-vivid-cyan-blue-color\">Vacina Covid-19<\/mark><\/strong><\/h2>\n\n\n\n<p>Protege a mulher contra o v\u00edrus causador da Covid-19. \u00c9 recomendada a aplica\u00e7\u00e3o dessa vacina em qualquer idade gestacional para todas as gestantes e mulheres no puerp\u00e9rio (at\u00e9 42 dias ap\u00f3s o parto).<\/p>\n\n\n\n<p>Todas as vacinas apontadas est\u00e3o dispon\u00edveis gratuitamente nas Unidades B\u00e1sicas de Sa\u00fade.<\/p>\n\n\n\n<p><em>Com informa\u00e7\u00f5es do&nbsp;<a rel=\"noreferrer noopener\" href=\"http:\/\/gov.br\/saude\" target=\"_blank\">Minist\u00e9rio da Sa\u00fade<\/a>.<\/em><\/p>\n\n\n<div class=\"wp-block-image\">\n<figure class=\"aligncenter size-full is-resized\"><img loading=\"lazy\" decoding=\"async\" width=\"480\" height=\"270\" src=\"https:\/\/www.saudeindaial.sc.gov.br\/carta-servicos\/wp-content\/uploads\/2023\/11\/giphy-2.gif\" alt=\"\" class=\"wp-image-433\" style=\"aspect-ratio:1.7777777777777777;width:474px;height:auto\"\/><\/figure><\/div>\n\n\n<div class=\"wp-block-buttons is-content-justification-right is-layout-flex wp-container-core-buttons-is-layout-1 wp-block-buttons-is-layout-flex\">\n<div class=\"wp-block-button is-style-fill\"><a class=\"wp-block-button__link wp-element-button\" href=\"https:\/\/www.saudeindaial.sc.gov.br\/carta-servicos\/pre-natal-na-atencao-primaria\/\">voltar<\/a><\/div>\n<\/div>\n","protected":false},"excerpt":{"rendered":"<p>Al\u00e9m dos exames realizados durante o pr\u00e9-natal, existem tamb\u00e9m diversas vacinas que devem ser recebidas pela mulher. Essas medidas t\u00eam como objetivo fortalecer o sistema imunol\u00f3gico da gestante e proteger a sa\u00fade do beb\u00ea. Com a imuniza\u00e7\u00e3o, os anticorpos da mulher s\u00e3o transferidos para a crian\u00e7a pela placenta e, ap\u00f3s o nascimento, por meio da [&hellip;]<\/p>\n","protected":false},"author":2,"featured_media":0,"parent":0,"menu_order":0,"comment_status":"closed","ping_status":"closed","template":"","meta":{"footnotes":""},"class_list":["post-432","page","type-page","status-publish","hentry"],"_links":{"self":[{"href":"https:\/\/www.saudeindaial.sc.gov.br\/carta-servicos\/wp-json\/wp\/v2\/pages\/432","targetHints":{"allow":["GET"]}}],"collection":[{"href":"https:\/\/www.saudeindaial.sc.gov.br\/carta-servicos\/wp-json\/wp\/v2\/pages"}],"about":[{"href":"https:\/\/www.saudeindaial.sc.gov.br\/carta-servicos\/wp-json\/wp\/v2\/types\/page"}],"author":[{"embeddable":true,"href":"https:\/\/www.saudeindaial.sc.gov.br\/carta-servicos\/wp-json\/wp\/v2\/users\/2"}],"replies":[{"embeddable":true,"href":"https:\/\/www.saudeindaial.sc.gov.br\/carta-servicos\/wp-json\/wp\/v2\/comments?post=432"}],"version-history":[{"count":5,"href":"https:\/\/www.saudeindaial.sc.gov.br\/carta-servicos\/wp-json\/wp\/v2\/pages\/432\/revisions"}],"predecessor-version":[{"id":961,"href":"https:\/\/www.saudeindaial.sc.gov.br\/carta-servicos\/wp-json\/wp\/v2\/pages\/432\/revisions\/961"}],"wp:attachment":[{"href":"https:\/\/www.saudeindaial.sc.gov.br\/carta-servicos\/wp-json\/wp\/v2\/media?parent=432"}],"curies":[{"name":"wp","href":"https:\/\/api.w.org\/{rel}","templated":true}]}}