{"id":437,"date":"2023-11-03T00:54:12","date_gmt":"2023-11-03T03:54:12","guid":{"rendered":"https:\/\/www.saudeindaial.sc.gov.br\/carta-servicos\/?page_id=437"},"modified":"2024-10-09T14:12:35","modified_gmt":"2024-10-09T17:12:35","slug":"pre-natal-do-parceiro","status":"publish","type":"page","link":"https:\/\/www.saudeindaial.sc.gov.br\/carta-servicos\/pre-natal-do-parceiro\/","title":{"rendered":"Pr\u00e9-Natal do Parceiro"},"content":{"rendered":"\n<p>O pr\u00e9-natal do parceiro(a) \u00e9 o mecanismo pelo qual a Aten\u00e7\u00e3o Prim\u00e1ria, por meio das Unidades de Sa\u00fade, tem a possibilidade de acessar e orientar os parceiros(as) com mais efetividade. Na oportunidade, s\u00e3o aconselhados sobre a import\u00e2ncia de serem acompanhantes no parto. Tamb\u00e9m faz parte do pr\u00e9-natal do pai\/parceiro(a) o est\u00edmulo \u00e0 cria\u00e7\u00e3o de v\u00ednculo com a crian\u00e7a, a responsabiliza\u00e7\u00e3o pelo cuidado, a divis\u00e3o de tarefas e cuidados com a sa\u00fade de modo geral.<br>Para saber mais procure sua Unidade de refer\u00eancia<\/p>\n\n\n<div class=\"wp-block-image is-style-rounded\">\n<figure class=\"alignleft size-full is-resized\"><img loading=\"lazy\" decoding=\"async\" width=\"500\" height=\"473\" src=\"https:\/\/www.saudeindaial.sc.gov.br\/carta-servicos\/wp-content\/uploads\/2023\/11\/pre-natal-do-parceiro.png\" alt=\"\" class=\"wp-image-442\" style=\"aspect-ratio:1.0570824524312896;width:307px;height:auto\" srcset=\"https:\/\/www.saudeindaial.sc.gov.br\/carta-servicos\/wp-content\/uploads\/2023\/11\/pre-natal-do-parceiro.png 500w, https:\/\/www.saudeindaial.sc.gov.br\/carta-servicos\/wp-content\/uploads\/2023\/11\/pre-natal-do-parceiro-300x284.png 300w, https:\/\/www.saudeindaial.sc.gov.br\/carta-servicos\/wp-content\/uploads\/2023\/11\/pre-natal-do-parceiro-210x199.png 210w\" sizes=\"auto, (max-width: 500px) 100vw, 500px\" \/><\/figure><\/div>\n\n\n<p>O(a) enfermeiro(a) e\/ou o(a) m\u00e9dico(a), como integrantes da equipe de sa\u00fade, s\u00e3o respons\u00e1veis pela realiza\u00e7\u00e3o do pr\u00e9-natal na aten\u00e7\u00e3o prim\u00e1ria, devendo proporcionar o acesso e o acolhimento \u00e0 gestante e <strong>ao parceiro<\/strong> na unidade e sua integra\u00e7\u00e3o ao processo. Dessa forma, a Estrat\u00e9gia Pr\u00e9-Natal do Parceiro pode constituir-se em uma importante \u201cporta de entrada positiva\u201d para os homens nos servi\u00e7os de sa\u00fade, aproveitando sua presen\u00e7a nas consultas relacionadas \u00e0 gesta\u00e7\u00e3o para ofertar exames de rotina, testes r\u00e1pidos e atualiza\u00e7\u00e3o vacinal, convidando-os a participar das atividades educativas e ao exerc\u00edcio da paternidade, buscando a integralidade no cuidado para essa popula\u00e7\u00e3o.<\/p>\n\n\n\n<p>Para saber mais procure sua Unidade de Sa\u00fade de refer\u00eancia.<\/p>\n\n\n\n<div class=\"wp-block-buttons is-content-justification-right is-layout-flex wp-container-core-buttons-is-layout-1 wp-block-buttons-is-layout-flex\">\n<div class=\"wp-block-button is-style-fill\"><a class=\"wp-block-button__link wp-element-button\" href=\"https:\/\/www.saudeindaial.sc.gov.br\/carta-servicos\/pre-natal-na-atencao-primaria\/\">voltar<\/a><\/div>\n<\/div>\n","protected":false},"excerpt":{"rendered":"<p>O pr\u00e9-natal do parceiro(a) \u00e9 o mecanismo pelo qual a Aten\u00e7\u00e3o Prim\u00e1ria, por meio das Unidades de Sa\u00fade, tem a possibilidade de acessar e orientar os parceiros(as) com mais efetividade. Na oportunidade, s\u00e3o aconselhados sobre a import\u00e2ncia de serem acompanhantes no parto. Tamb\u00e9m faz parte do pr\u00e9-natal do pai\/parceiro(a) o est\u00edmulo \u00e0 cria\u00e7\u00e3o de v\u00ednculo [&hellip;]<\/p>\n","protected":false},"author":2,"featured_media":0,"parent":0,"menu_order":0,"comment_status":"closed","ping_status":"closed","template":"","meta":{"footnotes":""},"class_list":["post-437","page","type-page","status-publish","hentry"],"_links":{"self":[{"href":"https:\/\/www.saudeindaial.sc.gov.br\/carta-servicos\/wp-json\/wp\/v2\/pages\/437","targetHints":{"allow":["GET"]}}],"collection":[{"href":"https:\/\/www.saudeindaial.sc.gov.br\/carta-servicos\/wp-json\/wp\/v2\/pages"}],"about":[{"href":"https:\/\/www.saudeindaial.sc.gov.br\/carta-servicos\/wp-json\/wp\/v2\/types\/page"}],"author":[{"embeddable":true,"href":"https:\/\/www.saudeindaial.sc.gov.br\/carta-servicos\/wp-json\/wp\/v2\/users\/2"}],"replies":[{"embeddable":true,"href":"https:\/\/www.saudeindaial.sc.gov.br\/carta-servicos\/wp-json\/wp\/v2\/comments?post=437"}],"version-history":[{"count":5,"href":"https:\/\/www.saudeindaial.sc.gov.br\/carta-servicos\/wp-json\/wp\/v2\/pages\/437\/revisions"}],"predecessor-version":[{"id":963,"href":"https:\/\/www.saudeindaial.sc.gov.br\/carta-servicos\/wp-json\/wp\/v2\/pages\/437\/revisions\/963"}],"wp:attachment":[{"href":"https:\/\/www.saudeindaial.sc.gov.br\/carta-servicos\/wp-json\/wp\/v2\/media?parent=437"}],"curies":[{"name":"wp","href":"https:\/\/api.w.org\/{rel}","templated":true}]}}