{"id":445,"date":"2023-11-04T23:59:20","date_gmt":"2023-11-05T02:59:20","guid":{"rendered":"https:\/\/www.saudeindaial.sc.gov.br\/carta-servicos\/?page_id=445"},"modified":"2024-10-09T13:49:20","modified_gmt":"2024-10-09T16:49:20","slug":"exames-realizados","status":"publish","type":"page","link":"https:\/\/www.saudeindaial.sc.gov.br\/carta-servicos\/exames-realizados\/","title":{"rendered":"Exames Realizados"},"content":{"rendered":"<div class=\"wp-block-image\">\n<figure class=\"alignright size-large is-resized\"><img loading=\"lazy\" decoding=\"async\" width=\"1024\" height=\"682\" src=\"https:\/\/www.saudeindaial.sc.gov.br\/carta-servicos\/wp-content\/uploads\/2023\/11\/https___bucketeer-e05bbc84-baa3-437e-9518-adb32be75-990000079e04513c-1024x682.gif\" alt=\"\" class=\"wp-image-446\" style=\"aspect-ratio:1.501466275659824;width:282px;height:auto\" srcset=\"https:\/\/www.saudeindaial.sc.gov.br\/carta-servicos\/wp-content\/uploads\/2023\/11\/https___bucketeer-e05bbc84-baa3-437e-9518-adb32be75-990000079e04513c-1024x682.gif 1024w, https:\/\/www.saudeindaial.sc.gov.br\/carta-servicos\/wp-content\/uploads\/2023\/11\/https___bucketeer-e05bbc84-baa3-437e-9518-adb32be75-990000079e04513c-300x200.gif 300w, https:\/\/www.saudeindaial.sc.gov.br\/carta-servicos\/wp-content\/uploads\/2023\/11\/https___bucketeer-e05bbc84-baa3-437e-9518-adb32be75-990000079e04513c-768x512.gif 768w, https:\/\/www.saudeindaial.sc.gov.br\/carta-servicos\/wp-content\/uploads\/2023\/11\/https___bucketeer-e05bbc84-baa3-437e-9518-adb32be75-990000079e04513c-210x140.gif 210w\" sizes=\"auto, (max-width: 980px) 100vw, 980px\" \/><\/figure><\/div>\n\n\n<p><strong><mark style=\"background-color:rgba(0, 0, 0, 0)\" class=\"has-inline-color has-pale-pink-color\">Tipagem sangu\u00ednea e fator Rh:<\/mark><\/strong> identifica seu tipo de sangue. Se a gestante tem Rh negativo e o pai do beb\u00ea tem Rh positivo, ela deve fazer um outro exame durante o pr\u00e9-natal, o Coombs Indireto. Ap\u00f3s o nascimento, caso o beb\u00ea tenha Rh positivo, a mulher dever\u00e1 tomar uma inje\u00e7\u00e3o, para<br>evitar problemas na pr\u00f3xima gesta\u00e7\u00e3o. Voc\u00ea tem direito a imunoglobulina anti-D pelo SUS.<br><strong><mark style=\"background-color:rgba(0, 0, 0, 0)\" class=\"has-inline-color has-vivid-cyan-blue-color\">Hemograma:<\/mark><\/strong> identifica problemas como anemia (falta de ferro no sangue), que \u00e9 comum na gravidez e deve ser tratada.<br><mark style=\"background-color:rgba(0, 0, 0, 0)\" class=\"has-inline-color has-pale-pink-color\"><strong>Eletroforese de hemoglobina<\/strong>:<\/mark> identifica a doen\u00e7a falciforme, a talassemia e outras hemoglobinopatias, que s\u00e3o heredit\u00e1rias e requerem cuidados especiais na gravidez.<br><mark style=\"background-color:rgba(0, 0, 0, 0)\" class=\"has-inline-color has-vivid-cyan-blue-color\"><strong>Glicemia<\/strong>:<\/mark> mede a quantidade de a\u00e7\u00facar no sangue. Se estiver alta, pode indicar diabetes, que deve ser cuidada com dieta, atividade f\u00edsica e, \u00e0s vezes, uso de medicamentos.<br><mark style=\"background-color:rgba(0, 0, 0, 0)\" class=\"has-inline-color has-pale-pink-color\"><strong>Exame de cultura de urina com antibiograma<\/strong>:<\/mark> este exame deve ser realizado logo no in\u00edcio do pr\u00e9-natal. Ele tem a capacidade de identificar a presen\u00e7a de bact\u00e9rias na urina que podem avan\u00e7ar para infec\u00e7\u00e3o e, al\u00e9m disso, informa sobre os antibi\u00f3ticos que podem ser usados em cada caso.<br><mark style=\"background-color:rgba(0, 0, 0, 0)\" class=\"has-inline-color has-vivid-cyan-blue-color\"><strong>Exame preventivo de c\u00e2ncer de colo de \u00fatero<\/strong>:<\/mark> este exame precisa ser realizado periodicamente por todas as mulheres que j\u00e1 tiveram rela\u00e7\u00f5es sexuais a partir de 25 anos. Procure saber se voc\u00ea tem a necessidade de faz\u00ea-lo durante o pr\u00e9-natal. Esse exame pode ser realizado em qualquer fase da gesta\u00e7\u00e3o.<\/p>\n\n\n<div class=\"wp-block-image is-style-rounded\">\n<figure class=\"alignleft size-full is-resized\"><img loading=\"lazy\" decoding=\"async\" width=\"477\" height=\"600\" src=\"https:\/\/www.saudeindaial.sc.gov.br\/carta-servicos\/wp-content\/uploads\/2023\/11\/depositphotos_24684705-stock-illustration-background-with-silhouette-of-pregnant.webp\" alt=\"\" class=\"wp-image-447\" style=\"aspect-ratio:0.795;width:256px;height:auto\" srcset=\"https:\/\/www.saudeindaial.sc.gov.br\/carta-servicos\/wp-content\/uploads\/2023\/11\/depositphotos_24684705-stock-illustration-background-with-silhouette-of-pregnant.webp 477w, https:\/\/www.saudeindaial.sc.gov.br\/carta-servicos\/wp-content\/uploads\/2023\/11\/depositphotos_24684705-stock-illustration-background-with-silhouette-of-pregnant-239x300.webp 239w, https:\/\/www.saudeindaial.sc.gov.br\/carta-servicos\/wp-content\/uploads\/2023\/11\/depositphotos_24684705-stock-illustration-background-with-silhouette-of-pregnant-167x210.webp 167w\" sizes=\"auto, (max-width: 477px) 100vw, 477px\" \/><\/figure><\/div>\n\n\n<p><mark style=\"background-color:rgba(0, 0, 0, 0)\" class=\"has-inline-color has-pale-pink-color\"><strong>Teste r\u00e1pido de s\u00edfilis e VDRL<\/strong>:<\/mark> esses testes identificam a s\u00edfilis, uma doen\u00e7a sexualmente transmiss\u00edvel que pode passar da gestante para o beb\u00ea durante a gravidez. Quando n\u00e3o tratada,<br>a s\u00edfilis pode causar abortamento do feto, parto prematuro, baixo peso ao nascer, malforma\u00e7\u00f5es e morte do rec\u00e9m-nascido. Em caso de teste positivo, tanto a gestante quanto seu(sua) parceiro(a) devem ser tratados o mais r\u00e1pido poss\u00edvel, pois caso o(a) parceiro(a) n\u00e3o se trate, a gestante \u00e9 novamente infectada. O tratamento da s\u00edfilis com penicilina benzatina \u00e9 o \u00fanico modo eficaz de tratar o beb\u00ea ainda na barriga da m\u00e3e e prevenir que ele tenha algum problema. Esse tratamento deve ser feito na Unidade B\u00e1sica de Sa\u00fade onde \u00e9 realizado o pr\u00e9-natal. Voc\u00ea e seu (sua) parceiro(a) devem realizar o teste de s\u00edfilis pelo menos no primeiro e no terceiro trimestre de gravidez.<br><mark style=\"background-color:rgba(0, 0, 0, 0)\" class=\"has-inline-color has-vivid-cyan-blue-color\"><strong>Testes de HIV<\/strong>:<\/mark> identificam o v\u00edrus causador da aids, doen\u00e7a que compromete o sistema de defesa do organismo, provocando a perda da resist\u00eancia e da prote\u00e7\u00e3o contra outras doen\u00e7as. Pode ser transmitido de m\u00e3e para filho durante a gravidez, o parto ou a amamenta\u00e7\u00e3o. Quanto mais cedo iniciar o tratamento, maior a chance de a mulher e seu beb\u00ea ficarem saud\u00e1veis. Voc\u00ea dever\u00e1 realizar o teste r\u00e1pido de HIV no in\u00edcio (primeiro trimestre) e no final da gesta\u00e7\u00e3o (terceiro trimestre).<br>Ele tamb\u00e9m poder\u00e1 ser feito no momento do parto.<br><mark style=\"background-color:rgba(0, 0, 0, 0)\" class=\"has-inline-color has-pale-pink-color\"><strong>Testes para hepatite B (HBsAg)<\/strong>:<\/mark>identificam o v\u00edrus da hepatite B, que pode passar da m\u00e3e para o beb\u00ea durante a gravidez. Caso voc\u00ea tenha o v\u00edrus, seu beb\u00ea poder\u00e1 ser protegido se receber a vacina e a imunoglobulina humana anti-hepatite B. As unidades b\u00e1sicas tamb\u00e9m disp\u00f5e de <strong>Teste r\u00e1pido para Hepatite C<\/strong>, que \u00e9 ofertado junto com os demais testes \u00e0 gestante e a parceria.<br><mark style=\"background-color:rgba(0, 0, 0, 0)\" class=\"has-inline-color has-vivid-cyan-blue-color\"><strong>Exame de toxoplasmose<\/strong>:<\/mark> identifica se a mulher tem ou teve toxoplasmose. Essa doen\u00e7a pode ser adquirida pela ingest\u00e3o de alimentos contaminados e pelo contato com terra contaminada. Como medida de preven\u00e7\u00e3o, \u00e9 importante lavar as m\u00e3os ao manipular alimentos; lavar bem as frutas, legumes e verduras; n\u00e3o ingerir carnes cruas ou malpassadas e n\u00e3o consumir leite ou queijo crus; evitar ou pelo menos usar prote\u00e7\u00e3o quando entrar em contato com a terra e com fezes de<br>gatos e c\u00e3es desconhecidos.<br><strong><mark style=\"background-color:rgba(0, 0, 0, 0)\" class=\"has-inline-color has-pale-pink-color\">Ultrassom Transvaginal:<\/mark><\/strong> &nbsp;\u00e9 um exame de imagem que, por meio do equipamento de ultrassom, permite a investiga\u00e7\u00e3o do aparelho reprodutor da mulher, visualizando o \u00fatero, ov\u00e1rios e trompas. Tem como objetivo verificar se a gesta\u00e7\u00e3o est\u00e1 dentro do \u00fatero, determinar a Idade Gestacional e a viabilidade da gesta\u00e7\u00e3o. <br><strong><mark style=\"background-color:rgba(0, 0, 0, 0)\" class=\"has-inline-color has-vivid-cyan-blue-color\">Avalia\u00e7\u00e3o odontol\u00f3gica:<\/mark><\/strong> identifica os agravos bucais e a necessidade de tratamento odontol\u00f3gico durante a gesta\u00e7\u00e3o. O periograma \u00e9 uma parte dessa avalia\u00e7\u00e3o e \u00e9 muito importante para identificar se voc\u00ea tem algum problema com sua gengiva e\/ou outros tecidos ao redor do dente.<\/p>\n\n\n<div class=\"wp-block-image is-style-rounded\">\n<figure class=\"alignright size-full is-resized\"><img loading=\"lazy\" decoding=\"async\" width=\"378\" height=\"365\" src=\"https:\/\/www.saudeindaial.sc.gov.br\/carta-servicos\/wp-content\/uploads\/2023\/11\/site-6-477x480-1.jpg\" alt=\"\" class=\"wp-image-448\" style=\"aspect-ratio:1.0356164383561643;width:134px;height:auto\" srcset=\"https:\/\/www.saudeindaial.sc.gov.br\/carta-servicos\/wp-content\/uploads\/2023\/11\/site-6-477x480-1.jpg 378w, https:\/\/www.saudeindaial.sc.gov.br\/carta-servicos\/wp-content\/uploads\/2023\/11\/site-6-477x480-1-300x290.jpg 300w, https:\/\/www.saudeindaial.sc.gov.br\/carta-servicos\/wp-content\/uploads\/2023\/11\/site-6-477x480-1-210x203.jpg 210w\" sizes=\"auto, (max-width: 378px) 100vw, 378px\" \/><\/figure><\/div>\n\n\n<p>A solicita\u00e7\u00e3o de exames poder\u00e1 ser um pouco diferente, considerando a hist\u00f3ria pregressa da gestante, a situa\u00e7\u00e3o atual da gesta\u00e7\u00e3o e a avalia\u00e7\u00e3o do profissional que a acompanha. <\/p>\n\n\n\n<p>Para maiores informa\u00e7\u00f5es, entre em contato com sua unidade de sa\u00fade de refer\u00eancia. <\/p>\n\n\n\n<div class=\"wp-block-buttons is-content-justification-right is-layout-flex wp-container-core-buttons-is-layout-1 wp-block-buttons-is-layout-flex\">\n<div class=\"wp-block-button is-style-fill\"><a class=\"wp-block-button__link wp-element-button\" href=\"https:\/\/www.saudeindaial.sc.gov.br\/carta-servicos\/pre-natal-na-atencao-primaria\/\">voltar<\/a><\/div>\n<\/div>\n\n\n\n<p><br><br><\/p>\n\n\n\n<p><\/p>\n","protected":false},"excerpt":{"rendered":"<p>Tipagem sangu\u00ednea e fator Rh: identifica seu tipo de sangue. Se a gestante tem Rh negativo e o pai do beb\u00ea tem Rh positivo, ela deve fazer um outro exame durante o pr\u00e9-natal, o Coombs Indireto. Ap\u00f3s o nascimento, caso o beb\u00ea tenha Rh positivo, a mulher dever\u00e1 tomar uma inje\u00e7\u00e3o, paraevitar problemas na pr\u00f3xima [&hellip;]<\/p>\n","protected":false},"author":2,"featured_media":0,"parent":0,"menu_order":0,"comment_status":"closed","ping_status":"closed","template":"","meta":{"footnotes":""},"class_list":["post-445","page","type-page","status-publish","hentry"],"_links":{"self":[{"href":"https:\/\/www.saudeindaial.sc.gov.br\/carta-servicos\/wp-json\/wp\/v2\/pages\/445","targetHints":{"allow":["GET"]}}],"collection":[{"href":"https:\/\/www.saudeindaial.sc.gov.br\/carta-servicos\/wp-json\/wp\/v2\/pages"}],"about":[{"href":"https:\/\/www.saudeindaial.sc.gov.br\/carta-servicos\/wp-json\/wp\/v2\/types\/page"}],"author":[{"embeddable":true,"href":"https:\/\/www.saudeindaial.sc.gov.br\/carta-servicos\/wp-json\/wp\/v2\/users\/2"}],"replies":[{"embeddable":true,"href":"https:\/\/www.saudeindaial.sc.gov.br\/carta-servicos\/wp-json\/wp\/v2\/comments?post=445"}],"version-history":[{"count":3,"href":"https:\/\/www.saudeindaial.sc.gov.br\/carta-servicos\/wp-json\/wp\/v2\/pages\/445\/revisions"}],"predecessor-version":[{"id":960,"href":"https:\/\/www.saudeindaial.sc.gov.br\/carta-servicos\/wp-json\/wp\/v2\/pages\/445\/revisions\/960"}],"wp:attachment":[{"href":"https:\/\/www.saudeindaial.sc.gov.br\/carta-servicos\/wp-json\/wp\/v2\/media?parent=445"}],"curies":[{"name":"wp","href":"https:\/\/api.w.org\/{rel}","templated":true}]}}