{"id":451,"date":"2023-11-05T00:15:49","date_gmt":"2023-11-05T03:15:49","guid":{"rendered":"https:\/\/www.saudeindaial.sc.gov.br\/carta-servicos\/?page_id=451"},"modified":"2024-10-09T14:31:59","modified_gmt":"2024-10-09T17:31:59","slug":"consulta-puerperal","status":"publish","type":"page","link":"https:\/\/www.saudeindaial.sc.gov.br\/carta-servicos\/consulta-puerperal\/","title":{"rendered":"Consulta Puerperal"},"content":{"rendered":"\n<p>Voc\u00ea tamb\u00e9m pode conhecer este servi\u00e7o como: Consulta ap\u00f3s parto. Este servi\u00e7o consiste na consulta realizada em, no per\u00edodo m\u00e1ximo de quarenta e dois dias ap\u00f3s o parto, com finalidade da conclus\u00e3o da assist\u00eancia obst\u00e9trica.<br>Puerp\u00e9rio \u00e9 o per\u00edodo que ocorre logo ap\u00f3s o parto, tamb\u00e9m denominado de p\u00f3s-parto. Nesta fase, o corpo da mulher est\u00e1 em processo de recupera\u00e7\u00e3o da gravidez, sofrendo uma s\u00e9rie de modifica\u00e7\u00f5es f\u00edsicas e psicol\u00f3gicas. Os m\u00e9dicos estimam que o tempo m\u00e9dio do puerp\u00e9rio \u00e9 de 6 semanas, come\u00e7ando imediatamente ap\u00f3s o nascimento do beb\u00ea. Durante esta fase, o corpo da pu\u00e9rpera est\u00e1 em processo de estabiliza\u00e7\u00e3o, voltando ao que era antes da gravidez. A mulher deve continuar procurando orienta\u00e7\u00e3o de sua equipe de sa\u00fade at\u00e9 a total recupera\u00e7\u00e3o do organismo. Recomenda-se o retorno da mulher e do rec\u00e9m-nascido ao servi\u00e7o de sa\u00fade, de 7 a 10 dias ap\u00f3s o parto, o que j\u00e1 \u00e9 incentivado desde o pr\u00e9-natal, na maternidade e pelos agentes comunit\u00e1rios de sa\u00fade na visita domiciliar.<\/p>\n\n\n\n<p>&nbsp;<strong>Objetivos da Consulta Puerperal:<\/strong><br>\u2022 Avaliar o estado de sa\u00fade da mulher e do rec\u00e9m-nascido.<br>&nbsp;\u2022 Orientar e apoiar a fam\u00edlia para a amamenta\u00e7\u00e3o.<br>&nbsp;\u2022 Orientar os cuidados b\u00e1sicos com o rec\u00e9m-nascido.<br>&nbsp;\u2022 Avaliar a intera\u00e7\u00e3o da m\u00e3e com o rec\u00e9m-nascido.<br>&nbsp;\u2022 Identificar situa\u00e7\u00f5es de risco ou intercorr\u00eancias e conduzi-las.<br>\u2022 Orientar o planejamento familiar.<\/p>\n\n\n\n<p>Para maiores informa\u00e7\u00f5es, entre em contato com sua unidade de sa\u00fade de refer\u00eancia.<\/p>\n\n\n<div class=\"wp-block-image\">\n<figure class=\"aligncenter size-full is-resized\"><img loading=\"lazy\" decoding=\"async\" width=\"600\" height=\"345\" src=\"https:\/\/www.saudeindaial.sc.gov.br\/carta-servicos\/wp-content\/uploads\/2023\/11\/pg25img18.png\" alt=\"\" class=\"wp-image-454\" style=\"aspect-ratio:1.7391304347826086;width:360px;height:auto\" srcset=\"https:\/\/www.saudeindaial.sc.gov.br\/carta-servicos\/wp-content\/uploads\/2023\/11\/pg25img18.png 600w, https:\/\/www.saudeindaial.sc.gov.br\/carta-servicos\/wp-content\/uploads\/2023\/11\/pg25img18-300x173.png 300w, https:\/\/www.saudeindaial.sc.gov.br\/carta-servicos\/wp-content\/uploads\/2023\/11\/pg25img18-210x121.png 210w\" sizes=\"auto, (max-width: 600px) 100vw, 600px\" \/><\/figure><\/div>\n\n\n<div class=\"wp-block-buttons is-content-justification-right is-layout-flex wp-container-core-buttons-is-layout-1 wp-block-buttons-is-layout-flex\">\n<div class=\"wp-block-button is-style-fill\"><a class=\"wp-block-button__link wp-element-button\" href=\"https:\/\/www.saudeindaial.sc.gov.br\/carta-servicos\/pre-natal-na-atencao-primaria\/\">voltar<\/a><\/div>\n<\/div>\n","protected":false},"excerpt":{"rendered":"<p>Voc\u00ea tamb\u00e9m pode conhecer este servi\u00e7o como: Consulta ap\u00f3s parto. Este servi\u00e7o consiste na consulta realizada em, no per\u00edodo m\u00e1ximo de quarenta e dois dias ap\u00f3s o parto, com finalidade da conclus\u00e3o da assist\u00eancia obst\u00e9trica.Puerp\u00e9rio \u00e9 o per\u00edodo que ocorre logo ap\u00f3s o parto, tamb\u00e9m denominado de p\u00f3s-parto. Nesta fase, o corpo da mulher est\u00e1 [&hellip;]<\/p>\n","protected":false},"author":2,"featured_media":0,"parent":0,"menu_order":0,"comment_status":"closed","ping_status":"closed","template":"","meta":{"footnotes":""},"class_list":["post-451","page","type-page","status-publish","hentry"],"_links":{"self":[{"href":"https:\/\/www.saudeindaial.sc.gov.br\/carta-servicos\/wp-json\/wp\/v2\/pages\/451","targetHints":{"allow":["GET"]}}],"collection":[{"href":"https:\/\/www.saudeindaial.sc.gov.br\/carta-servicos\/wp-json\/wp\/v2\/pages"}],"about":[{"href":"https:\/\/www.saudeindaial.sc.gov.br\/carta-servicos\/wp-json\/wp\/v2\/types\/page"}],"author":[{"embeddable":true,"href":"https:\/\/www.saudeindaial.sc.gov.br\/carta-servicos\/wp-json\/wp\/v2\/users\/2"}],"replies":[{"embeddable":true,"href":"https:\/\/www.saudeindaial.sc.gov.br\/carta-servicos\/wp-json\/wp\/v2\/comments?post=451"}],"version-history":[{"count":2,"href":"https:\/\/www.saudeindaial.sc.gov.br\/carta-servicos\/wp-json\/wp\/v2\/pages\/451\/revisions"}],"predecessor-version":[{"id":967,"href":"https:\/\/www.saudeindaial.sc.gov.br\/carta-servicos\/wp-json\/wp\/v2\/pages\/451\/revisions\/967"}],"wp:attachment":[{"href":"https:\/\/www.saudeindaial.sc.gov.br\/carta-servicos\/wp-json\/wp\/v2\/media?parent=451"}],"curies":[{"name":"wp","href":"https:\/\/api.w.org\/{rel}","templated":true}]}}