{"id":46,"date":"2023-10-04T22:00:00","date_gmt":"2023-10-05T01:00:00","guid":{"rendered":"https:\/\/www.saudeindaial.sc.gov.br\/carta-servicos\/?page_id=46"},"modified":"2025-04-02T15:34:46","modified_gmt":"2025-04-02T18:34:46","slug":"endereco-telefone-e-composicao","status":"publish","type":"page","link":"https:\/\/www.saudeindaial.sc.gov.br\/carta-servicos\/endereco-telefone-e-composicao\/","title":{"rendered":"Endere\u00e7o, Telefone e Composi\u00e7\u00e3o"},"content":{"rendered":"\n<div class=\"wp-block-buttons has-custom-font-size has-small-font-size is-horizontal is-content-justification-right is-layout-flex wp-container-core-buttons-is-layout-1 wp-block-buttons-is-layout-flex\">\n<div class=\"wp-block-button is-style-outline is-style-outline--1\"><a class=\"wp-block-button__link wp-element-button\" href=\"https:\/\/www.saudeindaial.sc.gov.br\/carta-servicos\/atencao-primaria\/\">voltar<\/a><\/div>\n<\/div>\n\n\n\n<p class=\"has-text-align-center has-medium-font-size\"><strong><mark style=\"background-color:rgba(0, 0, 0, 0)\" class=\"has-inline-color has-vivid-cyan-blue-color\">UNIDADES B\u00c1SICAS DE SA\u00daDE &#8211; UBS<\/mark><\/strong><\/p>\n\n\n\n<p><strong>UBS Adele Kuehl<\/strong><strong><br><\/strong>Rua Augusto Maass, 3322, Arapongas, Indaial \u2013 SC<br>Telefone: (47) 3394-5942<br>Composi\u00e7\u00e3o: 1 Equipe de Estrat\u00e9gia de Sa\u00fade da Fam\u00edlia<br>Gerente de ESF: Enf\u00aa Bruna<\/p>\n\n\n\n<p><strong>UBS Adriana Juceli Cattoni<\/strong><strong><br><\/strong>Rua: Uberaba, 829, Mulde, Indaial \u2013 SC<br>Telefone: (47) 3308-5802<br>Composi\u00e7\u00e3o: 1 Equipe de Estrat\u00e9gia de Sa\u00fade da Fam\u00edlia, Sala de Vacinas, Atendimento Odontol\u00f3gico<br>Gerente de ESF: Enf\u00aa Karin<\/p>\n\n\n\n<p><strong>UBS Albert Sabin<\/strong><strong><br><\/strong>Rua: Caxias do Sul, 295, Encano do Norte, Indaial \u2013 SC<br>Telefone: (47) 3394-4103<br>Composi\u00e7\u00e3o: 1 Equipe de Estrat\u00e9gia de Sa\u00fade da Fam\u00edlia, Sala de Vacinas, Atendimento Odontol\u00f3gico<br>Gerente de ESF: Enf\u00aa Sabrina<\/p>\n\n\n\n<p><strong>UBS Alexandre da Silva Faria \u2013 \u201cNico\u201d<br><\/strong>Rua: Ata\u00edde Rufino, 609, Benedito, Indaial \u2013 SC<br>Telefone: (47) 3513-8247 &#8211; 3513-8248<br>Composi\u00e7\u00e3o: 2 Equipes de Estrat\u00e9gia de Sa\u00fade da Fam\u00edlia, Sala de Vacinas, Atendimento Odontol\u00f3gico<br>Gerente de ESF: Enf\u00aa Fernanda e Enf\u00aa Lays<\/p>\n\n\n\n<p><strong>UBS Artur Keunecke<\/strong><strong><br><\/strong>Rua: Marechal Floriano Peixoto, 3330, Estrada das Areias, Indaial \u2013 SC<br>Telefone: (47) 3333-4176<br>Composi\u00e7\u00e3o: 2 Equipes de Estrat\u00e9gia de Sa\u00fade da Fam\u00edlia, 1 Equipe de Aten\u00e7\u00e3o Prim\u00e1ria noturna, Sala de Vacinas, Atendimento Odontol\u00f3gico<br>Gerentes de ESF: Enf\u00aa Francielle e Enf\u00aa Suellem<\/p>\n\n\n\n<p><strong>UBS Bertolina May Kechele<\/strong><strong><br><\/strong>Alameda Juiz de Fora, 69, Benedito, Indaial \u2013 SC<br>Telefone: (47) 3333-4173<br>Composi\u00e7\u00e3o: 2 Equipes de Estrat\u00e9gia de Sa\u00fade da Fam\u00edlia, Sala de Vacinas, Atendimento Odontol\u00f3gico<br>Gerentes de ESF: Enf\u00aa Jania e Enf\u00ba Mois\u00e9s<\/p>\n\n\n\n<p><strong>UBS Caetano da Silva Porto<br><\/strong>Rua: XV de Novembro, 377, Carij\u00f3s, Indaial \u2013 SC<br>Telefone: (47) 3304-8421 &#8211; 3304-8423<br>Composi\u00e7\u00e3o: 3 Equipes de Estrat\u00e9gia de Sa\u00fade da Fam\u00edlia, 1 Equipe de Aten\u00e7\u00e3o Prim\u00e1ria noturna, Sala de Vacinas, Atendimento Odontol\u00f3gico*.<br>Gerentes de ESF: Enf\u00aa Andreza e Enf\u00ba Jo\u00e3o.<br>*Provisoriamente devido a reforma e amplia\u00e7\u00e3o da unidade, o atendimento odontol\u00f3gico \u00e9 realizado na Unidade Sanit\u00e1ria Heinz Schutz.<\/p>\n\n\n\n<p><strong>UBS Dr. Jo\u00e3o Jos\u00e9 C\u00e2ndido da Silva<br><\/strong>Rua: Piratuba, 350, Rio Morto, Indaial \u2013 SC<br>Telefone: (47) 3306-7343 &#8211; 3306-7344<br>Composi\u00e7\u00e3o: 3 Equipes de Estrat\u00e9gia de Sa\u00fade da Fam\u00edlia, Sala de Vacinas, Atendimento Odontol\u00f3gico<br>Gerentes de ESF: Enf\u00aa Mara, Enf\u00aa Kezia e Enf\u00aa Fabiane<\/p>\n\n\n\n<p><strong>UBS Dr. Nilo de Freitas<\/strong><strong><br><\/strong>Avenida Brasil, 2266, Rio Morto, Indaial \u2013 SC<br>Telefone: (47) 3394-0541<br>Composi\u00e7\u00e3o: 2 Equipes de Estrat\u00e9gia de Sa\u00fade da Fam\u00edlia, Sala de Vacinas, Atendimento Odontol\u00f3gico<br>Gerentes de ESF: Enf\u00aa Aurilene e Enf\u00aa Suellen<\/p>\n\n\n\n<p><strong>UBS Dr. Renato Ferreira de Mello<\/strong><br>Rua Santa Maria, 461, Jo\u00e3o Paulo II, Indaial \u2013 SC<br>Telefone: (47) 3333-8481<br>Composi\u00e7\u00e3o: 1 Equipe de Estrat\u00e9gia de Sa\u00fade da Fam\u00edlia, Sala de Vacinas, Atendimento Odontol\u00f3gico<br>Gerente de ESF: Enf\u00aa Vanessa<\/p>\n\n\n\n<p><strong>UBS Guinther Ricardo Ebert<\/strong><strong><br><\/strong>Rua: Marechal Deodoro da Fonseca, 9255, Warnow, Indaial \u2013 SC<br>Telefone: (47) 3333-4170<br>Composi\u00e7\u00e3o: 2 Equipes de Estrat\u00e9gia de Sa\u00fade da Fam\u00edlia, Sala de Vacinas, Atendimento odontol\u00f3gico.<br>Gerentes de ESF: Enf\u00aa Simone e Enf\u00aa Daniela (No momento Enf\u00aa Patr\u00edcia cobrindo Licen\u00e7a Maternidade)<\/p>\n\n\n\n<p><strong>UBS Irineu Kienen<\/strong><strong><br><\/strong>Rua: Hartwig Reguse, 60, Encano Baixo, Indaial \u2013 SC<br>Telefone: (47) 3394-7283<br>Composi\u00e7\u00e3o: 2 Equipes de Estrat\u00e9gia de Sa\u00fade da Fam\u00edlia, Sala de Vacinas, Atendimento odontol\u00f3gico<br>Gerentes de ESF: Enf\u00aa M\u00e1rcia e Enf\u00aa Ju\u00e7ara<\/p>\n\n\n\n<p><strong>UBS Jaqueline Bonetti Bianco<br><\/strong>Rua: Dr. Blumenau, 300, Sol, Indaial \u2013 SC<br>Telefone: (47) 3304-7785 &#8211; 3304-7786<br>Composi\u00e7\u00e3o: 3 Equipes de Estrat\u00e9gia de Sa\u00fade da Fam\u00edlia, Sala de Vacinas, Atendimento odontol\u00f3gico<br>Gerentes de ESF: Enf\u00aa Dulcin\u00e9ia,\u00a0 Enf K\u00e1tia e Enf\u00aa Josiane<\/p>\n\n\n\n<p><strong>UBS Marcia Maria Andreatta<\/strong><strong><br><\/strong>Rua: Jo\u00e3o Batista Deretti, 226, Estados, Indaial \u2013 SC<br>Telefone: (47) 3394-1605<br>Composi\u00e7\u00e3o: 2 Equipes de Estrat\u00e9gia de Sa\u00fade da Fam\u00edlia, Sala de Vacinas, Atendimento odontol\u00f3gico<br>Gerentes de ESF: Enf\u00aa Nicole e Enf\u00aa Regina<\/p>\n\n\n\n<p><strong>UBS Remo Wendorf<\/strong><br>Rua: Paramaribo, 26, Tapaj\u00f3s, Indaial \u2013 SC<br>Telefone: (47) 3394-8432<br>Composi\u00e7\u00e3o: 3 Equipes de Estrat\u00e9gia de Sa\u00fade da Fam\u00edlia, 1 Equipe de Aten\u00e7\u00e3o Prim\u00e1ria noturna, Sala de Vacinas, Atendimento Odontol\u00f3gico<br>Gerentes de ESF: Enf\u00aa Gislaine, Enf\u00aa Francisca e Enf\u00aa Cilene<\/p>\n\n\n\n<p><strong>DEMAIS SERVI\u00c7OS<\/strong><\/p>\n\n\n\n<p><strong>Central de Assist\u00eancia Farmac\u00eautica \u2013 CAF<\/strong><br>Rua Desembargador Alves Pedrosa, 50, Centro, Indaial \u2013 SC<br>Telefone: (47) 3333-0223<br>Composi\u00e7\u00e3o da Equipe: 5 farmac\u00eauticos e 2 atendentes de farm\u00e1cia<br>Gerente de Assist\u00eancia Farmac\u00eautica: Farm. Brian<\/p>\n\n\n\n<p><br><strong>Os mun\u00edcipes tamb\u00e9m podem agendar as suas consultas atrav\u00e9s da Telemedicina pelo contato de WhtasApp (47) 3281-7100.<\/strong><\/p>\n\n\n\n<div class=\"wp-block-buttons is-content-justification-right is-layout-flex wp-container-core-buttons-is-layout-2 wp-block-buttons-is-layout-flex\">\n<div class=\"wp-block-button has-custom-font-size is-style-outline has-small-font-size is-style-outline--2\"><a class=\"wp-block-button__link wp-element-button\" href=\"https:\/\/www.saudeindaial.sc.gov.br\/carta-servicos\/atencao-primaria\/\">voltar<\/a><\/div>\n<\/div>\n\n\n<div class=\"wp-block-image\">\n<figure class=\"aligncenter size-full is-resized\"><img loading=\"lazy\" decoding=\"async\" width=\"512\" height=\"512\" src=\"https:\/\/www.saudeindaial.sc.gov.br\/carta-servicos\/wp-content\/uploads\/2023\/10\/animat-map-color.gif\" alt=\"\" class=\"wp-image-158\" style=\"aspect-ratio:1;width:306px;height:auto\"\/><\/figure><\/div>","protected":false},"excerpt":{"rendered":"<p>UNIDADES B\u00c1SICAS DE SA\u00daDE &#8211; UBS UBS Adele KuehlRua Augusto Maass, 3322, Arapongas, Indaial \u2013 SCTelefone: (47) 3394-5942Composi\u00e7\u00e3o: 1 Equipe de Estrat\u00e9gia de Sa\u00fade da Fam\u00edliaGerente de ESF: Enf\u00aa Bruna UBS Adriana Juceli CattoniRua: Uberaba, 829, Mulde, Indaial \u2013 SCTelefone: (47) 3308-5802Composi\u00e7\u00e3o: 1 Equipe de Estrat\u00e9gia de Sa\u00fade da Fam\u00edlia, Sala de Vacinas, Atendimento Odontol\u00f3gicoGerente [&hellip;]<\/p>\n","protected":false},"author":1,"featured_media":0,"parent":0,"menu_order":0,"comment_status":"closed","ping_status":"closed","template":"","meta":{"footnotes":""},"class_list":["post-46","page","type-page","status-publish","hentry"],"_links":{"self":[{"href":"https:\/\/www.saudeindaial.sc.gov.br\/carta-servicos\/wp-json\/wp\/v2\/pages\/46","targetHints":{"allow":["GET"]}}],"collection":[{"href":"https:\/\/www.saudeindaial.sc.gov.br\/carta-servicos\/wp-json\/wp\/v2\/pages"}],"about":[{"href":"https:\/\/www.saudeindaial.sc.gov.br\/carta-servicos\/wp-json\/wp\/v2\/types\/page"}],"author":[{"embeddable":true,"href":"https:\/\/www.saudeindaial.sc.gov.br\/carta-servicos\/wp-json\/wp\/v2\/users\/1"}],"replies":[{"embeddable":true,"href":"https:\/\/www.saudeindaial.sc.gov.br\/carta-servicos\/wp-json\/wp\/v2\/comments?post=46"}],"version-history":[{"count":18,"href":"https:\/\/www.saudeindaial.sc.gov.br\/carta-servicos\/wp-json\/wp\/v2\/pages\/46\/revisions"}],"predecessor-version":[{"id":1017,"href":"https:\/\/www.saudeindaial.sc.gov.br\/carta-servicos\/wp-json\/wp\/v2\/pages\/46\/revisions\/1017"}],"wp:attachment":[{"href":"https:\/\/www.saudeindaial.sc.gov.br\/carta-servicos\/wp-json\/wp\/v2\/media?parent=46"}],"curies":[{"name":"wp","href":"https:\/\/api.w.org\/{rel}","templated":true}]}}