{"id":463,"date":"2023-11-05T00:52:58","date_gmt":"2023-11-05T03:52:58","guid":{"rendered":"https:\/\/www.saudeindaial.sc.gov.br\/carta-servicos\/?page_id=463"},"modified":"2024-10-09T14:32:39","modified_gmt":"2024-10-09T17:32:39","slug":"puericultura-saude-da-crianca","status":"publish","type":"page","link":"https:\/\/www.saudeindaial.sc.gov.br\/carta-servicos\/puericultura-saude-da-crianca\/","title":{"rendered":"Puericultura &#8211; Sa\u00fade da Crian\u00e7a"},"content":{"rendered":"\n<p><strong>A crian\u00e7a \u00e9 um ser humano em pleno desenvolvimento.<\/strong>&nbsp;As experi\u00eancias vividas nos primeiros anos de vida s\u00e3o fundamentais para a forma\u00e7\u00e3o da pessoa adulta que ela ser\u00e1 no futuro. Por isso, \u00e9 muito importante que as crian\u00e7as cres\u00e7am em um ambiente saud\u00e1vel, cercadas de afeto, e com liberdade para brincar.&nbsp;<\/p>\n\n\n<div class=\"wp-block-image\">\n<figure class=\"aligncenter size-full is-resized\"><img loading=\"lazy\" decoding=\"async\" width=\"626\" height=\"313\" src=\"https:\/\/www.saudeindaial.sc.gov.br\/carta-servicos\/wp-content\/uploads\/2023\/11\/61ebbead6b618bc4f9405ca987cff1e4.jpg\" alt=\"\" class=\"wp-image-464\" style=\"aspect-ratio:2;width:388px;height:auto\" srcset=\"https:\/\/www.saudeindaial.sc.gov.br\/carta-servicos\/wp-content\/uploads\/2023\/11\/61ebbead6b618bc4f9405ca987cff1e4.jpg 626w, https:\/\/www.saudeindaial.sc.gov.br\/carta-servicos\/wp-content\/uploads\/2023\/11\/61ebbead6b618bc4f9405ca987cff1e4-300x150.jpg 300w, https:\/\/www.saudeindaial.sc.gov.br\/carta-servicos\/wp-content\/uploads\/2023\/11\/61ebbead6b618bc4f9405ca987cff1e4-210x105.jpg 210w\" sizes=\"auto, (max-width: 626px) 100vw, 626px\" \/><\/figure><\/div>\n\n\n<h2 class=\"wp-block-heading\">Toda crian\u00e7a tem direito a:<\/h2>\n\n\n\n<ul class=\"wp-block-list\">\n<li>Ser registrada gratuitamente;<\/li>\n\n\n\n<li>Realizar o teste do pezinho at\u00e9 o 5\u00ba dia de vida, na maternidade, UBS ou outro ponto de refer\u00eancia na Rede de Aten\u00e7\u00e3o \u00e0 Sa\u00fade;<\/li>\n\n\n\n<li>Ter acesso a servi\u00e7os de sa\u00fade de qualidade;<\/li>\n\n\n\n<li>Ter acesso \u00e0 escola p\u00fablica e gratuita perto do lugar onde mora;<\/li>\n\n\n\n<li>Receber a&nbsp;<strong>Caderneta da Crian\u00e7a<\/strong>&nbsp;ainda na Maternidade;<\/li>\n\n\n\n<li>Receber gratuitamente as vacinas indicadas no Calend\u00e1rio Nacional de Vacina\u00e7\u00e3o.<\/li>\n\n\n\n<li>Viver intensamente a inf\u00e2ncia;<\/li>\n\n\n\n<li>Ter acesso \u00e0 \u00e1gua pot\u00e1vel e alimenta\u00e7\u00e3o adequada;<\/li>\n\n\n\n<li>Ser acompanhada em seu crescimento e desenvolvimento;<\/li>\n\n\n\n<li>Ser acompanhada pelos pais durante a interna\u00e7\u00e3o em hospitais;<\/li>\n\n\n\n<li>Viver em um lugar limpo, ensolarado e arejado;<\/li>\n\n\n\n<li>Ter oportunidade de brincar e aprender;<\/li>\n\n\n\n<li>Viver em ambiente afetuoso e sem viol\u00eancia.<br><\/li>\n<\/ul>\n\n\n\n<p>Voc\u00ea deve levar a crian\u00e7a para fazer as consultas de rotina nas idades:<\/p>\n\n\n<div class=\"wp-block-image\">\n<figure class=\"alignleft size-full is-resized\"><img loading=\"lazy\" decoding=\"async\" width=\"626\" height=\"347\" src=\"https:\/\/www.saudeindaial.sc.gov.br\/carta-servicos\/wp-content\/uploads\/2023\/11\/marcos-do-desenvolvimento-infantil-1-1.jpg\" alt=\"\" class=\"wp-image-467\" style=\"aspect-ratio:1.8040345821325647;width:265px;height:auto\" srcset=\"https:\/\/www.saudeindaial.sc.gov.br\/carta-servicos\/wp-content\/uploads\/2023\/11\/marcos-do-desenvolvimento-infantil-1-1.jpg 626w, https:\/\/www.saudeindaial.sc.gov.br\/carta-servicos\/wp-content\/uploads\/2023\/11\/marcos-do-desenvolvimento-infantil-1-1-300x166.jpg 300w, https:\/\/www.saudeindaial.sc.gov.br\/carta-servicos\/wp-content\/uploads\/2023\/11\/marcos-do-desenvolvimento-infantil-1-1-210x116.jpg 210w\" sizes=\"auto, (max-width: 626px) 100vw, 626px\" \/><\/figure><\/div>\n\n\n<div class=\"wp-block-columns is-layout-flex wp-container-core-columns-is-layout-1 wp-block-columns-is-layout-flex\">\n<div class=\"wp-block-column is-layout-flow wp-block-column-is-layout-flow\" style=\"flex-basis:40%\">\n<p>\u25a0 Primeira semana;<br>\u25a0 1 m\u00eas;<br>\u25a0 2 meses;<br>\u25a0 4 meses;<br>\u25a0 6 meses;<\/p>\n<\/div>\n\n\n\n<div class=\"wp-block-column is-layout-flow wp-block-column-is-layout-flow\" style=\"flex-basis:40%\">\n<p>\u25a0 9 meses;<br>\u25a0 12 meses;<br>\u25a0 18 meses;<br>\u25a0 24 meses;<br>\u25a0 36 meses.<\/p>\n<\/div>\n<\/div>\n\n\n\n<p>A partir dos 2 anos de idade, as consultas de rotina devem ser feitas uma vez ao ano, de acordo com a necessidade de cuidados de seu filho. Nas consultas de rotina, voc\u00ea pode esclarecer d\u00favidas e pedir orienta\u00e7\u00f5es sobre os cuidados que voc\u00ea precisa ter para que seu filho tenha uma boa sa\u00fade. <\/p>\n\n\n\n<div class=\"wp-block-buttons is-content-justification-center is-layout-flex wp-container-core-buttons-is-layout-1 wp-block-buttons-is-layout-flex\">\n<div class=\"wp-block-button\"><a class=\"wp-block-button__link wp-element-button\" href=\"https:\/\/bvsms.saude.gov.br\/bvs\/publicacoes\/caderneta_crianca_menina_passaporte_cidadania_7ed.pdf\" target=\"_blank\" rel=\"noreferrer noopener\">Caderneta de sa\u00fade &#8211; menina<\/a><\/div>\n\n\n\n<div class=\"wp-block-button\"><a class=\"wp-block-button__link wp-element-button\" href=\"https:\/\/bvsms.saude.gov.br\/bvs\/publicacoes\/caderneta_crianca_menino_passaporte_cidadania_7ed.pdf\" target=\"_blank\" rel=\"noreferrer noopener\">Caderneta de sa\u00fade &#8211; menino<\/a><\/div>\n<\/div>\n\n\n\n<div class=\"wp-block-buttons is-content-justification-right is-layout-flex wp-container-core-buttons-is-layout-2 wp-block-buttons-is-layout-flex\">\n<div class=\"wp-block-button is-style-fill\"><a class=\"wp-block-button__link wp-element-button\" href=\"https:\/\/www.saudeindaial.sc.gov.br\/carta-servicos\/servicos-ofertados\/\">voltar<\/a><\/div>\n<\/div>\n","protected":false},"excerpt":{"rendered":"<p>A crian\u00e7a \u00e9 um ser humano em pleno desenvolvimento.&nbsp;As experi\u00eancias vividas nos primeiros anos de vida s\u00e3o fundamentais para a forma\u00e7\u00e3o da pessoa adulta que ela ser\u00e1 no futuro. Por isso, \u00e9 muito importante que as crian\u00e7as cres\u00e7am em um ambiente saud\u00e1vel, cercadas de afeto, e com liberdade para brincar.&nbsp; Toda crian\u00e7a tem direito a: [&hellip;]<\/p>\n","protected":false},"author":2,"featured_media":0,"parent":0,"menu_order":0,"comment_status":"closed","ping_status":"closed","template":"","meta":{"footnotes":""},"class_list":["post-463","page","type-page","status-publish","hentry"],"_links":{"self":[{"href":"https:\/\/www.saudeindaial.sc.gov.br\/carta-servicos\/wp-json\/wp\/v2\/pages\/463","targetHints":{"allow":["GET"]}}],"collection":[{"href":"https:\/\/www.saudeindaial.sc.gov.br\/carta-servicos\/wp-json\/wp\/v2\/pages"}],"about":[{"href":"https:\/\/www.saudeindaial.sc.gov.br\/carta-servicos\/wp-json\/wp\/v2\/types\/page"}],"author":[{"embeddable":true,"href":"https:\/\/www.saudeindaial.sc.gov.br\/carta-servicos\/wp-json\/wp\/v2\/users\/2"}],"replies":[{"embeddable":true,"href":"https:\/\/www.saudeindaial.sc.gov.br\/carta-servicos\/wp-json\/wp\/v2\/comments?post=463"}],"version-history":[{"count":3,"href":"https:\/\/www.saudeindaial.sc.gov.br\/carta-servicos\/wp-json\/wp\/v2\/pages\/463\/revisions"}],"predecessor-version":[{"id":968,"href":"https:\/\/www.saudeindaial.sc.gov.br\/carta-servicos\/wp-json\/wp\/v2\/pages\/463\/revisions\/968"}],"wp:attachment":[{"href":"https:\/\/www.saudeindaial.sc.gov.br\/carta-servicos\/wp-json\/wp\/v2\/media?parent=463"}],"curies":[{"name":"wp","href":"https:\/\/api.w.org\/{rel}","templated":true}]}}