{"id":53,"date":"2023-10-04T22:08:16","date_gmt":"2023-10-05T01:08:16","guid":{"rendered":"https:\/\/www.saudeindaial.sc.gov.br\/carta-servicos\/?page_id=53"},"modified":"2024-09-10T22:37:26","modified_gmt":"2024-09-11T01:37:26","slug":"horario-de-funcionamento","status":"publish","type":"page","link":"https:\/\/www.saudeindaial.sc.gov.br\/carta-servicos\/horario-de-funcionamento\/","title":{"rendered":"Hor\u00e1rio de Funcionamento"},"content":{"rendered":"<div class=\"wp-block-image\">\n<figure class=\"alignright size-full is-resized\"><img loading=\"lazy\" decoding=\"async\" width=\"582\" height=\"702\" src=\"https:\/\/www.saudeindaial.sc.gov.br\/carta-servicos\/wp-content\/uploads\/2023\/10\/relogio-1.gif\" alt=\"\" class=\"wp-image-165\" style=\"aspect-ratio:0.8290598290598291;width:190px;height:auto\"\/><\/figure><\/div>\n\n\n<p><strong><mark style=\"background-color:rgba(0, 0, 0, 0)\" class=\"has-inline-color has-vivid-cyan-blue-color\">Funcionamento Unidades B\u00e1sicas de Sa\u00fade:<\/mark><br><\/strong>Segunda, Ter\u00e7a, Quinta e Sexta &#8211; Feira: das 08:00 \u00e0s 12:00 e das 13:00 \u00e0s 17:00 horas.<br>Quarta-Feira: das 08:00 \u00e0s 12:00 e das 13:00 \u00e0s 15:00 horas<sup data-fn=\"a493bccf-4b6d-45c3-b694-3f48b46bfaa0\" class=\"fn\"><a href=\"#a493bccf-4b6d-45c3-b694-3f48b46bfaa0\" id=\"a493bccf-4b6d-45c3-b694-3f48b46bfaa0-link\">1<\/a><\/sup>.<\/p>\n\n\n\n<p><strong>Obs:<\/strong> <br><em><strong>UBS Artur Keunecke (Estrada das Areias)<\/strong><\/em>;<br><strong><em>UBS Caetano da Silva Porto (Carij\u00f3s);<br>UBS Remo Wendorf (Tapaj\u00f3s)<\/em><\/strong>.<br>Segunda, Ter\u00e7a, Quinta e Sexta &#8211; Feira: das 08:00 \u00e0s 12:00 e das 13:00 \u00e0s 21:00 horas<sup data-fn=\"e55cff16-ce21-461f-afbb-877a896ab049\" class=\"fn\"><a href=\"#e55cff16-ce21-461f-afbb-877a896ab049\" id=\"e55cff16-ce21-461f-afbb-877a896ab049-link\">2<\/a><\/sup>. <br>Quarta: das 08:00 \u00e0s 12:00, das 13:00 \u00e0s 15:00 horas e das 17:00 as 21:00 horas.<\/p>\n\n\n\n<p><strong>Funcionamento Sala de Vacinas:<br><\/strong>Segunda, Ter\u00e7a, Quinta e Sexta &#8211; Feira: das 08:30 \u00e0s 11:30 e das 13:00 \u00e0s 16:30 horas.<br>Quarta-Feira: das 08:30 \u00e0s 11:30 e das 13:00 \u00e0s 14:30 horas<sup data-fn=\"e3ded4b6-0bd2-4c5e-9bc8-e999147862fa\" class=\"fn\"><a href=\"#e3ded4b6-0bd2-4c5e-9bc8-e999147862fa\" id=\"e3ded4b6-0bd2-4c5e-9bc8-e999147862fa-link\">3<\/a><\/sup>.<\/p>\n\n\n\n<p><strong><mark style=\"background-color:rgba(0, 0, 0, 0)\" class=\"has-inline-color has-vivid-red-color\">Funcionamento Central de Assist\u00eancia Farmac\u00eautica:<\/mark><br><\/strong>Segunda a Sexta &#8211; Feira: das 08:00 \u00e0s 12:00 e das 13:00 \u00e0s 17:00 horas.<br><\/p>\n\n\n\n<div class=\"wp-block-buttons is-content-justification-right is-layout-flex wp-container-core-buttons-is-layout-1 wp-block-buttons-is-layout-flex\">\n<div class=\"wp-block-button has-custom-font-size is-style-outline has-small-font-size is-style-outline--1\"><a class=\"wp-block-button__link wp-element-button\" href=\"https:\/\/www.saudeindaial.sc.gov.br\/carta-servicos\/atencao-primaria\/\">voltar<\/a><\/div>\n<\/div>\n\n\n<ol class=\"wp-block-footnotes\"><li id=\"a493bccf-4b6d-45c3-b694-3f48b46bfaa0\"><em>Reuni\u00e3o de Equipe das 15:00 \u00e0s 17:00 horas.<\/em> <a href=\"#a493bccf-4b6d-45c3-b694-3f48b46bfaa0-link\" aria-label=\"Ir para a refer\u00eancia 1 na nota de rodap\u00e9\">\u21a9\ufe0e<\/a><\/li><li id=\"e55cff16-ce21-461f-afbb-877a896ab049\"><em>Das 17:00 \u00e0s 21:00 horas somente atendimentos agendados.<\/em> <a href=\"#e55cff16-ce21-461f-afbb-877a896ab049-link\" aria-label=\"Ir para a refer\u00eancia 2 na nota de rodap\u00e9\">\u21a9\ufe0e<\/a><\/li><li id=\"e3ded4b6-0bd2-4c5e-9bc8-e999147862fa\"><em>A limpeza da sala de vacinas ocorre toda primeira quarta feira do m\u00eas no per\u00edodo da tarde, sendo que neste dia, n\u00e3o h\u00e1 atendimento nas salas.<\/em> <a href=\"#e3ded4b6-0bd2-4c5e-9bc8-e999147862fa-link\" aria-label=\"Ir para a refer\u00eancia 3 na nota de rodap\u00e9\">\u21a9\ufe0e<\/a><\/li><\/ol>","protected":false},"excerpt":{"rendered":"<p>Funcionamento Unidades B\u00e1sicas de Sa\u00fade:Segunda, Ter\u00e7a, Quinta e Sexta &#8211; Feira: das 08:00 \u00e0s 12:00 e das 13:00 \u00e0s 17:00 horas.Quarta-Feira: das 08:00 \u00e0s 12:00 e das 13:00 \u00e0s 15:00 horas. Obs: UBS Artur Keunecke (Estrada das Areias);UBS Caetano da Silva Porto (Carij\u00f3s);UBS Remo Wendorf (Tapaj\u00f3s).Segunda, Ter\u00e7a, Quinta e Sexta &#8211; Feira: das 08:00 \u00e0s [&hellip;]<\/p>\n","protected":false},"author":1,"featured_media":0,"parent":0,"menu_order":0,"comment_status":"closed","ping_status":"closed","template":"","meta":{"footnotes":"[{\"content\":\"<em>Reuni\u00e3o de Equipe das 15:00 \u00e0s 17:00 horas.<\/em>\",\"id\":\"a493bccf-4b6d-45c3-b694-3f48b46bfaa0\"},{\"content\":\"<em>Das 17:00 \u00e0s 21:00 horas somente atendimentos agendados.<\/em>\",\"id\":\"e55cff16-ce21-461f-afbb-877a896ab049\"},{\"content\":\"<em>A limpeza da sala de vacinas ocorre toda primeira quarta feira do m\u00eas no per\u00edodo da tarde, sendo que neste dia, n\u00e3o h\u00e1 atendimento nas salas.<\/em>\",\"id\":\"e3ded4b6-0bd2-4c5e-9bc8-e999147862fa\"}]"},"class_list":["post-53","page","type-page","status-publish","hentry"],"_links":{"self":[{"href":"https:\/\/www.saudeindaial.sc.gov.br\/carta-servicos\/wp-json\/wp\/v2\/pages\/53","targetHints":{"allow":["GET"]}}],"collection":[{"href":"https:\/\/www.saudeindaial.sc.gov.br\/carta-servicos\/wp-json\/wp\/v2\/pages"}],"about":[{"href":"https:\/\/www.saudeindaial.sc.gov.br\/carta-servicos\/wp-json\/wp\/v2\/types\/page"}],"author":[{"embeddable":true,"href":"https:\/\/www.saudeindaial.sc.gov.br\/carta-servicos\/wp-json\/wp\/v2\/users\/1"}],"replies":[{"embeddable":true,"href":"https:\/\/www.saudeindaial.sc.gov.br\/carta-servicos\/wp-json\/wp\/v2\/comments?post=53"}],"version-history":[{"count":11,"href":"https:\/\/www.saudeindaial.sc.gov.br\/carta-servicos\/wp-json\/wp\/v2\/pages\/53\/revisions"}],"predecessor-version":[{"id":895,"href":"https:\/\/www.saudeindaial.sc.gov.br\/carta-servicos\/wp-json\/wp\/v2\/pages\/53\/revisions\/895"}],"wp:attachment":[{"href":"https:\/\/www.saudeindaial.sc.gov.br\/carta-servicos\/wp-json\/wp\/v2\/media?parent=53"}],"curies":[{"name":"wp","href":"https:\/\/api.w.org\/{rel}","templated":true}]}}