{"id":546,"date":"2023-11-21T23:10:30","date_gmt":"2023-11-22T02:10:30","guid":{"rendered":"https:\/\/www.saudeindaial.sc.gov.br\/carta-servicos\/?page_id=546"},"modified":"2024-10-09T15:14:05","modified_gmt":"2024-10-09T18:14:05","slug":"transporte-sanitario-eletivo","status":"publish","type":"page","link":"https:\/\/www.saudeindaial.sc.gov.br\/carta-servicos\/transporte-sanitario-eletivo\/","title":{"rendered":"Transporte Sanit\u00e1rio Eletivo"},"content":{"rendered":"\n<p>O Transporte Sanit\u00e1rio eletivo,&nbsp;\u00e9 destinado ao deslocamento programado de pessoas para realizar procedimentos de car\u00e1ter n\u00e3o urgente e emergencial. O atendimento eletivo n\u00e3o requer assist\u00eancia m\u00e9dica dentro de um reduzido espa\u00e7o de tempo. (<a href=\"https:\/\/bvsms.saude.gov.br\/bvs\/saudelegis\/cit\/2017\/res0013_01_03_2017.html\" target=\"_blank\" rel=\"noreferrer noopener\">resolu\u00e7\u00e3o CIT n\u00ba 13\/2017<\/a>) Transporte eletivo\/convencional, \u00e9 a modalidade de transporte destinada ao deslocamento programado de pessoas para realizar procedimentos de car\u00e1ter eletivo no \u00e2mbito do SUS, <strong>devendo ser utilizado em situa\u00e7\u00f5es previs\u00edveis de aten\u00e7\u00e3o programada<\/strong> com a realiza\u00e7\u00e3o de procedimentos regulados e agendados, <strong>sem urg\u00eancia<\/strong>, podendo ser conduzido por ve\u00edculos convencionais como carros de passeio, van, micro-\u00f4nibus. Em Indaial atendemos os usu\u00e1rios do SUS que precisem de translado para acessar os servi\u00e7os de sa\u00fade da rede. Os usu\u00e1rios s\u00e3o cadastrados no servi\u00e7o e t\u00eam seu transporte agendado conforme situa\u00e7\u00e3o de tratamento fora ou dentro do munic\u00edpio.<\/p>\n\n\n<div class=\"wp-block-image is-style-rounded\">\n<figure class=\"aligncenter size-full is-resized\"><img loading=\"lazy\" decoding=\"async\" width=\"392\" height=\"103\" src=\"https:\/\/www.saudeindaial.sc.gov.br\/carta-servicos\/wp-content\/uploads\/2023\/11\/Captura-de-tela-2023-11-21-224042.png\" alt=\"\" class=\"wp-image-548\" style=\"width:504px;height:auto\" srcset=\"https:\/\/www.saudeindaial.sc.gov.br\/carta-servicos\/wp-content\/uploads\/2023\/11\/Captura-de-tela-2023-11-21-224042.png 392w, https:\/\/www.saudeindaial.sc.gov.br\/carta-servicos\/wp-content\/uploads\/2023\/11\/Captura-de-tela-2023-11-21-224042-300x79.png 300w, https:\/\/www.saudeindaial.sc.gov.br\/carta-servicos\/wp-content\/uploads\/2023\/11\/Captura-de-tela-2023-11-21-224042-210x55.png 210w\" sizes=\"auto, (max-width: 392px) 100vw, 392px\" \/><\/figure><\/div>\n\n<div class=\"wp-block-image\">\n<figure class=\"alignright size-full is-resized\"><img loading=\"lazy\" decoding=\"async\" width=\"220\" height=\"220\" src=\"https:\/\/www.saudeindaial.sc.gov.br\/carta-servicos\/wp-content\/uploads\/2023\/11\/ambulance-ambulanceemoji.gif\" alt=\"\" class=\"wp-image-564\" style=\"width:261px;height:auto\"\/><\/figure><\/div>\n\n\n<p><strong>O Transporte P\u00fablico Sanit\u00e1rio tem como objetivo atender aos mun\u00edcipes de Indaial nas seguintes situa\u00e7\u00f5es:<\/strong><\/p>\n\n\n\n<p><em><mark style=\"background-color:rgba(0, 0, 0, 0)\" class=\"has-inline-color has-vivid-red-color\"><strong>Dentro do munic\u00edpio:<\/strong><\/mark><\/em>&nbsp;Usu\u00e1rios com mobilidade incapacitante ou nula, tempor\u00e1ria ou permanente, que impossibilite sua locomo\u00e7\u00e3o em carros convencionais e devido quadro incapacitante necessite de ambul\u00e2ncia para conseguir se locomover para tratamento de sa\u00fade (terapias, procedimentos, exames, interna\u00e7\u00f5es e altas hospitalares).<br><em><mark style=\"background-color:rgba(0, 0, 0, 0);color:#2d178a\" class=\"has-inline-color\"><strong>Fora do munic\u00edpio:<\/strong>&nbsp;<\/mark><\/em>Usu\u00e1rios agendados pela Central de Regula\u00e7\u00e3o Municipal, para procedimentos m\u00e9dicos, terap\u00eauticos, indicados por servi\u00e7os de sa\u00fade locais ou referenciados, pr\u00e9-agendados em cidades referenciadas pelo Departamento Regional de Sa\u00fade. Tanto pacientes sem d\u00e9ficit de mobilidade utilizando ve\u00edculos de passeio ou vans quanto pacientes com d\u00e9ficit de mobilidade que necessitem de transporte em ambul\u00e2ncia tipo A.<\/p>\n\n\n\n<p><strong><mark style=\"background-color:rgba(0, 0, 0, 0)\" class=\"has-inline-color has-luminous-vivid-amber-color\">Cobertura Geogr\u00e1fica<\/mark><\/strong><br>Realizamos transporte para diversos munic\u00edpios da AMVE (Associa\u00e7\u00e3o dos Mun\u00edcipios do Vale Europeu), como Api\u00fana, Ascurra, Benedito Novo, Blumenau, Botuver\u00e1, Brusque, Doutor Pedrinho, Gaspar, Guabiruba, Indaial, Pomerode, Rio dos Cedros, Rodeio e Timb\u00f3. Al\u00e9m de outros munic\u00edpios que n\u00e3o s\u00e3o da regi\u00e3o AMVE, dentre eles Florian\u00f3polis, Itaja\u00ed, Penha, Ibirama, S\u00e3o Jos\u00e9, S\u00e3o Pedro de Alc\u00e2ntara, Jaragu\u00e1 do Sul, Joinville, e Santo Amaro do Imperatriz. Um destaque \u00e9 a assist\u00eancia prestada aos hospitais do Estado, com servi\u00e7os prestados em interna\u00e7\u00e3o e alta inter-hospitalar com transporte de baixa complexidade mediante ambul\u00e2ncia branca (tipo A), conforme (<a href=\"https:\/\/www.cosemssc.org.br\/wp-content\/uploads\/2022\/01\/DELIBERACAO-CIB-279-2021.pdf\" target=\"_blank\" rel=\"noreferrer noopener\">resolu\u00e7\u00e3o 279\/CIB\/2021<\/a>).<\/p>\n\n\n\n<p><strong><mark style=\"background-color:rgba(0, 0, 0, 0)\" class=\"has-inline-color has-luminous-vivid-amber-color\">Quantitativo Estimado de Atendimentos<\/mark><\/strong><\/p>\n\n\n<div class=\"wp-block-image is-style-rounded\">\n<figure class=\"alignleft size-full is-resized\"><img loading=\"lazy\" decoding=\"async\" width=\"245\" height=\"241\" src=\"https:\/\/www.saudeindaial.sc.gov.br\/carta-servicos\/wp-content\/uploads\/2023\/11\/Captura-de-tela-2023-11-21-230146.png\" alt=\"\" class=\"wp-image-550\" style=\"width:109px;height:auto\" srcset=\"https:\/\/www.saudeindaial.sc.gov.br\/carta-servicos\/wp-content\/uploads\/2023\/11\/Captura-de-tela-2023-11-21-230146.png 245w, https:\/\/www.saudeindaial.sc.gov.br\/carta-servicos\/wp-content\/uploads\/2023\/11\/Captura-de-tela-2023-11-21-230146-210x207.png 210w\" sizes=\"auto, (max-width: 245px) 100vw, 245px\" \/><\/figure><\/div>\n\n\n<p>Realizamos uma m\u00e9dia 1.100 transportes por m\u00eas, com atendimento de 24 horas, inclusive aos finais de semana, com suporte em forma de sobreaviso para chamados hospitalares e para tratamentos fora do domic\u00edlio (TFD) que tenham sido previamente agendados. Importante destacar que essa estimativa trata da m\u00e9dia de transportes efetuados e n\u00e3o de pacientes transportados, sendo que um determinado paciente pode ser transportado mais de uma vez durante o per\u00edodo. <br><br><\/p>\n\n\n\n<p><strong><mark style=\"background-color:rgba(0, 0, 0, 0)\" class=\"has-inline-color has-luminous-vivid-amber-color\">Frota<\/mark><\/strong><br>Nossa frota conta com 04 Vans de passageiros, 03 Ambul\u00e2ncias Brancas (tipo A), e&nbsp;04&nbsp;Autom\u00f3veis de Passeio, conforme tabela atual que segue:<\/p>\n\n\n<div class=\"wp-block-image\">\n<figure class=\"aligncenter size-full is-resized\"><img loading=\"lazy\" decoding=\"async\" width=\"673\" height=\"434\" src=\"https:\/\/www.saudeindaial.sc.gov.br\/carta-servicos\/wp-content\/uploads\/2023\/11\/carros.png\" alt=\"\" class=\"wp-image-547\" style=\"width:720px;height:auto\" srcset=\"https:\/\/www.saudeindaial.sc.gov.br\/carta-servicos\/wp-content\/uploads\/2023\/11\/carros.png 673w, https:\/\/www.saudeindaial.sc.gov.br\/carta-servicos\/wp-content\/uploads\/2023\/11\/carros-300x193.png 300w, https:\/\/www.saudeindaial.sc.gov.br\/carta-servicos\/wp-content\/uploads\/2023\/11\/carros-210x135.png 210w\" sizes=\"auto, (max-width: 673px) 100vw, 673px\" \/><\/figure><\/div>\n\n\n<div class=\"wp-block-columns is-layout-flex wp-container-core-columns-is-layout-1 wp-block-columns-is-layout-flex\">\n<div class=\"wp-block-column is-layout-flow wp-block-column-is-layout-flow\">\n<p><\/p>\n\n\n\n<p>O setor fica localizado anexo ao SAIS, no endere\u00e7o: <br>Rua Doutor Leoberto Leal, n\u00ba 155, Tapaj\u00f3s<br>Telefone: 047 &#8211; 3281-7148<\/p>\n<\/div>\n\n\n\n<div class=\"wp-block-column is-layout-flow wp-block-column-is-layout-flow\"><div class=\"wp-block-image\">\n<figure class=\"aligncenter size-full is-resized\"><img loading=\"lazy\" decoding=\"async\" width=\"512\" height=\"512\" src=\"https:\/\/www.saudeindaial.sc.gov.br\/carta-servicos\/wp-content\/uploads\/2023\/11\/animat-map-color-4.gif\" alt=\"\" class=\"wp-image-551\" style=\"width:141px;height:auto\"\/><\/figure><\/div><\/div>\n<\/div>\n\n\n\n<p><br><\/p>\n\n\n\n<div class=\"wp-block-buttons is-content-justification-right is-layout-flex wp-container-core-buttons-is-layout-1 wp-block-buttons-is-layout-flex\">\n<div class=\"wp-block-button is-style-fill\"><a class=\"wp-block-button__link wp-element-button\" href=\"https:\/\/www.saudeindaial.sc.gov.br\/carta-servicos\/\">voltar<\/a><\/div>\n<\/div>\n","protected":false},"excerpt":{"rendered":"<p>O Transporte Sanit\u00e1rio eletivo,&nbsp;\u00e9 destinado ao deslocamento programado de pessoas para realizar procedimentos de car\u00e1ter n\u00e3o urgente e emergencial. O atendimento eletivo n\u00e3o requer assist\u00eancia m\u00e9dica dentro de um reduzido espa\u00e7o de tempo. (resolu\u00e7\u00e3o CIT n\u00ba 13\/2017) Transporte eletivo\/convencional, \u00e9 a modalidade de transporte destinada ao deslocamento programado de pessoas para realizar procedimentos de car\u00e1ter [&hellip;]<\/p>\n","protected":false},"author":2,"featured_media":0,"parent":0,"menu_order":0,"comment_status":"closed","ping_status":"closed","template":"","meta":{"footnotes":""},"class_list":["post-546","page","type-page","status-publish","hentry"],"_links":{"self":[{"href":"https:\/\/www.saudeindaial.sc.gov.br\/carta-servicos\/wp-json\/wp\/v2\/pages\/546","targetHints":{"allow":["GET"]}}],"collection":[{"href":"https:\/\/www.saudeindaial.sc.gov.br\/carta-servicos\/wp-json\/wp\/v2\/pages"}],"about":[{"href":"https:\/\/www.saudeindaial.sc.gov.br\/carta-servicos\/wp-json\/wp\/v2\/types\/page"}],"author":[{"embeddable":true,"href":"https:\/\/www.saudeindaial.sc.gov.br\/carta-servicos\/wp-json\/wp\/v2\/users\/2"}],"replies":[{"embeddable":true,"href":"https:\/\/www.saudeindaial.sc.gov.br\/carta-servicos\/wp-json\/wp\/v2\/comments?post=546"}],"version-history":[{"count":13,"href":"https:\/\/www.saudeindaial.sc.gov.br\/carta-servicos\/wp-json\/wp\/v2\/pages\/546\/revisions"}],"predecessor-version":[{"id":1000,"href":"https:\/\/www.saudeindaial.sc.gov.br\/carta-servicos\/wp-json\/wp\/v2\/pages\/546\/revisions\/1000"}],"wp:attachment":[{"href":"https:\/\/www.saudeindaial.sc.gov.br\/carta-servicos\/wp-json\/wp\/v2\/media?parent=546"}],"curies":[{"name":"wp","href":"https:\/\/api.w.org\/{rel}","templated":true}]}}