{"id":567,"date":"2023-12-10T22:41:22","date_gmt":"2023-12-11T01:41:22","guid":{"rendered":"https:\/\/www.saudeindaial.sc.gov.br\/carta-servicos\/?page_id=567"},"modified":"2024-10-09T11:55:16","modified_gmt":"2024-10-09T14:55:16","slug":"assistencia-farmaceutica","status":"publish","type":"page","link":"https:\/\/www.saudeindaial.sc.gov.br\/carta-servicos\/assistencia-farmaceutica\/","title":{"rendered":"Assist\u00eancia Farmac\u00eautica"},"content":{"rendered":"<div class=\"wp-block-image is-style-default\">\n<figure class=\"alignright size-full is-resized\"><img loading=\"lazy\" decoding=\"async\" width=\"664\" height=\"651\" src=\"https:\/\/www.saudeindaial.sc.gov.br\/carta-servicos\/wp-content\/uploads\/2023\/12\/Acesso_Ass_Farma_SUS_2.png\" alt=\"\" class=\"wp-image-568\" style=\"width:305px;height:auto\" srcset=\"https:\/\/www.saudeindaial.sc.gov.br\/carta-servicos\/wp-content\/uploads\/2023\/12\/Acesso_Ass_Farma_SUS_2.png 664w, https:\/\/www.saudeindaial.sc.gov.br\/carta-servicos\/wp-content\/uploads\/2023\/12\/Acesso_Ass_Farma_SUS_2-300x294.png 300w, https:\/\/www.saudeindaial.sc.gov.br\/carta-servicos\/wp-content\/uploads\/2023\/12\/Acesso_Ass_Farma_SUS_2-210x206.png 210w\" sizes=\"auto, (max-width: 664px) 100vw, 664px\" \/><\/figure><\/div>\n\n\n<p>A Assist\u00eancia Farmac\u00eautica \u00e9 um conjunto de a\u00e7\u00f5es voltadas a promo\u00e7\u00e3o, prote\u00e7\u00e3o e recupera\u00e7\u00e3o da sa\u00fade, tanto individual como coletiva, e tem como objetivo, assegurar o acesso da popula\u00e7\u00e3o aos medicamentos de qualidade, contribuindo para o uso racional.<\/p>\n\n\n\n<p>A Assist\u00eancia Farmac\u00eautica no Sistema \u00danico de Sa\u00fade (SUS) \u00e9 organizada em tr\u00eas componentes: Componente B\u00e1sico da Assist\u00eancia Farmac\u00eautica (Cbaf), Componente Estrat\u00e9gico da Assist\u00eancia Farmac\u00eautica (Cesaf) e Componente Especializado da Assist\u00eancia Farmac\u00eautica (Ceaf).<\/p>\n\n\n\n<p>Cada um dos Componentes possui caracter\u00edsticas, forma de organiza\u00e7\u00e3o, financiamento e elenco de medicamentos diferenciados entre si, bem como crit\u00e9rios distintos para o acesso e a disponibiliza\u00e7\u00e3o dos medicamentos. O elenco de medicamentos dispon\u00edveis, divididos por Componentes, pode ser consultado na <a href=\"https:\/\/www.conass.org.br\/wp-content\/uploads\/2022\/01\/RENAME-2022.pdf\" target=\"_blank\" rel=\"noreferrer noopener\"><strong>Rela\u00e7\u00e3o Nacional de Medicamentos Essenciais<\/strong><\/a> (Rename).<\/p>\n\n\n\n<p><\/p>\n\n\n\n<p><\/p>\n\n\n\n<p class=\"has-text-align-center has-medium-font-size\"><strong><mark style=\"background-color:rgba(0, 0, 0, 0);color:#1a7ab1\" class=\"has-inline-color\">QUE TAL CONHECER UM POUCO MAIS SOBRE CADA COMPONENTE DA ASSISTENCIA FARMAC\u00caUTICA?<\/mark> <\/strong><\/p>\n\n\n<div class=\"wp-block-image\">\n<figure class=\"aligncenter size-full is-resized\"><img loading=\"lazy\" decoding=\"async\" width=\"300\" height=\"150\" src=\"https:\/\/www.saudeindaial.sc.gov.br\/carta-servicos\/wp-content\/uploads\/2023\/12\/Seta-Gif.webp\" alt=\"\" class=\"wp-image-594\" style=\"width:212px;height:auto\" srcset=\"https:\/\/www.saudeindaial.sc.gov.br\/carta-servicos\/wp-content\/uploads\/2023\/12\/Seta-Gif.webp 300w, https:\/\/www.saudeindaial.sc.gov.br\/carta-servicos\/wp-content\/uploads\/2023\/12\/Seta-Gif-210x105.webp 210w\" sizes=\"auto, (max-width: 300px) 100vw, 300px\" \/><\/figure><\/div>\n\n\n<div class=\"wp-block-columns is-layout-flex wp-container-core-columns-is-layout-1 wp-block-columns-is-layout-flex\">\n<div class=\"wp-block-column is-layout-flow wp-block-column-is-layout-flow\">\n<p class=\"has-text-align-center\"><a href=\"https:\/\/www.saudeindaial.sc.gov.br\/carta-servicos\/cbaf-componente-basico-da-assistencia-farmaceutica\/\"><mark style=\"background-color:rgba(0, 0, 0, 0)\" class=\"has-inline-color has-vivid-green-cyan-color\"><strong>CBAF<\/strong><br><em>Componente B\u00e1sico da Assist\u00eancia Farmac\u00eautica <\/em><\/mark><\/a><\/p>\n<\/div>\n\n\n\n<div class=\"wp-block-column is-layout-flow wp-block-column-is-layout-flow\">\n<p class=\"has-text-align-center\"><a href=\"https:\/\/www.saudeindaial.sc.gov.br\/carta-servicos\/cesaf-componente-estrategico-da-assistencia-farmaceutica\/\"><mark style=\"background-color:rgba(0, 0, 0, 0)\" class=\"has-inline-color has-vivid-cyan-blue-color\"><strong>CESAF<\/strong><br><em>Componente Estrat\u00e9gico da Assist\u00eancia Farmac\u00eautica <\/em><\/mark><\/a><\/p>\n<\/div>\n\n\n\n<div class=\"wp-block-column is-layout-flow wp-block-column-is-layout-flow\">\n<p class=\"has-text-align-center\"><a href=\"https:\/\/www.saudeindaial.sc.gov.br\/carta-servicos\/ceaf-componente-especializado-da-assistencia-farmaceutica\/\"><mark style=\"background-color:rgba(0, 0, 0, 0);color:#959799\" class=\"has-inline-color\"><strong>CEAF<\/strong><br><em>Componente Especializado da Assist\u00eancia Farmac\u00eautica<\/em> <\/mark><\/a><\/p>\n<\/div>\n<\/div>\n\n\n\n<div class=\"wp-block-buttons is-content-justification-right is-layout-flex wp-container-core-buttons-is-layout-1 wp-block-buttons-is-layout-flex\">\n<div class=\"wp-block-button is-style-fill\"><a class=\"wp-block-button__link wp-element-button\" href=\"https:\/\/www.saudeindaial.sc.gov.br\/carta-servicos\/servicos-ofertados\/\">VOLTAR<\/a><\/div>\n<\/div>\n\n\n\n<p><\/p>\n","protected":false},"excerpt":{"rendered":"<p>A Assist\u00eancia Farmac\u00eautica \u00e9 um conjunto de a\u00e7\u00f5es voltadas a promo\u00e7\u00e3o, prote\u00e7\u00e3o e recupera\u00e7\u00e3o da sa\u00fade, tanto individual como coletiva, e tem como objetivo, assegurar o acesso da popula\u00e7\u00e3o aos medicamentos de qualidade, contribuindo para o uso racional. A Assist\u00eancia Farmac\u00eautica no Sistema \u00danico de Sa\u00fade (SUS) \u00e9 organizada em tr\u00eas componentes: Componente B\u00e1sico da [&hellip;]<\/p>\n","protected":false},"author":2,"featured_media":0,"parent":0,"menu_order":0,"comment_status":"closed","ping_status":"closed","template":"","meta":{"footnotes":""},"class_list":["post-567","page","type-page","status-publish","hentry"],"_links":{"self":[{"href":"https:\/\/www.saudeindaial.sc.gov.br\/carta-servicos\/wp-json\/wp\/v2\/pages\/567","targetHints":{"allow":["GET"]}}],"collection":[{"href":"https:\/\/www.saudeindaial.sc.gov.br\/carta-servicos\/wp-json\/wp\/v2\/pages"}],"about":[{"href":"https:\/\/www.saudeindaial.sc.gov.br\/carta-servicos\/wp-json\/wp\/v2\/types\/page"}],"author":[{"embeddable":true,"href":"https:\/\/www.saudeindaial.sc.gov.br\/carta-servicos\/wp-json\/wp\/v2\/users\/2"}],"replies":[{"embeddable":true,"href":"https:\/\/www.saudeindaial.sc.gov.br\/carta-servicos\/wp-json\/wp\/v2\/comments?post=567"}],"version-history":[{"count":12,"href":"https:\/\/www.saudeindaial.sc.gov.br\/carta-servicos\/wp-json\/wp\/v2\/pages\/567\/revisions"}],"predecessor-version":[{"id":937,"href":"https:\/\/www.saudeindaial.sc.gov.br\/carta-servicos\/wp-json\/wp\/v2\/pages\/567\/revisions\/937"}],"wp:attachment":[{"href":"https:\/\/www.saudeindaial.sc.gov.br\/carta-servicos\/wp-json\/wp\/v2\/media?parent=567"}],"curies":[{"name":"wp","href":"https:\/\/api.w.org\/{rel}","templated":true}]}}