{"id":579,"date":"2023-12-10T23:06:52","date_gmt":"2023-12-11T02:06:52","guid":{"rendered":"https:\/\/www.saudeindaial.sc.gov.br\/carta-servicos\/?page_id=579"},"modified":"2023-12-10T23:19:35","modified_gmt":"2023-12-11T02:19:35","slug":"cesaf-componente-estrategico-da-assistencia-farmaceutica","status":"publish","type":"page","link":"https:\/\/www.saudeindaial.sc.gov.br\/carta-servicos\/cesaf-componente-estrategico-da-assistencia-farmaceutica\/","title":{"rendered":"CESAF &#8211; Componente Estrat\u00e9gico da Assist\u00eancia Farmac\u00eautica"},"content":{"rendered":"<div class=\"wp-block-image is-style-default\">\n<figure class=\"alignleft size-full is-resized\"><img loading=\"lazy\" decoding=\"async\" width=\"234\" height=\"508\" src=\"https:\/\/www.saudeindaial.sc.gov.br\/carta-servicos\/wp-content\/uploads\/2023\/12\/Acesso_Ass_Farma_SUS_4.png\" alt=\"\" class=\"wp-image-581\" style=\"width:165px;height:auto\" srcset=\"https:\/\/www.saudeindaial.sc.gov.br\/carta-servicos\/wp-content\/uploads\/2023\/12\/Acesso_Ass_Farma_SUS_4.png 234w, https:\/\/www.saudeindaial.sc.gov.br\/carta-servicos\/wp-content\/uploads\/2023\/12\/Acesso_Ass_Farma_SUS_4-138x300.png 138w, https:\/\/www.saudeindaial.sc.gov.br\/carta-servicos\/wp-content\/uploads\/2023\/12\/Acesso_Ass_Farma_SUS_4-97x210.png 97w\" sizes=\"auto, (max-width: 234px) 100vw, 234px\" \/><\/figure><\/div>\n\n\n<p>O Componente Estrat\u00e9gico da Assist\u00eancia Farmac\u00eautica (Cesaf) destina-se ao acesso dos medicamentos e insumos destinados aos agravos com potencial de impacto end\u00eamico e \u00e0s condi\u00e7\u00f5es de sa\u00fade caracterizadas como doen\u00e7as negligenciadas, que est\u00e3o correlacionadas com a precariedade das condi\u00e7\u00f5es socioecon\u00f4micas de um nicho espec\u00edfico da sociedade. Os medicamentos do elenco do Cesaf s\u00e3o financiados, adquiridos e distribu\u00eddos de forma centralizada, pelo Minist\u00e9rio da Sa\u00fade, cabendo aos demais entes da federa\u00e7\u00e3o o recebimento, o armazenamento e a distribui\u00e7\u00e3o dos medicamentos e insumos dos programas considerados estrat\u00e9gicos para atendimento do SUS.<br><mark style=\"background-color:rgba(0, 0, 0, 0)\" class=\"has-inline-color has-black-color\">O Cesaf disponibiliza medicamentos para controle da <strong>tuberculose<\/strong>, da <strong>hansen\u00edase<\/strong>, antirretrovirais dos <strong>programas de DST\/AIDS<\/strong>, <\/mark>endemias focais como <strong>mal\u00e1ria<\/strong>, <strong>leishmaniose, doen\u00e7a de Chagas<\/strong> e outras doen\u00e7as end\u00eamicas de abrang\u00eancia nacional ou regional, sangue e hemoderivados, influenza, preven\u00e7\u00e3o de defici\u00eancias nutricionais, entre outros. No munic\u00edpio de Indaial o acesso a esses medicamentos se d\u00e1 atrav\u00e9s da farm\u00e1cia da vigil\u00e2ncia epidemiol\u00f3gica.<\/p>\n\n\n\n<div class=\"wp-block-buttons is-content-justification-right is-layout-flex wp-container-core-buttons-is-layout-1 wp-block-buttons-is-layout-flex\">\n<div class=\"wp-block-button is-style-outline is-style-outline--1\"><a class=\"wp-block-button__link wp-element-button\" href=\"https:\/\/www.saudeindaial.sc.gov.br\/carta-servicos\/assistencia-farmaceutica\/\">VOLTAR<\/a><\/div>\n<\/div>\n","protected":false},"excerpt":{"rendered":"<p>O Componente Estrat\u00e9gico da Assist\u00eancia Farmac\u00eautica (Cesaf) destina-se ao acesso dos medicamentos e insumos destinados aos agravos com potencial de impacto end\u00eamico e \u00e0s condi\u00e7\u00f5es de sa\u00fade caracterizadas como doen\u00e7as negligenciadas, que est\u00e3o correlacionadas com a precariedade das condi\u00e7\u00f5es socioecon\u00f4micas de um nicho espec\u00edfico da sociedade. Os medicamentos do elenco do Cesaf s\u00e3o financiados, adquiridos [&hellip;]<\/p>\n","protected":false},"author":2,"featured_media":0,"parent":0,"menu_order":0,"comment_status":"closed","ping_status":"closed","template":"","meta":{"footnotes":""},"class_list":["post-579","page","type-page","status-publish","hentry"],"_links":{"self":[{"href":"https:\/\/www.saudeindaial.sc.gov.br\/carta-servicos\/wp-json\/wp\/v2\/pages\/579","targetHints":{"allow":["GET"]}}],"collection":[{"href":"https:\/\/www.saudeindaial.sc.gov.br\/carta-servicos\/wp-json\/wp\/v2\/pages"}],"about":[{"href":"https:\/\/www.saudeindaial.sc.gov.br\/carta-servicos\/wp-json\/wp\/v2\/types\/page"}],"author":[{"embeddable":true,"href":"https:\/\/www.saudeindaial.sc.gov.br\/carta-servicos\/wp-json\/wp\/v2\/users\/2"}],"replies":[{"embeddable":true,"href":"https:\/\/www.saudeindaial.sc.gov.br\/carta-servicos\/wp-json\/wp\/v2\/comments?post=579"}],"version-history":[{"count":2,"href":"https:\/\/www.saudeindaial.sc.gov.br\/carta-servicos\/wp-json\/wp\/v2\/pages\/579\/revisions"}],"predecessor-version":[{"id":591,"href":"https:\/\/www.saudeindaial.sc.gov.br\/carta-servicos\/wp-json\/wp\/v2\/pages\/579\/revisions\/591"}],"wp:attachment":[{"href":"https:\/\/www.saudeindaial.sc.gov.br\/carta-servicos\/wp-json\/wp\/v2\/media?parent=579"}],"curies":[{"name":"wp","href":"https:\/\/api.w.org\/{rel}","templated":true}]}}