{"id":59,"date":"2023-10-04T22:54:14","date_gmt":"2023-10-05T01:54:14","guid":{"rendered":"https:\/\/www.saudeindaial.sc.gov.br\/carta-servicos\/?page_id=59"},"modified":"2024-01-08T23:16:53","modified_gmt":"2024-01-09T02:16:53","slug":"servicos-ofertados","status":"publish","type":"page","link":"https:\/\/www.saudeindaial.sc.gov.br\/carta-servicos\/servicos-ofertados\/","title":{"rendered":"Servi\u00e7os Ofertados na Aten\u00e7\u00e3o Prim\u00e1ria"},"content":{"rendered":"\n<p>As unidades oferecem uma diversidade de servi\u00e7os realizados pelo SUS, incluindo: acolhimento com classifica\u00e7\u00e3o de risco, orienta\u00e7\u00e3o sobre fluxos e rotinas da unidade, consultas de enfermagem, m\u00e9dicas e odontol\u00f3gicas, dispensa\u00e7\u00e3o e administra\u00e7\u00e3o de medicamentos, vacinas, testes r\u00e1pidos de IST\u2019s, teste do pezinho, coleta de citopatol\u00f3gico de colo do \u00fatero, curativos, visitas domiciliares, atividade de educa\u00e7\u00e3o em sa\u00fade, entre outras.<\/p>\n\n\n\n<div class=\"wp-block-group\"><div class=\"wp-block-group__inner-container is-layout-constrained wp-block-group-is-layout-constrained\">\n<figure class=\"wp-block-table is-style-stripes\" style=\"font-size:15px\"><table class=\"has-fixed-layout\"><tbody><tr><td><strong><a href=\"https:\/\/www.saudeindaial.sc.gov.br\/carta-servicos\/assistencia-farmaceutica\/\">Assist\u00eancia Farmac\u00eautica<\/a><\/strong><br><br><a href=\"https:\/\/www.saudeindaial.sc.gov.br\/carta-servicos\/vacinas\/\"><strong>Calend\u00e1rio Vacinal<\/strong><\/a><\/td><\/tr><tr><td><strong><a href=\"https:\/\/www.saudeindaial.sc.gov.br\/carta-servicos\/central-de-agendamento-online\/\">Central de Agendamentos<\/a><\/strong><\/td><\/tr><tr><td><a href=\"https:\/\/www.saudeindaial.sc.gov.br\/carta-servicos\/citopatologico-do-colo-do-utero-preventivo-ou-papanicolau\/\"><strong>Citopatol\u00f3gico Do Colo Do \u00datero (Preventivo Ou Papanicolau)<strong><\/strong><\/strong><\/a><\/td><\/tr><tr><td><strong><a href=\"http:\/\/saudeindaial.sc.gov.br\/carta-servicos\/classificacao-de-risco\/\">Classifica\u00e7\u00e3o de Risco na APS<\/a><strong><\/strong><\/strong><\/td><\/tr><tr><td><strong><a href=\"https:\/\/www.saudeindaial.sc.gov.br\/carta-servicos\/2023\/10\/30\/consulta-de-enfermagem-estrategia-de-saude-da-familia\/\">Consultas de Enfermagem<\/a><\/strong><\/td><\/tr><tr><td><a href=\"https:\/\/www.saudeindaial.sc.gov.br\/carta-servicos\/consulta-medica-estrategia-de-saude-da-familia\/\"><strong>Consultas M\u00e9dicas<\/strong><\/a><\/td><\/tr><tr><td><strong><a href=\"https:\/\/www.saudeindaial.sc.gov.br\/carta-servicos\/2023\/10\/30\/consultas-odontologicas-estrategia-de-saude-da-familia\/\">Consultas Odontol\u00f3gicas<\/a><\/strong><\/td><\/tr><tr><td><a href=\"https:\/\/www.saudeindaial.sc.gov.br\/carta-servicos\/cuidado-farmaceutico-na-atencao-basica\/\"><strong>Cuidado Farmac\u00eautico na Aten\u00e7\u00e3o B\u00e1sica<\/strong><\/a><\/td><\/tr><tr><td><a href=\"http:\/\/saudeindaial.sc.gov.br\/carta-servicos\/educacao-em-saude\/\"><strong>Educa\u00e7\u00e3o em Sa\u00fade<\/strong><\/a><\/td><\/tr><tr><td><a href=\"https:\/\/www.saudeindaial.sc.gov.br\/carta-servicos\/grupo-de-combate-ao-tabagismo\/\"><strong>Grupo de Combate ao Tabagismo<\/strong><\/a><\/td><\/tr><tr><td><a href=\"https:\/\/www.saudeindaial.sc.gov.br\/carta-servicos\/planejamento-sexual-e-reprodutivo-planejamento-familiar\/\"><strong>Planejamento Familiar<\/strong><\/a><\/td><\/tr><tr><td><a href=\"https:\/\/www.saudeindaial.sc.gov.br\/carta-servicos\/procedimentos-de-enfermagem\/\"><strong>Procedimentos de Enfermagem<\/strong><\/a><\/td><\/tr><tr><td><a href=\"https:\/\/www.saudeindaial.sc.gov.br\/carta-servicos\/programa-remedio-em-casa\/\"><strong>Programa Rem\u00e9dio em Casa<\/strong><\/a><\/td><\/tr><tr><td><a href=\"https:\/\/www.saudeindaial.sc.gov.br\/carta-servicos\/programa-saude-na-escola\/\"><strong>Programa Sa\u00fade na Escola<\/strong><\/a><\/td><\/tr><tr><td><strong><a href=\"https:\/\/www.saudeindaial.sc.gov.br\/carta-servicos\/wp-content\/uploads\/2023\/11\/REMUME.pdf\" target=\"_blank\" rel=\"noreferrer noopener\">Rela\u00e7\u00e3o Municipal de Medicamentos (REMUME)<\/a><\/strong><\/td><\/tr><tr><td><a href=\"https:\/\/www.saudeindaial.sc.gov.br\/carta-servicos\/saude-em-movimento\/\"><strong>Sa\u00fade em Movimento<\/strong><\/a><\/td><\/tr><tr><td><a href=\"https:\/\/www.saudeindaial.sc.gov.br\/carta-servicos\/servico-de-atencao-domiciliar-sad\/\"><strong>Servi\u00e7o de Aten\u00e7\u00e3o Domiciliar &#8211; SAD<\/strong><\/a><\/td><\/tr><tr><td><a href=\"https:\/\/www.saudeindaial.sc.gov.br\/carta-servicos\/pre-natal-na-atencao-primaria\/\"><strong>Pr\u00e9-Natal<\/strong><\/a><\/td><\/tr><tr><td><strong><a href=\"https:\/\/www.saudeindaial.sc.gov.br\/carta-servicos\/puericultura-saude-da-crianca\/\">Puericultura &#8211; Sa\u00fade da Crian\u00e7a<\/a><\/strong><\/td><\/tr><tr><td><a href=\"https:\/\/www.saudeindaial.sc.gov.br\/carta-servicos\/teste-do-pezinho\/\"><strong>Teste do Pezinho<\/strong><\/a><\/td><\/tr><tr><td><a href=\"https:\/\/www.saudeindaial.sc.gov.br\/carta-servicos\/testes-rapidos-de-ists\/\"><strong>Testes R\u00e1pidos de IST&#8217;s<\/strong><\/a><\/td><\/tr><\/tbody><\/table><\/figure>\n<\/div><\/div>\n\n\n\n<div class=\"wp-block-columns is-layout-flex wp-container-core-columns-is-layout-1 wp-block-columns-is-layout-flex\">\n<div class=\"wp-block-column is-layout-flow wp-block-column-is-layout-flow\" style=\"flex-basis:100%\">\n<div class=\"wp-block-group\"><div class=\"wp-block-group__inner-container is-layout-constrained wp-block-group-is-layout-constrained\">\n<div class=\"wp-block-buttons is-content-justification-right is-layout-flex wp-container-core-buttons-is-layout-1 wp-block-buttons-is-layout-flex\">\n<div class=\"wp-block-button has-custom-font-size is-style-outline has-small-font-size is-style-outline--1\"><a class=\"wp-block-button__link wp-element-button\" href=\"https:\/\/www.saudeindaial.sc.gov.br\/carta-servicos\/atencao-primaria\/\">voltar<\/a><\/div>\n<\/div>\n<\/div><\/div>\n<\/div>\n<\/div>\n","protected":false},"excerpt":{"rendered":"<p>As unidades oferecem uma diversidade de servi\u00e7os realizados pelo SUS, incluindo: acolhimento com classifica\u00e7\u00e3o de risco, orienta\u00e7\u00e3o sobre fluxos e rotinas da unidade, consultas de enfermagem, m\u00e9dicas e odontol\u00f3gicas, dispensa\u00e7\u00e3o e administra\u00e7\u00e3o de medicamentos, vacinas, testes r\u00e1pidos de IST\u2019s, teste do pezinho, coleta de citopatol\u00f3gico de colo do \u00fatero, curativos, visitas domiciliares, atividade de educa\u00e7\u00e3o [&hellip;]<\/p>\n","protected":false},"author":1,"featured_media":0,"parent":0,"menu_order":0,"comment_status":"closed","ping_status":"closed","template":"","meta":{"footnotes":""},"class_list":["post-59","page","type-page","status-publish","hentry"],"_links":{"self":[{"href":"https:\/\/www.saudeindaial.sc.gov.br\/carta-servicos\/wp-json\/wp\/v2\/pages\/59","targetHints":{"allow":["GET"]}}],"collection":[{"href":"https:\/\/www.saudeindaial.sc.gov.br\/carta-servicos\/wp-json\/wp\/v2\/pages"}],"about":[{"href":"https:\/\/www.saudeindaial.sc.gov.br\/carta-servicos\/wp-json\/wp\/v2\/types\/page"}],"author":[{"embeddable":true,"href":"https:\/\/www.saudeindaial.sc.gov.br\/carta-servicos\/wp-json\/wp\/v2\/users\/1"}],"replies":[{"embeddable":true,"href":"https:\/\/www.saudeindaial.sc.gov.br\/carta-servicos\/wp-json\/wp\/v2\/comments?post=59"}],"version-history":[{"count":47,"href":"https:\/\/www.saudeindaial.sc.gov.br\/carta-servicos\/wp-json\/wp\/v2\/pages\/59\/revisions"}],"predecessor-version":[{"id":821,"href":"https:\/\/www.saudeindaial.sc.gov.br\/carta-servicos\/wp-json\/wp\/v2\/pages\/59\/revisions\/821"}],"wp:attachment":[{"href":"https:\/\/www.saudeindaial.sc.gov.br\/carta-servicos\/wp-json\/wp\/v2\/media?parent=59"}],"curies":[{"name":"wp","href":"https:\/\/api.w.org\/{rel}","templated":true}]}}