{"id":600,"date":"2023-12-10T23:59:34","date_gmt":"2023-12-11T02:59:34","guid":{"rendered":"https:\/\/www.saudeindaial.sc.gov.br\/carta-servicos\/?page_id=600"},"modified":"2024-10-09T15:04:46","modified_gmt":"2024-10-09T18:04:46","slug":"vigilancia-epidemiologica","status":"publish","type":"page","link":"https:\/\/www.saudeindaial.sc.gov.br\/carta-servicos\/vigilancia-epidemiologica\/","title":{"rendered":"Vigil\u00e2ncia Epidemiol\u00f3gica"},"content":{"rendered":"\n<p>A Vigil\u00e2ncia Epidemiol\u00f3gica \u00e9 definida pela&nbsp;<a href=\"http:\/\/www.planalto.gov.br\/ccivil_03\/leis\/l8080.htm\" target=\"_blank\" rel=\"noreferrer noopener\">Lei n\u00b0 8.080\/90&nbsp;<\/a>como \u201cum conjunto de a\u00e7\u00f5es que proporciona o conhecimento, a detec\u00e7\u00e3o ou preven\u00e7\u00e3o de qualquer mudan\u00e7a nos fatores determinantes e condicionantes de sa\u00fade individual ou coletiva, com a finalidade de recomendar e adotar as medidas de preven\u00e7\u00e3o e controle das doen\u00e7as ou agravos\u201d.<br>Em Indaial a Vigil\u00e2ncia Epidemiol\u00f3gica fica lotada na Unidade Sanit\u00e1ria Heinz Sch\u00fctz, que fica na Rua S\u00e3o Francisco, n\u00ba 250, no Centro (bem pertinho da igreja matriz).<\/p>\n\n\n<div class=\"wp-block-image is-style-default\">\n<figure class=\"alignright size-full is-resized\"><img loading=\"lazy\" decoding=\"async\" width=\"271\" height=\"390\" src=\"https:\/\/www.saudeindaial.sc.gov.br\/carta-servicos\/wp-content\/uploads\/2023\/12\/Captura-de-tela-2023-12-10-235408.png\" alt=\"\" class=\"wp-image-602\" style=\"width:106px;height:auto\" srcset=\"https:\/\/www.saudeindaial.sc.gov.br\/carta-servicos\/wp-content\/uploads\/2023\/12\/Captura-de-tela-2023-12-10-235408.png 271w, https:\/\/www.saudeindaial.sc.gov.br\/carta-servicos\/wp-content\/uploads\/2023\/12\/Captura-de-tela-2023-12-10-235408-208x300.png 208w, https:\/\/www.saudeindaial.sc.gov.br\/carta-servicos\/wp-content\/uploads\/2023\/12\/Captura-de-tela-2023-12-10-235408-146x210.png 146w\" sizes=\"auto, (max-width: 271px) 100vw, 271px\" \/><\/figure><\/div>\n\n\n<p class=\"has-text-align-left has-text-color has-link-color wp-elements-7bfd6d03641c26d5954d060ab3c88fd6\" style=\"color:#961616;font-size:14px\"><br><mark style=\"background-color:rgba(0, 0, 0, 0);color:#be9116\" class=\"has-inline-color\"><strong>Voc\u00ea conhece todos os servi\u00e7os ofertados pela Vigil\u00e2ncia Epidemiol\u00f3gica? N\u00e3o?! <\/strong><\/mark><strong><mark style=\"background-color:rgba(0, 0, 0, 0);color:#b88700\" class=\"has-inline-color\">Clique nos links abaixo para saber mais:<\/mark><\/strong><br><br><strong><mark style=\"background-color:rgba(0, 0, 0, 0);color:#b20303\" class=\"has-inline-color\"><a href=\"https:\/\/www.saudeindaial.sc.gov.br\/carta-servicos\/programa-de-controle-de-endemias\/\">1 &#8211; PROGRAMA DE CONTROLE DE ENDEMIAS<\/a><\/mark><mark style=\"background-color:rgba(0, 0, 0, 0);color:#a20d0d\" class=\"has-inline-color\"><br><\/mark><mark style=\"background-color:rgba(0, 0, 0, 0);color:#b20303\" class=\"has-inline-color\"><a href=\"https:\/\/www.saudeindaial.sc.gov.br\/carta-servicos\/monitoramento-de-riscos-a-saude-publica\/\">2 &#8211; MONITORAMENTO DE RISCOS \u00c0 SA\u00daDE P\u00daBLICA<\/a><br><a href=\"https:\/\/www.saudeindaial.sc.gov.br\/carta-servicos\/declaracao-de-obito-e-de-nascidos-vivos\/\">3 &#8211; GERENCIAMENTO DE ENTREGA E RECEBIMENTO DOS FORMUL\u00c1RIOS DE DECLARA\u00c7\u00c3O DE \u00d3BITO E DE NASCIDOS VIVOS<\/a><br><a href=\"https:\/\/www.saudeindaial.sc.gov.br\/carta-servicos\/controle-de-zoonoses\/\">4 &#8211; CONTROLE DE ZOONOSES<\/a><br><a href=\"https:\/\/www.saudeindaial.sc.gov.br\/carta-servicos\/imunizacao\/\">5 &#8211; IMUNIZA\u00c7\u00c3O<\/a><\/mark><\/strong><br><strong><a href=\"https:\/\/www.saudeindaial.sc.gov.br\/carta-servicos\/ambulatorio-de-infectologia\/\">6 &#8211; AMBULAT\u00d3RIO DE INFECTOLOGIA<\/a><\/strong><\/p>\n\n\n<div class=\"wp-block-image is-style-rounded\">\n<figure class=\"aligncenter size-large is-resized\"><img loading=\"lazy\" decoding=\"async\" width=\"1024\" height=\"435\" src=\"https:\/\/www.saudeindaial.sc.gov.br\/carta-servicos\/wp-content\/uploads\/2023\/12\/curso_vigemsaude_ensp-1024x435.jpg\" alt=\"\" class=\"wp-image-601\" style=\"width:565px;height:auto\" srcset=\"https:\/\/www.saudeindaial.sc.gov.br\/carta-servicos\/wp-content\/uploads\/2023\/12\/curso_vigemsaude_ensp-1024x435.jpg 1024w, https:\/\/www.saudeindaial.sc.gov.br\/carta-servicos\/wp-content\/uploads\/2023\/12\/curso_vigemsaude_ensp-300x127.jpg 300w, https:\/\/www.saudeindaial.sc.gov.br\/carta-servicos\/wp-content\/uploads\/2023\/12\/curso_vigemsaude_ensp-768x326.jpg 768w, https:\/\/www.saudeindaial.sc.gov.br\/carta-servicos\/wp-content\/uploads\/2023\/12\/curso_vigemsaude_ensp-210x89.jpg 210w, https:\/\/www.saudeindaial.sc.gov.br\/carta-servicos\/wp-content\/uploads\/2023\/12\/curso_vigemsaude_ensp.jpg 1044w\" sizes=\"auto, (max-width: 980px) 100vw, 980px\" \/><\/figure><\/div>\n\n\n<div class=\"wp-block-buttons is-content-justification-right is-layout-flex wp-container-core-buttons-is-layout-1 wp-block-buttons-is-layout-flex\">\n<div class=\"wp-block-button is-style-fill\"><a class=\"wp-block-button__link wp-element-button\" href=\"https:\/\/www.saudeindaial.sc.gov.br\/carta-servicos\/vigilancias-em-saude\/\">voltar<\/a><\/div>\n<\/div>\n","protected":false},"excerpt":{"rendered":"<p>A Vigil\u00e2ncia Epidemiol\u00f3gica \u00e9 definida pela&nbsp;Lei n\u00b0 8.080\/90&nbsp;como \u201cum conjunto de a\u00e7\u00f5es que proporciona o conhecimento, a detec\u00e7\u00e3o ou preven\u00e7\u00e3o de qualquer mudan\u00e7a nos fatores determinantes e condicionantes de sa\u00fade individual ou coletiva, com a finalidade de recomendar e adotar as medidas de preven\u00e7\u00e3o e controle das doen\u00e7as ou agravos\u201d.Em Indaial a Vigil\u00e2ncia Epidemiol\u00f3gica fica [&hellip;]<\/p>\n","protected":false},"author":2,"featured_media":0,"parent":0,"menu_order":0,"comment_status":"closed","ping_status":"closed","template":"","meta":{"footnotes":""},"class_list":["post-600","page","type-page","status-publish","hentry"],"_links":{"self":[{"href":"https:\/\/www.saudeindaial.sc.gov.br\/carta-servicos\/wp-json\/wp\/v2\/pages\/600","targetHints":{"allow":["GET"]}}],"collection":[{"href":"https:\/\/www.saudeindaial.sc.gov.br\/carta-servicos\/wp-json\/wp\/v2\/pages"}],"about":[{"href":"https:\/\/www.saudeindaial.sc.gov.br\/carta-servicos\/wp-json\/wp\/v2\/types\/page"}],"author":[{"embeddable":true,"href":"https:\/\/www.saudeindaial.sc.gov.br\/carta-servicos\/wp-json\/wp\/v2\/users\/2"}],"replies":[{"embeddable":true,"href":"https:\/\/www.saudeindaial.sc.gov.br\/carta-servicos\/wp-json\/wp\/v2\/comments?post=600"}],"version-history":[{"count":13,"href":"https:\/\/www.saudeindaial.sc.gov.br\/carta-servicos\/wp-json\/wp\/v2\/pages\/600\/revisions"}],"predecessor-version":[{"id":990,"href":"https:\/\/www.saudeindaial.sc.gov.br\/carta-servicos\/wp-json\/wp\/v2\/pages\/600\/revisions\/990"}],"wp:attachment":[{"href":"https:\/\/www.saudeindaial.sc.gov.br\/carta-servicos\/wp-json\/wp\/v2\/media?parent=600"}],"curies":[{"name":"wp","href":"https:\/\/api.w.org\/{rel}","templated":true}]}}