{"id":613,"date":"2023-12-11T01:04:12","date_gmt":"2023-12-11T04:04:12","guid":{"rendered":"https:\/\/www.saudeindaial.sc.gov.br\/carta-servicos\/?page_id=613"},"modified":"2024-10-09T15:05:17","modified_gmt":"2024-10-09T18:05:17","slug":"programa-de-controle-de-endemias","status":"publish","type":"page","link":"https:\/\/www.saudeindaial.sc.gov.br\/carta-servicos\/programa-de-controle-de-endemias\/","title":{"rendered":"Programa de Controle de Endemias"},"content":{"rendered":"\n<p class=\"has-text-align-center\"><strong>CANAIS DE PRESTA\u00c7\u00c3O DE SERVI\u00c7O E MECANISMOS DE COMUNICA\u00c7\u00c3O<\/strong><\/p>\n\n\n<div class=\"wp-block-image is-style-rounded\">\n<figure class=\"alignleft size-full is-resized\"><img loading=\"lazy\" decoding=\"async\" width=\"533\" height=\"296\" src=\"https:\/\/www.saudeindaial.sc.gov.br\/carta-servicos\/wp-content\/uploads\/2023\/12\/511624fb39cb6813acf615d016ffd986.jpg\" alt=\"\" class=\"wp-image-614\" style=\"width:294px;height:auto\" srcset=\"https:\/\/www.saudeindaial.sc.gov.br\/carta-servicos\/wp-content\/uploads\/2023\/12\/511624fb39cb6813acf615d016ffd986.jpg 533w, https:\/\/www.saudeindaial.sc.gov.br\/carta-servicos\/wp-content\/uploads\/2023\/12\/511624fb39cb6813acf615d016ffd986-300x167.jpg 300w, https:\/\/www.saudeindaial.sc.gov.br\/carta-servicos\/wp-content\/uploads\/2023\/12\/511624fb39cb6813acf615d016ffd986-210x117.jpg 210w\" sizes=\"auto, (max-width: 533px) 100vw, 533px\" \/><\/figure><\/div>\n\n\n<p><br><strong>Telefone\/WhatsApp:<\/strong> 3317-2110<br><strong>E-mail:<\/strong> <a href=\"mailto:dengue@saudeindaial.sc.gov.br\">dengue@saudeindaial.sc.gov.br<\/a>  <br><strong>Presencial:<\/strong> Unidade Sanit\u00e1ria Dr Heinz Schutz, localizada na rua S\u00e3o Francisco, n\u00ba 250, Centro, Indaial-SC. Hor\u00e1rio de atendimento: de segunda a sexta feira, das 08h \u00e0s 12h e das 13h \u00e0s 17h.<br><strong>Presencial:<\/strong> Agentes de endemias em campo.<\/p>\n\n\n\n<p><\/p>\n\n\n\n<p><strong>ATENDIMENTO DE DEN\u00daNCIAS E RECLAMA\u00c7\u00d5ES<\/strong><br><\/p>\n\n\n<div class=\"wp-block-image\">\n<figure class=\"alignright size-full\"><img loading=\"lazy\" decoding=\"async\" width=\"252\" height=\"165\" src=\"https:\/\/www.saudeindaial.sc.gov.br\/carta-servicos\/wp-content\/uploads\/2023\/12\/download-3.jpg\" alt=\"\" class=\"wp-image-615\" srcset=\"https:\/\/www.saudeindaial.sc.gov.br\/carta-servicos\/wp-content\/uploads\/2023\/12\/download-3.jpg 252w, https:\/\/www.saudeindaial.sc.gov.br\/carta-servicos\/wp-content\/uploads\/2023\/12\/download-3-210x138.jpg 210w\" sizes=\"auto, (max-width: 252px) 100vw, 252px\" \/><\/figure><\/div>\n\n\n<p>Atendimento de reclama\u00e7\u00f5es e den\u00fancias provenientes da popula\u00e7\u00e3o sobre a presen\u00e7a de animais e\/ou criadouros para animais que transmitem zoonoses (mosquito <em>Aedes aegypti<\/em>, caramujo gigante africano (<em>Achatina fulica<\/em>). <br><br><em>QUEM PODE UTILIZAR OS SERVI\u00c7OS?<\/em> Todo e qualquer cidad\u00e3o que possua den\u00fancia\/reclama\u00e7\u00e3o.<\/p>\n\n\n\n<p><em>FORMAS E ETAPAS PARA REALIZA\u00c7\u00c3O DO SERVI\u00c7O:<\/em> Descrever a situa\u00e7\u00e3o atrav\u00e9s dos canais de atendimento, informando o endere\u00e7o completo e ponto de refer\u00eancia, se houver. O atendimento ser\u00e1 realizado presencialmente no local indicado.<\/p>\n\n\n\n<p><em>QUANTO TEMPO LEVA?<\/em> O prazo para o primeiro atendimento leva em m\u00e9dia 07 dias, podendo ser estendido ou encurtado conforme a demanda atual. A maioria dos casos requer apenas duas visitas, sendo uma orientativa e outra fiscalizat\u00f3ria, ap\u00f3s prazo a ser definido pelo agente. Havendo a necessidade, o tempo de conclus\u00e3o pode ser estendido, inclusive a longo prazo, a depender do caso. As demandas n\u00e3o solucionadas pela equipe s\u00e3o encaminhadas para a Vigil\u00e2ncia Sanit\u00e1ria e\/ou outro \u00f3rg\u00e3o competente \u00e0 situa\u00e7\u00e3o.&nbsp;<\/p>\n\n\n\n<p class=\"has-text-align-center\"><strong>VISITAS DOMICILIARES<\/strong><\/p>\n\n\n\n<p><em>O QUE \u00c9:<\/em> Visitas realizadas pelos agentes de controle de endemias (conforme documento \u201cOrienta\u00e7\u00f5es t\u00e9cnicas para pessoal de campo\u201d disponibilizado pela Diretoria de Vigil\u00e2ncia Epidemiol\u00f3gica de Santa Catarina &#8211; DIVE\/SC)) em im\u00f3veis localizados em \u00e1reas infestadas e\/ou com focos identificados do mosquito <em>Aedes aegypti<\/em>, bem como em \u00e1reas com detec\u00e7\u00e3o de casos de Dengue, Zika-v\u00edrus, Febre amarela e Chikungunya. Ainda, visitas em im\u00f3veis objetos de den\u00fancias e\/ou reclama\u00e7\u00f5es oriundas da popula\u00e7\u00e3o, relacionadas \u00e0 presen\u00e7a de animais ou criadouros para animais transmissores de zoonoses.<\/p>\n\n\n\n<p><em>QUEM PODE UTILIZAR OS SERVI\u00c7OS?<\/em> Todo e qualquer cidad\u00e3o que possua im\u00f3vel localizado em \u00e1rea de risco de transmiss\u00e3o.<\/p>\n\n\n\n<p><em>CANAIS DE PRESTA\u00c7\u00c3O DE SERVI\u00c7O E MECANISMOS DE COMUNICA\u00c7\u00c3O:<\/em> Presencial: Realizado pelo agente de controle de endemias em campo.<\/p>\n\n\n\n<p>FORMAS E ETAPAS PARA REALIZA\u00c7\u00c3O DO SERVI\u00c7O: O agente realiza a vistoria <em>in loco<\/em>, vistoriando o im\u00f3vel e orientando o propriet\u00e1rio sobre os riscos de transmiss\u00e3o das doen\u00e7as e a import\u00e2ncia da elimina\u00e7\u00e3o de criadouros. Quando necess\u00e1rio, o agente realiza coleta de amostras, al\u00e9m de efetuar o controle mec\u00e2nico, e, em \u00faltimo recurso, o controle qu\u00edmico com o uso de larvicida.<\/p>\n\n\n\n<p><em>QUANTO TEMPO LEVA?<\/em> O prazo m\u00e9dio de uma visita \u00e9 de aproximadamente 5 minutos. A depender da condi\u00e7\u00e3o do im\u00f3vel (quantidade de dep\u00f3sitos encontrados e amostras coletadas), das dimens\u00f5es da propriedade e da receptividade do mun\u00edcipe, o tempo de vistoria pode ser estendido ou encurtado.&nbsp;<\/p>\n\n\n\n<p><\/p>\n\n\n\n<p class=\"has-text-align-center\"><strong>COLETA DE PNEUS INSERV\u00cdVEIS<\/strong><\/p>\n\n\n\n<p class=\"has-text-align-left\">O QUE \u00c9: Coleta de pneus inserv\u00edveis para a popula\u00e7\u00e3o, realizada pelos agentes de endemias diretamente nos im\u00f3veis, com destina\u00e7\u00e3o final adequada ao material.<\/p>\n\n\n\n<p>QUEM PODE UTILIZAR OS SERVI\u00c7OS? Todo e qualquer cidad\u00e3o que possua qualquer pneu (sem aro\/roda) inserv\u00edvel.<\/p>\n\n\n<div class=\"wp-block-image\">\n<figure class=\"alignleft size-full is-resized\"><img loading=\"lazy\" decoding=\"async\" width=\"636\" height=\"900\" src=\"https:\/\/www.saudeindaial.sc.gov.br\/carta-servicos\/wp-content\/uploads\/2023\/12\/28ab6db1179cde1fc94c10675c0506f3.jpg\" alt=\"\" class=\"wp-image-616\" style=\"width:203px;height:auto\" srcset=\"https:\/\/www.saudeindaial.sc.gov.br\/carta-servicos\/wp-content\/uploads\/2023\/12\/28ab6db1179cde1fc94c10675c0506f3.jpg 636w, https:\/\/www.saudeindaial.sc.gov.br\/carta-servicos\/wp-content\/uploads\/2023\/12\/28ab6db1179cde1fc94c10675c0506f3-212x300.jpg 212w, https:\/\/www.saudeindaial.sc.gov.br\/carta-servicos\/wp-content\/uploads\/2023\/12\/28ab6db1179cde1fc94c10675c0506f3-148x210.jpg 148w\" sizes=\"auto, (max-width: 636px) 100vw, 636px\" \/><\/figure><\/div>\n\n\n<p>CANAIS DE PRESTA\u00c7\u00c3O DE SERVI\u00c7O E MECANISMOS DE COMUNICA\u00c7\u00c3O: Todos os disponibilizados no inicio da p\u00e1gina.<\/p>\n\n\n\n<p>FORMAS E ETAPAS PARA REALIZA\u00c7\u00c3O DO SERVI\u00c7O: O agente realiza a coleta dos pneus no im\u00f3vel e transporta-os ao local de armazenamento (container), localizado anexo \u00e0 garagem da Secretaria de Obras (rua Prefeito Alfredo H. Hardt, S\/N\u00ba, bairro&nbsp; Estrada das Areias, Indaial-SC.&nbsp;<br>O mun\u00edcipe pode tamb\u00e9m realizar o descarte de pneus pessoalmente, deslocando-se ao endere\u00e7o e armazenando os pneus no local indicado.&nbsp;<\/p>\n\n\n\n<p>QUANTO TEMPO LEVA? O prazo para a coleta \u00e9 de aproximadamente 07 dias, a depender da demanda. O tempo m\u00e9dio da coleta \u00e9 de aproximadamente 05 minutos, podendo ser estendido ou encurtado de acordo com a quantidade e a localiza\u00e7\u00e3o dos pneus.&nbsp;<\/p>\n\n\n\n<p><\/p>\n\n\n\n<p class=\"has-text-align-center\"><strong>APLICA\u00c7\u00c3O DE INSETICIDA A ULTRA BAIXO VOLUME (UBV)<\/strong><\/p>\n\n\n\n<p><em>O QUE \u00c9?<\/em> Aplica\u00e7\u00e3o de inseticida a ultra baixo volume (UBV) realizada pelos agentes de controle de endemias em \u00e1reas com casos identificados de Dengue, Zika-v\u00edrus ou Chikungunya, conforme <a href=\"https:\/\/www.gov.br\/saude\/pt-br\/centrais-de-conteudo\/publicacoes\/notas-tecnicas\/2020\/nota-tecnica-no-12020-cgarbdeidtsvsms.pdf\" target=\"_blank\" rel=\"noreferrer noopener\">Nota T\u00e9cnica N\u00ba 1\/2020-CGARB\/DEIDT\/SVS\/MS<\/a>, disponibilizada pelo Minist\u00e9rio da Sa\u00fade.&nbsp;<\/p>\n\n\n\n<p><em>QUEM PODE UTILIZAR OS SERVI\u00c7OS?<\/em> Todo e qualquer cidad\u00e3o que residir em \u00e1rea com risco de transmiss\u00e3o.<\/p>\n\n\n\n<p><em>CANAIS DE PRESTA\u00c7\u00c3O DE SERVI\u00c7O E MECANISMOS DE COMUNICA\u00c7\u00c3O:<\/em> Todos os disponibilizados no inicio da p\u00e1gina.<\/p>\n\n\n\n<p><em>FORMAS E ETAPAS PARA REALIZA\u00c7\u00c3O DO SERVI\u00c7O:<\/em> O agente realiza a aplica\u00e7\u00e3o de forma peridomiciliar (na rua), com o aux\u00edlio de equipamento costal motorizado, andando em velocidade aproximada de 3 km\/h, apontando o bocal do equipamento para os im\u00f3veis em um \u00e2ngulo de 45\u00ba. A aplica\u00e7\u00e3o poder\u00e1 ocorrer somente em dois per\u00edodos do dia, sendo no crep\u00fasculo matutino (das 05h \u00e0s 08h) e no crep\u00fasculo vespertino (das 17h \u00e0s 20h).&nbsp;<br>De acordo com a necessidade, a realiza\u00e7\u00e3o da pulveriza\u00e7\u00e3o pode ser efetuada atrav\u00e9s de equipamento pesado acoplado a ve\u00edculo disponibilizado pela Diretoria de Vigil\u00e2ncia Epidemiol\u00f3gica de Santa Catarina (DIVE-SC).<\/p>\n\n\n\n<p><em>QUANTO TEMPO LEVA?<\/em> O prazo para a aplica\u00e7\u00e3o \u00e9 de no m\u00e1ximo 15 dias a partir do in\u00edcio dos sintomas do paciente com caso positivo. O tempo de aplica\u00e7\u00e3o \u00e9 de aproximadamente duas horas, podendo ser estendido ou encurtado, conforme a quantidade e a dificuldade do deslocamento na \u00e1rea (tr\u00e2nsito de ve\u00edculos e pedestres, quantidade de ruas e quarteir\u00f5es afetados, etc.).&nbsp;<\/p>\n\n\n\n<p class=\"has-text-align-center\"><strong>APLICA\u00c7\u00c3O DE INSETICIDA RESIDUAL<\/strong><\/p>\n\n\n<div class=\"wp-block-image is-style-rounded\">\n<figure class=\"alignright size-full is-resized\"><img loading=\"lazy\" decoding=\"async\" width=\"800\" height=\"533\" src=\"https:\/\/www.saudeindaial.sc.gov.br\/carta-servicos\/wp-content\/uploads\/2023\/12\/borrifando-inseticida-florianopolis-pmf.webp\" alt=\"\" class=\"wp-image-617\" style=\"width:258px;height:auto\" srcset=\"https:\/\/www.saudeindaial.sc.gov.br\/carta-servicos\/wp-content\/uploads\/2023\/12\/borrifando-inseticida-florianopolis-pmf.webp 800w, https:\/\/www.saudeindaial.sc.gov.br\/carta-servicos\/wp-content\/uploads\/2023\/12\/borrifando-inseticida-florianopolis-pmf-300x200.webp 300w, https:\/\/www.saudeindaial.sc.gov.br\/carta-servicos\/wp-content\/uploads\/2023\/12\/borrifando-inseticida-florianopolis-pmf-768x512.webp 768w, https:\/\/www.saudeindaial.sc.gov.br\/carta-servicos\/wp-content\/uploads\/2023\/12\/borrifando-inseticida-florianopolis-pmf-210x140.webp 210w\" sizes=\"auto, (max-width: 800px) 100vw, 800px\" \/><\/figure><\/div>\n\n\n<p><em>O QUE \u00c9<\/em>? Aplica\u00e7\u00e3o de inseticida residual realizada pelos agentes de controle de endemias em Pontos Estrat\u00e9gicos (locais que devido \u00e0 sua natureza possuem grande quantidade de dep\u00f3sitos e poss\u00edveis criadouros, tais como reciclagens, borracharias, ferros-velhos, etc.) em que tenham sido identificados focos do mosquito <em>Aedes aegypti<\/em>, conforme Nota T\u00e9cnica N\u00ba 007\/GEZOO\/DIVE\/SUV\/SES, disponibilizada pela Diretoria de Vigil\u00e2ncia Epidemiol\u00f3gica de Santa Catarina (DIVE-SC).&nbsp;<\/p>\n\n\n\n<p><em>QUEM PODE UTILIZAR OS SERVI\u00c7OS?<\/em> Propriet\u00e1rios de im\u00f3veis cadastrados como Pontos Estrat\u00e9gicos pelo Programa de Controle de Endemias e que tenham focos do mosquito <em>Aedes aegypti<\/em> identificados.<\/p>\n\n\n\n<p><em>CANAIS DE PRESTA\u00c7\u00c3O DE SERVI\u00c7O E MECANISMOS DE COMUNICA\u00c7\u00c3O:<\/em> Todos os disponibilizados no inicio da p\u00e1gina.<\/p>\n\n\n\n<p><em>FORMAS E ETAPAS PARA REALIZA\u00c7\u00c3O DO SERVI\u00c7O:<\/em> O agente realiza a aplica\u00e7\u00e3o de forma intradomiciliar (dentro do im\u00f3vel), com o aux\u00edlio de equipamento costal motorizado, apontando o bocal do equipamento para todas as paredes e objetos encontrados no local, cobrindo todas as superf\u00edcies.&nbsp;<br>De acordo com a necessidade, a aplica\u00e7\u00e3o poder\u00e1 ocorrer mais de uma vez, realizando-se em ciclos bimestrais.<\/p>\n\n\n\n<p><em>QUANTO TEMPO LEVA?<\/em> O prazo para a aplica\u00e7\u00e3o \u00e9 de no m\u00e1ximo 14 dias a partir da identifica\u00e7\u00e3o do foco. O tempo de aplica\u00e7\u00e3o \u00e9 de aproximadamente duas horas, podendo ser estendido ou encurtado, conforme as dimens\u00f5es do im\u00f3vel, a dificuldade do deslocamento na \u00e1rea (circula\u00e7\u00e3o de pessoas, quantidade de materiais, etc.).&nbsp;<\/p>\n\n\n\n<div class=\"wp-block-buttons is-content-justification-right is-layout-flex wp-container-core-buttons-is-layout-1 wp-block-buttons-is-layout-flex\">\n<div class=\"wp-block-button is-style-fill\"><a class=\"wp-block-button__link wp-element-button\" href=\"https:\/\/www.saudeindaial.sc.gov.br\/carta-servicos\/vigilancia-epidemiologica\/\">voltar<\/a><\/div>\n<\/div>\n","protected":false},"excerpt":{"rendered":"<p>CANAIS DE PRESTA\u00c7\u00c3O DE SERVI\u00c7O E MECANISMOS DE COMUNICA\u00c7\u00c3O Telefone\/WhatsApp: 3317-2110E-mail: dengue@saudeindaial.sc.gov.br Presencial: Unidade Sanit\u00e1ria Dr Heinz Schutz, localizada na rua S\u00e3o Francisco, n\u00ba 250, Centro, Indaial-SC. Hor\u00e1rio de atendimento: de segunda a sexta feira, das 08h \u00e0s 12h e das 13h \u00e0s 17h.Presencial: Agentes de endemias em campo. ATENDIMENTO DE DEN\u00daNCIAS E RECLAMA\u00c7\u00d5ES Atendimento [&hellip;]<\/p>\n","protected":false},"author":2,"featured_media":0,"parent":0,"menu_order":0,"comment_status":"closed","ping_status":"closed","template":"","meta":{"footnotes":""},"class_list":["post-613","page","type-page","status-publish","hentry"],"_links":{"self":[{"href":"https:\/\/www.saudeindaial.sc.gov.br\/carta-servicos\/wp-json\/wp\/v2\/pages\/613","targetHints":{"allow":["GET"]}}],"collection":[{"href":"https:\/\/www.saudeindaial.sc.gov.br\/carta-servicos\/wp-json\/wp\/v2\/pages"}],"about":[{"href":"https:\/\/www.saudeindaial.sc.gov.br\/carta-servicos\/wp-json\/wp\/v2\/types\/page"}],"author":[{"embeddable":true,"href":"https:\/\/www.saudeindaial.sc.gov.br\/carta-servicos\/wp-json\/wp\/v2\/users\/2"}],"replies":[{"embeddable":true,"href":"https:\/\/www.saudeindaial.sc.gov.br\/carta-servicos\/wp-json\/wp\/v2\/comments?post=613"}],"version-history":[{"count":6,"href":"https:\/\/www.saudeindaial.sc.gov.br\/carta-servicos\/wp-json\/wp\/v2\/pages\/613\/revisions"}],"predecessor-version":[{"id":991,"href":"https:\/\/www.saudeindaial.sc.gov.br\/carta-servicos\/wp-json\/wp\/v2\/pages\/613\/revisions\/991"}],"wp:attachment":[{"href":"https:\/\/www.saudeindaial.sc.gov.br\/carta-servicos\/wp-json\/wp\/v2\/media?parent=613"}],"curies":[{"name":"wp","href":"https:\/\/api.w.org\/{rel}","templated":true}]}}