{"id":624,"date":"2023-12-11T01:28:40","date_gmt":"2023-12-11T04:28:40","guid":{"rendered":"https:\/\/www.saudeindaial.sc.gov.br\/carta-servicos\/?page_id=624"},"modified":"2024-10-09T15:07:45","modified_gmt":"2024-10-09T18:07:45","slug":"monitoramento-de-riscos-a-saude-publica","status":"publish","type":"page","link":"https:\/\/www.saudeindaial.sc.gov.br\/carta-servicos\/monitoramento-de-riscos-a-saude-publica\/","title":{"rendered":"Monitoramento de Risco \u00e0 Sa\u00fade P\u00fablica"},"content":{"rendered":"\n<p class=\"has-text-align-center\"><\/p>\n\n\n<div class=\"wp-block-image\">\n<figure class=\"alignleft size-full is-resized\"><img loading=\"lazy\" decoding=\"async\" width=\"608\" height=\"450\" src=\"https:\/\/www.saudeindaial.sc.gov.br\/carta-servicos\/wp-content\/uploads\/2023\/12\/pag9_und2-608x450-1.png\" alt=\"\" class=\"wp-image-626\" style=\"width:219px;height:auto\" srcset=\"https:\/\/www.saudeindaial.sc.gov.br\/carta-servicos\/wp-content\/uploads\/2023\/12\/pag9_und2-608x450-1.png 608w, https:\/\/www.saudeindaial.sc.gov.br\/carta-servicos\/wp-content\/uploads\/2023\/12\/pag9_und2-608x450-1-300x222.png 300w, https:\/\/www.saudeindaial.sc.gov.br\/carta-servicos\/wp-content\/uploads\/2023\/12\/pag9_und2-608x450-1-210x155.png 210w\" sizes=\"auto, (max-width: 608px) 100vw, 608px\" \/><\/figure><\/div>\n\n\n<p><em>O QUE \u00c9?<\/em> Desenvolvimento e utiliza\u00e7\u00e3o de instrumentos para monitoramento cont\u00ednuo de doen\u00e7as para identificar poss\u00edveis surtos, epidemias ou piora nas condi\u00e7\u00f5es de sa\u00fade da popula\u00e7\u00e3o.&nbsp;<\/p>\n\n\n\n<p><em>QUEM PODE UTILIZAR ESTE SERVI\u00c7O? <\/em>Gestores, profissionais de sa\u00fade, institui\u00e7\u00e3o de sa\u00fade e popula\u00e7\u00e3o em geral.&nbsp;<\/p>\n\n\n\n<p><em>CANAIS DE PRESTA\u00c7\u00c3O DE SERVI\u00c7O E MECANISMOS DE COMUNICA\u00c7\u00c3O:<\/em><br>Telefones: (47) 3317-2114 \/ 3317-2113 \/ 3317-2111. <br>E-mail: vigepi.rosana<a href=\"mailto:coord.vigepi@saudeindaial.sc.gov.br\">@saudeindaial.sc.gov.br<\/a><\/p>\n\n\n\n<p><em>FORMAS E ETAPAS PARA A REALIZA\u00c7\u00c3O DESTE SERVI\u00c7O:<\/em> A cria\u00e7\u00e3o de sistemas de monitoramento e revis\u00e3o semanal do n\u00famero de casos permite a identifica\u00e7\u00e3o de altera\u00e7\u00f5es no padr\u00e3o das doen\u00e7as que podem resultar em risco \u00e0 sa\u00fade p\u00fablica. Uma vez identificado o risco, s\u00e3o elaborados alertas para os servi\u00e7os e para a popula\u00e7\u00e3o, com recomenda\u00e7\u00f5es de preven\u00e7\u00e3o e controle. Informa\u00e7\u00f5es adicionais podem ser solicitadas pelos canais indicados. Tamb\u00e9m s\u00e3o monitorados canais de comunica\u00e7\u00e3o e boletins epidemiol\u00f3gicos de diferentes regi\u00f5es do Brasil e do mundo, acompanhando situa\u00e7\u00f5es de risco que possam atingir nossa popula\u00e7\u00e3o.<br>As pessoas que identificarem situa\u00e7\u00f5es possivelmente relacionadas a surtos ou epidemias podem entrar em contato por telefone ou e-mail com a VE para realizar a comunica\u00e7\u00e3o do caso. As informa\u00e7\u00f5es necess\u00e1rias s\u00e3o: meio de contato das pessoas afetadas ou local envolvido no surto ou identifica\u00e7\u00e3o da doen\u00e7a suspeita (telefone atualizado e endere\u00e7o).<\/p>\n\n\n\n<p class=\"has-text-align-center\"><strong>INVESTIGA\u00c7\u00c3O, MONITORAMENTO E AN\u00c1LISE DE DADOS DE DOEN\u00c7AS DE NOTIFICA\u00c7\u00c3O COMPULS\u00d3RIA<\/strong><\/p>\n\n\n<div class=\"wp-block-image is-style-rounded\">\n<figure class=\"alignright size-full is-resized\"><img loading=\"lazy\" decoding=\"async\" width=\"470\" height=\"270\" src=\"https:\/\/www.saudeindaial.sc.gov.br\/carta-servicos\/wp-content\/uploads\/2023\/12\/Captura-de-tela-2023-12-11-012427.png\" alt=\"\" class=\"wp-image-625\" style=\"width:268px;height:auto\" srcset=\"https:\/\/www.saudeindaial.sc.gov.br\/carta-servicos\/wp-content\/uploads\/2023\/12\/Captura-de-tela-2023-12-11-012427.png 470w, https:\/\/www.saudeindaial.sc.gov.br\/carta-servicos\/wp-content\/uploads\/2023\/12\/Captura-de-tela-2023-12-11-012427-300x172.png 300w, https:\/\/www.saudeindaial.sc.gov.br\/carta-servicos\/wp-content\/uploads\/2023\/12\/Captura-de-tela-2023-12-11-012427-210x121.png 210w\" sizes=\"auto, (max-width: 470px) 100vw, 470px\" \/><\/figure><\/div>\n\n\n<p><em>O QUE \u00c9?<\/em> Investiga\u00e7\u00e3o necess\u00e1ria para identificar a cadeia de transmiss\u00e3o ou fatores de risco associados \u00e0 ocorr\u00eancia da doen\u00e7a. Envolve coleta de informa\u00e7\u00f5es e, em alguns casos, amostras para an\u00e1lise laboratorial. Pode envolver ado\u00e7\u00e3o de medidas de preven\u00e7\u00e3o (aplica\u00e7\u00e3o de vacinas ou fornecimentos de medicamentos) para evitar aparecimento de novos casos.&nbsp;<\/p>\n\n\n\n<p><em>QUEM PODE UTILIZAR ESTE SERVI\u00c7O?<\/em> Profissionais de sa\u00fade atendendo pessoas com alguma doen\u00e7a de notifica\u00e7\u00e3o compuls\u00f3ria.&nbsp;<\/p>\n\n\n\n<p><em>CANAIS DE PRESTA\u00c7\u00c3O DE SERVI\u00c7O E MECANISMOS DE COMUNICA\u00c7\u00c3O:<\/em>&nbsp;Por telefone ou e-mail e Presencial: de segunda a sexta, das 7:30h \u00e0s 12h das 13h \u00e0s 17h;<\/p>\n\n\n\n<p><em>FORMAS E ETAPAS PARA A REALIZA\u00c7\u00c3O DESTE SERVI\u00c7O:<\/em> Ap\u00f3s o paciente procurar atendimento m\u00e9dico na unidade de sa\u00fade de sua refer\u00eancia, os profissionais de sa\u00fade, ao identificarem casos de doen\u00e7as ou agravo de notifica\u00e7\u00e3o, passam os dados iniciais para a investiga\u00e7\u00e3o, como contato das pessoas afetadas (telefone atualizado e endere\u00e7o) e identifica\u00e7\u00e3o da doen\u00e7a suspeita. As pessoas portadoras ou com suspeita de agravo de notifica\u00e7\u00e3o receber\u00e3o contato da VE para investiga\u00e7\u00e3o e, se necess\u00e1rio, ser\u00e3o agendadas coleta para an\u00e1lise laboratorial ou entrevista pessoal para melhor avalia\u00e7\u00e3o do caso. A investiga\u00e7\u00e3o tamb\u00e9m pode abranger revis\u00e3o de registros m\u00e9dicos (prontu\u00e1rios, resultados de exames, etc.). Os resultados das investiga\u00e7\u00f5es geral dados que alimentam sistemas de informa\u00e7\u00e3o e permitem a an\u00e1lise do problema e auxiliam a ado\u00e7\u00e3o de medidas de controle das mesmas.&nbsp;<\/p>\n\n\n<div class=\"wp-block-image\">\n<figure class=\"aligncenter size-full is-resized\"><img loading=\"lazy\" decoding=\"async\" width=\"600\" height=\"600\" src=\"https:\/\/www.saudeindaial.sc.gov.br\/carta-servicos\/wp-content\/uploads\/2023\/12\/cliqueaqui.gif\" alt=\"\" class=\"wp-image-627\" style=\"width:88px;height:auto\"\/><\/figure><\/div>\n\n\n<p class=\"has-text-align-center\"><strong><a href=\"https:\/\/dive.sc.gov.br\/phocadownload\/geral\/lista-notificacao-11-2023.pdf\" target=\"_blank\" rel=\"noreferrer noopener\">Lista Nacional de Doen\u00e7as de Notifica\u00e7\u00e3o Compuls\u00f3ria<\/a><\/strong><\/p>\n\n\n\n<div class=\"wp-block-buttons is-content-justification-right is-layout-flex wp-container-core-buttons-is-layout-1 wp-block-buttons-is-layout-flex\">\n<div class=\"wp-block-button is-style-fill\"><a class=\"wp-block-button__link wp-element-button\" href=\"https:\/\/www.saudeindaial.sc.gov.br\/carta-servicos\/vigilancia-epidemiologica\/\">voltar<\/a><\/div>\n<\/div>\n\n\n\n<p><\/p>\n","protected":false},"excerpt":{"rendered":"<p>O QUE \u00c9? Desenvolvimento e utiliza\u00e7\u00e3o de instrumentos para monitoramento cont\u00ednuo de doen\u00e7as para identificar poss\u00edveis surtos, epidemias ou piora nas condi\u00e7\u00f5es de sa\u00fade da popula\u00e7\u00e3o.&nbsp; QUEM PODE UTILIZAR ESTE SERVI\u00c7O? Gestores, profissionais de sa\u00fade, institui\u00e7\u00e3o de sa\u00fade e popula\u00e7\u00e3o em geral.&nbsp; CANAIS DE PRESTA\u00c7\u00c3O DE SERVI\u00c7O E MECANISMOS DE COMUNICA\u00c7\u00c3O:Telefones: (47) 3317-2114 \/ 3317-2113 [&hellip;]<\/p>\n","protected":false},"author":2,"featured_media":0,"parent":0,"menu_order":0,"comment_status":"closed","ping_status":"closed","template":"","meta":{"footnotes":""},"class_list":["post-624","page","type-page","status-publish","hentry"],"_links":{"self":[{"href":"https:\/\/www.saudeindaial.sc.gov.br\/carta-servicos\/wp-json\/wp\/v2\/pages\/624","targetHints":{"allow":["GET"]}}],"collection":[{"href":"https:\/\/www.saudeindaial.sc.gov.br\/carta-servicos\/wp-json\/wp\/v2\/pages"}],"about":[{"href":"https:\/\/www.saudeindaial.sc.gov.br\/carta-servicos\/wp-json\/wp\/v2\/types\/page"}],"author":[{"embeddable":true,"href":"https:\/\/www.saudeindaial.sc.gov.br\/carta-servicos\/wp-json\/wp\/v2\/users\/2"}],"replies":[{"embeddable":true,"href":"https:\/\/www.saudeindaial.sc.gov.br\/carta-servicos\/wp-json\/wp\/v2\/comments?post=624"}],"version-history":[{"count":7,"href":"https:\/\/www.saudeindaial.sc.gov.br\/carta-servicos\/wp-json\/wp\/v2\/pages\/624\/revisions"}],"predecessor-version":[{"id":994,"href":"https:\/\/www.saudeindaial.sc.gov.br\/carta-servicos\/wp-json\/wp\/v2\/pages\/624\/revisions\/994"}],"wp:attachment":[{"href":"https:\/\/www.saudeindaial.sc.gov.br\/carta-servicos\/wp-json\/wp\/v2\/media?parent=624"}],"curies":[{"name":"wp","href":"https:\/\/api.w.org\/{rel}","templated":true}]}}