{"id":636,"date":"2023-12-11T21:02:25","date_gmt":"2023-12-12T00:02:25","guid":{"rendered":"https:\/\/www.saudeindaial.sc.gov.br\/carta-servicos\/?page_id=636"},"modified":"2024-10-09T15:09:59","modified_gmt":"2024-10-09T18:09:59","slug":"declaracao-de-obito-e-de-nascidos-vivos","status":"publish","type":"page","link":"https:\/\/www.saudeindaial.sc.gov.br\/carta-servicos\/declaracao-de-obito-e-de-nascidos-vivos\/","title":{"rendered":"Declara\u00e7\u00e3o de \u00d3bito e de Nascidos Vivos"},"content":{"rendered":"\n<p class=\"has-text-align-center\"><strong>GERENCIAMENTO DE ENTREGA E RECEBIMENTO DOS FORMUL\u00c1RIOS <\/strong><strong>DE DECLARA\u00c7\u00c3O DE \u00d3BITO E DE NASCIDOS VIVOS<\/strong><\/p>\n\n\n<div class=\"wp-block-image is-style-rounded\">\n<figure class=\"alignright size-full is-resized\"><img loading=\"lazy\" decoding=\"async\" width=\"259\" height=\"194\" src=\"https:\/\/www.saudeindaial.sc.gov.br\/carta-servicos\/wp-content\/uploads\/2023\/12\/images-1-1.jpg\" alt=\"\" class=\"wp-image-640\" style=\"width:193px;height:auto\" srcset=\"https:\/\/www.saudeindaial.sc.gov.br\/carta-servicos\/wp-content\/uploads\/2023\/12\/images-1-1.jpg 259w, https:\/\/www.saudeindaial.sc.gov.br\/carta-servicos\/wp-content\/uploads\/2023\/12\/images-1-1-210x157.jpg 210w\" sizes=\"auto, (max-width: 259px) 100vw, 259px\" \/><\/figure><\/div>\n\n\n<p>A Secretaria Municipal de Sa\u00fade, atrav\u00e9s da Vigil\u00e2ncia Epidemiol\u00f3gica (VE), recebe da Regional de Sa\u00fade os formul\u00e1rios de Declara\u00e7\u00f5es de \u00d3bito e de Nascidos Vivos e faz a distribui\u00e7\u00e3o para as Institui\u00e7\u00f5es de Sa\u00fade e profissionais habilitados, bem como monitora seu retorno, qualifica e alimenta os respectivos sistemas (SIM \u2013 Sistema de Informa\u00e7\u00e3o sobre Mortalidade e SINASC \u2013 Sistema de Informa\u00e7\u00e3o sobre Nascidos Vivos).<\/p>\n\n\n\n<p><em>QUEM PODE UTILIZAR ESTE SERVI\u00c7O?<\/em> Profissionais e servi\u00e7os de sa\u00fade p\u00fablico ou privado.&nbsp;<\/p>\n\n\n\n<p>Para retirada e devolu\u00e7\u00e3o dos formul\u00e1rios: presencial.<\/p>\n\n\n\n<p><\/p>\n\n\n\n<p><\/p>\n\n\n\n<p><\/p>\n\n\n\n<p class=\"has-text-align-center\"><strong>QUALIFICA\u00c7\u00c3O E DIVULGA\u00c7\u00c3O DE DADOS DE MORTALIDADE E DE NASCIDOS VIVOS<\/strong><\/p>\n\n\n<div class=\"wp-block-image\">\n<figure class=\"alignleft size-full is-resized\"><img loading=\"lazy\" decoding=\"async\" width=\"621\" height=\"417\" src=\"https:\/\/www.saudeindaial.sc.gov.br\/carta-servicos\/wp-content\/uploads\/2023\/12\/Captura-de-tela-2023-12-11-205159-1.png\" alt=\"\" class=\"wp-image-638\" style=\"width:298px;height:auto\" srcset=\"https:\/\/www.saudeindaial.sc.gov.br\/carta-servicos\/wp-content\/uploads\/2023\/12\/Captura-de-tela-2023-12-11-205159-1.png 621w, https:\/\/www.saudeindaial.sc.gov.br\/carta-servicos\/wp-content\/uploads\/2023\/12\/Captura-de-tela-2023-12-11-205159-1-300x201.png 300w, https:\/\/www.saudeindaial.sc.gov.br\/carta-servicos\/wp-content\/uploads\/2023\/12\/Captura-de-tela-2023-12-11-205159-1-210x141.png 210w\" sizes=\"auto, (max-width: 621px) 100vw, 621px\" \/><\/figure><\/div>\n\n\n<p>Todos os \u00f3bitos e nascimentos que ocorrem em Indaial s\u00e3o alimentados no Sistema de Informa\u00e7\u00e3o sobre Mortalidade (SIM) ou Sistema de Informa\u00e7\u00e3o de Nascidos Vivos, respectivamente. Todas as declara\u00e7\u00f5es de \u00f3bito e de nascidos vivos s\u00e3o analisadas e, se necess\u00e1rio, \u00e9 feita investiga\u00e7\u00e3o em prontu\u00e1rio para qualificar as informa\u00e7\u00f5es. Estas alimentam sistemas de informa\u00e7\u00f5es que permitem an\u00e1lise dos dados e diagn\u00f3stico do perfil de mortalidade e de nascimento do munic\u00edpio.&nbsp;<\/p>\n\n\n\n<p><em>QUEM PODE UTILIZAR ESTE SERVI\u00c7O?<\/em> Gestores, profissionais de sa\u00fade, servi\u00e7os de sa\u00fade, \u00f3rg\u00e3os que utilizam dados de estat\u00edsticas vitais, popula\u00e7\u00e3o em geral.<\/p>\n\n\n\n<p><em>FORMAS E ETAPAS PARA A REALIZA\u00c7\u00c3O DESTE SERVI\u00c7O:<\/em> Os dados s\u00e3o disponibilizados para profissionais de sa\u00fade e popula\u00e7\u00e3o em geral atrav\u00e9s de of\u00edcios encaminhados via Secretaria de Sa\u00fade &#8211; Sede administrativa.<\/p>\n\n\n\n<p>&nbsp;<\/p>\n\n\n<div class=\"wp-block-image\">\n<figure class=\"alignright size-full is-resized\"><img loading=\"lazy\" decoding=\"async\" width=\"139\" height=\"279\" src=\"https:\/\/www.saudeindaial.sc.gov.br\/carta-servicos\/wp-content\/uploads\/2023\/12\/pref_lrv-1.jpeg\" alt=\"\" class=\"wp-image-642\" style=\"width:227px;height:auto\" srcset=\"https:\/\/www.saudeindaial.sc.gov.br\/carta-servicos\/wp-content\/uploads\/2023\/12\/pref_lrv-1.jpeg 139w, https:\/\/www.saudeindaial.sc.gov.br\/carta-servicos\/wp-content\/uploads\/2023\/12\/pref_lrv-1-105x210.jpeg 105w\" sizes=\"auto, (max-width: 139px) 100vw, 139px\" \/><\/figure><\/div>\n\n\n<p class=\"has-text-align-center\"><strong>INVESTIGA\u00c7\u00c3O DE \u00d3BITOS PRIORIT\u00c1RIOS<\/strong> <\/p>\n\n\n\n<p>Investiga\u00e7\u00e3o em prontu\u00e1rios hospitalares, ambulatoriais e entrevistas domiciliares da causa de morte em todos os \u00f3bitos fetais (entre 22 semanas de idade gestacional e o nascimento), infantis (menores de 1 ano), mulheres em idade f\u00e9rtil (10 a 49 anos) e \u00f3bitos maternos (at\u00e9 1 ano ap\u00f3s o parto) ocorridos em Indaial, independente de local de resid\u00eancia, visando aprimoramento dos servi\u00e7os para a preven\u00e7\u00e3o de \u00f3bitos.&nbsp;<\/p>\n\n\n\n<p><em>FORMAS E ETAPAS PARA A REALIZA\u00c7\u00c3O DESTE SERVI\u00c7O:<\/em> Institui\u00e7\u00f5es de sa\u00fade ou profissionais emitem Declara\u00e7\u00e3o de \u00d3bito (DO), os casos priorit\u00e1rios (\u00f3bitos fetais, infantis (menores de 1 ano), mulheres em idade f\u00e9rtil (10 a 49 anos) e \u00f3bitos maternos) devem enviar o documento para a VE em at\u00e9 48 horas.&nbsp;<br>As Institui\u00e7\u00f5es envolvidas no cuidado do caso e, em alguns casos, os familiares, ser\u00e3o contatados pela VE para combina\u00e7\u00e3o do processo de investiga\u00e7\u00e3o, que envolve revis\u00e3o de registros de prontu\u00e1rios, laudos laboratoriais e, quando necess\u00e1rio, entrevistas com familiares. Quando indicado, os casos investigados s\u00e3o encaminhados para o Comit\u00ea Municipal ou Regional de Investiga\u00e7\u00e3o de \u00f3bito para discuss\u00e3o.&nbsp;<\/p>\n\n\n\n<p><em>QUANTO TEMPO LEVA?<\/em> A VE tem at\u00e9 120 dias, a partir da data do \u00f3bito, para encerrar a investiga\u00e7\u00e3o.<\/p>\n\n\n\n<p><em>TRATAMENTO A SER DISPENSADO AO USU\u00c1RIO NO ATENDIMENTO:<\/em> Feito o contato com institui\u00e7\u00f5es e familiares, baseado na \u00e9tica e sigilo profissional. Os detalhes dos casos n\u00e3o s\u00e3o abertos ao p\u00fablico.<\/p>\n\n\n\n<div class=\"wp-block-buttons is-content-justification-right is-layout-flex wp-container-core-buttons-is-layout-1 wp-block-buttons-is-layout-flex\">\n<div class=\"wp-block-button is-style-fill\"><a class=\"wp-block-button__link wp-element-button\" href=\"https:\/\/www.saudeindaial.sc.gov.br\/carta-servicos\/vigilancia-epidemiologica\/\">voltar<\/a><\/div>\n<\/div>\n","protected":false},"excerpt":{"rendered":"<p>GERENCIAMENTO DE ENTREGA E RECEBIMENTO DOS FORMUL\u00c1RIOS DE DECLARA\u00c7\u00c3O DE \u00d3BITO E DE NASCIDOS VIVOS A Secretaria Municipal de Sa\u00fade, atrav\u00e9s da Vigil\u00e2ncia Epidemiol\u00f3gica (VE), recebe da Regional de Sa\u00fade os formul\u00e1rios de Declara\u00e7\u00f5es de \u00d3bito e de Nascidos Vivos e faz a distribui\u00e7\u00e3o para as Institui\u00e7\u00f5es de Sa\u00fade e profissionais habilitados, bem como monitora [&hellip;]<\/p>\n","protected":false},"author":2,"featured_media":0,"parent":0,"menu_order":0,"comment_status":"closed","ping_status":"closed","template":"","meta":{"footnotes":""},"class_list":["post-636","page","type-page","status-publish","hentry"],"_links":{"self":[{"href":"https:\/\/www.saudeindaial.sc.gov.br\/carta-servicos\/wp-json\/wp\/v2\/pages\/636","targetHints":{"allow":["GET"]}}],"collection":[{"href":"https:\/\/www.saudeindaial.sc.gov.br\/carta-servicos\/wp-json\/wp\/v2\/pages"}],"about":[{"href":"https:\/\/www.saudeindaial.sc.gov.br\/carta-servicos\/wp-json\/wp\/v2\/types\/page"}],"author":[{"embeddable":true,"href":"https:\/\/www.saudeindaial.sc.gov.br\/carta-servicos\/wp-json\/wp\/v2\/users\/2"}],"replies":[{"embeddable":true,"href":"https:\/\/www.saudeindaial.sc.gov.br\/carta-servicos\/wp-json\/wp\/v2\/comments?post=636"}],"version-history":[{"count":5,"href":"https:\/\/www.saudeindaial.sc.gov.br\/carta-servicos\/wp-json\/wp\/v2\/pages\/636\/revisions"}],"predecessor-version":[{"id":995,"href":"https:\/\/www.saudeindaial.sc.gov.br\/carta-servicos\/wp-json\/wp\/v2\/pages\/636\/revisions\/995"}],"wp:attachment":[{"href":"https:\/\/www.saudeindaial.sc.gov.br\/carta-servicos\/wp-json\/wp\/v2\/media?parent=636"}],"curies":[{"name":"wp","href":"https:\/\/api.w.org\/{rel}","templated":true}]}}