{"id":683,"date":"2023-12-11T23:19:39","date_gmt":"2023-12-12T02:19:39","guid":{"rendered":"https:\/\/www.saudeindaial.sc.gov.br\/carta-servicos\/?page_id=683"},"modified":"2024-10-09T14:56:28","modified_gmt":"2024-10-09T17:56:28","slug":"regulacao","status":"publish","type":"page","link":"https:\/\/www.saudeindaial.sc.gov.br\/carta-servicos\/regulacao\/","title":{"rendered":"Regula\u00e7\u00e3o"},"content":{"rendered":"\n<p>A Regula\u00e7\u00e3o do Acesso&nbsp;tem como objetos a organiza\u00e7\u00e3o, o controle,&nbsp;o gerenciamento e a prioriza\u00e7\u00e3o do acesso e dos fluxos assistenciais no \u00e2mbito do SUS, e como sujeitos seus respectivos gestores p\u00fablicos.<\/p>\n\n\n\n<p class=\"has-text-align-left\"><strong><mark style=\"background-color:rgba(0, 0, 0, 0)\" class=\"has-inline-color has-vivid-red-color\">ACESSO AS FILAS&nbsp;ESPECIALIZADAS&nbsp;DE ESPERA DO SUS<\/mark><\/strong><br><br>Esse servi\u00e7o disponibiliza ao usu\u00e1rio acesso a informa\u00e7\u00f5es das listas de espera do Sistema \u00danico de Sa\u00fade&nbsp;(SUS)&nbsp;de consultas e procedimentos especializados, verificando informa\u00e7\u00f5es sobre a sua posi\u00e7\u00e3o e previs\u00e3o de atendimento atrav\u00e9s do site Lista de Espera do SUS gerenciado pela Secretaria Estadual de Sa\u00fade.<br><br>Documentos necess\u00e1rios:&nbsp;Cart\u00e3o Nacional do SUS ou CPF<br>Acesso imediato:&nbsp;pela Internet atrav\u00e9s do site <br>Lista de Espera do SUS: <strong><a href=\"https:\/\/listadeespera.saude.sc.gov.br\/#\/home\" target=\"_blank\" rel=\"noreferrer noopener\"><mark style=\"background-color:rgba(0, 0, 0, 0)\" class=\"has-inline-color has-luminous-vivid-amber-color\">CLIQUE AQUI<\/mark><\/a><\/strong><br>Site gerenciado pela Secretaria de Estado da Sa\u00fade.<br><br><strong>CONTATO<\/strong><br>Servi\u00e7o de Atendimento Integral a Sa\u00fade \u2013 SAIS<br>Rua Leoberto Leal, 155 \u2013 Tapaj\u00f3s,&nbsp;por telefone&nbsp;no 47-3281-7100&nbsp;ou presencialmente.<br>Nas&nbsp;Unidades B\u00e1sicas de Sa\u00fade&nbsp;por telefone ou presencialmente.<br><em>O&nbsp;usu\u00e1rio ser\u00e1 orientado e receber\u00e1 informa\u00e7\u00f5es apenas&nbsp;de&nbsp;como acessar o site.<\/em><\/p>\n\n\n\n<p class=\"has-text-align-left\"><\/p>\n\n\n\n<p class=\"has-text-align-left\"><strong><mark style=\"background-color:rgba(0, 0, 0, 0)\" class=\"has-inline-color has-vivid-red-color\">TRATAMENTO DE SA\u00daDE FORA DO DOMIC\u00cdLIO&nbsp;(TFD)<\/mark><\/strong><br><br>Disponibilizar o deslocamento e ajuda de custo para pacientes (e acompanhante, se necess\u00e1rio) atendidos na rede p\u00fablica ou conveniada\/contratada do Sistema \u00danico de Sa\u00fade (SUS) que necessitem de assist\u00eancia ambulatorial e\/ou hospitalar, cujo procedimento seja de m\u00e9dia ou alta complexidade, e n\u00e3o seja ofertado em&nbsp;Indaial.&nbsp;Pode ser&nbsp;Intraestadual (dentro do Estado)&nbsp;ou&nbsp;Interestadual (fora do Estado), de acordo com refer\u00eancias pr\u00e9-pactuadas. <br><br><strong><em>DOCUMENTOS DO USU\u00c1RIO NECESS\u00c1RIOS <\/em><\/strong><br>&#8211; Carteira de Identidade ou CPF;<br>&#8211; Cart\u00e3o&nbsp;nacional de sa\u00fade (CNS)\/ cart\u00e3o SUS;<br>&#8211; Comprovante de resid\u00eancia;<br>&#8211; Laudo m\u00e9dico de Tratamento Fora do Domic\u00edlio;<br>&#8211; Prescri\u00e7\u00e3o m\u00e9dica do servi\u00e7o solicitado;<br>&#8211; Exames Complementares.<br><br><em><strong>ETAPAS DO PROCESSO<\/strong><\/em><br>1) Comparecer no setor de Tratamento Fora do Domic\u00edlio com laudo m\u00e9dico do procedimento solicitado e documentos de identifica\u00e7\u00e3o. <br>2) Aguardar agendamento.<br>3) Consulta\/Procedimento&nbsp;ser\u00e1&nbsp;solicitado no&nbsp;SISREG conforme refer\u00eancia da&nbsp;Programa\u00e7\u00e3o&nbsp;Pactuada Integrada&nbsp;(PPI)&nbsp;ou via Telemedicina para os casos de tratamento fora do Estado de Santa Catarina.<br>4) Ap\u00f3s aprovado o procedimento, o paciente ser\u00e1 comunicado para comparecer ao setor, retirar documentos e receber orienta\u00e7\u00f5es sobre transporte e ajuda de custo.<br><br><strong><em>CONTATO<\/em><\/strong><br>Servi\u00e7o de Atendimento Integral a Sa\u00fade \u2013 SAIS \u2013&nbsp;Setor de TFD<br>Rua Leoberto Leal, 155 \u2013 Tapaj\u00f3s.<br>Email:&nbsp;tfd1@saudeindaial.sc.gov.br<br>Fone: 47-3281-7113<br><em>Nesta op\u00e7\u00e3o ser\u00e3o repassadas informa\u00e7\u00f5es ao usu\u00e1rio.<\/em><br><\/p>\n\n\n\n<p class=\"has-text-align-left\"><br><strong><mark style=\"background-color:rgba(0, 0, 0, 0)\" class=\"has-inline-color has-vivid-red-color\">CONSULTAS&nbsp;COM M\u00c9DICOS ESPECIALISTAS<\/mark><\/strong><br><br>Permite ao usu\u00e1rio do Sistema \u00danico de Sa\u00fade (SUS), ter acesso&nbsp;\u00e0&nbsp;consulta com m\u00e9dicos especialistas no Munic\u00edpio de Indaial e, tamb\u00e9m fora do munic\u00edpio de acordo com a Programa\u00e7\u00e3o Pactuada Integrada (PPI) e&nbsp;ou servi\u00e7os de sa\u00fade&nbsp;conveniados. <br><\/p>\n\n\n<div class=\"wp-block-image\">\n<figure class=\"alignleft size-full is-resized\"><img loading=\"lazy\" decoding=\"async\" width=\"769\" height=\"629\" src=\"https:\/\/www.saudeindaial.sc.gov.br\/carta-servicos\/wp-content\/uploads\/2023\/12\/Central-de-Regulacao_2-2.png\" alt=\"\" class=\"wp-image-685\" style=\"width:449px;height:auto\" srcset=\"https:\/\/www.saudeindaial.sc.gov.br\/carta-servicos\/wp-content\/uploads\/2023\/12\/Central-de-Regulacao_2-2.png 769w, https:\/\/www.saudeindaial.sc.gov.br\/carta-servicos\/wp-content\/uploads\/2023\/12\/Central-de-Regulacao_2-2-300x245.png 300w, https:\/\/www.saudeindaial.sc.gov.br\/carta-servicos\/wp-content\/uploads\/2023\/12\/Central-de-Regulacao_2-2-210x172.png 210w\" sizes=\"auto, (max-width: 769px) 100vw, 769px\" \/><\/figure><\/div>\n\n\n<p class=\"has-text-align-left\"><br>ETAPAS DO PROCESSO<br><br>1) Paciente realiza consulta m\u00e9dica na Unidade B\u00e1sica de Sa\u00fade e havendo necessidade de consulta com especialista o m\u00e9dico far\u00e1 o encaminhamento e a solicita\u00e7\u00e3o \u00e9 encaminhada via Sistema Nacional de Regula\u00e7\u00e3o (SISREG) para a Central Reguladora.<br>2) Ap\u00f3s autoriza\u00e7\u00e3o da consulta m\u00e9dica especializada pela Central Reguladora a Unidade B\u00e1sica de Sa\u00fade comunicar\u00e1 o usu\u00e1rio&nbsp;do agendamento.<br><\/p>\n\n\n\n<p><\/p>\n\n\n\n<p class=\"has-text-align-left\"><br>CONTATO<br>Servi\u00e7o de Atendimento Integral a Sa\u00fade \u2013 SAIS<br>Rua Leoberto Leal, 155 \u2013 Tapaj\u00f3s.<br>Email:&nbsp;filaespera@saudeindaial.sc.gov.br<br>Fone: 47-3281-7100<br><em>Nesta op\u00e7\u00e3o ser\u00e3o repassadas&nbsp;apenas&nbsp;informa\u00e7\u00f5es ao usu\u00e1rio.<\/em><\/p>\n\n\n\n<div class=\"wp-block-buttons is-content-justification-right is-layout-flex wp-container-core-buttons-is-layout-1 wp-block-buttons-is-layout-flex\">\n<div class=\"wp-block-button is-style-fill\"><a class=\"wp-block-button__link wp-element-button\" href=\"https:\/\/www.saudeindaial.sc.gov.br\/carta-servicos\/atencao-especializada\/\">VOLTAR<\/a><\/div>\n<\/div>\n\n\n\n<p><\/p>\n","protected":false},"excerpt":{"rendered":"<p>A Regula\u00e7\u00e3o do Acesso&nbsp;tem como objetos a organiza\u00e7\u00e3o, o controle,&nbsp;o gerenciamento e a prioriza\u00e7\u00e3o do acesso e dos fluxos assistenciais no \u00e2mbito do SUS, e como sujeitos seus respectivos gestores p\u00fablicos. ACESSO AS FILAS&nbsp;ESPECIALIZADAS&nbsp;DE ESPERA DO SUS Esse servi\u00e7o disponibiliza ao usu\u00e1rio acesso a informa\u00e7\u00f5es das listas de espera do Sistema \u00danico de Sa\u00fade&nbsp;(SUS)&nbsp;de consultas [&hellip;]<\/p>\n","protected":false},"author":2,"featured_media":0,"parent":0,"menu_order":0,"comment_status":"closed","ping_status":"closed","template":"","meta":{"footnotes":""},"class_list":["post-683","page","type-page","status-publish","hentry"],"_links":{"self":[{"href":"https:\/\/www.saudeindaial.sc.gov.br\/carta-servicos\/wp-json\/wp\/v2\/pages\/683","targetHints":{"allow":["GET"]}}],"collection":[{"href":"https:\/\/www.saudeindaial.sc.gov.br\/carta-servicos\/wp-json\/wp\/v2\/pages"}],"about":[{"href":"https:\/\/www.saudeindaial.sc.gov.br\/carta-servicos\/wp-json\/wp\/v2\/types\/page"}],"author":[{"embeddable":true,"href":"https:\/\/www.saudeindaial.sc.gov.br\/carta-servicos\/wp-json\/wp\/v2\/users\/2"}],"replies":[{"embeddable":true,"href":"https:\/\/www.saudeindaial.sc.gov.br\/carta-servicos\/wp-json\/wp\/v2\/comments?post=683"}],"version-history":[{"count":8,"href":"https:\/\/www.saudeindaial.sc.gov.br\/carta-servicos\/wp-json\/wp\/v2\/pages\/683\/revisions"}],"predecessor-version":[{"id":982,"href":"https:\/\/www.saudeindaial.sc.gov.br\/carta-servicos\/wp-json\/wp\/v2\/pages\/683\/revisions\/982"}],"wp:attachment":[{"href":"https:\/\/www.saudeindaial.sc.gov.br\/carta-servicos\/wp-json\/wp\/v2\/media?parent=683"}],"curies":[{"name":"wp","href":"https:\/\/api.w.org\/{rel}","templated":true}]}}