{"id":693,"date":"2023-12-12T11:49:31","date_gmt":"2023-12-12T14:49:31","guid":{"rendered":"https:\/\/www.saudeindaial.sc.gov.br\/carta-servicos\/?page_id=693"},"modified":"2024-10-09T15:12:56","modified_gmt":"2024-10-09T18:12:56","slug":"ambulatorio-de-infectologia","status":"publish","type":"page","link":"https:\/\/www.saudeindaial.sc.gov.br\/carta-servicos\/ambulatorio-de-infectologia\/","title":{"rendered":"Ambulat\u00f3rio de Infectologia"},"content":{"rendered":"<div class=\"wp-block-image is-style-rounded\">\n<figure class=\"alignright size-full is-resized\"><img loading=\"lazy\" decoding=\"async\" width=\"374\" height=\"371\" src=\"https:\/\/www.saudeindaial.sc.gov.br\/carta-servicos\/wp-content\/uploads\/2023\/12\/Captura-de-tela-2023-12-12-113913.jpg\" alt=\"\" class=\"wp-image-694\" style=\"width:252px;height:auto\" srcset=\"https:\/\/www.saudeindaial.sc.gov.br\/carta-servicos\/wp-content\/uploads\/2023\/12\/Captura-de-tela-2023-12-12-113913.jpg 374w, https:\/\/www.saudeindaial.sc.gov.br\/carta-servicos\/wp-content\/uploads\/2023\/12\/Captura-de-tela-2023-12-12-113913-300x298.jpg 300w, https:\/\/www.saudeindaial.sc.gov.br\/carta-servicos\/wp-content\/uploads\/2023\/12\/Captura-de-tela-2023-12-12-113913-150x150.jpg 150w, https:\/\/www.saudeindaial.sc.gov.br\/carta-servicos\/wp-content\/uploads\/2023\/12\/Captura-de-tela-2023-12-12-113913-210x208.jpg 210w\" sizes=\"auto, (max-width: 374px) 100vw, 374px\" \/><\/figure><\/div>\n\n\n<p><strong><mark style=\"background-color:rgba(0, 0, 0, 0)\" class=\"has-inline-color has-vivid-red-color\">CONSULTA EM INFECTOLOGIA<\/mark><\/strong> <br>Os pacientes para primeira consulta s\u00e3o agendados via sistema de regula\u00e7\u00e3o de acordo com crit\u00e9rios de prioridade, estabelecidos nos protocolos de acesso das especialidades. O encaminhamento dos pacientes \u00e9 feito pelos profissionais da Aten\u00e7\u00e3o Prim\u00e1ria em Sa\u00fade. Os pacientes para consulta de retorno s\u00e3o agendados diretamente com os profissionais no ambulat\u00f3rio. <br><br><strong><mark style=\"background-color:rgba(0, 0, 0, 0)\" class=\"has-inline-color has-vivid-red-color\">CONSULTA EM CL\u00cdNICA GERAL<\/mark><\/strong><br> Os pacientes que j\u00e1 fazem acompanhamento no Ambulat\u00f3rio s\u00e3o atendidos pelo m\u00e9dico cl\u00ednico geral. O agendamento \u00e9 realizado diretamente com a equipe do Ambulat\u00f3rio.<br><br><br><strong><mark style=\"background-color:rgba(0, 0, 0, 0)\" class=\"has-inline-color has-vivid-red-color\">ACOLHIMENTO<\/mark><\/strong><br>Esse servi\u00e7o \u00e9 realizado pelo t\u00e9cnico de enfermagem na pr\u00e9 consulta e p\u00f3s consulta m\u00e9dica. O t\u00e9cnico tamb\u00e9m \u00e9 respons\u00e1vel em deixar organizado os pedidos de exames para as coletas que s\u00e3o encaminhadas ao Laborat\u00f3rio de Refer\u00eancia (Lacen).Pacientes novos que d\u00e3o entrada no servi\u00e7o s\u00e3o acolhidos tanto pelo t\u00e9cnico como pelo enfermeiro, aonde acontecem as primeiras orienta\u00e7\u00f5es sobre o diagn\u00f3stico e acompanhamento para o paciente.<br><br><strong><mark style=\"background-color:rgba(0, 0, 0, 0)\" class=\"has-inline-color has-vivid-red-color\">ATENDIMENTO PARA PROTE\u00c7\u00c3O PR\u00c9-EXPOSI\u00c7\u00c3O ( PREP) E PROTE\u00c7\u00c3O P\u00d3S-EXPOSI\u00c7\u00c3O (PEP)<\/mark><\/strong><br>Os usu\u00e1rios que procuram por esse servi\u00e7o s\u00e3o atendidos e acompanhados pelo profissional enfermeiro e farmac\u00eautico.<br><\/p>\n\n\n<div class=\"wp-block-image is-style-rounded\">\n<figure class=\"alignleft size-full is-resized\"><img loading=\"lazy\" decoding=\"async\" width=\"374\" height=\"350\" src=\"https:\/\/www.saudeindaial.sc.gov.br\/carta-servicos\/wp-content\/uploads\/2023\/12\/tr-1.jpg\" alt=\"\" class=\"wp-image-697\" style=\"width:231px;height:auto\" srcset=\"https:\/\/www.saudeindaial.sc.gov.br\/carta-servicos\/wp-content\/uploads\/2023\/12\/tr-1.jpg 374w, https:\/\/www.saudeindaial.sc.gov.br\/carta-servicos\/wp-content\/uploads\/2023\/12\/tr-1-300x281.jpg 300w, https:\/\/www.saudeindaial.sc.gov.br\/carta-servicos\/wp-content\/uploads\/2023\/12\/tr-1-210x197.jpg 210w\" sizes=\"auto, (max-width: 374px) 100vw, 374px\" \/><\/figure><\/div>\n\n\n<p><strong><mark style=\"background-color:rgba(0, 0, 0, 0)\" class=\"has-inline-color has-vivid-red-color\">TESTAGEM R\u00c1PIDA PARA AS ISTs \u2013 HIV, HEPATITE B E C, SIFILIS<\/mark><\/strong><br>Os usu\u00e1rios que desejam realizar teste r\u00e1pido s\u00e3o atendidos pelo profissional enfermeiro ou farmac\u00eautico, onde s\u00e3o aplicados os testes e o aconselhamento \/ orienta\u00e7\u00e3o sobre as Infec\u00e7\u00f5es sexualmente transmiss\u00edveis. <br><br><strong><mark style=\"background-color:rgba(0, 0, 0, 0)\" class=\"has-inline-color has-vivid-red-color\">ALOCAMENTO DOS TESTES R\u00c1PIDOS<\/mark><\/strong><br>Enfermeira \u00e9 respons\u00e1vel em controlar o estoque, realizar o pedido e recebimento dos testes r\u00e1pidos pela Regional de Sa\u00fade mensalmente. Tamb\u00e9m responde pela distribui\u00e7\u00e3o dos testes para as unidades de sa\u00fade do munic\u00edpio.<br><br><\/p>\n\n\n<div class=\"wp-block-image\">\n<figure class=\"alignright size-full is-resized\"><img loading=\"lazy\" decoding=\"async\" width=\"369\" height=\"377\" src=\"https:\/\/www.saudeindaial.sc.gov.br\/carta-servicos\/wp-content\/uploads\/2023\/12\/medicamentos.jpg\" alt=\"\" class=\"wp-image-698\" style=\"width:178px;height:auto\" srcset=\"https:\/\/www.saudeindaial.sc.gov.br\/carta-servicos\/wp-content\/uploads\/2023\/12\/medicamentos.jpg 369w, https:\/\/www.saudeindaial.sc.gov.br\/carta-servicos\/wp-content\/uploads\/2023\/12\/medicamentos-294x300.jpg 294w, https:\/\/www.saudeindaial.sc.gov.br\/carta-servicos\/wp-content\/uploads\/2023\/12\/medicamentos-206x210.jpg 206w\" sizes=\"auto, (max-width: 369px) 100vw, 369px\" \/><\/figure><\/div>\n\n\n<p><strong><mark style=\"background-color:rgba(0, 0, 0, 0)\" class=\"has-inline-color has-vivid-red-color\">UNIDADE DISPENSADORA DE MEDICAMENTOS<\/mark><\/strong><br>O servi\u00e7o conta com sua pr\u00f3pria Unidade dispensadora de medicamentos (UDM), a qual \u00e9 de responsabilidade do farmac\u00eautico. O profissional responde pelo controle de estoque, recebimento e distribui\u00e7\u00e3o das medica\u00e7\u00f5es para tratamento de HIV, Hepatite B e C, Hansen\u00edase, Tuberculose. <br>A distribui\u00e7\u00e3o&nbsp;e orienta\u00e7\u00e3o das&nbsp;medica\u00e7\u00f5es se d\u00e1 da seguinte forma:<br>&#8211; HIV\/Hepatite B e C\/ Hansen\u00edase\/ Infec\u00e7\u00e3o latente da Tuberculose = entregue diretamente ao pacientes<br>&#8211; Tuberculose = enviado para cada Unidade de Sa\u00fade respons\u00e1vel em realizar a dose supervisionada.<br><br><strong><mark style=\"background-color:rgba(0, 0, 0, 0)\" class=\"has-inline-color has-vivid-red-color\">VISITA DOMICILIAR<\/mark><\/strong><br>Realizado visita domiciliar para os casos de acompanhamento de Tuberculose resistente para a entrega da dose supervisionado.<\/p>\n\n\n\n<div class=\"wp-block-buttons is-content-justification-right is-layout-flex wp-container-core-buttons-is-layout-1 wp-block-buttons-is-layout-flex\">\n<div class=\"wp-block-button is-style-fill\"><a class=\"wp-block-button__link wp-element-button\" href=\"https:\/\/www.saudeindaial.sc.gov.br\/carta-servicos\/vigilancia-epidemiologica\/\">voltar<\/a><\/div>\n<\/div>\n","protected":false},"excerpt":{"rendered":"<p>CONSULTA EM INFECTOLOGIA Os pacientes para primeira consulta s\u00e3o agendados via sistema de regula\u00e7\u00e3o de acordo com crit\u00e9rios de prioridade, estabelecidos nos protocolos de acesso das especialidades. O encaminhamento dos pacientes \u00e9 feito pelos profissionais da Aten\u00e7\u00e3o Prim\u00e1ria em Sa\u00fade. Os pacientes para consulta de retorno s\u00e3o agendados diretamente com os profissionais no ambulat\u00f3rio. CONSULTA [&hellip;]<\/p>\n","protected":false},"author":2,"featured_media":0,"parent":0,"menu_order":0,"comment_status":"closed","ping_status":"closed","template":"","meta":{"footnotes":""},"class_list":["post-693","page","type-page","status-publish","hentry"],"_links":{"self":[{"href":"https:\/\/www.saudeindaial.sc.gov.br\/carta-servicos\/wp-json\/wp\/v2\/pages\/693","targetHints":{"allow":["GET"]}}],"collection":[{"href":"https:\/\/www.saudeindaial.sc.gov.br\/carta-servicos\/wp-json\/wp\/v2\/pages"}],"about":[{"href":"https:\/\/www.saudeindaial.sc.gov.br\/carta-servicos\/wp-json\/wp\/v2\/types\/page"}],"author":[{"embeddable":true,"href":"https:\/\/www.saudeindaial.sc.gov.br\/carta-servicos\/wp-json\/wp\/v2\/users\/2"}],"replies":[{"embeddable":true,"href":"https:\/\/www.saudeindaial.sc.gov.br\/carta-servicos\/wp-json\/wp\/v2\/comments?post=693"}],"version-history":[{"count":3,"href":"https:\/\/www.saudeindaial.sc.gov.br\/carta-servicos\/wp-json\/wp\/v2\/pages\/693\/revisions"}],"predecessor-version":[{"id":998,"href":"https:\/\/www.saudeindaial.sc.gov.br\/carta-servicos\/wp-json\/wp\/v2\/pages\/693\/revisions\/998"}],"wp:attachment":[{"href":"https:\/\/www.saudeindaial.sc.gov.br\/carta-servicos\/wp-json\/wp\/v2\/media?parent=693"}],"curies":[{"name":"wp","href":"https:\/\/api.w.org\/{rel}","templated":true}]}}