{"id":751,"date":"2023-12-18T00:52:46","date_gmt":"2023-12-18T03:52:46","guid":{"rendered":"https:\/\/www.saudeindaial.sc.gov.br\/carta-servicos\/?page_id=751"},"modified":"2024-10-09T14:48:20","modified_gmt":"2024-10-09T17:48:20","slug":"centro-de-atencao-psicossocial-caps-i","status":"publish","type":"page","link":"https:\/\/www.saudeindaial.sc.gov.br\/carta-servicos\/centro-de-atencao-psicossocial-caps-i\/","title":{"rendered":"Centro de Aten\u00e7\u00e3o Psicossocial \u2013 CAPS I"},"content":{"rendered":"<div class=\"wp-block-image\">\n<figure class=\"alignright size-full is-resized\"><img loading=\"lazy\" decoding=\"async\" width=\"512\" height=\"512\" src=\"https:\/\/www.saudeindaial.sc.gov.br\/carta-servicos\/wp-content\/uploads\/2023\/12\/animat-map-color.gif\" alt=\"\" class=\"wp-image-752\" style=\"width:131px;height:auto\"\/><\/figure><\/div>\n\n\n<p><\/p>\n\n\n\n<p><strong>Coordena\u00e7\u00e3o:<\/strong> Milena Graziela da Silva;<br><strong>Endere\u00e7o:<\/strong> Av. Alfredo H. Hardt, 330 &#8211; Estradas das Areias, Indaial \u2013 SC;<br><strong>Hor\u00e1rio de atendimento:<\/strong> Das 07h \u00e0s 18h;<br><strong>Telefone:<\/strong> (47) 3333-4431.<\/p>\n\n\n\n<p><strong>\u00c9 um ponto de aten\u00e7\u00e3o estrat\u00e9gico da Rede de Aten\u00e7\u00e3o Psicossocial &#8211; RAPS<\/strong>, constitu\u00eddo por equipe multiprofissional que atua sobre a \u00f3tica interdisciplinar. Atende pessoas a partir de 13 anos que apresentam prioritariamente intenso sofrimento ps\u00edquico decorrente de transtornos mentais graves e persistentes, incluindo aqueles relacionados ao uso de subst\u00e2ncias psicoativas, e outras situa\u00e7\u00f5es cl\u00ednicas que impossibilitem estabelecer la\u00e7os sociais e realizar projetos de vida.<\/p>\n\n\n<div class=\"wp-block-image\">\n<figure class=\"aligncenter size-full is-resized\"><img loading=\"lazy\" decoding=\"async\" width=\"379\" height=\"423\" src=\"https:\/\/www.saudeindaial.sc.gov.br\/carta-servicos\/wp-content\/uploads\/2023\/12\/1557462_467256600134983_5500410722655832564_n.jpg\" alt=\"\" class=\"wp-image-753\" style=\"width:206px;height:auto\" srcset=\"https:\/\/www.saudeindaial.sc.gov.br\/carta-servicos\/wp-content\/uploads\/2023\/12\/1557462_467256600134983_5500410722655832564_n.jpg 379w, https:\/\/www.saudeindaial.sc.gov.br\/carta-servicos\/wp-content\/uploads\/2023\/12\/1557462_467256600134983_5500410722655832564_n-269x300.jpg 269w, https:\/\/www.saudeindaial.sc.gov.br\/carta-servicos\/wp-content\/uploads\/2023\/12\/1557462_467256600134983_5500410722655832564_n-188x210.jpg 188w\" sizes=\"auto, (max-width: 379px) 100vw, 379px\" \/><\/figure><\/div>\n\n\n<div class=\"wp-block-buttons is-content-justification-right is-layout-flex wp-container-core-buttons-is-layout-1 wp-block-buttons-is-layout-flex\">\n<div class=\"wp-block-button is-style-fill\"><a class=\"wp-block-button__link wp-element-button\" href=\"https:\/\/www.saudeindaial.sc.gov.br\/carta-servicos\/atencao-especializada\/\">voltar<\/a><\/div>\n<\/div>\n","protected":false},"excerpt":{"rendered":"<p>Coordena\u00e7\u00e3o: Milena Graziela da Silva;Endere\u00e7o: Av. Alfredo H. Hardt, 330 &#8211; Estradas das Areias, Indaial \u2013 SC;Hor\u00e1rio de atendimento: Das 07h \u00e0s 18h;Telefone: (47) 3333-4431. \u00c9 um ponto de aten\u00e7\u00e3o estrat\u00e9gico da Rede de Aten\u00e7\u00e3o Psicossocial &#8211; RAPS, constitu\u00eddo por equipe multiprofissional que atua sobre a \u00f3tica interdisciplinar. Atende pessoas a partir de 13 anos [&hellip;]<\/p>\n","protected":false},"author":2,"featured_media":0,"parent":0,"menu_order":0,"comment_status":"closed","ping_status":"closed","template":"","meta":{"footnotes":""},"class_list":["post-751","page","type-page","status-publish","hentry"],"_links":{"self":[{"href":"https:\/\/www.saudeindaial.sc.gov.br\/carta-servicos\/wp-json\/wp\/v2\/pages\/751","targetHints":{"allow":["GET"]}}],"collection":[{"href":"https:\/\/www.saudeindaial.sc.gov.br\/carta-servicos\/wp-json\/wp\/v2\/pages"}],"about":[{"href":"https:\/\/www.saudeindaial.sc.gov.br\/carta-servicos\/wp-json\/wp\/v2\/types\/page"}],"author":[{"embeddable":true,"href":"https:\/\/www.saudeindaial.sc.gov.br\/carta-servicos\/wp-json\/wp\/v2\/users\/2"}],"replies":[{"embeddable":true,"href":"https:\/\/www.saudeindaial.sc.gov.br\/carta-servicos\/wp-json\/wp\/v2\/comments?post=751"}],"version-history":[{"count":3,"href":"https:\/\/www.saudeindaial.sc.gov.br\/carta-servicos\/wp-json\/wp\/v2\/pages\/751\/revisions"}],"predecessor-version":[{"id":972,"href":"https:\/\/www.saudeindaial.sc.gov.br\/carta-servicos\/wp-json\/wp\/v2\/pages\/751\/revisions\/972"}],"wp:attachment":[{"href":"https:\/\/www.saudeindaial.sc.gov.br\/carta-servicos\/wp-json\/wp\/v2\/media?parent=751"}],"curies":[{"name":"wp","href":"https:\/\/api.w.org\/{rel}","templated":true}]}}