{"id":756,"date":"2023-12-18T01:04:18","date_gmt":"2023-12-18T04:04:18","guid":{"rendered":"https:\/\/www.saudeindaial.sc.gov.br\/carta-servicos\/?page_id=756"},"modified":"2024-10-09T14:51:32","modified_gmt":"2024-10-09T17:51:32","slug":"distribuicao-de-formulas-aplv-alergia-a-proteina-do-leite-de-vaca","status":"publish","type":"page","link":"https:\/\/www.saudeindaial.sc.gov.br\/carta-servicos\/distribuicao-de-formulas-aplv-alergia-a-proteina-do-leite-de-vaca\/","title":{"rendered":"Distribui\u00e7\u00e3o de F\u00f3rmulas &#8211; APLV (Alergia a prote\u00edna do leite de vaca)"},"content":{"rendered":"\n<p><strong>Respons\u00e1vel:<\/strong> Nutricionista Eliane Antunes dos Santos;<br><strong>Telefone:<\/strong> (47) 3281-7149 e (47) 3281-7127;<br><strong>Hor\u00e1rio de Atendimento:<\/strong> Conforme agendamento da Unidade de Sa\u00fade (SISREG).<\/p>\n\n\n<div class=\"wp-block-image is-style-default\">\n<figure class=\"alignleft size-full is-resized\"><img loading=\"lazy\" decoding=\"async\" width=\"363\" height=\"566\" src=\"https:\/\/www.saudeindaial.sc.gov.br\/carta-servicos\/wp-content\/uploads\/2023\/12\/Captura-de-Tela-2014-10-26-as-23.19.16.png.webp\" alt=\"\" class=\"wp-image-760\" style=\"width:330px;height:auto\" srcset=\"https:\/\/www.saudeindaial.sc.gov.br\/carta-servicos\/wp-content\/uploads\/2023\/12\/Captura-de-Tela-2014-10-26-as-23.19.16.png.webp 363w, https:\/\/www.saudeindaial.sc.gov.br\/carta-servicos\/wp-content\/uploads\/2023\/12\/Captura-de-Tela-2014-10-26-as-23.19.16.png-192x300.webp 192w, https:\/\/www.saudeindaial.sc.gov.br\/carta-servicos\/wp-content\/uploads\/2023\/12\/Captura-de-Tela-2014-10-26-as-23.19.16.png-135x210.webp 135w\" sizes=\"auto, (max-width: 363px) 100vw, 363px\" \/><\/figure><\/div>\n\n\n<p>A Alergia a prote\u00edna do leite de vaca (APLV) \u00e9 uma alergia alimentar causada pelo sistema imunol\u00f3gico de um beb\u00ea que reage a prote\u00ednas do leite de vaca. Alguns beb\u00eas podem desenvolver APLV depois de comer ou beber produtos contendo prote\u00edna de leite de vaca, o que pode causar uma rea\u00e7\u00e3o imune resultando em sintomas al\u00e9rgicos. H\u00e1 alguns fatores diferentes que podem ajudar a explicar por que seu filho pode ter APLV (incluindo heran\u00e7a e seu sistema imunol\u00f3gico particular). No entanto, as raz\u00f5es para o desenvolvimento de APLV s\u00e3o diferentes para cada crian\u00e7a, e n\u00e3o h\u00e1 necessidade de evitar leite de vaca na dieta do seu filho, a menos que seu filho seja diagnosticado com APLV.<br><br>O reconhecimento e diagn\u00f3stico da APLV s\u00e3o dif\u00edceis, uma vez que n\u00e3o h\u00e1 um teste \u00fanico ou combina\u00e7\u00e3o de exames que a definam com exatid\u00e3o. Assim \u00e9 importante que o m\u00e9dico programe a realiza\u00e7\u00e3o de teste de desencadeamento para confirmar o diagn\u00f3stico, respeitando as especificidades de cada paciente. At\u00e9 mesmo crian\u00e7as alimentadas com leite materno podem ser expostas a essas prote\u00ednas, pois ocorre passagem pelo leite materno de prote\u00ednas \u00edntegras do leite de vaca ingeridas pela m\u00e3e.<br><br>Em Indaial o programa esta destinado para crian\u00e7as na faixa et\u00e1ria de at\u00e9 1 ano 11 meses e 29 dias.<\/p>\n\n\n\n<div class=\"wp-block-buttons is-content-justification-right is-layout-flex wp-container-core-buttons-is-layout-1 wp-block-buttons-is-layout-flex\">\n<div class=\"wp-block-button is-style-fill\"><a class=\"wp-block-button__link wp-element-button\" href=\"https:\/\/www.saudeindaial.sc.gov.br\/carta-servicos\/atencao-especializada\/\">voltar<\/a><\/div>\n<\/div>\n","protected":false},"excerpt":{"rendered":"<p>Respons\u00e1vel: Nutricionista Eliane Antunes dos Santos;Telefone: (47) 3281-7149 e (47) 3281-7127;Hor\u00e1rio de Atendimento: Conforme agendamento da Unidade de Sa\u00fade (SISREG). A Alergia a prote\u00edna do leite de vaca (APLV) \u00e9 uma alergia alimentar causada pelo sistema imunol\u00f3gico de um beb\u00ea que reage a prote\u00ednas do leite de vaca. Alguns beb\u00eas podem desenvolver APLV depois de [&hellip;]<\/p>\n","protected":false},"author":2,"featured_media":0,"parent":0,"menu_order":0,"comment_status":"closed","ping_status":"closed","template":"","meta":{"footnotes":""},"class_list":["post-756","page","type-page","status-publish","hentry"],"_links":{"self":[{"href":"https:\/\/www.saudeindaial.sc.gov.br\/carta-servicos\/wp-json\/wp\/v2\/pages\/756","targetHints":{"allow":["GET"]}}],"collection":[{"href":"https:\/\/www.saudeindaial.sc.gov.br\/carta-servicos\/wp-json\/wp\/v2\/pages"}],"about":[{"href":"https:\/\/www.saudeindaial.sc.gov.br\/carta-servicos\/wp-json\/wp\/v2\/types\/page"}],"author":[{"embeddable":true,"href":"https:\/\/www.saudeindaial.sc.gov.br\/carta-servicos\/wp-json\/wp\/v2\/users\/2"}],"replies":[{"embeddable":true,"href":"https:\/\/www.saudeindaial.sc.gov.br\/carta-servicos\/wp-json\/wp\/v2\/comments?post=756"}],"version-history":[{"count":3,"href":"https:\/\/www.saudeindaial.sc.gov.br\/carta-servicos\/wp-json\/wp\/v2\/pages\/756\/revisions"}],"predecessor-version":[{"id":974,"href":"https:\/\/www.saudeindaial.sc.gov.br\/carta-servicos\/wp-json\/wp\/v2\/pages\/756\/revisions\/974"}],"wp:attachment":[{"href":"https:\/\/www.saudeindaial.sc.gov.br\/carta-servicos\/wp-json\/wp\/v2\/media?parent=756"}],"curies":[{"name":"wp","href":"https:\/\/api.w.org\/{rel}","templated":true}]}}