{"id":763,"date":"2023-12-18T01:11:45","date_gmt":"2023-12-18T04:11:45","guid":{"rendered":"https:\/\/www.saudeindaial.sc.gov.br\/carta-servicos\/?page_id=763"},"modified":"2024-10-09T14:48:03","modified_gmt":"2024-10-09T17:48:03","slug":"ambulatorio-de-feridas-complexas","status":"publish","type":"page","link":"https:\/\/www.saudeindaial.sc.gov.br\/carta-servicos\/ambulatorio-de-feridas-complexas\/","title":{"rendered":"Ambulat\u00f3rio de Feridas Complexas"},"content":{"rendered":"\n<p><strong>Coordena\u00e7\u00e3o:<\/strong> Patr\u00edcia Loppnow;<br><strong>Hor\u00e1rio de Atendimento:<\/strong> De Segunda a Quinta Feiras das 08h  \u00e0s 18h e Sextas das 08h \u00e0s 17h;<br><strong>Telefone:<\/strong> (47) 3281-7128.<br><strong>Encaminhamento:<\/strong> Pela Unidade B\u00e1sica de Sa\u00fade, agendado atrav\u00e9s de contato telef\u00f4nico ou e-mail.<\/p>\n\n\n<div class=\"wp-block-image is-style-rounded\">\n<figure class=\"alignleft size-full is-resized\"><img loading=\"lazy\" decoding=\"async\" width=\"560\" height=\"340\" src=\"https:\/\/www.saudeindaial.sc.gov.br\/carta-servicos\/wp-content\/uploads\/2023\/12\/Tratamento-de-Feridas_edited_edited.webp\" alt=\"\" class=\"wp-image-764\" style=\"width:386px;height:auto\" srcset=\"https:\/\/www.saudeindaial.sc.gov.br\/carta-servicos\/wp-content\/uploads\/2023\/12\/Tratamento-de-Feridas_edited_edited.webp 560w, https:\/\/www.saudeindaial.sc.gov.br\/carta-servicos\/wp-content\/uploads\/2023\/12\/Tratamento-de-Feridas_edited_edited-300x182.webp 300w, https:\/\/www.saudeindaial.sc.gov.br\/carta-servicos\/wp-content\/uploads\/2023\/12\/Tratamento-de-Feridas_edited_edited-210x128.webp 210w\" sizes=\"auto, (max-width: 560px) 100vw, 560px\" \/><\/figure><\/div>\n\n\n<p>As feridas complexas s\u00e3o les\u00f5es que n\u00e3o seguem o curso normal da cicatriza\u00e7\u00e3o, demandam tempo cicatricial al\u00e9m do esperado, devido a processos infecciosos, perdas teciduais extensas e traumas que colocam em risco a integridade e a viabilidades de \u00f3rg\u00e3os e membros.<\/p>\n\n\n\n<p>Os ambulat\u00f3rios de feridas complexas atendem usu\u00e1rios com feridas que necessitam da realiza\u00e7\u00e3o de curativo, avalia\u00e7\u00e3o da ferida, orienta\u00e7\u00f5es para o autocuidado e acompanhamento de enfermagem.<\/p>\n\n\n\n<div class=\"wp-block-buttons is-content-justification-right is-layout-flex wp-container-core-buttons-is-layout-1 wp-block-buttons-is-layout-flex\">\n<div class=\"wp-block-button is-style-fill\"><a class=\"wp-block-button__link wp-element-button\" href=\"https:\/\/www.saudeindaial.sc.gov.br\/carta-servicos\/atencao-especializada\/\">voltar<\/a><\/div>\n<\/div>\n","protected":false},"excerpt":{"rendered":"<p>Coordena\u00e7\u00e3o: Patr\u00edcia Loppnow;Hor\u00e1rio de Atendimento: De Segunda a Quinta Feiras das 08h \u00e0s 18h e Sextas das 08h \u00e0s 17h;Telefone: (47) 3281-7128.Encaminhamento: Pela Unidade B\u00e1sica de Sa\u00fade, agendado atrav\u00e9s de contato telef\u00f4nico ou e-mail. As feridas complexas s\u00e3o les\u00f5es que n\u00e3o seguem o curso normal da cicatriza\u00e7\u00e3o, demandam tempo cicatricial al\u00e9m do esperado, devido a [&hellip;]<\/p>\n","protected":false},"author":2,"featured_media":0,"parent":0,"menu_order":0,"comment_status":"closed","ping_status":"closed","template":"","meta":{"footnotes":""},"class_list":["post-763","page","type-page","status-publish","hentry"],"_links":{"self":[{"href":"https:\/\/www.saudeindaial.sc.gov.br\/carta-servicos\/wp-json\/wp\/v2\/pages\/763","targetHints":{"allow":["GET"]}}],"collection":[{"href":"https:\/\/www.saudeindaial.sc.gov.br\/carta-servicos\/wp-json\/wp\/v2\/pages"}],"about":[{"href":"https:\/\/www.saudeindaial.sc.gov.br\/carta-servicos\/wp-json\/wp\/v2\/types\/page"}],"author":[{"embeddable":true,"href":"https:\/\/www.saudeindaial.sc.gov.br\/carta-servicos\/wp-json\/wp\/v2\/users\/2"}],"replies":[{"embeddable":true,"href":"https:\/\/www.saudeindaial.sc.gov.br\/carta-servicos\/wp-json\/wp\/v2\/comments?post=763"}],"version-history":[{"count":2,"href":"https:\/\/www.saudeindaial.sc.gov.br\/carta-servicos\/wp-json\/wp\/v2\/pages\/763\/revisions"}],"predecessor-version":[{"id":971,"href":"https:\/\/www.saudeindaial.sc.gov.br\/carta-servicos\/wp-json\/wp\/v2\/pages\/763\/revisions\/971"}],"wp:attachment":[{"href":"https:\/\/www.saudeindaial.sc.gov.br\/carta-servicos\/wp-json\/wp\/v2\/media?parent=763"}],"curies":[{"name":"wp","href":"https:\/\/api.w.org\/{rel}","templated":true}]}}