{"id":775,"date":"2023-12-18T23:05:30","date_gmt":"2023-12-19T02:05:30","guid":{"rendered":"https:\/\/www.saudeindaial.sc.gov.br\/carta-servicos\/?page_id=775"},"modified":"2024-10-09T14:53:31","modified_gmt":"2024-10-09T17:53:31","slug":"grupo-de-tabagismo","status":"publish","type":"page","link":"https:\/\/www.saudeindaial.sc.gov.br\/carta-servicos\/grupo-de-tabagismo\/","title":{"rendered":"Grupo de Tabagismo"},"content":{"rendered":"<div class=\"wp-block-image\">\n<figure class=\"alignleft size-large is-resized\"><img loading=\"lazy\" decoding=\"async\" width=\"828\" height=\"1024\" src=\"https:\/\/www.saudeindaial.sc.gov.br\/carta-servicos\/wp-content\/uploads\/2023\/12\/site-beneficios_Prancheta-1-copia-1-828x1024.jpg\" alt=\"\" class=\"wp-image-777\" style=\"width:283px;height:auto\" srcset=\"https:\/\/www.saudeindaial.sc.gov.br\/carta-servicos\/wp-content\/uploads\/2023\/12\/site-beneficios_Prancheta-1-copia-1-828x1024.jpg 828w, https:\/\/www.saudeindaial.sc.gov.br\/carta-servicos\/wp-content\/uploads\/2023\/12\/site-beneficios_Prancheta-1-copia-1-242x300.jpg 242w, https:\/\/www.saudeindaial.sc.gov.br\/carta-servicos\/wp-content\/uploads\/2023\/12\/site-beneficios_Prancheta-1-copia-1-768x950.jpg 768w, https:\/\/www.saudeindaial.sc.gov.br\/carta-servicos\/wp-content\/uploads\/2023\/12\/site-beneficios_Prancheta-1-copia-1-1241x1536.jpg 1241w, https:\/\/www.saudeindaial.sc.gov.br\/carta-servicos\/wp-content\/uploads\/2023\/12\/site-beneficios_Prancheta-1-copia-1-1655x2048.jpg 1655w, https:\/\/www.saudeindaial.sc.gov.br\/carta-servicos\/wp-content\/uploads\/2023\/12\/site-beneficios_Prancheta-1-copia-1-170x210.jpg 170w, https:\/\/www.saudeindaial.sc.gov.br\/carta-servicos\/wp-content\/uploads\/2023\/12\/site-beneficios_Prancheta-1-copia-1-1536x1900.jpg 1536w, https:\/\/www.saudeindaial.sc.gov.br\/carta-servicos\/wp-content\/uploads\/2023\/12\/site-beneficios_Prancheta-1-copia-1.jpg 1669w\" sizes=\"auto, (max-width: 828px) 100vw, 828px\" \/><\/figure><\/div>\n\n\n<p><\/p>\n\n\n\n<p><strong>Respons\u00e1vel: <\/strong>Rosangela Aparecida de Oliveira;<br><strong>Telefone:<\/strong> (47) 3281-7149 e (47) 3281-7127;<br><strong>Hor\u00e1rio de Atendimento:<\/strong> Conforme agendamento da Unidade de Sa\u00fade (SISREG) e programa\u00e7\u00e3o de encontros.<\/p>\n\n\n\n<p>Trata-se de programa de combate ao tabagismo, em que o cidad\u00e3o que tem o desejo de cessar o h\u00e1bito de fumar pode realizar acompanhamento com grupo de tabagismo nas unidades de sa\u00fade do munic\u00edpio. O acompanhamento ocorre com uma equipe multidisciplinar, atrav\u00e9s de encontros em grupo que s\u00e3o previamente agendados com os interessados. <\/p>\n\n\n\n<p>Se voc\u00ea deseja parar de fumar ou conhece algu\u00e9m nessa situa\u00e7\u00e3o, n\u00e3o hesite em buscar sua unidade de sa\u00fade para maiores informa\u00e7\u00f5es. <\/p>\n\n\n\n<div class=\"wp-block-buttons is-content-justification-right is-layout-flex wp-container-core-buttons-is-layout-1 wp-block-buttons-is-layout-flex\">\n<div class=\"wp-block-button is-style-fill\"><a class=\"wp-block-button__link wp-element-button\" href=\"https:\/\/www.saudeindaial.sc.gov.br\/carta-servicos\/atencao-especializada\/\">Voltar<\/a><\/div>\n<\/div>\n","protected":false},"excerpt":{"rendered":"<p>Respons\u00e1vel: Rosangela Aparecida de Oliveira;Telefone: (47) 3281-7149 e (47) 3281-7127;Hor\u00e1rio de Atendimento: Conforme agendamento da Unidade de Sa\u00fade (SISREG) e programa\u00e7\u00e3o de encontros. Trata-se de programa de combate ao tabagismo, em que o cidad\u00e3o que tem o desejo de cessar o h\u00e1bito de fumar pode realizar acompanhamento com grupo de tabagismo nas unidades de sa\u00fade [&hellip;]<\/p>\n","protected":false},"author":2,"featured_media":0,"parent":0,"menu_order":0,"comment_status":"closed","ping_status":"closed","template":"","meta":{"footnotes":""},"class_list":["post-775","page","type-page","status-publish","hentry"],"_links":{"self":[{"href":"https:\/\/www.saudeindaial.sc.gov.br\/carta-servicos\/wp-json\/wp\/v2\/pages\/775","targetHints":{"allow":["GET"]}}],"collection":[{"href":"https:\/\/www.saudeindaial.sc.gov.br\/carta-servicos\/wp-json\/wp\/v2\/pages"}],"about":[{"href":"https:\/\/www.saudeindaial.sc.gov.br\/carta-servicos\/wp-json\/wp\/v2\/types\/page"}],"author":[{"embeddable":true,"href":"https:\/\/www.saudeindaial.sc.gov.br\/carta-servicos\/wp-json\/wp\/v2\/users\/2"}],"replies":[{"embeddable":true,"href":"https:\/\/www.saudeindaial.sc.gov.br\/carta-servicos\/wp-json\/wp\/v2\/comments?post=775"}],"version-history":[{"count":2,"href":"https:\/\/www.saudeindaial.sc.gov.br\/carta-servicos\/wp-json\/wp\/v2\/pages\/775\/revisions"}],"predecessor-version":[{"id":976,"href":"https:\/\/www.saudeindaial.sc.gov.br\/carta-servicos\/wp-json\/wp\/v2\/pages\/775\/revisions\/976"}],"wp:attachment":[{"href":"https:\/\/www.saudeindaial.sc.gov.br\/carta-servicos\/wp-json\/wp\/v2\/media?parent=775"}],"curies":[{"name":"wp","href":"https:\/\/api.w.org\/{rel}","templated":true}]}}