{"id":780,"date":"2023-12-19T23:28:53","date_gmt":"2023-12-20T02:28:53","guid":{"rendered":"https:\/\/www.saudeindaial.sc.gov.br\/carta-servicos\/?page_id=780"},"modified":"2024-10-09T14:53:56","modified_gmt":"2024-10-09T17:53:56","slug":"insercao-de-diu-dispositivo-intrauterino","status":"publish","type":"page","link":"https:\/\/www.saudeindaial.sc.gov.br\/carta-servicos\/insercao-de-diu-dispositivo-intrauterino\/","title":{"rendered":"Inser\u00e7\u00e3o de DIU (Dispositivo Intrauterino)"},"content":{"rendered":"\n<p><strong>Respons\u00e1vel:<\/strong> Rosangela Aparecida de Oliveira e Eliane Cristina Almeida;<br><strong>Telefone:<\/strong> (47) 3281-7149 e (47) 3281-7127;<br><strong>Hor\u00e1rio de atendimento:<\/strong> Conforme agendamento da Unidade de Sa\u00fade (SISREG).<\/p>\n\n\n\n<p>Os DIUs s\u00e3o considerados m\u00e9todos contraceptivos seguros. O dispositivo intrauterino (DIU) consiste em um objeto s\u00f3lido que \u00e9 inserido atrav\u00e9s do colo uterino na cavidade uterina, com o objetivo de evitar a gesta\u00e7\u00e3o.<\/p>\n\n\n\n<p>O <strong>DIU de cobre <\/strong>\u00e9 um m\u00e9todo que pode ser utilizado por mulheres de qualquer idade e \u00e9 uma op\u00e7\u00e3o para aquelas que s\u00e3o sens\u00edveis aos contraceptivos hormonais, pois \u00e9 um m\u00e9todo anticoncepcional livre de horm\u00f4nios. Isso ocorre porque o cobre possui uma eficiente a\u00e7\u00e3o espermicida, ou seja, ele \u00e9 capaz de matar os espermatoz\u00f3ides e \u00e9 utilizado em pequenas quantidades, apoiado por uma haste flex\u00edvel de pl\u00e1stico.<\/p>\n\n\n<div class=\"wp-block-image is-style-rounded\">\n<figure class=\"aligncenter size-full is-resized\"><img loading=\"lazy\" decoding=\"async\" width=\"1024\" height=\"1024\" src=\"https:\/\/www.saudeindaial.sc.gov.br\/carta-servicos\/wp-content\/uploads\/2023\/12\/DIU-de-cobre-01-1024x1024-1.jpg\" alt=\"\" class=\"wp-image-781\" style=\"width:510px;height:auto\" srcset=\"https:\/\/www.saudeindaial.sc.gov.br\/carta-servicos\/wp-content\/uploads\/2023\/12\/DIU-de-cobre-01-1024x1024-1.jpg 1024w, https:\/\/www.saudeindaial.sc.gov.br\/carta-servicos\/wp-content\/uploads\/2023\/12\/DIU-de-cobre-01-1024x1024-1-300x300.jpg 300w, https:\/\/www.saudeindaial.sc.gov.br\/carta-servicos\/wp-content\/uploads\/2023\/12\/DIU-de-cobre-01-1024x1024-1-150x150.jpg 150w, https:\/\/www.saudeindaial.sc.gov.br\/carta-servicos\/wp-content\/uploads\/2023\/12\/DIU-de-cobre-01-1024x1024-1-768x768.jpg 768w, https:\/\/www.saudeindaial.sc.gov.br\/carta-servicos\/wp-content\/uploads\/2023\/12\/DIU-de-cobre-01-1024x1024-1-210x210.jpg 210w\" sizes=\"auto, (max-width: 980px) 100vw, 980px\" \/><\/figure><\/div>\n\n\n<div class=\"wp-block-buttons is-content-justification-right is-layout-flex wp-container-core-buttons-is-layout-1 wp-block-buttons-is-layout-flex\">\n<div class=\"wp-block-button is-style-fill\"><a class=\"wp-block-button__link wp-element-button\" href=\"https:\/\/www.saudeindaial.sc.gov.br\/carta-servicos\/atencao-especializada\/\">voltar<\/a><\/div>\n<\/div>\n","protected":false},"excerpt":{"rendered":"<p>Respons\u00e1vel: Rosangela Aparecida de Oliveira e Eliane Cristina Almeida;Telefone: (47) 3281-7149 e (47) 3281-7127;Hor\u00e1rio de atendimento: Conforme agendamento da Unidade de Sa\u00fade (SISREG). Os DIUs s\u00e3o considerados m\u00e9todos contraceptivos seguros. O dispositivo intrauterino (DIU) consiste em um objeto s\u00f3lido que \u00e9 inserido atrav\u00e9s do colo uterino na cavidade uterina, com o objetivo de evitar a [&hellip;]<\/p>\n","protected":false},"author":2,"featured_media":0,"parent":0,"menu_order":0,"comment_status":"closed","ping_status":"closed","template":"","meta":{"footnotes":""},"class_list":["post-780","page","type-page","status-publish","hentry"],"_links":{"self":[{"href":"https:\/\/www.saudeindaial.sc.gov.br\/carta-servicos\/wp-json\/wp\/v2\/pages\/780","targetHints":{"allow":["GET"]}}],"collection":[{"href":"https:\/\/www.saudeindaial.sc.gov.br\/carta-servicos\/wp-json\/wp\/v2\/pages"}],"about":[{"href":"https:\/\/www.saudeindaial.sc.gov.br\/carta-servicos\/wp-json\/wp\/v2\/types\/page"}],"author":[{"embeddable":true,"href":"https:\/\/www.saudeindaial.sc.gov.br\/carta-servicos\/wp-json\/wp\/v2\/users\/2"}],"replies":[{"embeddable":true,"href":"https:\/\/www.saudeindaial.sc.gov.br\/carta-servicos\/wp-json\/wp\/v2\/comments?post=780"}],"version-history":[{"count":3,"href":"https:\/\/www.saudeindaial.sc.gov.br\/carta-servicos\/wp-json\/wp\/v2\/pages\/780\/revisions"}],"predecessor-version":[{"id":977,"href":"https:\/\/www.saudeindaial.sc.gov.br\/carta-servicos\/wp-json\/wp\/v2\/pages\/780\/revisions\/977"}],"wp:attachment":[{"href":"https:\/\/www.saudeindaial.sc.gov.br\/carta-servicos\/wp-json\/wp\/v2\/media?parent=780"}],"curies":[{"name":"wp","href":"https:\/\/api.w.org\/{rel}","templated":true}]}}