{"id":785,"date":"2023-12-19T23:35:44","date_gmt":"2023-12-20T02:35:44","guid":{"rendered":"https:\/\/www.saudeindaial.sc.gov.br\/carta-servicos\/?page_id=785"},"modified":"2024-10-09T14:54:15","modified_gmt":"2024-10-09T17:54:15","slug":"laboratorio-municipal-de-indaial","status":"publish","type":"page","link":"https:\/\/www.saudeindaial.sc.gov.br\/carta-servicos\/laboratorio-municipal-de-indaial\/","title":{"rendered":"Laborat\u00f3rio Municipal de Indaial"},"content":{"rendered":"\n<p><strong>Coordena\u00e7\u00e3o:<\/strong> Vilma Fran\u00e7a;<br><strong>Endere\u00e7o:<\/strong> R. S\u00e3o Francisco, 250, Centro, Indaial \u2013 SC;<br><strong>Telefone:<\/strong> (47) 3317-2115;<br><strong>Hor\u00e1rio de atendimento:<\/strong> Das 06:45h \u00e0s 17:00h.<\/p>\n\n\n<div class=\"wp-block-image is-style-rounded\">\n<figure class=\"alignleft size-large is-resized\"><img loading=\"lazy\" decoding=\"async\" width=\"1024\" height=\"575\" src=\"https:\/\/www.saudeindaial.sc.gov.br\/carta-servicos\/wp-content\/uploads\/2023\/12\/blog19-1024x575.png\" alt=\"\" class=\"wp-image-786\" style=\"width:388px;height:auto\" srcset=\"https:\/\/www.saudeindaial.sc.gov.br\/carta-servicos\/wp-content\/uploads\/2023\/12\/blog19-1024x575.png 1024w, https:\/\/www.saudeindaial.sc.gov.br\/carta-servicos\/wp-content\/uploads\/2023\/12\/blog19-300x169.png 300w, https:\/\/www.saudeindaial.sc.gov.br\/carta-servicos\/wp-content\/uploads\/2023\/12\/blog19-768x432.png 768w, https:\/\/www.saudeindaial.sc.gov.br\/carta-servicos\/wp-content\/uploads\/2023\/12\/blog19-1536x863.png 1536w, https:\/\/www.saudeindaial.sc.gov.br\/carta-servicos\/wp-content\/uploads\/2023\/12\/blog19-210x118.png 210w, https:\/\/www.saudeindaial.sc.gov.br\/carta-servicos\/wp-content\/uploads\/2023\/12\/blog19.png 1680w\" sizes=\"auto, (max-width: 980px) 100vw, 980px\" \/><\/figure><\/div>\n\n\n<p><\/p>\n\n\n\n<p>Um laborat\u00f3rio de an\u00e1lises cl\u00ednicas \u00e9 um espa\u00e7o onde s\u00e3o coletados diversos materiais biol\u00f3gicos para verifica\u00e7\u00e3o do estado de sa\u00fade ou investiga\u00e7\u00e3o de doen\u00e7as dos usu\u00e1rios. A coleta dos exames s\u00e3o realizadas no pr\u00f3prio espa\u00e7o ou domiciliares com agendamento que depende da especificidade do quadro cl\u00ednico.<br><br>Clique no link abaixo para ter acesso a lista de exames ofertados pelo SUS em Indaial: <br><strong><a href=\"https:\/\/www.saudeindaial.sc.gov.br\/carta-servicos\/wp-content\/uploads\/2024\/08\/Exames-Laboratorio.pdf\" data-type=\"link\" data-id=\"https:\/\/www.saudeindaial.sc.gov.br\/carta-servicos\/wp-content\/uploads\/2024\/08\/Exames-Laboratorio.pdf\" target=\"_blank\" rel=\"noreferrer noopener\">Rela\u00e7\u00e3o de Exames &#8211; Indaial \/ SC<\/a><\/strong><\/p>\n\n\n\n<div class=\"wp-block-buttons is-content-justification-right is-layout-flex wp-container-core-buttons-is-layout-1 wp-block-buttons-is-layout-flex\">\n<div class=\"wp-block-button is-style-fill\"><a class=\"wp-block-button__link wp-element-button\" href=\"https:\/\/www.saudeindaial.sc.gov.br\/carta-servicos\/atencao-especializada\/\">voltar<\/a><\/div>\n<\/div>\n","protected":false},"excerpt":{"rendered":"<p>Coordena\u00e7\u00e3o: Vilma Fran\u00e7a;Endere\u00e7o: R. S\u00e3o Francisco, 250, Centro, Indaial \u2013 SC;Telefone: (47) 3317-2115;Hor\u00e1rio de atendimento: Das 06:45h \u00e0s 17:00h. Um laborat\u00f3rio de an\u00e1lises cl\u00ednicas \u00e9 um espa\u00e7o onde s\u00e3o coletados diversos materiais biol\u00f3gicos para verifica\u00e7\u00e3o do estado de sa\u00fade ou investiga\u00e7\u00e3o de doen\u00e7as dos usu\u00e1rios. A coleta dos exames s\u00e3o realizadas no pr\u00f3prio espa\u00e7o ou [&hellip;]<\/p>\n","protected":false},"author":2,"featured_media":0,"parent":0,"menu_order":0,"comment_status":"closed","ping_status":"closed","template":"","meta":{"footnotes":""},"class_list":["post-785","page","type-page","status-publish","hentry"],"_links":{"self":[{"href":"https:\/\/www.saudeindaial.sc.gov.br\/carta-servicos\/wp-json\/wp\/v2\/pages\/785","targetHints":{"allow":["GET"]}}],"collection":[{"href":"https:\/\/www.saudeindaial.sc.gov.br\/carta-servicos\/wp-json\/wp\/v2\/pages"}],"about":[{"href":"https:\/\/www.saudeindaial.sc.gov.br\/carta-servicos\/wp-json\/wp\/v2\/types\/page"}],"author":[{"embeddable":true,"href":"https:\/\/www.saudeindaial.sc.gov.br\/carta-servicos\/wp-json\/wp\/v2\/users\/2"}],"replies":[{"embeddable":true,"href":"https:\/\/www.saudeindaial.sc.gov.br\/carta-servicos\/wp-json\/wp\/v2\/comments?post=785"}],"version-history":[{"count":5,"href":"https:\/\/www.saudeindaial.sc.gov.br\/carta-servicos\/wp-json\/wp\/v2\/pages\/785\/revisions"}],"predecessor-version":[{"id":978,"href":"https:\/\/www.saudeindaial.sc.gov.br\/carta-servicos\/wp-json\/wp\/v2\/pages\/785\/revisions\/978"}],"wp:attachment":[{"href":"https:\/\/www.saudeindaial.sc.gov.br\/carta-servicos\/wp-json\/wp\/v2\/media?parent=785"}],"curies":[{"name":"wp","href":"https:\/\/api.w.org\/{rel}","templated":true}]}}