{"id":789,"date":"2023-12-19T23:49:29","date_gmt":"2023-12-20T02:49:29","guid":{"rendered":"https:\/\/www.saudeindaial.sc.gov.br\/carta-servicos\/?page_id=789"},"modified":"2024-10-09T14:57:22","modified_gmt":"2024-10-09T17:57:22","slug":"sais-servico-de-atendimento-integral-a-saude","status":"publish","type":"page","link":"https:\/\/www.saudeindaial.sc.gov.br\/carta-servicos\/sais-servico-de-atendimento-integral-a-saude\/","title":{"rendered":"SAIS (Servi\u00e7o de Atendimento Integral \u00e0 Sa\u00fade)"},"content":{"rendered":"\n<p>Coordena\u00e7\u00e3o: Rosangela Aparecida de Oliveira;<br>Endere\u00e7o: Rua Leoberto Leal, 155 &#8211; Tapaj\u00f3s, Indaial \u2013 SC;<br>Hor\u00e1rio de atendimento: Das 07h \u00e0s 22h;<br>Telefone: (47) 3281-7100.<\/p>\n\n\n\n<p>O SAIS \u00e9 o Servi\u00e7o de Atendimento Integral \u00e0 Sa\u00fade, hoje \u00e9 a unidade que abriga a maior gama de servi\u00e7os dentro da secretaria de sa\u00fade, assim como tem o hor\u00e1rio de funcionamento mais amplo comparado a todas as demais unidades. <br><\/p>\n\n\n\n<p><strong><mark style=\"background-color:rgba(0, 0, 0, 0)\" class=\"has-inline-color has-luminous-vivid-orange-color\">Atendimento de Especialidades M\u00e9dicas e N\u00e3o M\u00e9dicas <\/mark><\/strong><br><strong>Respons\u00e1vel:<\/strong> Luiza Moura Coelho;<br><strong>Hor\u00e1rio de Atendimento:<\/strong> Das 07 \u00e0s 22h;<br><strong>Telefone:<\/strong> (47) 3281-7149 e (47) 3281-7127;<br><strong>Forma de Encaminhamento:<\/strong> Atrav\u00e9s da Unidade B\u00e1sica de Sa\u00fade, via Sistema Nacional de Regula\u00e7\u00e3o (SISREG).<\/p>\n\n\n\n<p>Consiste na realiza\u00e7\u00e3o de consultas agendadas com profissionais especialistas, sendo m\u00e9dicos, fonoaudi\u00f3logos, nutricionistas, terapia ocupacional e psic\u00f3logos. Todas as consultas se d\u00e3o atrav\u00e9s de agendamento via SISREG.<\/p>\n\n\n<div class=\"wp-block-image is-style-rounded\">\n<figure class=\"aligncenter size-large is-resized\"><img loading=\"lazy\" decoding=\"async\" width=\"1024\" height=\"576\" src=\"https:\/\/www.saudeindaial.sc.gov.br\/carta-servicos\/wp-content\/uploads\/2023\/12\/novos-clientes-para-clinica-de-fonoaudiologia-1024x576.gif\" alt=\"\" class=\"wp-image-790\" style=\"width:336px;height:auto\" srcset=\"https:\/\/www.saudeindaial.sc.gov.br\/carta-servicos\/wp-content\/uploads\/2023\/12\/novos-clientes-para-clinica-de-fonoaudiologia-1024x576.gif 1024w, https:\/\/www.saudeindaial.sc.gov.br\/carta-servicos\/wp-content\/uploads\/2023\/12\/novos-clientes-para-clinica-de-fonoaudiologia-300x169.gif 300w, https:\/\/www.saudeindaial.sc.gov.br\/carta-servicos\/wp-content\/uploads\/2023\/12\/novos-clientes-para-clinica-de-fonoaudiologia-768x432.gif 768w, https:\/\/www.saudeindaial.sc.gov.br\/carta-servicos\/wp-content\/uploads\/2023\/12\/novos-clientes-para-clinica-de-fonoaudiologia-210x118.gif 210w\" sizes=\"auto, (max-width: 980px) 100vw, 980px\" \/><\/figure><\/div>\n\n\n<div class=\"wp-block-buttons is-content-justification-right is-layout-flex wp-container-core-buttons-is-layout-1 wp-block-buttons-is-layout-flex\">\n<div class=\"wp-block-button is-style-fill\"><a class=\"wp-block-button__link wp-element-button\" href=\"https:\/\/www.saudeindaial.sc.gov.br\/carta-servicos\/atencao-especializada\/\">voltar<\/a><\/div>\n<\/div>\n","protected":false},"excerpt":{"rendered":"<p>Coordena\u00e7\u00e3o: Rosangela Aparecida de Oliveira;Endere\u00e7o: Rua Leoberto Leal, 155 &#8211; Tapaj\u00f3s, Indaial \u2013 SC;Hor\u00e1rio de atendimento: Das 07h \u00e0s 22h;Telefone: (47) 3281-7100. O SAIS \u00e9 o Servi\u00e7o de Atendimento Integral \u00e0 Sa\u00fade, hoje \u00e9 a unidade que abriga a maior gama de servi\u00e7os dentro da secretaria de sa\u00fade, assim como tem o hor\u00e1rio de funcionamento [&hellip;]<\/p>\n","protected":false},"author":2,"featured_media":0,"parent":0,"menu_order":0,"comment_status":"closed","ping_status":"closed","template":"","meta":{"footnotes":""},"class_list":["post-789","page","type-page","status-publish","hentry"],"_links":{"self":[{"href":"https:\/\/www.saudeindaial.sc.gov.br\/carta-servicos\/wp-json\/wp\/v2\/pages\/789","targetHints":{"allow":["GET"]}}],"collection":[{"href":"https:\/\/www.saudeindaial.sc.gov.br\/carta-servicos\/wp-json\/wp\/v2\/pages"}],"about":[{"href":"https:\/\/www.saudeindaial.sc.gov.br\/carta-servicos\/wp-json\/wp\/v2\/types\/page"}],"author":[{"embeddable":true,"href":"https:\/\/www.saudeindaial.sc.gov.br\/carta-servicos\/wp-json\/wp\/v2\/users\/2"}],"replies":[{"embeddable":true,"href":"https:\/\/www.saudeindaial.sc.gov.br\/carta-servicos\/wp-json\/wp\/v2\/comments?post=789"}],"version-history":[{"count":3,"href":"https:\/\/www.saudeindaial.sc.gov.br\/carta-servicos\/wp-json\/wp\/v2\/pages\/789\/revisions"}],"predecessor-version":[{"id":984,"href":"https:\/\/www.saudeindaial.sc.gov.br\/carta-servicos\/wp-json\/wp\/v2\/pages\/789\/revisions\/984"}],"wp:attachment":[{"href":"https:\/\/www.saudeindaial.sc.gov.br\/carta-servicos\/wp-json\/wp\/v2\/media?parent=789"}],"curies":[{"name":"wp","href":"https:\/\/api.w.org\/{rel}","templated":true}]}}