{"id":793,"date":"2023-12-19T23:53:25","date_gmt":"2023-12-20T02:53:25","guid":{"rendered":"https:\/\/www.saudeindaial.sc.gov.br\/carta-servicos\/?page_id=793"},"modified":"2024-10-09T14:57:48","modified_gmt":"2024-10-09T17:57:48","slug":"samu-servico-de-atendimento-movel-de-urgencia","status":"publish","type":"page","link":"https:\/\/www.saudeindaial.sc.gov.br\/carta-servicos\/samu-servico-de-atendimento-movel-de-urgencia\/","title":{"rendered":"SAMU (Servi\u00e7o de Atendimento M\u00f3vel de Urg\u00eancia)"},"content":{"rendered":"\n<p>Unidade M\u00f3vel Pr\u00e9-hospitalar de Urg\u00eancia<br>Coordena\u00e7\u00e3o: Eliane Cristina Almeida;<br>Hor\u00e1rio de atendimento: 24 horas;<br>Telefone: 192.<\/p>\n\n\n<div class=\"wp-block-image\">\n<figure class=\"alignright size-full is-resized\"><img loading=\"lazy\" decoding=\"async\" width=\"240\" height=\"166\" src=\"https:\/\/www.saudeindaial.sc.gov.br\/carta-servicos\/wp-content\/uploads\/2023\/12\/anigif.gif\" alt=\"\" class=\"wp-image-794\" style=\"width:285px;height:auto\"\/><\/figure><\/div>\n\n\n<p><\/p>\n\n\n\n<p>O <strong>Servi\u00e7o de Atendimento M\u00f3vel de Urg\u00eancia (SAMU 192) <\/strong>tem como objetivo chegar precocemente \u00e0 v\u00edtima ap\u00f3s ter ocorrido alguma situa\u00e7\u00e3o de urg\u00eancia ou emerg\u00eancia que possa levar a sofrimento, as sequelas ou mesmo \u00e0 morte. S\u00e3o urg\u00eancias: situa\u00e7\u00f5es de natureza cl\u00ednica, cir\u00fargica, traum\u00e1tica, obst\u00e9trica, pedi\u00e1trica, psiqui\u00e1trica, entre outras.<\/p>\n\n\n\n<p><\/p>\n\n\n\n<div class=\"wp-block-buttons is-content-justification-right is-layout-flex wp-container-core-buttons-is-layout-1 wp-block-buttons-is-layout-flex\">\n<div class=\"wp-block-button is-style-fill\"><a class=\"wp-block-button__link wp-element-button\" href=\"https:\/\/www.saudeindaial.sc.gov.br\/carta-servicos\/atencao-especializada\/\">voltar<\/a><\/div>\n<\/div>\n","protected":false},"excerpt":{"rendered":"<p>Unidade M\u00f3vel Pr\u00e9-hospitalar de Urg\u00eanciaCoordena\u00e7\u00e3o: Eliane Cristina Almeida;Hor\u00e1rio de atendimento: 24 horas;Telefone: 192. O Servi\u00e7o de Atendimento M\u00f3vel de Urg\u00eancia (SAMU 192) tem como objetivo chegar precocemente \u00e0 v\u00edtima ap\u00f3s ter ocorrido alguma situa\u00e7\u00e3o de urg\u00eancia ou emerg\u00eancia que possa levar a sofrimento, as sequelas ou mesmo \u00e0 morte. S\u00e3o urg\u00eancias: situa\u00e7\u00f5es de natureza cl\u00ednica, [&hellip;]<\/p>\n","protected":false},"author":2,"featured_media":0,"parent":0,"menu_order":0,"comment_status":"closed","ping_status":"closed","template":"","meta":{"footnotes":""},"class_list":["post-793","page","type-page","status-publish","hentry"],"_links":{"self":[{"href":"https:\/\/www.saudeindaial.sc.gov.br\/carta-servicos\/wp-json\/wp\/v2\/pages\/793","targetHints":{"allow":["GET"]}}],"collection":[{"href":"https:\/\/www.saudeindaial.sc.gov.br\/carta-servicos\/wp-json\/wp\/v2\/pages"}],"about":[{"href":"https:\/\/www.saudeindaial.sc.gov.br\/carta-servicos\/wp-json\/wp\/v2\/types\/page"}],"author":[{"embeddable":true,"href":"https:\/\/www.saudeindaial.sc.gov.br\/carta-servicos\/wp-json\/wp\/v2\/users\/2"}],"replies":[{"embeddable":true,"href":"https:\/\/www.saudeindaial.sc.gov.br\/carta-servicos\/wp-json\/wp\/v2\/comments?post=793"}],"version-history":[{"count":2,"href":"https:\/\/www.saudeindaial.sc.gov.br\/carta-servicos\/wp-json\/wp\/v2\/pages\/793\/revisions"}],"predecessor-version":[{"id":985,"href":"https:\/\/www.saudeindaial.sc.gov.br\/carta-servicos\/wp-json\/wp\/v2\/pages\/793\/revisions\/985"}],"wp:attachment":[{"href":"https:\/\/www.saudeindaial.sc.gov.br\/carta-servicos\/wp-json\/wp\/v2\/media?parent=793"}],"curies":[{"name":"wp","href":"https:\/\/api.w.org\/{rel}","templated":true}]}}