{"id":797,"date":"2023-12-20T00:00:54","date_gmt":"2023-12-20T03:00:54","guid":{"rendered":"https:\/\/www.saudeindaial.sc.gov.br\/carta-servicos\/?page_id=797"},"modified":"2024-10-09T14:59:36","modified_gmt":"2024-10-09T17:59:36","slug":"servico-de-ostomia-e-oxigenioterapia","status":"publish","type":"page","link":"https:\/\/www.saudeindaial.sc.gov.br\/carta-servicos\/servico-de-ostomia-e-oxigenioterapia\/","title":{"rendered":"Servi\u00e7o de Ostomia e Oxigenioterapia"},"content":{"rendered":"\n<p>Respons\u00e1vel: Rosangela Aparecida de Oliveira;<br>Telefone: (47) 3281-7149 e (47) 3281-7127;<br>Processo encaminhado pela Unidade de Sa\u00fade.<br><\/p>\n\n\n\n<p>A ostomia \u00e9 uma cirurgia em que \u00e9 criado um percurso de sa\u00edda alternativo para as fezes ou a urina. Pode ser tempor\u00e1ria ou permanente, dependendo de cada caso.<\/p>\n\n\n\n<p>A <strong>oxigenoterapia <\/strong>consiste na administra\u00e7\u00e3o de oxig\u00eanio para suprir uma defici\u00eancia do paciente, que pode ocorrer por diversos motivos.<\/p>\n\n\n<div class=\"wp-block-image is-style-default\">\n<figure class=\"aligncenter size-full is-resized\"><img loading=\"lazy\" decoding=\"async\" width=\"709\" height=\"771\" src=\"https:\/\/www.saudeindaial.sc.gov.br\/carta-servicos\/wp-content\/uploads\/2023\/12\/banner-interno-info-materia-ostomia-1.png\" alt=\"\" class=\"wp-image-798\" style=\"width:385px;height:auto\" srcset=\"https:\/\/www.saudeindaial.sc.gov.br\/carta-servicos\/wp-content\/uploads\/2023\/12\/banner-interno-info-materia-ostomia-1.png 709w, https:\/\/www.saudeindaial.sc.gov.br\/carta-servicos\/wp-content\/uploads\/2023\/12\/banner-interno-info-materia-ostomia-1-276x300.png 276w, https:\/\/www.saudeindaial.sc.gov.br\/carta-servicos\/wp-content\/uploads\/2023\/12\/banner-interno-info-materia-ostomia-1-193x210.png 193w\" sizes=\"auto, (max-width: 709px) 100vw, 709px\" \/><\/figure><\/div>\n\n\n<div class=\"wp-block-buttons is-content-justification-right is-layout-flex wp-container-core-buttons-is-layout-1 wp-block-buttons-is-layout-flex\">\n<div class=\"wp-block-button is-style-fill\"><a class=\"wp-block-button__link wp-element-button\" href=\"https:\/\/www.saudeindaial.sc.gov.br\/carta-servicos\/atencao-especializada\/\">voltar<\/a><\/div>\n<\/div>\n","protected":false},"excerpt":{"rendered":"<p>Respons\u00e1vel: Rosangela Aparecida de Oliveira;Telefone: (47) 3281-7149 e (47) 3281-7127;Processo encaminhado pela Unidade de Sa\u00fade. A ostomia \u00e9 uma cirurgia em que \u00e9 criado um percurso de sa\u00edda alternativo para as fezes ou a urina. Pode ser tempor\u00e1ria ou permanente, dependendo de cada caso. A oxigenoterapia consiste na administra\u00e7\u00e3o de oxig\u00eanio para suprir uma defici\u00eancia [&hellip;]<\/p>\n","protected":false},"author":2,"featured_media":0,"parent":0,"menu_order":0,"comment_status":"closed","ping_status":"closed","template":"","meta":{"footnotes":""},"class_list":["post-797","page","type-page","status-publish","hentry"],"_links":{"self":[{"href":"https:\/\/www.saudeindaial.sc.gov.br\/carta-servicos\/wp-json\/wp\/v2\/pages\/797","targetHints":{"allow":["GET"]}}],"collection":[{"href":"https:\/\/www.saudeindaial.sc.gov.br\/carta-servicos\/wp-json\/wp\/v2\/pages"}],"about":[{"href":"https:\/\/www.saudeindaial.sc.gov.br\/carta-servicos\/wp-json\/wp\/v2\/types\/page"}],"author":[{"embeddable":true,"href":"https:\/\/www.saudeindaial.sc.gov.br\/carta-servicos\/wp-json\/wp\/v2\/users\/2"}],"replies":[{"embeddable":true,"href":"https:\/\/www.saudeindaial.sc.gov.br\/carta-servicos\/wp-json\/wp\/v2\/comments?post=797"}],"version-history":[{"count":2,"href":"https:\/\/www.saudeindaial.sc.gov.br\/carta-servicos\/wp-json\/wp\/v2\/pages\/797\/revisions"}],"predecessor-version":[{"id":986,"href":"https:\/\/www.saudeindaial.sc.gov.br\/carta-servicos\/wp-json\/wp\/v2\/pages\/797\/revisions\/986"}],"wp:attachment":[{"href":"https:\/\/www.saudeindaial.sc.gov.br\/carta-servicos\/wp-json\/wp\/v2\/media?parent=797"}],"curies":[{"name":"wp","href":"https:\/\/api.w.org\/{rel}","templated":true}]}}