{"id":801,"date":"2023-12-20T00:10:28","date_gmt":"2023-12-20T03:10:28","guid":{"rendered":"https:\/\/www.saudeindaial.sc.gov.br\/carta-servicos\/?page_id=801"},"modified":"2024-10-09T15:00:05","modified_gmt":"2024-10-09T18:00:05","slug":"servico-de-atendimento-medico-de-queixas-agudas-pa-do-sais","status":"publish","type":"page","link":"https:\/\/www.saudeindaial.sc.gov.br\/carta-servicos\/servico-de-atendimento-medico-de-queixas-agudas-pa-do-sais\/","title":{"rendered":"Servi\u00e7o de Atendimento M\u00e9dico de Queixas Agudas (&#8220;PA do SAIS&#8221;)"},"content":{"rendered":"\n<p>Respons\u00e1vel: Milena;<br>Hor\u00e1rio de Atendimento: Das 17h \u00e1s 22h;<br>Telefone: (47) 3281-7106.<\/p>\n\n\n\n<p>Pronto atendimento s\u00e3o unidades, n\u00e3o necessariamente vinculadas a hospitais, destinadas a atender casos agudos, por\u00e9m com menor gravidade. O pronto atendimento geralmente funciona dentro de um hor\u00e1rio de servi\u00e7o pr\u00e9-determinado.<\/p>\n\n\n\n<p><mark style=\"background-color: rgba(0, 0, 0, 0);\" class=\"has-inline-color has-vivid-cyan-blue-color\"><b>Demanda de sintomas agudos por demanda <\/b><\/mark><strong><mark style=\"background-color:rgba(0, 0, 0, 0)\" class=\"has-inline-color has-vivid-cyan-blue-color\">espont\u00e2nea (sem pr\u00e9vio agendamento)<\/mark><\/strong><br>Hor\u00e1rio de Atendimento: Das 17h \u00e1s 22h.<\/p>\n\n\n<div class=\"wp-block-image is-style-rounded\">\n<figure class=\"aligncenter size-full\"><img loading=\"lazy\" decoding=\"async\" width=\"404\" height=\"277\" src=\"https:\/\/www.saudeindaial.sc.gov.br\/carta-servicos\/wp-content\/uploads\/2023\/12\/image-1.png\" alt=\"\" class=\"wp-image-802\" srcset=\"https:\/\/www.saudeindaial.sc.gov.br\/carta-servicos\/wp-content\/uploads\/2023\/12\/image-1.png 404w, https:\/\/www.saudeindaial.sc.gov.br\/carta-servicos\/wp-content\/uploads\/2023\/12\/image-1-300x206.png 300w, https:\/\/www.saudeindaial.sc.gov.br\/carta-servicos\/wp-content\/uploads\/2023\/12\/image-1-210x144.png 210w\" sizes=\"auto, (max-width: 404px) 100vw, 404px\" \/><\/figure><\/div>\n\n\n<div class=\"wp-block-buttons is-content-justification-right is-layout-flex wp-container-core-buttons-is-layout-1 wp-block-buttons-is-layout-flex\">\n<div class=\"wp-block-button is-style-fill\"><a class=\"wp-block-button__link wp-element-button\" href=\"https:\/\/www.saudeindaial.sc.gov.br\/carta-servicos\/atencao-especializada\/\">voltar<\/a><\/div>\n<\/div>\n","protected":false},"excerpt":{"rendered":"<p>Respons\u00e1vel: Milena;Hor\u00e1rio de Atendimento: Das 17h \u00e1s 22h;Telefone: (47) 3281-7106. Pronto atendimento s\u00e3o unidades, n\u00e3o necessariamente vinculadas a hospitais, destinadas a atender casos agudos, por\u00e9m com menor gravidade. O pronto atendimento geralmente funciona dentro de um hor\u00e1rio de servi\u00e7o pr\u00e9-determinado. Demanda de sintomas agudos por demanda espont\u00e2nea (sem pr\u00e9vio agendamento)Hor\u00e1rio de Atendimento: Das 17h \u00e1s [&hellip;]<\/p>\n","protected":false},"author":2,"featured_media":0,"parent":0,"menu_order":0,"comment_status":"closed","ping_status":"closed","template":"","meta":{"footnotes":""},"class_list":["post-801","page","type-page","status-publish","hentry"],"_links":{"self":[{"href":"https:\/\/www.saudeindaial.sc.gov.br\/carta-servicos\/wp-json\/wp\/v2\/pages\/801","targetHints":{"allow":["GET"]}}],"collection":[{"href":"https:\/\/www.saudeindaial.sc.gov.br\/carta-servicos\/wp-json\/wp\/v2\/pages"}],"about":[{"href":"https:\/\/www.saudeindaial.sc.gov.br\/carta-servicos\/wp-json\/wp\/v2\/types\/page"}],"author":[{"embeddable":true,"href":"https:\/\/www.saudeindaial.sc.gov.br\/carta-servicos\/wp-json\/wp\/v2\/users\/2"}],"replies":[{"embeddable":true,"href":"https:\/\/www.saudeindaial.sc.gov.br\/carta-servicos\/wp-json\/wp\/v2\/comments?post=801"}],"version-history":[{"count":4,"href":"https:\/\/www.saudeindaial.sc.gov.br\/carta-servicos\/wp-json\/wp\/v2\/pages\/801\/revisions"}],"predecessor-version":[{"id":987,"href":"https:\/\/www.saudeindaial.sc.gov.br\/carta-servicos\/wp-json\/wp\/v2\/pages\/801\/revisions\/987"}],"wp:attachment":[{"href":"https:\/\/www.saudeindaial.sc.gov.br\/carta-servicos\/wp-json\/wp\/v2\/media?parent=801"}],"curies":[{"name":"wp","href":"https:\/\/api.w.org\/{rel}","templated":true}]}}