{"id":824,"date":"2024-01-15T22:23:29","date_gmt":"2024-01-16T01:23:29","guid":{"rendered":"https:\/\/www.saudeindaial.sc.gov.br\/carta-servicos\/?page_id=824"},"modified":"2024-10-09T14:51:09","modified_gmt":"2024-10-09T17:51:09","slug":"centro-de-especialidades-odontologicas","status":"publish","type":"page","link":"https:\/\/www.saudeindaial.sc.gov.br\/carta-servicos\/centro-de-especialidades-odontologicas\/","title":{"rendered":"Centro de Especialidades Odontol\u00f3gicas"},"content":{"rendered":"<div class=\"wp-block-image\">\n<figure class=\"alignright size-full is-resized\"><img loading=\"lazy\" decoding=\"async\" width=\"480\" height=\"480\" src=\"https:\/\/www.saudeindaial.sc.gov.br\/carta-servicos\/wp-content\/uploads\/2024\/01\/giphy-4.gif\" alt=\"\" class=\"wp-image-827\" style=\"width:284px;height:auto\"\/><\/figure><\/div>\n\n\n<p>O Centro Odontol\u00f3gico de Especialidades do munic\u00edpio contribui com a integralidade do cuidado na sa\u00fade bucal, complementando o servi\u00e7o realizado na aten\u00e7\u00e3o prim\u00e1ria.<br>O estabelecimento de sa\u00fade conta com dentistas especialistas que realizam procedimentos de maior grau de complexidade, os quais n\u00e3o s\u00e3o executados nas unidades b\u00e1sicas de sa\u00fade. Para este atendimento o paciente precisa ser encaminhado atrav\u00e9s do dentista do seu posto de sa\u00fade.<\/p>\n\n\n\n<p>Atualmente conta com profissionais na \u00e1rea de Endodontia (tratamento de canal), Periodontia (tratamento de problemas gengivais) e Odontopediatria (atendimento de crian\u00e7as).<\/p>\n\n\n\n<p><strong><mark style=\"background-color:rgba(0, 0, 0, 0);color:#0fa16b\" class=\"has-inline-color\">Procedimentos Realizados<\/mark><\/strong><br><strong><em>1.Endodontia (tratamento de canal):<\/em><\/strong> tratamento de canal de molares, pr\u00e9-molares e incisivos. N\u00e3o \u00e9 realizado retratamento de canal.<br>&#8211; Para encaminhamento: paciente necessita buscar sua Unidade de Sa\u00fade, realizar o atendimento inicial, adequa\u00e7\u00e3o de meio bucal e RX. Apenas ap\u00f3s esses procedimentos \u00e9 que ser\u00e1 feito o encaminhamento.<br><em><strong>2.Periodontia (tratamento de problemas gengivais):<\/strong><\/em> tratamento dos problemas de gengiva e \u00f3sseos, que foram previamente avaliados e encaminhados pelo dentista da UBS. Ex: Periodontites , Aumento de coroa, etc.<br>&#8211; Para encaminhamento: paciente necessita buscar sua Unidade de Sa\u00fade, realizar o atendimento inicial, adequa\u00e7\u00e3o de meio bucal. Apenas ap\u00f3s esses procedimentos \u00e9 que ser\u00e1 feito o encaminhamento.<br><strong><em>3.Odontopediatria (atendimento de crian\u00e7as):<\/em><\/strong> atendimentos de frenotomia em beb\u00eas e crian\u00e7as (libera\u00e7\u00e3o do freio lingual), tratamento de canal em dentes de leite, atendimento de crian\u00e7as encaminhadas pelo dentista da UBS (quando o atendimento n\u00e3o \u00e9 poss\u00edvel por dificuldades comportamentais).<br>&#8211; Para encaminhamento: paciente precisa buscar sua Unidade de Sa\u00fade e realizar o atendimento inicial. Apenas ap\u00f3s esses procedimentos \u00e9 que ser\u00e1 feito o encaminhamento.<\/p>\n\n\n\n<p>Todo encaminhamento ser\u00e1 feito e regulado via SISREG, sendo os agendamentos realizados conforme classifica\u00e7\u00e3o de risco de cada quadro. <\/p>\n\n\n<div class=\"wp-block-image\">\n<figure class=\"alignleft size-full is-resized\"><img loading=\"lazy\" decoding=\"async\" width=\"223\" height=\"226\" src=\"https:\/\/www.saudeindaial.sc.gov.br\/carta-servicos\/wp-content\/uploads\/2024\/01\/images-2-1.jpg\" alt=\"\" class=\"wp-image-828\" style=\"width:128px;height:auto\" srcset=\"https:\/\/www.saudeindaial.sc.gov.br\/carta-servicos\/wp-content\/uploads\/2024\/01\/images-2-1.jpg 223w, https:\/\/www.saudeindaial.sc.gov.br\/carta-servicos\/wp-content\/uploads\/2024\/01\/images-2-1-207x210.jpg 207w\" sizes=\"auto, (max-width: 223px) 100vw, 223px\" \/><\/figure><\/div>\n\n\n<p><\/p>\n\n\n\n<p><\/p>\n\n\n\n<p>C<strong>entro de Especialidades Odontol\u00f3gicas de Indaial <\/strong><br>Rua: Ata\u00edde Rufino, 609, Bairro Benedito <br><em>(Anexo a UBS Alexandre da Silva Faria &#8211; &#8220;Nico&#8221;)<\/em><\/p>\n\n\n\n<p><\/p>\n\n\n\n<div class=\"wp-block-buttons is-content-justification-right is-layout-flex wp-container-core-buttons-is-layout-1 wp-block-buttons-is-layout-flex\">\n<div class=\"wp-block-button is-style-fill\"><a class=\"wp-block-button__link wp-element-button\" href=\"https:\/\/www.saudeindaial.sc.gov.br\/carta-servicos\/atencao-especializada\/\">voltar<\/a><\/div>\n<\/div>\n","protected":false},"excerpt":{"rendered":"<p>O Centro Odontol\u00f3gico de Especialidades do munic\u00edpio contribui com a integralidade do cuidado na sa\u00fade bucal, complementando o servi\u00e7o realizado na aten\u00e7\u00e3o prim\u00e1ria.O estabelecimento de sa\u00fade conta com dentistas especialistas que realizam procedimentos de maior grau de complexidade, os quais n\u00e3o s\u00e3o executados nas unidades b\u00e1sicas de sa\u00fade. Para este atendimento o paciente precisa ser [&hellip;]<\/p>\n","protected":false},"author":2,"featured_media":0,"parent":0,"menu_order":0,"comment_status":"closed","ping_status":"closed","template":"","meta":{"footnotes":""},"class_list":["post-824","page","type-page","status-publish","hentry"],"_links":{"self":[{"href":"https:\/\/www.saudeindaial.sc.gov.br\/carta-servicos\/wp-json\/wp\/v2\/pages\/824","targetHints":{"allow":["GET"]}}],"collection":[{"href":"https:\/\/www.saudeindaial.sc.gov.br\/carta-servicos\/wp-json\/wp\/v2\/pages"}],"about":[{"href":"https:\/\/www.saudeindaial.sc.gov.br\/carta-servicos\/wp-json\/wp\/v2\/types\/page"}],"author":[{"embeddable":true,"href":"https:\/\/www.saudeindaial.sc.gov.br\/carta-servicos\/wp-json\/wp\/v2\/users\/2"}],"replies":[{"embeddable":true,"href":"https:\/\/www.saudeindaial.sc.gov.br\/carta-servicos\/wp-json\/wp\/v2\/comments?post=824"}],"version-history":[{"count":3,"href":"https:\/\/www.saudeindaial.sc.gov.br\/carta-servicos\/wp-json\/wp\/v2\/pages\/824\/revisions"}],"predecessor-version":[{"id":973,"href":"https:\/\/www.saudeindaial.sc.gov.br\/carta-servicos\/wp-json\/wp\/v2\/pages\/824\/revisions\/973"}],"wp:attachment":[{"href":"https:\/\/www.saudeindaial.sc.gov.br\/carta-servicos\/wp-json\/wp\/v2\/media?parent=824"}],"curies":[{"name":"wp","href":"https:\/\/api.w.org\/{rel}","templated":true}]}}