{"id":843,"date":"2024-05-16T19:49:45","date_gmt":"2024-05-16T22:49:45","guid":{"rendered":"https:\/\/www.saudeindaial.sc.gov.br\/carta-servicos\/?page_id=843"},"modified":"2024-10-09T15:15:09","modified_gmt":"2024-10-09T18:15:09","slug":"plano-municipal-de-saude","status":"publish","type":"page","link":"https:\/\/www.saudeindaial.sc.gov.br\/carta-servicos\/plano-municipal-de-saude\/","title":{"rendered":"Plano Municipal de Sa\u00fade"},"content":{"rendered":"<div class=\"wp-block-image\">\n<figure class=\"alignright size-full is-resized\"><a href=\"https:\/\/indaial.atende.net\/cidadao\/pagina\/atende.php?rot=1&amp;aca=571&amp;ajax=t&amp;processo=viewFile&amp;ajaxPrevent=1715899936279&amp;file=5035A5ACCC5C2A2105D3C890F0332565C77553DB&amp;sistema=WPO&amp;classe=UploadMidia\" target=\"_blank\" rel=\"noreferrer noopener\"><img loading=\"lazy\" decoding=\"async\" width=\"370\" height=\"526\" src=\"https:\/\/www.saudeindaial.sc.gov.br\/carta-servicos\/wp-content\/uploads\/2024\/05\/plano-1.png\" alt=\"\" class=\"wp-image-854\" style=\"width:185px;height:auto\" srcset=\"https:\/\/www.saudeindaial.sc.gov.br\/carta-servicos\/wp-content\/uploads\/2024\/05\/plano-1.png 370w, https:\/\/www.saudeindaial.sc.gov.br\/carta-servicos\/wp-content\/uploads\/2024\/05\/plano-1-211x300.png 211w, https:\/\/www.saudeindaial.sc.gov.br\/carta-servicos\/wp-content\/uploads\/2024\/05\/plano-1-148x210.png 148w\" sizes=\"auto, (max-width: 370px) 100vw, 370px\" \/><\/a><\/figure><\/div>\n\n\n<p><strong>O que \u00e9?<\/strong><\/p>\n\n\n\n<p>\u00c9 o instrumento b\u00e1sico que norteia a defini\u00e7\u00e3o da Programa\u00e7\u00e3o Anual das a\u00e7\u00f5es e servi\u00e7os de sa\u00fade prestados, assim como da gest\u00e3o do SUS, a partir de uma an\u00e1lise situacional.<br>Reflete as necessidades de sa\u00fade da popula\u00e7\u00e3o e os componentes de promo\u00e7\u00e3o, prote\u00e7\u00e3o, recupera\u00e7\u00e3o e reabilita\u00e7\u00e3o em sa\u00fade. Apresenta as inten\u00e7\u00f5es e os resultados a serem buscados no per\u00edodo de quatro anos expressos em diretrizes, objetivos e metas. Configura-se como base para a execu\u00e7\u00e3o, o acompanhamento, a avalia\u00e7\u00e3o e o exerc\u00edcio da gest\u00e3o do sistema de sa\u00fade, em cada esfera de governo.<br>Deve ser elaborado e aprovado no Conselho Municipal de Sa\u00fade no primeiro ano da gest\u00e3o, com execu\u00e7\u00e3o a partir do segundo ano da gest\u00e3o em curso at\u00e9 o primeiro ano da gest\u00e3o subsequente.<br><br>Voc\u00ea conhece o Plano Municipal de Sa\u00fade 2022 \u00e0 2025? Clique na imagem ao lado para conhecer!<br> <\/p>\n\n\n\n<p><strong>Programa\u00e7\u00e3o Anual de Sa\u00fade<\/strong><\/p>\n\n\n\n<p>A Programa\u00e7\u00e3o Anual de Sa\u00fade \u2013 PAS \u00e9 o instrumento que operacionaliza as inten\u00e7\u00f5es expressas no Plano de Sa\u00fade e tem por objetivo anualizar as metas do Plano, cont\u00e9m de forma sistematizada, as a\u00e7\u00f5es, os recursos financeiros e outros elementos que contribuem para o alcance dos objetivos e o cumprimento das metas do Plano de Sa\u00fade; as metas anuais para cada a\u00e7\u00e3o definida; os indicadores utilizados no monitoramento e na avalia\u00e7\u00e3o de sua execu\u00e7\u00e3o. Sua elabora\u00e7\u00e3o inicia no ano em curso, para execu\u00e7\u00e3o no ano subsequente. Voc\u00ea pode consultar as PAS clicando <strong><a href=\"https:\/\/indaial.atende.net\/cidadao\/pagina\/plano-municipal-de-saude\" target=\"_blank\" rel=\"noreferrer noopener\">AQUI<\/a><\/strong> e na p\u00e1gina aberta escolha a aba &#8220;ARQUIVOS&#8221;.<\/p>\n\n\n\n<p class=\"has-text-align-left\"><strong>Relat\u00f3rio Anual de Gest\u00e3o<\/strong><\/p>\n\n\n<div class=\"wp-block-image is-style-default\">\n<figure class=\"alignleft size-full is-resized\"><a href=\"https:\/\/indaial.atende.net\/cidadao\/pagina\/plano-municipal-de-saude\" target=\"_blank\" rel=\"noreferrer noopener\"><img loading=\"lazy\" decoding=\"async\" width=\"360\" height=\"360\" src=\"https:\/\/www.saudeindaial.sc.gov.br\/carta-servicos\/wp-content\/uploads\/2024\/05\/pngtree-business-big-data-analysis-of-big-companies-png-image_3250447-removebg-preview.png\" alt=\"\" class=\"wp-image-845\" style=\"width:157px;height:auto\" srcset=\"https:\/\/www.saudeindaial.sc.gov.br\/carta-servicos\/wp-content\/uploads\/2024\/05\/pngtree-business-big-data-analysis-of-big-companies-png-image_3250447-removebg-preview.png 360w, https:\/\/www.saudeindaial.sc.gov.br\/carta-servicos\/wp-content\/uploads\/2024\/05\/pngtree-business-big-data-analysis-of-big-companies-png-image_3250447-removebg-preview-300x300.png 300w, https:\/\/www.saudeindaial.sc.gov.br\/carta-servicos\/wp-content\/uploads\/2024\/05\/pngtree-business-big-data-analysis-of-big-companies-png-image_3250447-removebg-preview-150x150.png 150w, https:\/\/www.saudeindaial.sc.gov.br\/carta-servicos\/wp-content\/uploads\/2024\/05\/pngtree-business-big-data-analysis-of-big-companies-png-image_3250447-removebg-preview-210x210.png 210w\" sizes=\"auto, (max-width: 360px) 100vw, 360px\" \/><\/a><\/figure><\/div>\n\n\n<p><br>O Relat\u00f3rio Anual de Gest\u00e3o \u00e9 o instrumento que apresenta os resultados alcan\u00e7ados com a execu\u00e7\u00e3o da Programa\u00e7\u00e3o Anual de Sa\u00fade. Os resultados alcan\u00e7ados s\u00e3o apurados, com base no conjunto de indicadores, que foram definidos na programa\u00e7\u00e3o para acompanhar o cumprimento das metas anuais, dos valores or\u00e7ament\u00e1rios e dos recursos financeiros nela fixadas.<br>Clique na imagem ao lado para acessar os \u00faltimos RAG&#8217;s e na p\u00e1gina aberta escolha a aba &#8220;ARQUIVOS&#8221;.<\/p>\n\n\n\n<div class=\"wp-block-buttons is-content-justification-right is-layout-flex wp-container-core-buttons-is-layout-1 wp-block-buttons-is-layout-flex\">\n<div class=\"wp-block-button is-style-fill\"><a class=\"wp-block-button__link wp-element-button\" href=\"https:\/\/www.saudeindaial.sc.gov.br\/carta-servicos\/secretaria-de-saude-gestao\/\">voltar<\/a><\/div>\n<\/div>\n","protected":false},"excerpt":{"rendered":"<p>O que \u00e9? \u00c9 o instrumento b\u00e1sico que norteia a defini\u00e7\u00e3o da Programa\u00e7\u00e3o Anual das a\u00e7\u00f5es e servi\u00e7os de sa\u00fade prestados, assim como da gest\u00e3o do SUS, a partir de uma an\u00e1lise situacional.Reflete as necessidades de sa\u00fade da popula\u00e7\u00e3o e os componentes de promo\u00e7\u00e3o, prote\u00e7\u00e3o, recupera\u00e7\u00e3o e reabilita\u00e7\u00e3o em sa\u00fade. Apresenta as inten\u00e7\u00f5es e os [&hellip;]<\/p>\n","protected":false},"author":2,"featured_media":0,"parent":0,"menu_order":0,"comment_status":"closed","ping_status":"closed","template":"","meta":{"footnotes":""},"class_list":["post-843","page","type-page","status-publish","hentry"],"_links":{"self":[{"href":"https:\/\/www.saudeindaial.sc.gov.br\/carta-servicos\/wp-json\/wp\/v2\/pages\/843","targetHints":{"allow":["GET"]}}],"collection":[{"href":"https:\/\/www.saudeindaial.sc.gov.br\/carta-servicos\/wp-json\/wp\/v2\/pages"}],"about":[{"href":"https:\/\/www.saudeindaial.sc.gov.br\/carta-servicos\/wp-json\/wp\/v2\/types\/page"}],"author":[{"embeddable":true,"href":"https:\/\/www.saudeindaial.sc.gov.br\/carta-servicos\/wp-json\/wp\/v2\/users\/2"}],"replies":[{"embeddable":true,"href":"https:\/\/www.saudeindaial.sc.gov.br\/carta-servicos\/wp-json\/wp\/v2\/comments?post=843"}],"version-history":[{"count":7,"href":"https:\/\/www.saudeindaial.sc.gov.br\/carta-servicos\/wp-json\/wp\/v2\/pages\/843\/revisions"}],"predecessor-version":[{"id":1001,"href":"https:\/\/www.saudeindaial.sc.gov.br\/carta-servicos\/wp-json\/wp\/v2\/pages\/843\/revisions\/1001"}],"wp:attachment":[{"href":"https:\/\/www.saudeindaial.sc.gov.br\/carta-servicos\/wp-json\/wp\/v2\/media?parent=843"}],"curies":[{"name":"wp","href":"https:\/\/api.w.org\/{rel}","templated":true}]}}