{"id":872,"date":"2024-07-12T19:43:30","date_gmt":"2024-07-12T22:43:30","guid":{"rendered":"https:\/\/www.saudeindaial.sc.gov.br\/carta-servicos\/?page_id=872"},"modified":"2024-10-09T14:55:05","modified_gmt":"2024-10-09T17:55:05","slug":"prestadores-credenciados","status":"publish","type":"page","link":"https:\/\/www.saudeindaial.sc.gov.br\/carta-servicos\/prestadores-credenciados\/","title":{"rendered":"Prestadores Credenciados"},"content":{"rendered":"\n<p>Prestadores credenciados no contexto da secretaria de sa\u00fade referem-se a institui\u00e7\u00f5es, empresas ou profissionais que possuem um acordo formal atrav\u00e9s de licita\u00e7\u00e3o, credenciamento via cons\u00f3rcio, preg\u00e3o eletr\u00f4nico, conv\u00eanio, etc, com a prefeitura ou diretamente com fundo municipal de sa\u00fade para fornecer servi\u00e7os ou produtos espec\u00edficos. <br>No caso de atendimento de especialidades m\u00e9dicas contamos com os seguintes prestadores: <\/p>\n\n\n\n<figure class=\"wp-block-gallery has-nested-images columns-default is-cropped wp-block-gallery-1 is-layout-flex wp-block-gallery-is-layout-flex\">\n<figure class=\"wp-block-image size-large\"><img loading=\"lazy\" decoding=\"async\" width=\"802\" height=\"234\" data-id=\"873\" src=\"https:\/\/www.saudeindaial.sc.gov.br\/carta-servicos\/wp-content\/uploads\/2024\/07\/prestadores.png\" alt=\"\" class=\"wp-image-873\" srcset=\"https:\/\/www.saudeindaial.sc.gov.br\/carta-servicos\/wp-content\/uploads\/2024\/07\/prestadores.png 802w, https:\/\/www.saudeindaial.sc.gov.br\/carta-servicos\/wp-content\/uploads\/2024\/07\/prestadores-300x88.png 300w, https:\/\/www.saudeindaial.sc.gov.br\/carta-servicos\/wp-content\/uploads\/2024\/07\/prestadores-768x224.png 768w, https:\/\/www.saudeindaial.sc.gov.br\/carta-servicos\/wp-content\/uploads\/2024\/07\/prestadores-210x61.png 210w\" sizes=\"auto, (max-width: 802px) 100vw, 802px\" \/><\/figure>\n<\/figure>\n\n\n\n<p>Ressaltamos que todos os atendimentos realizados nos prestadores s\u00e3o previamente regulados e agendados pela Secretaria de Sa\u00fade de Indaial.<\/p>\n\n\n\n<div class=\"wp-block-buttons is-content-justification-right is-layout-flex wp-container-core-buttons-is-layout-1 wp-block-buttons-is-layout-flex\">\n<div class=\"wp-block-button is-style-fill\"><a class=\"wp-block-button__link wp-element-button\" href=\"https:\/\/www.saudeindaial.sc.gov.br\/carta-servicos\/atencao-especializada\/\">Voltar<\/a><\/div>\n<\/div>\n","protected":false},"excerpt":{"rendered":"<p>Prestadores credenciados no contexto da secretaria de sa\u00fade referem-se a institui\u00e7\u00f5es, empresas ou profissionais que possuem um acordo formal atrav\u00e9s de licita\u00e7\u00e3o, credenciamento via cons\u00f3rcio, preg\u00e3o eletr\u00f4nico, conv\u00eanio, etc, com a prefeitura ou diretamente com fundo municipal de sa\u00fade para fornecer servi\u00e7os ou produtos espec\u00edficos. No caso de atendimento de especialidades m\u00e9dicas contamos com os [&hellip;]<\/p>\n","protected":false},"author":2,"featured_media":0,"parent":0,"menu_order":0,"comment_status":"closed","ping_status":"closed","template":"","meta":{"footnotes":""},"class_list":["post-872","page","type-page","status-publish","hentry"],"_links":{"self":[{"href":"https:\/\/www.saudeindaial.sc.gov.br\/carta-servicos\/wp-json\/wp\/v2\/pages\/872","targetHints":{"allow":["GET"]}}],"collection":[{"href":"https:\/\/www.saudeindaial.sc.gov.br\/carta-servicos\/wp-json\/wp\/v2\/pages"}],"about":[{"href":"https:\/\/www.saudeindaial.sc.gov.br\/carta-servicos\/wp-json\/wp\/v2\/types\/page"}],"author":[{"embeddable":true,"href":"https:\/\/www.saudeindaial.sc.gov.br\/carta-servicos\/wp-json\/wp\/v2\/users\/2"}],"replies":[{"embeddable":true,"href":"https:\/\/www.saudeindaial.sc.gov.br\/carta-servicos\/wp-json\/wp\/v2\/comments?post=872"}],"version-history":[{"count":3,"href":"https:\/\/www.saudeindaial.sc.gov.br\/carta-servicos\/wp-json\/wp\/v2\/pages\/872\/revisions"}],"predecessor-version":[{"id":979,"href":"https:\/\/www.saudeindaial.sc.gov.br\/carta-servicos\/wp-json\/wp\/v2\/pages\/872\/revisions\/979"}],"wp:attachment":[{"href":"https:\/\/www.saudeindaial.sc.gov.br\/carta-servicos\/wp-json\/wp\/v2\/media?parent=872"}],"curies":[{"name":"wp","href":"https:\/\/api.w.org\/{rel}","templated":true}]}}